{"id":4427,"date":"2017-06-26T09:10:56","date_gmt":"2017-06-26T09:10:56","guid":{"rendered":"http:\/\/blogsaverroes.juntadeandalucia.es\/cprfedericogarcialorca\/?page_id=4427"},"modified":"2017-06-26T17:03:45","modified_gmt":"2017-06-26T17:03:45","slug":"matematicas","status":"publish","type":"page","link":"https:\/\/blogsaverroes.juntadeandalucia.es\/cprfedericogarcialorca\/matematicas\/","title":{"rendered":"Matem\u00e1ticas"},"content":{"rendered":"<p style=\"text-align: justify\">&nbsp;<\/p>\n<table style=\"background-color: #c7f2ef\">\n<tbody>\n<tr>\n<td colspan=\"2\">\n<h1 style=\"text-align: center\"><strong>ENLACES DE INTER\u00c9S (Matem\u00e1ticas)<\/strong><\/h1>\n<\/td>\n<\/tr>\n<tr>\n<td rowspan=\"10\">\n<h5>&nbsp;<\/h5>\n<h5><strong>Matem\u00e1ticas<\/strong><\/h5>\n<\/td>\n<td>\n<h5 style=\"text-align: justify\"><strong>Bloque: n\u00fameros<\/strong> (numeraci\u00f3n, composici\u00f3n y descomposici\u00f3n, naturales, enteros, fraccionarios y decimales, redondeo y estimaci\u00f3n; series; operaciones como suma, resta, multiplicaci\u00f3n y divisi\u00f3n, potencias, porcentajes, prioridad en operaciones, mcm\u2026; y c\u00e1lculo mental).<\/h5>\n<\/td>\n<\/tr>\n<tr>\n<td>\n<h4><strong><em>PORTALES:<\/em><\/strong><\/h4>\n<ul>\n<li>CEIP LORETO ( p\u00e1gina del colegio Ceip Loreto con todas las actividades digitales de todas las editoriales)&nbsp;<a href=\"http:\/\/www.ceiploreto.es\/\" target=\"_blank\">http:\/\/www.ceiploreto.es\/<\/a><\/li>\n<li>EDUCAPEQUES ( EJERCICIOS Y JUEGOS Imprimibles pdf de 1\u00ba hasta 6\u00ba de primaria).&nbsp;<a href=\"http:\/\/www.educapeques.com\/recursos-para-primaria\/ejercicios-matematicas-primaria\/\" target=\"_blank\">http:\/\/www.educapeques.com\/recursos-para-primaria\/ejercicios-matematicas-primaria\/<\/a><\/li>\n<li>RECURSOS EP web de recopilaci\u00f3n de imprimibles ( Descargables en pdf, juegos y actividades (con monedas, potencias , numeraci\u00f3n, fracciones decimales\u2026) recursos Imprimibles de ABN)&nbsp;<a href=\"http:\/\/www.recursosep.com\/\" target=\"_blank\">http:\/\/www.recursosep.com\/<\/a><\/li>\n<li>PIPOCLUB&nbsp; PORTAL DE JUEGOS ONLINE e Interactivos NECESITA Adobe flash para su uso.&nbsp;<a href=\"http:\/\/www.pipoclub.com\" target=\"_blank\">http:\/\/www.pipoclub.com<\/a><\/li>\n<li>Zonaclic ( actividades en J Clic)&nbsp;<a href=\"http:\/\/clic.xtec.cat\/db\/listact_es.jsp\" target=\"_blank\">http:\/\/clic.xtec.cat\/db\/listact_es.jsp<\/a><\/li>\n<li>EL RINC\u00d3N DEL MAESTRO:&nbsp;<a href=\"http:\/\/www.rinconmaestro.es\/\" target=\"_blank\">http:\/\/www.rinconmaestro.es\/<\/a><\/li>\n<li>COLEGIO SAN VIATOR: <a href=\"http:\/\/colegiosanviator.es\/matematicas-4o-e-prmaria\/\" target=\"_blank\">http:\/\/colegiosanviator.es\/matematicas-4o-e-prmaria\/<\/a> <a href=\"http:\/\/colegiosanviator.es\/matematicas-6o-e-primaria\/\" target=\"_blank\">http:\/\/colegiosanviator.es\/matematicas-6o-e-primaria\/<\/a><\/li>\n<li>WIKI DE CAPILEIRA: <a href=\"http:\/\/capileiraticrecursos.wikispaces.com\/RECURSOS+PARA+E.+PRIMARIA\" target=\"_blank\">http:\/\/capileiraticrecursos.wikispaces.com\/RECURSOS+PARA+E.+PRIMARIA<\/a><\/li>\n<li>AULA VIRTUAL SANTA MAR\u00cdA DEL BUEN AIRE (5\u00ba DE PRIMARIA): &nbsp;<a href=\"http:\/\/www.cplapuebla.com\/aulavirtual\/?page_id=135\" target=\"_blank\">http:\/\/www.cplapuebla.com\/aulavirtual\/?page_id=135<\/a><\/li>\n<li>6\u00ba PRIMARIA: <a href=\"http:\/\/www.cplapuebla.com\/aulavirtual\/?page_id=137\" target=\"_blank\">http:\/\/www.cplapuebla.com\/aulavirtual\/?page_id=137<\/a><\/li>\n<\/ul>\n<h5>&nbsp;<\/h5>\n<h4><strong><em>PAGINAS O DOCUMENTOS:<\/em><\/strong><\/h4>\n<h5>&nbsp;<\/h5>\n<ul>\n<li>PROYECTO EDUMAT : Matem\u00e1ticas para maestros ( Juan Godino) <a href=\"http:\/\/www.pucrs.br\/famat\/viali\/tic_literatura\/livros\/Matematicas_maestros.pdf\" target=\"_blank\">http:\/\/www.pucrs.br\/famat\/viali\/tic_literatura\/livros\/Matematicas_maestros.pdf<\/a><\/li>\n<li>EL RINCON DE LA MAESTRA: actividades de numeraci\u00f3n: <a href=\"http:\/\/olgacatasus.blogspot.com\/2009\/01\/juegos-de-numeracin.html\" target=\"_blank\">olgacatasus.blogspot.com\/2009\/01\/juegos-de-numeracin.html<\/a><\/li>\n<li>JUEGOS DE N\u00daMEROS, MULTIPLICAR, SUMAS Y RESTAS PARA NI\u00d1OS:&nbsp;<a href=\"http:\/\/www.mundoprimaria.com\/juegos-matematicas\/juegos-numeros-multiplicar-sumas-restas-primaria\/\" target=\"_blank\">http:\/\/www.mundoprimaria.com\/juegos-matematicas\/juegos-numeros-multiplicar-sumas-restas-primaria\/<\/a><\/li>\n<li>PROPORCIONALIDAD 4\u00ba, 5\u00ba Y 6\u00ba FRACCIONES: <a href=\"https:\/\/www.slideshare.net\/Recursosep\/fracciones-6746332\" target=\"_blank\">https:\/\/www.slideshare.net\/Recursosep\/fracciones-6746332<\/a><\/li>\n<li>DIVISI\u00d3N EXACTA:&nbsp;<a href=\"http:\/\/www.mundoprimaria.com\/juegos-matematicas\/juego-division-exacta\/\" target=\"_blank\">http:\/\/www.mundoprimaria.com\/juegos-matematicas\/juego-division-exacta\/<\/a><\/li>\n<li>SUMAS Y RESTAS DE F\u00daTBOL:&nbsp;<a href=\"http:\/\/www.mundoprimaria.com\/juegos-de-futbol-de-penaltis\/\" target=\"_blank\">http:\/\/www.mundoprimaria.com\/juegos-de-futbol-de-penaltis\/<\/a><\/li>\n<li>SUDOKU:&nbsp;<a href=\"http:\/\/www.juegos.com\/juego\/sudoku-clasico\" target=\"_blank\">http:\/\/www.juegos.com\/juego\/sudoku-clasico<\/a><\/li>\n<li><a href=\"http:\/\/www.supersaber.com\/carrerasumaresta.htm\" target=\"_blank\">Repasa <strong>sumas<\/strong> y restas con el Sr. Pi y Sabueso<\/a><\/li>\n<li><a href=\"www.supersaber.com\/carrerasumaresta.htm\">www.supersaber.com\/carrera<strong>sumar<\/strong>esta.htm<\/a><\/li>\n<li><a href=\"http:\/\/r.search.yahoo.com\/_ylt=A7x9UnfYkglZLkMAZPC_.wt.;_ylu=X3oDMTByNmJrMW5mBHNlYwNzcgRwb3MDOQRjb2xvA2lyMgR2dGlkAw--\/RV=2\/RE=1493828441\/RO=10\/RU=http%3A%2F%2Fwww.olesur.com%2Feducacion%2Finicio-suma.asp\/RK=0\/RS=cPxK9nPlZnaVI1f1KT8_6Z_qTUc-\" target=\"_blank\">Inicio a la <strong>suma<\/strong> &#8211; olesur.com<\/a><\/li>\n<li><a href=\"www.olesur.com\/educacion\/inicio-suma.asp\" target=\"_blank\">www.olesur.com\/educacion\/inicio-<strong>suma<\/strong>.asp<\/a><\/li>\n<\/ul>\n<\/td>\n<\/tr>\n<tr>\n<td>\n<h5 style=\"text-align: justify\"><strong>Bloque: medida<\/strong> (sistema m\u00e9trico decimal, longitud, capacidad, masa, superficies y vol\u00famenes, instrumentos, tiempo, calendario, reloj anal\u00f3gico y digital, monedas y billetes).<\/h5>\n<\/td>\n<\/tr>\n<tr>\n<td>\n<ul>\n<li>4\u00ba PRIMARIA:&nbsp;<a href=\"http:\/\/www.educapeques.com\/recursos-para-primaria\/ejercicios-matematicas-primaria\/\" target=\"_blank\">http:\/\/www.educapeques.com\/recursos-para-primaria\/ejercicios-matematicas-primaria\/<\/a><\/li>\n<li>5\u00ba PRIMARIA: <a href=\"http:\/\/www.educapeques.com\/los-juegos-educativos\/juegos-de-matematicas-numeros-multiplicacion-para-ninos\/portal.php?contid=31&amp;accion=listo\" target=\"_blank\">http:\/\/www.educapeques.com\/los-juegos-educativos\/juegos-de-matematicas-numeros-multiplicacion-para-ninos\/portal.php?contid=31&amp;accion=listo<\/a><\/li>\n<li>6\u00ba PRIMARIA. FICHAS DE EVALUACION&nbsp;SISTEMA SEXAGESIMAL: <a href=\"http:\/\/www.recursosep.com\/wp-content\/uploads\/2015\/09\/m9.pdf\" target=\"_blank\">http:\/\/www.recursosep.com\/wp-content\/uploads\/2015\/09\/m9.pdf<\/a><\/li>\n<li>6\u00ba PRIMARIA:&nbsp;<a href=\"http:\/\/www.mundoprimaria.com\/juegos-matematicas\/actividades-medidas-longitud-peso-capacidad-tiempo-6o-primaria\/\" target=\"_blank\">http:\/\/www.mundoprimaria.com\/juegos-matematicas\/actividades-medidas-longitud-peso-capacidad-tiempo-6o-primaria\/<\/a><\/li>\n<li><a href=\"https:\/\/docs.google.com\/file\/d\/0B0OtiEvBUyLfaUo0Zmw1RVhwclk\/edit\" target=\"_blank\">https:\/\/docs.google.com\/file\/d\/0B0OtiEvBUyLfaUo0Zmw1RVhwclk\/edit<\/a><\/li>\n<li>6\u00ba, VOLUMEN: <a href=\"http:\/\/www.reseteomatematico.com\/proyecto-caja-abierta-fases\/\" target=\"_blank\">http:\/\/www.reseteomatematico.com\/proyecto-caja-abierta-fases\/<\/a><\/li>\n<\/ul>\n<\/td>\n<\/tr>\n<tr>\n<td style=\"text-align: justify\">\n<h5><strong>Bloque: geometr\u00eda<\/strong> (l\u00edneas, rectas, \u00e1ngulos, simetr\u00edas, escalas, coordenadas, giros, ampliaciones y reducciones, tri\u00e1ngulos y clasificaci\u00f3n, cuadril\u00e1teros y su clasificaci\u00f3n, circunferencia y c\u00edrculo, pol\u00edgonos y su clasificaci\u00f3n, poliedros, prismas, pir\u00e1mides; cuerpos redondos; \u00e1reas y per\u00edmetros; planos, croquis, maquetas).<\/h5>\n<\/td>\n<\/tr>\n<tr>\n<td>\n<ul>\n<li>4\u00ba PRIMARIA, V\u00cdDEO POL\u00cdGONOS: <a href=\"http:\/\/www.educapeques.com\/los-juegos-educativos\/juegos-de-matematicas-numeros-multiplicacion-para-ninos\/portal.php?contid=20&amp;accion=listo\" target=\"_blank\">http:\/\/www.educapeques.com\/los-juegos-educativos\/juegos-de-matematicas-numeros-multiplicacion-para-ninos\/portal.php?contid=20&amp;accion=listo<\/a><\/li>\n<li><a href=\"https:\/\/youtu.be\/fobhsYGab40\" target=\"_blank\">https:\/\/youtu.be\/fobhsYGab40<\/a><\/li>\n<li>5\u00ba PRIMARIA: <a href=\"http:\/\/www.educapeques.com\/los-juegos-educativos\/juegos-de-matematicas-numeros-multiplicacion-para-ninos\/portal.php?contid=30&amp;accion=listo\" target=\"_blank\">http:\/\/www.educapeques.com\/los-juegos-educativos\/juegos-de-matematicas-numeros-multiplicacion-para-ninos\/portal.php?contid=30&amp;accion=listo<\/a><\/li>\n<li>6\u00ba PRIMARIA: <a href=\"http:\/\/www.educapeques.com\/los-juegos-educativos\/juegos-de-matematicas-numeros-multiplicacion-para-ninos\/portal.php?contid=25&amp;accion=listo\" target=\"_blank\">http:\/\/www.educapeques.com\/los-juegos-educativos\/juegos-de-matematicas-numeros-multiplicacion-para-ninos\/portal.php?contid=25&amp;accion=listo<\/a><\/li>\n<li>6\u00ba PRIMARIA: FICHA EVALUACI\u00d3N&nbsp;PER\u00cdMETROS Y \u00c1REAS: <a href=\"http:\/\/www.recursosep.com\/wp-content\/uploads\/2015\/09\/m10.pdf\" target=\"_blank\">http:\/\/www.recursosep.com\/wp-content\/uploads\/2015\/09\/m10.pdf<\/a><\/li>\n<li>CUERPOS GEOM\u00c9TRICOS <a href=\"http:\/\/www.recursosep.com\/wp-content\/uploads\/2015\/09\/m11.pdf\" target=\"_blank\">http:\/\/www.recursosep.com\/wp-content\/uploads\/2015\/09\/m11.pdf<\/a><\/li>\n<li>5\u00ba Y 6\u00ba \u00c1REAS: <a href=\"http:\/\/www.recursosep.com\/wp-content\/uploads\/2010\/08\/paralelogramos.pdf\" target=\"_blank\">http:\/\/www.recursosep.com\/wp-content\/uploads\/2010\/08\/paralelogramos.pdf<\/a><\/li>\n<\/ul>\n<\/td>\n<\/tr>\n<tr>\n<td>\n<h5 style=\"text-align: justify\"><strong>Bloque: estad\u00edstica y probabilidad<\/strong> (datos cualitativos y cuantitativos, tablas de frecuencias, medidas de centralizaci\u00f3n como media aritm\u00e9tica, moda y rango; gr\u00e1ficos sencillos como diagramas de barras, poligonales y sectoriales; situaciones de car\u00e1cter aleatorio, juegos de monedas, dados, cartas, loter\u00eda).<\/h5>\n<\/td>\n<\/tr>\n<tr>\n<td>\n<ul>\n<li>FICHA EVALUACI\u00d3N 6\u00ba PRIMARIA. Datos y probabilidad: <a href=\"http:\/\/www.recursosep.com\/wp-content\/uploads\/2015\/09\/m12.pdf\" target=\"_blank\">http:\/\/www.recursosep.com\/wp-content\/uploads\/2015\/09\/m12.pdf<\/a><\/li>\n<li>Blog de estad\u00edstica y probabilidad :<a href=\"https:\/\/luisamariaarias.wordpress.com\/category\/0-3-matematicas\/15-estadistica-y-probabilidad\/\" target=\"_blank\">https:\/\/luisamariaarias.wordpress.com\/category\/0-3-matematicas\/15-estadistica-y-probabilidad\/<\/a><\/li>\n<li><a href=\"https:\/\/elblogdehiara.org\/2015\/05\/22\/estadistica\/\" target=\"_blank\">https:\/\/elblogdehiara.org\/2015\/05\/22\/estadistica\/<\/a><\/li>\n<\/ul>\n<\/td>\n<\/tr>\n<tr>\n<td style=\"text-align: justify\">\n<h5><strong>Problemas:<\/strong>&nbsp;cambio, combinaci\u00f3n, igualaci\u00f3n\u2026<\/h5>\n<\/td>\n<\/tr>\n<tr>\n<td>\n<ul>\n<li>PROBLEMAS.&nbsp;<a href=\"http:\/\/www.genmagic.net\/repositorio\/displayimage.php?album=14&amp;pos=0\" target=\"_blank\">http:\/\/www.genmagic.net\/repositorio\/displayimage.php?album=14&amp;pos=0<\/a><\/li>\n<li>ESCONDITE MATEM\u00c1TICO.&nbsp;<a href=\"http:\/\/www.vedoque.com\/juegos\/juego.php?j=escondite&amp;l=es\" target=\"_blank\">http:\/\/www.vedoque.com\/juegos\/juego.php?j=escondite&amp;l=es<\/a><\/li>\n<li><a href=\"http:\/\/2633518-0.web-hosting.es\/blog\/manipulables\/varios\/int9.html\" target=\"_blank\">http:\/\/2633518-0.web-hosting.es\/blog\/manipulables\/varios\/int9.html<\/a><\/li>\n<li><a href=\"http:\/\/www.polavide.es\/rec_polavide0708\/recursos_propios_varios.html\" target=\"_blank\">http:\/\/www.polavide.es\/rec_polavide0708\/recursos_propios_varios.html<\/a><\/li>\n<li><a href=\"http:\/\/www.colegiobuenpastor.com\/imagenes\/files\/material%20primaria\/6%20primaria\/Matem%C3%A1ticas\/Problemas%20de%20Matematicas%206_EP%201-TRIMESTRE%202016-2017.pdf\" target=\"_blank\">Fichas de 6\u00ba de Primaria, todos los bloques de contenidos.<\/a><\/li>\n<\/ul>\n<\/td>\n<\/tr>\n<\/tbody>\n<\/table>\n","protected":false},"excerpt":{"rendered":"<p>&nbsp; ENLACES DE INTER\u00c9S (Matem\u00e1ticas) &nbsp; Matem\u00e1ticas Bloque: n\u00fameros (numeraci\u00f3n, composici\u00f3n y descomposici\u00f3n, naturales, enteros, fraccionarios y decimales, redondeo y estimaci\u00f3n; series; operaciones como suma, resta, multiplicaci\u00f3n y divisi\u00f3n, potencias, porcentajes, prioridad en operaciones,&#46;&#46;&#46;<\/p>\n","protected":false},"author":4601,"featured_media":0,"parent":0,"menu_order":0,"comment_status":"closed","ping_status":"closed","template":"","meta":{"ngg_post_thumbnail":0,"footnotes":"","_mc_calendar":[]},"aioseo_notices":[],"_links":{"self":[{"href":"https:\/\/blogsaverroes.juntadeandalucia.es\/cprfedericogarcialorca\/wp-json\/wp\/v2\/pages\/4427"}],"collection":[{"href":"https:\/\/blogsaverroes.juntadeandalucia.es\/cprfedericogarcialorca\/wp-json\/wp\/v2\/pages"}],"about":[{"href":"https:\/\/blogsaverroes.juntadeandalucia.es\/cprfedericogarcialorca\/wp-json\/wp\/v2\/types\/page"}],"author":[{"embeddable":true,"href":"https:\/\/blogsaverroes.juntadeandalucia.es\/cprfedericogarcialorca\/wp-json\/wp\/v2\/users\/4601"}],"replies":[{"embeddable":true,"href":"https:\/\/blogsaverroes.juntadeandalucia.es\/cprfedericogarcialorca\/wp-json\/wp\/v2\/comments?post=4427"}],"version-history":[{"count":7,"href":"https:\/\/blogsaverroes.juntadeandalucia.es\/cprfedericogarcialorca\/wp-json\/wp\/v2\/pages\/4427\/revisions"}],"predecessor-version":[{"id":4474,"href":"https:\/\/blogsaverroes.juntadeandalucia.es\/cprfedericogarcialorca\/wp-json\/wp\/v2\/pages\/4427\/revisions\/4474"}],"wp:attachment":[{"href":"https:\/\/blogsaverroes.juntadeandalucia.es\/cprfedericogarcialorca\/wp-json\/wp\/v2\/media?parent=4427"}],"curies":[{"name":"wp","href":"https:\/\/api.w.org\/{rel}","templated":true}]}}