{"id":4431,"date":"2017-06-26T09:11:46","date_gmt":"2017-06-26T09:11:46","guid":{"rendered":"http:\/\/blogsaverroes.juntadeandalucia.es\/cprfedericogarcialorca\/?page_id=4431"},"modified":"2017-09-22T21:34:56","modified_gmt":"2017-09-22T21:34:56","slug":"ingles","status":"publish","type":"page","link":"https:\/\/blogsaverroes.juntadeandalucia.es\/cprfedericogarcialorca\/ingles\/","title":{"rendered":"Ingl\u00e9s"},"content":{"rendered":"<table style=\"background-color: #c7f2ef;width: 764px\">\n<tbody>\n<tr style=\"height: 36px\">\n<td style=\"width: 722px;height: 36px\" colspan=\"2\">\n<h1 style=\"text-align: center\"><strong>ENLACES DE INTER\u00c9S (Ingl\u00e9s)<\/strong><\/h1>\n<\/td>\n<\/tr>\n<tr style=\"height: 30px\">\n<td style=\"width: 72px;height: 322px\" rowspan=\"9\">\n<h5>&nbsp;<\/h5>\n<h5 style=\"text-align: center\"><strong>Ingl\u00e9s<\/strong><\/h5>\n<\/td>\n<td style=\"width: 650px;height: 30px;text-align: justify\">&#8211; <a href=\"https:\/\/agendaweb.org\/\" target=\"_blank\">Agenda Web<\/a>: p\u00e1gina con multitud de enlaces \u00fatiles para practicar ingl\u00e9s, ordenados por tem\u00e1ticas y dificultades.<\/td>\n<\/tr>\n<tr style=\"height: 22px\">\n<td style=\"width: 650px;height: 22px;text-align: justify\">&#8211; <a href=\"http:\/\/www.isabelperez.com\/\" target=\"_blank\">Isabel P\u00e9rez<\/a>: tambi\u00e9n muy completa, llena de ejercicios de muy distinto tipo (webquests, proyectos, audios, v\u00eddeos&#8230;).<\/td>\n<\/tr>\n<tr style=\"height: 50px\">\n<td style=\"width: 650px;height: 50px;text-align: justify\">&nbsp;&#8211; <a href=\"http:\/\/bogglesworldesl.com\/\" target=\"_blank\">Boggles World<\/a>: similar a las anteriores. De esta me gusta mucho su colecci\u00f3n de fichas para trabajar distintos conceptos en ingl\u00e9s.<\/td>\n<\/tr>\n<tr style=\"height: 24px\">\n<td style=\"text-align: justify;width: 650px;height: 24px\">\n<h6>&nbsp;&#8211; <a href=\"http:\/\/www.wordreference.com\/es\/\" target=\"_blank\">Wordreference<\/a>: uno de los mejores diccionarios online (con muchos idiomas, pronunciaci\u00f3n y foros donde se responden dudas).<\/h6>\n<\/td>\n<\/tr>\n<tr style=\"height: 50px\">\n<td style=\"width: 650px;height: 50px\">\n<h6 style=\"text-align: justify\">&nbsp;&#8211; <a href=\"https:\/\/es.forvo.com\/\" target=\"_blank\">Forvo<\/a>: \u00bfhay alguna palabra cuya pronunciaci\u00f3n se te resista? Prueba esta herramienta: un diccionario de pronunciaci\u00f3n en la que cada palabra es dicha por hablantes nativos. Especialmente \u00fatil para hacerse una idea de los distintos acentos existentes en ingl\u00e9s.<\/h6>\n<\/td>\n<\/tr>\n<tr style=\"height: 22px\">\n<td style=\"width: 650px;height: 22px\">\n<h6>&nbsp;<\/h6>\n<\/td>\n<\/tr>\n<tr style=\"height: 50px\">\n<td style=\"width: 650px;height: 50px\">\n<h6>&nbsp;<\/h6>\n<\/td>\n<\/tr>\n<tr style=\"height: 24px\">\n<td style=\"text-align: justify;width: 650px;height: 24px\">\n<h6>&nbsp;<\/h6>\n<\/td>\n<\/tr>\n<tr style=\"height: 50px\">\n<td style=\"width: 650px;height: 50px\">\n<h6>&nbsp;<\/h6>\n<\/td>\n<\/tr>\n<\/tbody>\n<\/table>\n<p>&nbsp;<\/p>\n","protected":false},"excerpt":{"rendered":"<p>ENLACES DE INTER\u00c9S (Ingl\u00e9s) &nbsp; Ingl\u00e9s &#8211; Agenda Web: p\u00e1gina con multitud de enlaces \u00fatiles para practicar ingl\u00e9s, ordenados por tem\u00e1ticas y dificultades. &#8211; Isabel P\u00e9rez: tambi\u00e9n muy completa, llena de ejercicios de muy&#46;&#46;&#46;<\/p>\n","protected":false},"author":4601,"featured_media":0,"parent":0,"menu_order":0,"comment_status":"closed","ping_status":"closed","template":"","meta":{"ngg_post_thumbnail":0,"footnotes":"","_mc_calendar":[]},"aioseo_notices":[],"_links":{"self":[{"href":"https:\/\/blogsaverroes.juntadeandalucia.es\/cprfedericogarcialorca\/wp-json\/wp\/v2\/pages\/4431"}],"collection":[{"href":"https:\/\/blogsaverroes.juntadeandalucia.es\/cprfedericogarcialorca\/wp-json\/wp\/v2\/pages"}],"about":[{"href":"https:\/\/blogsaverroes.juntadeandalucia.es\/cprfedericogarcialorca\/wp-json\/wp\/v2\/types\/page"}],"author":[{"embeddable":true,"href":"https:\/\/blogsaverroes.juntadeandalucia.es\/cprfedericogarcialorca\/wp-json\/wp\/v2\/users\/4601"}],"replies":[{"embeddable":true,"href":"https:\/\/blogsaverroes.juntadeandalucia.es\/cprfedericogarcialorca\/wp-json\/wp\/v2\/comments?post=4431"}],"version-history":[{"count":8,"href":"https:\/\/blogsaverroes.juntadeandalucia.es\/cprfedericogarcialorca\/wp-json\/wp\/v2\/pages\/4431\/revisions"}],"predecessor-version":[{"id":4541,"href":"https:\/\/blogsaverroes.juntadeandalucia.es\/cprfedericogarcialorca\/wp-json\/wp\/v2\/pages\/4431\/revisions\/4541"}],"wp:attachment":[{"href":"https:\/\/blogsaverroes.juntadeandalucia.es\/cprfedericogarcialorca\/wp-json\/wp\/v2\/media?parent=4431"}],"curies":[{"name":"wp","href":"https:\/\/api.w.org\/{rel}","templated":true}]}}