{"id":4441,"date":"2017-06-26T09:12:56","date_gmt":"2017-06-26T09:12:56","guid":{"rendered":"http:\/\/blogsaverroes.juntadeandalucia.es\/cprfedericogarcialorca\/?page_id=4441"},"modified":"2017-06-26T09:53:07","modified_gmt":"2017-06-26T09:53:07","slug":"musica","status":"publish","type":"page","link":"https:\/\/blogsaverroes.juntadeandalucia.es\/cprfedericogarcialorca\/musica\/","title":{"rendered":"M\u00fasica"},"content":{"rendered":"<table style=\"background-color: #c7f2ef;width: 764px\">\n<tbody>\n<tr style=\"height: 36px\">\n<td style=\"width: 722px;height: 36px\" colspan=\"2\">\n<h1 style=\"text-align: center\"><strong>ENLACES DE INTER\u00c9S (M\u00fasica)<\/strong><\/h1>\n<\/td>\n<\/tr>\n<tr style=\"height: 30px\">\n<td style=\"width: 72px;height: 322px\" rowspan=\"9\">\n<h5>&nbsp;<\/h5>\n<h5 style=\"text-align: center\"><strong>M\u00fasica<\/strong><\/h5>\n<\/td>\n<td style=\"width: 650px;height: 30px\">&nbsp;<\/td>\n<\/tr>\n<tr style=\"height: 22px\">\n<td style=\"width: 650px;height: 22px\">&nbsp;<\/td>\n<\/tr>\n<tr style=\"height: 50px\">\n<td style=\"width: 650px;height: 50px\">&nbsp;<\/td>\n<\/tr>\n<tr style=\"height: 24px\">\n<td style=\"text-align: justify;width: 650px;height: 24px\">\n<h5>&nbsp;<\/h5>\n<\/td>\n<\/tr>\n<tr style=\"height: 50px\">\n<td style=\"width: 650px;height: 50px\">&nbsp;<\/td>\n<\/tr>\n<tr style=\"height: 22px\">\n<td style=\"width: 650px;height: 22px\">&nbsp;<\/td>\n<\/tr>\n<tr style=\"height: 50px\">\n<td style=\"width: 650px;height: 50px\">&nbsp;<\/td>\n<\/tr>\n<tr style=\"height: 24px\">\n<td style=\"text-align: justify;width: 650px;height: 24px\">\n<h5>&nbsp;<\/h5>\n<\/td>\n<\/tr>\n<tr style=\"height: 50px\">\n<td style=\"width: 650px;height: 50px\">&nbsp;<\/td>\n<\/tr>\n<\/tbody>\n<\/table>\n","protected":false},"excerpt":{"rendered":"<p>ENLACES DE INTER\u00c9S (M\u00fasica) &nbsp; M\u00fasica &nbsp; &nbsp; &nbsp; &nbsp; &nbsp; &nbsp; &nbsp; &nbsp; &nbsp;<\/p>\n","protected":false},"author":4601,"featured_media":0,"parent":0,"menu_order":0,"comment_status":"closed","ping_status":"closed","template":"","meta":{"ngg_post_thumbnail":0,"footnotes":"","_mc_calendar":[]},"aioseo_notices":[],"_links":{"self":[{"href":"https:\/\/blogsaverroes.juntadeandalucia.es\/cprfedericogarcialorca\/wp-json\/wp\/v2\/pages\/4441"}],"collection":[{"href":"https:\/\/blogsaverroes.juntadeandalucia.es\/cprfedericogarcialorca\/wp-json\/wp\/v2\/pages"}],"about":[{"href":"https:\/\/blogsaverroes.juntadeandalucia.es\/cprfedericogarcialorca\/wp-json\/wp\/v2\/types\/page"}],"author":[{"embeddable":true,"href":"https:\/\/blogsaverroes.juntadeandalucia.es\/cprfedericogarcialorca\/wp-json\/wp\/v2\/users\/4601"}],"replies":[{"embeddable":true,"href":"https:\/\/blogsaverroes.juntadeandalucia.es\/cprfedericogarcialorca\/wp-json\/wp\/v2\/comments?post=4441"}],"version-history":[{"count":2,"href":"https:\/\/blogsaverroes.juntadeandalucia.es\/cprfedericogarcialorca\/wp-json\/wp\/v2\/pages\/4441\/revisions"}],"predecessor-version":[{"id":4469,"href":"https:\/\/blogsaverroes.juntadeandalucia.es\/cprfedericogarcialorca\/wp-json\/wp\/v2\/pages\/4441\/revisions\/4469"}],"wp:attachment":[{"href":"https:\/\/blogsaverroes.juntadeandalucia.es\/cprfedericogarcialorca\/wp-json\/wp\/v2\/media?parent=4441"}],"curies":[{"name":"wp","href":"https:\/\/api.w.org\/{rel}","templated":true}]}}