{"id":7688,"date":"2018-06-26T10:50:15","date_gmt":"2018-06-26T10:50:15","guid":{"rendered":"https:\/\/blogsaverroes.juntadeandalucia.es\/cprfedericogarcialorca\/?page_id=7688"},"modified":"2018-06-30T11:59:08","modified_gmt":"2018-06-30T11:59:08","slug":"bejarin","status":"publish","type":"page","link":"https:\/\/blogsaverroes.juntadeandalucia.es\/cprfedericogarcialorca\/bejarin\/","title":{"rendered":"Bejar\u00edn"},"content":{"rendered":"<table style=\"width: 756px;background-color: #c7f2ef;height: 203px\">\n<tbody>\n<tr style=\"height: 32px\">\n<td style=\"height: 32px;width: 666px\" colspan=\"4\">\n<h3 style=\"text-align: center\"><strong>PROYECTOS DESARROLLADOS EN LA SEDE DE BEJAR\u00cdN<\/strong><\/h3>\n<\/td>\n<\/tr>\n<tr style=\"height: 22.4333px\">\n<td style=\"height: 22.4333px;width: 176.35px;text-align: center\">\n<h4><strong><em>Nombre del proyecto, y enlace de descarga<br \/>\n<\/em><\/strong><\/h4>\n<\/td>\n<td style=\"height: 22.4333px;width: 76.65px;text-align: center\">\n<h4><strong><em>Fecha<\/em><\/strong><\/h4>\n<\/td>\n<td style=\"height: 22.4333px;width: 158px;text-align: center\">\n<h4><strong><em>Clase \/ maestro a cargo<\/em><\/strong><\/h4>\n<\/td>\n<td style=\"height: 22.4333px;width: 255px;text-align: center\">\n<h4><strong><em>Descripci\u00f3n del proyecto<\/em><\/strong><\/h4>\n<\/td>\n<\/tr>\n<tr style=\"height: 22px\">\n<td style=\"height: 22px;width: 176.35px;text-align: justify\">&nbsp;&#8211; 7 minutos de fuga (<strong>escritura de un cuento<\/strong> por la clase de BE2). <a href=\"https:\/\/blogsaverroes.juntadeandalucia.es\/cprfedericogarcialorca\/files\/2018\/06\/7-minutos-de-fuga-Bejar\u00edn-2-maestro-Miguel-\u00c1ngel.pdf\" target=\"_blank\" rel=\"noopener\">Descarga del cuento.<\/a><\/td>\n<td style=\"height: 22px;width: 76.65px;text-align: justify\">&nbsp;Segundo y tercer trimestre del curso 2017-2018.<\/td>\n<td style=\"height: 22px;width: 158px;text-align: justify\">&nbsp;&#8211; Maestro <strong>Miguel \u00c1ngel L\u00f3pez Mu\u00f1oz<\/strong> (Bejar\u00edn 2).<\/td>\n<td style=\"height: 22px;width: 255px;text-align: justify\">&nbsp;\u00ab<em>Durante este curso, en la localidad de Bejar\u00edn, hemos llevado a cabo un proyecto en el que los alumnos ten\u00edan que crear un cuento. Cada semana se elaboraba una parte del mismo, y gracias a la asignatura de Competencia Digital los alumnos de sexto lo han podido pasar a ordenador para poder compartirlo con el resto de compa\u00f1eros y comunidad educativa del CPR Federico Garc\u00eda Lorca<\/em>\u00bb (maestro Miguel \u00c1ngel).<\/td>\n<\/tr>\n<tr style=\"height: 22px\">\n<td style=\"height: 22px;width: 176.35px\">&nbsp;<\/td>\n<td style=\"height: 22px;width: 76.65px\">&nbsp;<\/td>\n<td style=\"height: 22px;width: 158px\">&nbsp;<\/td>\n<td style=\"height: 22px;width: 255px\">&nbsp;<\/td>\n<\/tr>\n<\/tbody>\n<\/table>\n<p>&nbsp;<\/p>\n","protected":false},"excerpt":{"rendered":"<p>PROYECTOS DESARROLLADOS EN LA SEDE DE BEJAR\u00cdN Nombre del proyecto, y enlace de descarga Fecha Clase \/ maestro a cargo Descripci\u00f3n del proyecto &nbsp;&#8211; 7 minutos de fuga (escritura de un cuento por la&#46;&#46;&#46;<\/p>\n","protected":false},"author":4601,"featured_media":0,"parent":0,"menu_order":0,"comment_status":"closed","ping_status":"closed","template":"","meta":{"ngg_post_thumbnail":0,"footnotes":"","_mc_calendar":[]},"aioseo_notices":[],"_links":{"self":[{"href":"https:\/\/blogsaverroes.juntadeandalucia.es\/cprfedericogarcialorca\/wp-json\/wp\/v2\/pages\/7688"}],"collection":[{"href":"https:\/\/blogsaverroes.juntadeandalucia.es\/cprfedericogarcialorca\/wp-json\/wp\/v2\/pages"}],"about":[{"href":"https:\/\/blogsaverroes.juntadeandalucia.es\/cprfedericogarcialorca\/wp-json\/wp\/v2\/types\/page"}],"author":[{"embeddable":true,"href":"https:\/\/blogsaverroes.juntadeandalucia.es\/cprfedericogarcialorca\/wp-json\/wp\/v2\/users\/4601"}],"replies":[{"embeddable":true,"href":"https:\/\/blogsaverroes.juntadeandalucia.es\/cprfedericogarcialorca\/wp-json\/wp\/v2\/comments?post=7688"}],"version-history":[{"count":8,"href":"https:\/\/blogsaverroes.juntadeandalucia.es\/cprfedericogarcialorca\/wp-json\/wp\/v2\/pages\/7688\/revisions"}],"predecessor-version":[{"id":7774,"href":"https:\/\/blogsaverroes.juntadeandalucia.es\/cprfedericogarcialorca\/wp-json\/wp\/v2\/pages\/7688\/revisions\/7774"}],"wp:attachment":[{"href":"https:\/\/blogsaverroes.juntadeandalucia.es\/cprfedericogarcialorca\/wp-json\/wp\/v2\/media?parent=7688"}],"curies":[{"name":"wp","href":"https:\/\/api.w.org\/{rel}","templated":true}]}}