{"id":2246,"date":"2018-10-09T11:26:44","date_gmt":"2018-10-09T10:26:44","guid":{"rendered":"http:\/\/blogsaverroes.juntadeandalucia.es\/cprlospinares\/?page_id=2246"},"modified":"2019-11-12T13:43:14","modified_gmt":"2019-11-12T12:43:14","slug":"e-o-e","status":"publish","type":"page","link":"https:\/\/blogsaverroes.juntadeandalucia.es\/cprlospinares\/e-o-e\/","title":{"rendered":"E.O.E."},"content":{"rendered":"<p>Durante el curso escolar 2019-2020, el Equipo de Orientaci\u00f3n Externo est\u00e1 formado por las siguientes profesionales:<\/p>\n<p>Orientadora:<\/p>\n<p>Logopeda:<\/p>\n<p>M\u00e9dico:<\/p>\n<p>&nbsp;<\/p>\n","protected":false},"excerpt":{"rendered":"<p>Durante el curso escolar 2019-2020, el Equipo de Orientaci\u00f3n Externo est\u00e1 formado por las siguientes profesionales: Orientadora: Logopeda: M\u00e9dico: &nbsp;<\/p>\n","protected":false},"author":3730,"featured_media":0,"parent":0,"menu_order":0,"comment_status":"closed","ping_status":"closed","template":"","meta":{"ngg_post_thumbnail":0,"footnotes":"","_mc_calendar":[]},"aioseo_notices":[],"_links":{"self":[{"href":"https:\/\/blogsaverroes.juntadeandalucia.es\/cprlospinares\/wp-json\/wp\/v2\/pages\/2246"}],"collection":[{"href":"https:\/\/blogsaverroes.juntadeandalucia.es\/cprlospinares\/wp-json\/wp\/v2\/pages"}],"about":[{"href":"https:\/\/blogsaverroes.juntadeandalucia.es\/cprlospinares\/wp-json\/wp\/v2\/types\/page"}],"author":[{"embeddable":true,"href":"https:\/\/blogsaverroes.juntadeandalucia.es\/cprlospinares\/wp-json\/wp\/v2\/users\/3730"}],"replies":[{"embeddable":true,"href":"https:\/\/blogsaverroes.juntadeandalucia.es\/cprlospinares\/wp-json\/wp\/v2\/comments?post=2246"}],"version-history":[{"count":4,"href":"https:\/\/blogsaverroes.juntadeandalucia.es\/cprlospinares\/wp-json\/wp\/v2\/pages\/2246\/revisions"}],"predecessor-version":[{"id":2796,"href":"https:\/\/blogsaverroes.juntadeandalucia.es\/cprlospinares\/wp-json\/wp\/v2\/pages\/2246\/revisions\/2796"}],"wp:attachment":[{"href":"https:\/\/blogsaverroes.juntadeandalucia.es\/cprlospinares\/wp-json\/wp\/v2\/media?parent=2246"}],"curies":[{"name":"wp","href":"https:\/\/api.w.org\/{rel}","templated":true}]}}