{"id":2272,"date":"2018-10-15T11:12:11","date_gmt":"2018-10-15T10:12:11","guid":{"rendered":"http:\/\/blogsaverroes.juntadeandalucia.es\/cprlospinares\/?page_id=2272"},"modified":"2019-04-07T11:23:24","modified_gmt":"2019-04-07T10:23:24","slug":"periodico-escolar","status":"publish","type":"page","link":"https:\/\/blogsaverroes.juntadeandalucia.es\/cprlospinares\/periodico-escolar\/","title":{"rendered":"Peri\u00f3dico escolar"},"content":{"rendered":"<p>En esta entrada de la web iremos publicando nuestro peri\u00f3dico escolar. Puedes descargarte en formato pdf los disponibles en el archivo:<\/p>\n<p>&nbsp;<\/p>\n<table style=\"height: 439px\" width=\"1338\">\n<tbody>\n<tr>\n<td style=\"width: 327px\">N\u00famero 30<br \/>\n<a href=\"https:\/\/blogsaverroes.juntadeandalucia.es\/cprlospinares\/files\/2019\/04\/periodico_escolar_junio_2017_cpr_los_pinares.pdf\" target=\"_blank\" rel=\"noopener\"><img loading=\"lazy\" decoding=\"async\" class=\"aligncenter wp-image-2609 size-full\" src=\"https:\/\/blogsaverroes.juntadeandalucia.es\/cprlospinares\/files\/2018\/10\/portada_periodico_escolar_junio_2017_cpr_los_pinares.jpeg\" alt=\"\" width=\"308\" height=\"441\" srcset=\"https:\/\/blogsaverroes.juntadeandalucia.es\/cprlospinares\/files\/2018\/10\/portada_periodico_escolar_junio_2017_cpr_los_pinares.jpeg 308w, https:\/\/blogsaverroes.juntadeandalucia.es\/cprlospinares\/files\/2018\/10\/portada_periodico_escolar_junio_2017_cpr_los_pinares-210x300.jpeg 210w, https:\/\/blogsaverroes.juntadeandalucia.es\/cprlospinares\/files\/2018\/10\/portada_periodico_escolar_junio_2017_cpr_los_pinares-17x24.jpeg 17w, https:\/\/blogsaverroes.juntadeandalucia.es\/cprlospinares\/files\/2018\/10\/portada_periodico_escolar_junio_2017_cpr_los_pinares-25x36.jpeg 25w, https:\/\/blogsaverroes.juntadeandalucia.es\/cprlospinares\/files\/2018\/10\/portada_periodico_escolar_junio_2017_cpr_los_pinares-34x48.jpeg 34w\" sizes=\"(max-width: 308px) 100vw, 308px\" \/><\/a><\/td>\n<td style=\"width: 327px\">N\u00famero 29<br \/>\n<a href=\"https:\/\/blogsaverroes.juntadeandalucia.es\/cprlospinares\/files\/2019\/04\/periodico_escolar_junio_2016_cpr_los_pinares.pdf\" target=\"_blank\" rel=\"noopener\"><img loading=\"lazy\" decoding=\"async\" class=\"aligncenter size-full wp-image-2672\" src=\"https:\/\/blogsaverroes.juntadeandalucia.es\/cprlospinares\/files\/2018\/10\/portada_periodico_escolar_junio_2016_cpr_los_pinares.jpeg\" alt=\"\" width=\"308\" height=\"446\" srcset=\"https:\/\/blogsaverroes.juntadeandalucia.es\/cprlospinares\/files\/2018\/10\/portada_periodico_escolar_junio_2016_cpr_los_pinares.jpeg 308w, https:\/\/blogsaverroes.juntadeandalucia.es\/cprlospinares\/files\/2018\/10\/portada_periodico_escolar_junio_2016_cpr_los_pinares-207x300.jpeg 207w, https:\/\/blogsaverroes.juntadeandalucia.es\/cprlospinares\/files\/2018\/10\/portada_periodico_escolar_junio_2016_cpr_los_pinares-17x24.jpeg 17w, https:\/\/blogsaverroes.juntadeandalucia.es\/cprlospinares\/files\/2018\/10\/portada_periodico_escolar_junio_2016_cpr_los_pinares-25x36.jpeg 25w, https:\/\/blogsaverroes.juntadeandalucia.es\/cprlospinares\/files\/2018\/10\/portada_periodico_escolar_junio_2016_cpr_los_pinares-33x48.jpeg 33w\" sizes=\"(max-width: 308px) 100vw, 308px\" \/><\/a><\/td>\n<td style=\"width: 328px\">&nbsp;<\/td>\n<td style=\"width: 328px\">&nbsp;<\/td>\n<\/tr>\n<tr>\n<td style=\"width: 327px\">&nbsp;<\/td>\n<td style=\"width: 327px\">&nbsp;<\/td>\n<td style=\"width: 328px\">&nbsp;<\/td>\n<td style=\"width: 328px\">&nbsp;<\/td>\n<\/tr>\n<tr>\n<td style=\"width: 327px\">&nbsp;<\/td>\n<td style=\"width: 327px\">&nbsp;<\/td>\n<td style=\"width: 328px\">&nbsp;<\/td>\n<td style=\"width: 328px\">&nbsp;<\/td>\n<\/tr>\n<tr>\n<td style=\"width: 327px\">&nbsp;<\/td>\n<td style=\"width: 327px\">&nbsp;<\/td>\n<td style=\"width: 328px\">&nbsp;<\/td>\n<td style=\"width: 328px\">&nbsp;<\/td>\n<\/tr>\n<tr>\n<td style=\"width: 327px\">&nbsp;<\/td>\n<td style=\"width: 327px\">&nbsp;<\/td>\n<td style=\"width: 328px\">&nbsp;<\/td>\n<td style=\"width: 328px\">&nbsp;<\/td>\n<\/tr>\n<\/tbody>\n<\/table>\n<p>&nbsp;<\/p>\n<p>&nbsp;<\/p>\n<p>&nbsp;<\/p>\n<p>&nbsp;<\/p>\n","protected":false},"excerpt":{"rendered":"<p>En esta entrada de la web iremos publicando nuestro peri\u00f3dico escolar. Puedes descargarte en formato pdf los disponibles en el archivo: &nbsp; N\u00famero 30 N\u00famero 29 &nbsp; &nbsp; &nbsp; &nbsp; &nbsp; &nbsp; &nbsp; &nbsp;&#46;&#46;&#46;<\/p>\n","protected":false},"author":3730,"featured_media":0,"parent":0,"menu_order":0,"comment_status":"closed","ping_status":"closed","template":"","meta":{"ngg_post_thumbnail":0,"footnotes":"","_mc_calendar":[]},"aioseo_notices":[],"_links":{"self":[{"href":"https:\/\/blogsaverroes.juntadeandalucia.es\/cprlospinares\/wp-json\/wp\/v2\/pages\/2272"}],"collection":[{"href":"https:\/\/blogsaverroes.juntadeandalucia.es\/cprlospinares\/wp-json\/wp\/v2\/pages"}],"about":[{"href":"https:\/\/blogsaverroes.juntadeandalucia.es\/cprlospinares\/wp-json\/wp\/v2\/types\/page"}],"author":[{"embeddable":true,"href":"https:\/\/blogsaverroes.juntadeandalucia.es\/cprlospinares\/wp-json\/wp\/v2\/users\/3730"}],"replies":[{"embeddable":true,"href":"https:\/\/blogsaverroes.juntadeandalucia.es\/cprlospinares\/wp-json\/wp\/v2\/comments?post=2272"}],"version-history":[{"count":5,"href":"https:\/\/blogsaverroes.juntadeandalucia.es\/cprlospinares\/wp-json\/wp\/v2\/pages\/2272\/revisions"}],"predecessor-version":[{"id":2675,"href":"https:\/\/blogsaverroes.juntadeandalucia.es\/cprlospinares\/wp-json\/wp\/v2\/pages\/2272\/revisions\/2675"}],"wp:attachment":[{"href":"https:\/\/blogsaverroes.juntadeandalucia.es\/cprlospinares\/wp-json\/wp\/v2\/media?parent=2272"}],"curies":[{"name":"wp","href":"https:\/\/api.w.org\/{rel}","templated":true}]}}