{"id":2554,"date":"2019-04-04T22:22:18","date_gmt":"2019-04-04T21:22:18","guid":{"rendered":"http:\/\/blogsaverroes.juntadeandalucia.es\/cprlospinares\/?page_id=2554"},"modified":"2019-04-05T07:44:09","modified_gmt":"2019-04-05T06:44:09","slug":"habitos-de-vida-saludable-plan-de-consumo-de-frutas","status":"publish","type":"page","link":"https:\/\/blogsaverroes.juntadeandalucia.es\/cprlospinares\/planes-y-programas\/habitos-de-vida-saludable-plan-de-consumo-de-frutas\/","title":{"rendered":"H\u00e1bitos de vida saludable: Plan de consumo de frutas"},"content":{"rendered":"<p><a href=\"https:\/\/blogsaverroes.juntadeandalucia.es\/cprlospinares\/files\/2019\/04\/plandeconsumodefrutas.jpg\"><img loading=\"lazy\" decoding=\"async\" class=\"aligncenter size-full wp-image-2555\" src=\"https:\/\/blogsaverroes.juntadeandalucia.es\/cprlospinares\/files\/2019\/04\/plandeconsumodefrutas.jpg\" alt=\"\" width=\"263\" height=\"274\" srcset=\"https:\/\/blogsaverroes.juntadeandalucia.es\/cprlospinares\/files\/2019\/04\/plandeconsumodefrutas.jpg 263w, https:\/\/blogsaverroes.juntadeandalucia.es\/cprlospinares\/files\/2019\/04\/plandeconsumodefrutas-24x24.jpg 24w, https:\/\/blogsaverroes.juntadeandalucia.es\/cprlospinares\/files\/2019\/04\/plandeconsumodefrutas-46x48.jpg 46w\" sizes=\"(max-width: 263px) 100vw, 263px\" \/><\/a><\/p>\n<p>El Programa Educativo para la Promoci\u00f3n de H\u00e1bitos de Vida Saludable est\u00e1 destinado a los centros docentes de Andaluc\u00eda sostenidos con fondos p\u00fablicos, con excepci\u00f3n de los universitarios en la modalidad de Creciendo en Salud para centros que imparten ense\u00f1anzas de educaci\u00f3n infantil, educaci\u00f3n especial y educaci\u00f3n primaria.<\/p>\n<p>\u00bfEn qu\u00e9 consiste? Veamos el video&#8230;.<\/p>\n<p><iframe loading=\"lazy\" width=\"500\" height=\"281\" src=\"https:\/\/www.youtube.com\/embed\/YBzPHDL0FPw?feature=oembed&#038;wmode=opaque\" frameborder=\"0\" allow=\"accelerometer; autoplay; encrypted-media; gyroscope; picture-in-picture\" allowfullscreen><\/iframe><\/p>\n<p>&nbsp;<\/p>\n<p>En nuestro colegio, hacemos una recomendaci\u00f3n a las familias de nuestro alumnado, en cuento a la merienda para los recreos. Esta es la propuesta semanal que les hacemos llegar:<\/p>\n<p>Propuesta para Infantil y Primaria<\/p>\n<p><a href=\"https:\/\/blogsaverroes.juntadeandalucia.es\/cprlospinares\/files\/2019\/04\/comidasaludablerecreoprimaria.jpg\"><img loading=\"lazy\" decoding=\"async\" class=\"aligncenter size-full wp-image-2566\" src=\"https:\/\/blogsaverroes.juntadeandalucia.es\/cprlospinares\/files\/2019\/04\/comidasaludablerecreoprimaria.jpg\" alt=\"\" width=\"866\" height=\"565\" srcset=\"https:\/\/blogsaverroes.juntadeandalucia.es\/cprlospinares\/files\/2019\/04\/comidasaludablerecreoprimaria.jpg 866w, https:\/\/blogsaverroes.juntadeandalucia.es\/cprlospinares\/files\/2019\/04\/comidasaludablerecreoprimaria-300x196.jpg 300w, https:\/\/blogsaverroes.juntadeandalucia.es\/cprlospinares\/files\/2019\/04\/comidasaludablerecreoprimaria-768x501.jpg 768w, https:\/\/blogsaverroes.juntadeandalucia.es\/cprlospinares\/files\/2019\/04\/comidasaludablerecreoprimaria-24x16.jpg 24w, https:\/\/blogsaverroes.juntadeandalucia.es\/cprlospinares\/files\/2019\/04\/comidasaludablerecreoprimaria-36x23.jpg 36w, https:\/\/blogsaverroes.juntadeandalucia.es\/cprlospinares\/files\/2019\/04\/comidasaludablerecreoprimaria-48x31.jpg 48w\" sizes=\"(max-width: 866px) 100vw, 866px\" \/><\/a><\/p>\n<p>&nbsp;<\/p>\n<p>Propuesta para secundaria:<\/p>\n<p><a href=\"https:\/\/blogsaverroes.juntadeandalucia.es\/cprlospinares\/files\/2019\/04\/comidasaludablerecreoeso.jpg\"><img loading=\"lazy\" decoding=\"async\" class=\"aligncenter size-large wp-image-2567\" src=\"https:\/\/blogsaverroes.juntadeandalucia.es\/cprlospinares\/files\/2019\/04\/comidasaludablerecreoeso.jpg\" alt=\"\" width=\"864\" height=\"519\" srcset=\"https:\/\/blogsaverroes.juntadeandalucia.es\/cprlospinares\/files\/2019\/04\/comidasaludablerecreoeso.jpg 864w, https:\/\/blogsaverroes.juntadeandalucia.es\/cprlospinares\/files\/2019\/04\/comidasaludablerecreoeso-300x180.jpg 300w, https:\/\/blogsaverroes.juntadeandalucia.es\/cprlospinares\/files\/2019\/04\/comidasaludablerecreoeso-768x461.jpg 768w, https:\/\/blogsaverroes.juntadeandalucia.es\/cprlospinares\/files\/2019\/04\/comidasaludablerecreoeso-24x14.jpg 24w, https:\/\/blogsaverroes.juntadeandalucia.es\/cprlospinares\/files\/2019\/04\/comidasaludablerecreoeso-36x22.jpg 36w, https:\/\/blogsaverroes.juntadeandalucia.es\/cprlospinares\/files\/2019\/04\/comidasaludablerecreoeso-48x29.jpg 48w\" sizes=\"(max-width: 864px) 100vw, 864px\" \/><\/a><\/p>\n<p>&nbsp;<\/p>\n<p>&nbsp;<\/p>\n<p>M\u00e1s informaci\u00f3n en:<\/p>\n<p><a href=\"http:\/\/www.juntadeandalucia.es\/educacion\/webportal\/web\/vida-saludable\/programas\" target=\"_blank\" rel=\"noopener\">Programas de H\u00e1bitos de Vida Saludable.<\/a><\/p>\n<p><a href=\"http:\/\/www.juntadeandalucia.es\/educacion\/webportal\/web\/vida-saludable\/programas\/plan-de-consumo-de-fruta\/\" target=\"_blank\" rel=\"noopener\">Plan de Consumo de fruta en las escuelas.<\/a><\/p>\n<p>&nbsp;<\/p>\n","protected":false},"excerpt":{"rendered":"<p>El Programa Educativo para la Promoci\u00f3n de H\u00e1bitos de Vida Saludable est\u00e1 destinado a los centros docentes de Andaluc\u00eda sostenidos con fondos p\u00fablicos, con excepci\u00f3n de los universitarios en la modalidad de Creciendo en&#46;&#46;&#46;<\/p>\n","protected":false},"author":3730,"featured_media":0,"parent":44,"menu_order":0,"comment_status":"closed","ping_status":"closed","template":"","meta":{"ngg_post_thumbnail":0,"footnotes":"","_mc_calendar":[]},"aioseo_notices":[],"_links":{"self":[{"href":"https:\/\/blogsaverroes.juntadeandalucia.es\/cprlospinares\/wp-json\/wp\/v2\/pages\/2554"}],"collection":[{"href":"https:\/\/blogsaverroes.juntadeandalucia.es\/cprlospinares\/wp-json\/wp\/v2\/pages"}],"about":[{"href":"https:\/\/blogsaverroes.juntadeandalucia.es\/cprlospinares\/wp-json\/wp\/v2\/types\/page"}],"author":[{"embeddable":true,"href":"https:\/\/blogsaverroes.juntadeandalucia.es\/cprlospinares\/wp-json\/wp\/v2\/users\/3730"}],"replies":[{"embeddable":true,"href":"https:\/\/blogsaverroes.juntadeandalucia.es\/cprlospinares\/wp-json\/wp\/v2\/comments?post=2554"}],"version-history":[{"count":4,"href":"https:\/\/blogsaverroes.juntadeandalucia.es\/cprlospinares\/wp-json\/wp\/v2\/pages\/2554\/revisions"}],"predecessor-version":[{"id":2569,"href":"https:\/\/blogsaverroes.juntadeandalucia.es\/cprlospinares\/wp-json\/wp\/v2\/pages\/2554\/revisions\/2569"}],"up":[{"embeddable":true,"href":"https:\/\/blogsaverroes.juntadeandalucia.es\/cprlospinares\/wp-json\/wp\/v2\/pages\/44"}],"wp:attachment":[{"href":"https:\/\/blogsaverroes.juntadeandalucia.es\/cprlospinares\/wp-json\/wp\/v2\/media?parent=2554"}],"curies":[{"name":"wp","href":"https:\/\/api.w.org\/{rel}","templated":true}]}}