{"id":44,"date":"2015-03-13T08:42:15","date_gmt":"2015-03-13T08:42:15","guid":{"rendered":"http:\/\/blogsaverroes.juntadeandalucia.es\/pre\/ceip\/?page_id=44"},"modified":"2021-11-04T11:58:36","modified_gmt":"2021-11-04T10:58:36","slug":"planes-y-programas","status":"publish","type":"page","link":"https:\/\/blogsaverroes.juntadeandalucia.es\/cprlospinares\/planes-y-programas\/","title":{"rendered":"Planes y Programas"},"content":{"rendered":"<p>El Proyecto Educativo del colegio incluye la adhesi\u00f3n a diferentes <strong>Planes y Programas<\/strong> promovidos desde la Consejer\u00eda de Educaci\u00f3n y Deporte.<\/p>\n<ul>\n<li><a href=\"https:\/\/blogsaverroes.juntadeandalucia.es\/cprlospinares\/files\/2021\/11\/PLAN-DE-IGUALDAD-DE-G%C3%89NERO-2021-22-PE%C3%91UELAS.pdf\" target=\"_blank\" rel=\"noopener noreferrer\"><strong>Plan de igualdad entre hombres y mujeres.<\/strong><\/a><\/li>\n<li><a href=\"https:\/\/blogsaverroes.juntadeandalucia.es\/cprlospinares\/files\/2021\/06\/PROYECTO_VIOLENCIA_G\u00c9NERO_2020.pdf\" target=\"_blank\" rel=\"noopener noreferrer\"><strong>Proyecto violencia de g\u00e9nero.<\/strong><\/a><\/li>\n<li><a href=\"https:\/\/blogsaverroes.juntadeandalucia.es\/cprlospinares\/files\/2021\/06\/ESPACIO-DE-PAZ.pdf\" target=\"_blank\" rel=\"noopener noreferrer\"><strong>Escuela espacio de paz.<\/strong><\/a><\/li>\n<li><a href=\"https:\/\/blogsaverroes.juntadeandalucia.es\/cprlospinares\/files\/2021\/06\/proyecto_ecoescuelas.pdf\" target=\"_blank\" rel=\"noopener noreferrer\"><strong>Red Andaluza de Ecoescuelas<\/strong><\/a><\/li>\n<\/ul>\n<p>&nbsp;<\/p>\n","protected":false},"excerpt":{"rendered":"<p>El Proyecto Educativo del colegio incluye la adhesi\u00f3n a diferentes Planes y Programas promovidos desde la Consejer\u00eda de Educaci\u00f3n y Deporte. Plan de igualdad entre hombres y mujeres. Proyecto violencia de g\u00e9nero. Escuela espacio&#46;&#46;&#46;<\/p>\n","protected":false},"author":1,"featured_media":0,"parent":0,"menu_order":0,"comment_status":"closed","ping_status":"closed","template":"","meta":{"ngg_post_thumbnail":0,"footnotes":"","_mc_calendar":[]},"aioseo_notices":[],"_links":{"self":[{"href":"https:\/\/blogsaverroes.juntadeandalucia.es\/cprlospinares\/wp-json\/wp\/v2\/pages\/44"}],"collection":[{"href":"https:\/\/blogsaverroes.juntadeandalucia.es\/cprlospinares\/wp-json\/wp\/v2\/pages"}],"about":[{"href":"https:\/\/blogsaverroes.juntadeandalucia.es\/cprlospinares\/wp-json\/wp\/v2\/types\/page"}],"author":[{"embeddable":true,"href":"https:\/\/blogsaverroes.juntadeandalucia.es\/cprlospinares\/wp-json\/wp\/v2\/users\/1"}],"replies":[{"embeddable":true,"href":"https:\/\/blogsaverroes.juntadeandalucia.es\/cprlospinares\/wp-json\/wp\/v2\/comments?post=44"}],"version-history":[{"count":17,"href":"https:\/\/blogsaverroes.juntadeandalucia.es\/cprlospinares\/wp-json\/wp\/v2\/pages\/44\/revisions"}],"predecessor-version":[{"id":3202,"href":"https:\/\/blogsaverroes.juntadeandalucia.es\/cprlospinares\/wp-json\/wp\/v2\/pages\/44\/revisions\/3202"}],"wp:attachment":[{"href":"https:\/\/blogsaverroes.juntadeandalucia.es\/cprlospinares\/wp-json\/wp\/v2\/media?parent=44"}],"curies":[{"name":"wp","href":"https:\/\/api.w.org\/{rel}","templated":true}]}}