{"id":77,"date":"2019-11-12T00:00:56","date_gmt":"2019-11-11T23:00:56","guid":{"rendered":"http:\/\/blogsaverroes.juntadeandalucia.es\/pre\/ceip\/?page_id=77"},"modified":"2019-11-12T13:38:49","modified_gmt":"2019-11-12T12:38:49","slug":"secretaria","status":"publish","type":"page","link":"https:\/\/blogsaverroes.juntadeandalucia.es\/cprlospinares\/secretaria\/","title":{"rendered":"Secretar\u00eda"},"content":{"rendered":"<p>En la <strong>Secretar\u00eda<\/strong> del centro la comunidad educativa puede realizar diferentes tramites:&nbsp; admisi\u00f3n y escolarizaci\u00f3n, matr\u00edcula, comedor escolar, becas, etc. Puede consultar en ella sobre tr\u00e1mites, plazos, documentaci\u00f3n&#8230; relacionada con la gesti\u00f3n administrativa que quiera llevar a cabo.<\/p>\n<p>El Horario de atenci\u00f3n al p\u00fablico durante el <strong>curso escolar 2019-20<\/strong> es<\/p>\n<h4 style=\"padding-left: 120px\"><strong> Martes de 9:00 a 12:00 horas<\/strong><\/h4>\n<h4 style=\"padding-left: 120px\"><strong>Jueves de 9:00 a 12:00 horas<\/strong><\/h4>\n","protected":false},"excerpt":{"rendered":"<p>En la Secretar\u00eda del centro la comunidad educativa puede realizar diferentes tramites:&nbsp; admisi\u00f3n y escolarizaci\u00f3n, matr\u00edcula, comedor escolar, becas, etc. Puede consultar en ella sobre tr\u00e1mites, plazos, documentaci\u00f3n&#8230; relacionada con la gesti\u00f3n administrativa que&#46;&#46;&#46;<\/p>\n","protected":false},"author":1,"featured_media":0,"parent":0,"menu_order":0,"comment_status":"closed","ping_status":"open","template":"","meta":{"ngg_post_thumbnail":0,"footnotes":"","_mc_calendar":[]},"aioseo_notices":[],"_links":{"self":[{"href":"https:\/\/blogsaverroes.juntadeandalucia.es\/cprlospinares\/wp-json\/wp\/v2\/pages\/77"}],"collection":[{"href":"https:\/\/blogsaverroes.juntadeandalucia.es\/cprlospinares\/wp-json\/wp\/v2\/pages"}],"about":[{"href":"https:\/\/blogsaverroes.juntadeandalucia.es\/cprlospinares\/wp-json\/wp\/v2\/types\/page"}],"author":[{"embeddable":true,"href":"https:\/\/blogsaverroes.juntadeandalucia.es\/cprlospinares\/wp-json\/wp\/v2\/users\/1"}],"replies":[{"embeddable":true,"href":"https:\/\/blogsaverroes.juntadeandalucia.es\/cprlospinares\/wp-json\/wp\/v2\/comments?post=77"}],"version-history":[{"count":7,"href":"https:\/\/blogsaverroes.juntadeandalucia.es\/cprlospinares\/wp-json\/wp\/v2\/pages\/77\/revisions"}],"predecessor-version":[{"id":2794,"href":"https:\/\/blogsaverroes.juntadeandalucia.es\/cprlospinares\/wp-json\/wp\/v2\/pages\/77\/revisions\/2794"}],"wp:attachment":[{"href":"https:\/\/blogsaverroes.juntadeandalucia.es\/cprlospinares\/wp-json\/wp\/v2\/media?parent=77"}],"curies":[{"name":"wp","href":"https:\/\/api.w.org\/{rel}","templated":true}]}}