{"id":82,"date":"2019-11-01T00:00:55","date_gmt":"2019-10-31T23:00:55","guid":{"rendered":"http:\/\/blogsaverroes.juntadeandalucia.es\/pre\/ceip\/?page_id=82"},"modified":"2019-11-12T13:25:33","modified_gmt":"2019-11-12T12:25:33","slug":"horarios","status":"publish","type":"page","link":"https:\/\/blogsaverroes.juntadeandalucia.es\/cprlospinares\/horarios\/","title":{"rendered":"Horarios"},"content":{"rendered":"<p style=\"padding-left: 200px\">HORARIOS DEL ALUMNADO EN EL CURSO 2019-2020<\/p>\n<ul>\n<li style=\"list-style-type: none\">\n<ul>\n<li style=\"list-style-type: none\">\n<ul>\n<li style=\"list-style-type: none\">\n<ul>\n<li style=\"text-align: left\"><a href=\"https:\/\/blogsaverroes.juntadeandalucia.es\/cprlospinares\/files\/2019\/11\/horario-infantil-3-a\u00f1os.pdf\" target=\"_blank\" rel=\"noopener noreferrer\">Horario infantil 3 a\u00f1os<\/a><\/li>\n<li style=\"text-align: left\"><a href=\"https:\/\/blogsaverroes.juntadeandalucia.es\/cprlospinares\/files\/2019\/11\/horario-infantil-4-a\u00f1os.pdf\">Horario infantil 4 a\u00f1os<\/a><\/li>\n<li style=\"text-align: left\"><a href=\"https:\/\/blogsaverroes.juntadeandalucia.es\/cprlospinares\/files\/2019\/11\/horario-infantil-5-a\u00f1os.pdf\">Horario infantil 5 a\u00f1os<\/a><\/li>\n<li style=\"text-align: left\"><a href=\"https:\/\/blogsaverroes.juntadeandalucia.es\/cprlospinares\/files\/2019\/11\/horario-fuen-Nieves.pdf\">Horario de Fuensanta<\/a><\/li>\n<li style=\"text-align: left\"><a href=\"https:\/\/blogsaverroes.juntadeandalucia.es\/cprlospinares\/files\/2019\/11\/horario_1_19-20.jpg\" target=\"_blank\" rel=\"noopener noreferrer\">Horario de Primero de Primaria<\/a><\/li>\n<li><a href=\"https:\/\/blogsaverroes.juntadeandalucia.es\/cprlospinares\/files\/2019\/11\/horario_2_19-20.jpg\" target=\"_blank\" rel=\"noopener noreferrer\">Horario de Segundo de Primaria<\/a><\/li>\n<li><a href=\"https:\/\/blogsaverroes.juntadeandalucia.es\/cprlospinares\/files\/2019\/11\/horario_3_4_19-20.jpg\" target=\"_blank\" rel=\"noopener noreferrer\">Horario de Tercero y Cuarto de Primaria<\/a><\/li>\n<li><a href=\"https:\/\/blogsaverroes.juntadeandalucia.es\/cprlospinares\/files\/2019\/11\/horario_5_19-20.jpg\" target=\"_blank\" rel=\"noopener noreferrer\">Horario de Quinto de Primaria<\/a><\/li>\n<li><a href=\"https:\/\/blogsaverroes.juntadeandalucia.es\/cprlospinares\/files\/2019\/11\/horario_6_19-20.jpg\" target=\"_blank\" rel=\"noopener noreferrer\">Horario de Sexto de Primaria<\/a><\/li>\n<li><a href=\"https:\/\/blogsaverroes.juntadeandalucia.es\/cprlospinares\/files\/2019\/11\/horario_1ESO_19-20.jpg\" target=\"_blank\" rel=\"noopener noreferrer\">Horario de Primero de ESO<\/a><\/li>\n<li><a href=\"https:\/\/blogsaverroes.juntadeandalucia.es\/cprlospinares\/files\/2019\/11\/horario_2ESO_19-20.jpg\" target=\"_blank\" rel=\"noopener noreferrer\">Horario de Segundo de ESO<\/a><\/li>\n<\/ul>\n<\/li>\n<\/ul>\n<\/li>\n<\/ul>\n<\/li>\n<\/ul>\n","protected":false},"excerpt":{"rendered":"<p>HORARIOS DEL ALUMNADO EN EL CURSO 2019-2020 Horario infantil 3 a\u00f1os Horario infantil 4 a\u00f1os Horario infantil 5 a\u00f1os Horario de Fuensanta Horario de Primero de Primaria Horario de Segundo de Primaria Horario de&#46;&#46;&#46;<\/p>\n","protected":false},"author":1,"featured_media":0,"parent":0,"menu_order":0,"comment_status":"closed","ping_status":"open","template":"","meta":{"ngg_post_thumbnail":0,"footnotes":"","_mc_calendar":[]},"aioseo_notices":[],"_links":{"self":[{"href":"https:\/\/blogsaverroes.juntadeandalucia.es\/cprlospinares\/wp-json\/wp\/v2\/pages\/82"}],"collection":[{"href":"https:\/\/blogsaverroes.juntadeandalucia.es\/cprlospinares\/wp-json\/wp\/v2\/pages"}],"about":[{"href":"https:\/\/blogsaverroes.juntadeandalucia.es\/cprlospinares\/wp-json\/wp\/v2\/types\/page"}],"author":[{"embeddable":true,"href":"https:\/\/blogsaverroes.juntadeandalucia.es\/cprlospinares\/wp-json\/wp\/v2\/users\/1"}],"replies":[{"embeddable":true,"href":"https:\/\/blogsaverroes.juntadeandalucia.es\/cprlospinares\/wp-json\/wp\/v2\/comments?post=82"}],"version-history":[{"count":6,"href":"https:\/\/blogsaverroes.juntadeandalucia.es\/cprlospinares\/wp-json\/wp\/v2\/pages\/82\/revisions"}],"predecessor-version":[{"id":2789,"href":"https:\/\/blogsaverroes.juntadeandalucia.es\/cprlospinares\/wp-json\/wp\/v2\/pages\/82\/revisions\/2789"}],"wp:attachment":[{"href":"https:\/\/blogsaverroes.juntadeandalucia.es\/cprlospinares\/wp-json\/wp\/v2\/media?parent=82"}],"curies":[{"name":"wp","href":"https:\/\/api.w.org\/{rel}","templated":true}]}}