{"id":10369,"date":"2026-05-12T10:10:21","date_gmt":"2026-05-12T10:10:21","guid":{"rendered":"https:\/\/blogsaverroes.juntadeandalucia.es\/cprlosrios\/?page_id=10369"},"modified":"2026-05-13T18:57:14","modified_gmt":"2026-05-13T18:57:14","slug":"autoproteccion","status":"publish","type":"page","link":"https:\/\/blogsaverroes.juntadeandalucia.es\/cprlosrios\/autoproteccion\/","title":{"rendered":"AUTOPROTECCI\u00d3N"},"content":{"rendered":"<h2 data-path-to-node=\"3\"><b data-path-to-node=\"3\" data-index-in-node=\"0\">Seguridad Escolar: Tu Gu\u00eda de Autoprotecci\u00f3n<\/b><\/h2>\n<p style=\"text-align: justify\" data-path-to-node=\"4\">En el entorno escolar, la prevenci\u00f3n no es solo una medida de seguridad; es la herramienta m\u00e1s poderosa que tenemos para proteger a alumnos y docentes. Saber <b data-path-to-node=\"4\" data-index-in-node=\"158\">c\u00f3mo actuar ante una emergencia<\/b> marca la diferencia entre el caos y una evacuaci\u00f3n segura.<\/p>\n<p style=\"text-align: justify\" data-path-to-node=\"5\">Nuestro objetivo es transformar la incertidumbre en acci\u00f3n. No se trata de tener miedo, sino de estar preparados. Por eso, hemos seleccionado dos recursos visuales clave que explican, paso a paso, los protocolos internacionales de seguridad:<\/p>\n<ul style=\"text-align: justify\" data-path-to-node=\"6\">\n<li>\n<p data-path-to-node=\"6,0,0\"><b data-path-to-node=\"6,0,0\" data-index-in-node=\"0\">\u00bfQu\u00e9 hacer en caso de incendio?<\/b> Aprende las rutas de evacuaci\u00f3n y el manejo b\u00e1sico de la situaci\u00f3n para evitar riesgos mayores.<\/p>\n<\/li>\n<li>\n<p data-path-to-node=\"6,1,0\"><b data-path-to-node=\"6,1,0\" data-index-in-node=\"0\">Protocolo ante terremotos:<\/b> Descubre las zonas de seguridad y las posturas de protecci\u00f3n vitales durante un sismo.<\/p>\n<\/li>\n<\/ul>\n<p data-path-to-node=\"6,1,0\"><b data-path-to-node=\"7,0\" data-index-in-node=\"0\">Recuerda:<\/b> En una emergencia, la calma es tu mejor aliada, pero un buen plan es su mejor amigo.<\/p>\n<h3 data-path-to-node=\"8\"><b data-path-to-node=\"8\" data-index-in-node=\"0\">\ud83c\udfa5 Gu\u00edas Visuales de Acci\u00f3n<\/b><\/h3>\n<ol start=\"1\" data-path-to-node=\"9\">\n<li>\n<p data-path-to-node=\"9,0,0\"><b data-path-to-node=\"9,0,0\" data-index-in-node=\"0\"><a class=\"ng-star-inserted\" href=\"https:\/\/youtu.be\/P86kKH9aKdk?si=bp4PmDGlZ2FcyaVB\" target=\"_blank\" rel=\"noopener\">Video: Protocolo de actuaci\u00f3n en caso de Incendio<\/a><\/b><\/p>\n<\/li>\n<li>\n<p data-path-to-node=\"9,1,0\"><b data-path-to-node=\"9,1,0\" data-index-in-node=\"0\"><a class=\"ng-star-inserted\" href=\"https:\/\/youtu.be\/2IwK7aNvxkE?si=WoS4kxf26A_vvq74\" target=\"_blank\" rel=\"noopener\">Video: Medidas de autoprotecci\u00f3n evacuaci\u00f3n<\/a><\/b><\/p>\n<\/li>\n<li>Infograf\u00edas sobre protocolo en caso de terremoto<\/li>\n<\/ol>\n<p><a href=\"https:\/\/blogsaverroes.juntadeandalucia.es\/cprlosrios\/files\/2026\/05\/qhacer-terremoto_page-0001.jpg\"><img loading=\"lazy\" decoding=\"async\" class=\"alignleft wp-image-10412\" src=\"https:\/\/blogsaverroes.juntadeandalucia.es\/cprlosrios\/files\/2026\/05\/qhacer-terremoto_page-0001-725x1024.jpg\" alt=\"\" width=\"230\" height=\"325\" srcset=\"https:\/\/blogsaverroes.juntadeandalucia.es\/cprlosrios\/files\/2026\/05\/qhacer-terremoto_page-0001-725x1024.jpg 725w, https:\/\/blogsaverroes.juntadeandalucia.es\/cprlosrios\/files\/2026\/05\/qhacer-terremoto_page-0001-212x300.jpg 212w, https:\/\/blogsaverroes.juntadeandalucia.es\/cprlosrios\/files\/2026\/05\/qhacer-terremoto_page-0001-768x1085.jpg 768w, https:\/\/blogsaverroes.juntadeandalucia.es\/cprlosrios\/files\/2026\/05\/qhacer-terremoto_page-0001-1087x1536.jpg 1087w, https:\/\/blogsaverroes.juntadeandalucia.es\/cprlosrios\/files\/2026\/05\/qhacer-terremoto_page-0001.jpg 1132w\" sizes=\"(max-width: 230px) 100vw, 230px\" \/><\/a> <a href=\"https:\/\/blogsaverroes.juntadeandalucia.es\/cprlosrios\/files\/2026\/05\/qhacer-terremoto_page-0002.jpg\"><img loading=\"lazy\" decoding=\"async\" class=\"alignleft wp-image-10413\" src=\"https:\/\/blogsaverroes.juntadeandalucia.es\/cprlosrios\/files\/2026\/05\/qhacer-terremoto_page-0002-725x1024.jpg\" alt=\"\" width=\"230\" height=\"325\" srcset=\"https:\/\/blogsaverroes.juntadeandalucia.es\/cprlosrios\/files\/2026\/05\/qhacer-terremoto_page-0002-725x1024.jpg 725w, https:\/\/blogsaverroes.juntadeandalucia.es\/cprlosrios\/files\/2026\/05\/qhacer-terremoto_page-0002-212x300.jpg 212w, https:\/\/blogsaverroes.juntadeandalucia.es\/cprlosrios\/files\/2026\/05\/qhacer-terremoto_page-0002-768x1085.jpg 768w, https:\/\/blogsaverroes.juntadeandalucia.es\/cprlosrios\/files\/2026\/05\/qhacer-terremoto_page-0002-1087x1536.jpg 1087w, https:\/\/blogsaverroes.juntadeandalucia.es\/cprlosrios\/files\/2026\/05\/qhacer-terremoto_page-0002.jpg 1132w\" sizes=\"(max-width: 230px) 100vw, 230px\" \/><\/a> <a href=\"https:\/\/blogsaverroes.juntadeandalucia.es\/cprlosrios\/files\/2026\/05\/qhacer-terremoto_page-0003.jpg\"><img loading=\"lazy\" decoding=\"async\" class=\"alignleft wp-image-10414\" src=\"https:\/\/blogsaverroes.juntadeandalucia.es\/cprlosrios\/files\/2026\/05\/qhacer-terremoto_page-0003-725x1024.jpg\" alt=\"\" width=\"230\" height=\"325\" srcset=\"https:\/\/blogsaverroes.juntadeandalucia.es\/cprlosrios\/files\/2026\/05\/qhacer-terremoto_page-0003-725x1024.jpg 725w, https:\/\/blogsaverroes.juntadeandalucia.es\/cprlosrios\/files\/2026\/05\/qhacer-terremoto_page-0003-212x300.jpg 212w, https:\/\/blogsaverroes.juntadeandalucia.es\/cprlosrios\/files\/2026\/05\/qhacer-terremoto_page-0003-768x1085.jpg 768w, https:\/\/blogsaverroes.juntadeandalucia.es\/cprlosrios\/files\/2026\/05\/qhacer-terremoto_page-0003-1087x1536.jpg 1087w, https:\/\/blogsaverroes.juntadeandalucia.es\/cprlosrios\/files\/2026\/05\/qhacer-terremoto_page-0003.jpg 1132w\" sizes=\"(max-width: 230px) 100vw, 230px\" \/><\/a><\/p>\n","protected":false},"excerpt":{"rendered":"<p>Seguridad Escolar: Tu Gu\u00eda de Autoprotecci\u00f3n En el entorno escolar, la prevenci\u00f3n no es solo una medida de seguridad; es la herramienta m\u00e1s poderosa que tenemos para proteger a alumnos y docentes. Saber c\u00f3mo&#46;&#46;&#46;<\/p>\n","protected":false},"author":5849,"featured_media":0,"parent":0,"menu_order":0,"comment_status":"closed","ping_status":"closed","template":"","meta":{"ngg_post_thumbnail":0,"footnotes":"","_mc_calendar":[]},"aioseo_notices":[],"_links":{"self":[{"href":"https:\/\/blogsaverroes.juntadeandalucia.es\/cprlosrios\/wp-json\/wp\/v2\/pages\/10369"}],"collection":[{"href":"https:\/\/blogsaverroes.juntadeandalucia.es\/cprlosrios\/wp-json\/wp\/v2\/pages"}],"about":[{"href":"https:\/\/blogsaverroes.juntadeandalucia.es\/cprlosrios\/wp-json\/wp\/v2\/types\/page"}],"author":[{"embeddable":true,"href":"https:\/\/blogsaverroes.juntadeandalucia.es\/cprlosrios\/wp-json\/wp\/v2\/users\/5849"}],"replies":[{"embeddable":true,"href":"https:\/\/blogsaverroes.juntadeandalucia.es\/cprlosrios\/wp-json\/wp\/v2\/comments?post=10369"}],"version-history":[{"count":6,"href":"https:\/\/blogsaverroes.juntadeandalucia.es\/cprlosrios\/wp-json\/wp\/v2\/pages\/10369\/revisions"}],"predecessor-version":[{"id":10416,"href":"https:\/\/blogsaverroes.juntadeandalucia.es\/cprlosrios\/wp-json\/wp\/v2\/pages\/10369\/revisions\/10416"}],"wp:attachment":[{"href":"https:\/\/blogsaverroes.juntadeandalucia.es\/cprlosrios\/wp-json\/wp\/v2\/media?parent=10369"}],"curies":[{"name":"wp","href":"https:\/\/api.w.org\/{rel}","templated":true}]}}