{"id":141,"date":"2015-03-17T07:13:24","date_gmt":"2015-03-17T07:13:24","guid":{"rendered":"http:\/\/blogsaverroes.juntadeandalucia.es\/pre\/ceip\/?page_id=141"},"modified":"2020-05-27T10:47:02","modified_gmt":"2020-05-27T10:47:02","slug":"escolarizacion","status":"publish","type":"page","link":"https:\/\/blogsaverroes.juntadeandalucia.es\/cprlosrios\/escolarizacion\/","title":{"rendered":"Escolarizaci\u00f3n"},"content":{"rendered":"<p>&nbsp;<\/p>\n<p><a title=\"Portal escolarizaci\u00f3n\" href=\"http:\/\/portals.ced.junta-andalucia.es\/educacion\/portals\/web\/escolarizacion\/infantil-a-bachillerato\" target=\"_blank\" rel=\"noopener noreferrer\">Enlace al portal de escolarizaci\u00f3n.<\/a><\/p>\n<p><a title=\"Procedimiento\" href=\"http:\/\/portal.ced.junta-andalucia.es\/educacion\/webportal\/abaco-portlet\/content\/f2f9bdb4-4717-409f-8dbc-da5b8ed61e38\" target=\"_blank\" rel=\"noopener noreferrer\">Normativa<\/a>&nbsp;sobre el proceso de escolarizaci\u00f3n.<\/p>\n<p>Si quiere descargar la circular del centro, pinche en el siguiente enlace: <a href=\"https:\/\/blogsaverroes.juntadeandalucia.es\/cprlosrios\/files\/2020\/02\/matriculas-20.pdf\">matriculas 20<\/a><\/p>\n<p><a href=\"https:\/\/blogsaverroes.juntadeandalucia.es\/cprlosrios\/files\/2020\/05\/Informaci\u00f3n-apertura-centro_page-0001.jpg\"><img loading=\"lazy\" decoding=\"async\" class=\"aligncenter wp-image-3936\" src=\"https:\/\/blogsaverroes.juntadeandalucia.es\/cprlosrios\/files\/2020\/05\/Informaci\u00f3n-apertura-centro_page-0001-300x169.jpg\" alt=\"\" width=\"621\" height=\"350\" srcset=\"https:\/\/blogsaverroes.juntadeandalucia.es\/cprlosrios\/files\/2020\/05\/Informaci\u00f3n-apertura-centro_page-0001-300x169.jpg 300w, https:\/\/blogsaverroes.juntadeandalucia.es\/cprlosrios\/files\/2020\/05\/Informaci\u00f3n-apertura-centro_page-0001-768x432.jpg 768w, https:\/\/blogsaverroes.juntadeandalucia.es\/cprlosrios\/files\/2020\/05\/Informaci\u00f3n-apertura-centro_page-0001-1024x576.jpg 1024w, https:\/\/blogsaverroes.juntadeandalucia.es\/cprlosrios\/files\/2020\/05\/Informaci\u00f3n-apertura-centro_page-0001-24x14.jpg 24w, https:\/\/blogsaverroes.juntadeandalucia.es\/cprlosrios\/files\/2020\/05\/Informaci\u00f3n-apertura-centro_page-0001-36x20.jpg 36w, https:\/\/blogsaverroes.juntadeandalucia.es\/cprlosrios\/files\/2020\/05\/Informaci\u00f3n-apertura-centro_page-0001-48x27.jpg 48w, https:\/\/blogsaverroes.juntadeandalucia.es\/cprlosrios\/files\/2020\/05\/Informaci\u00f3n-apertura-centro_page-0001.jpg 1600w\" sizes=\"(max-width: 621px) 100vw, 621px\" \/><\/a><\/p>\n<p><a href=\"https:\/\/blogsaverroes.juntadeandalucia.es\/cprlosrios\/files\/2020\/05\/INSTRUCCIONES-MATRICULACI\u00d3N-20-21_page-0001-e1590576265882.jpg\"><img loading=\"lazy\" decoding=\"async\" class=\"aligncenter  wp-image-3961\" src=\"https:\/\/blogsaverroes.juntadeandalucia.es\/cprlosrios\/files\/2020\/05\/INSTRUCCIONES-MATRICULACI\u00d3N-20-21_page-0001-e1590576265882-300x212.jpg\" alt=\"\" width=\"569\" height=\"403\" srcset=\"https:\/\/blogsaverroes.juntadeandalucia.es\/cprlosrios\/files\/2020\/05\/INSTRUCCIONES-MATRICULACI\u00d3N-20-21_page-0001-e1590576265882-300x212.jpg 300w, https:\/\/blogsaverroes.juntadeandalucia.es\/cprlosrios\/files\/2020\/05\/INSTRUCCIONES-MATRICULACI\u00d3N-20-21_page-0001-e1590576265882-768x543.jpg 768w, https:\/\/blogsaverroes.juntadeandalucia.es\/cprlosrios\/files\/2020\/05\/INSTRUCCIONES-MATRICULACI\u00d3N-20-21_page-0001-e1590576265882-1024x724.jpg 1024w, https:\/\/blogsaverroes.juntadeandalucia.es\/cprlosrios\/files\/2020\/05\/INSTRUCCIONES-MATRICULACI\u00d3N-20-21_page-0001-e1590576265882-24x17.jpg 24w, https:\/\/blogsaverroes.juntadeandalucia.es\/cprlosrios\/files\/2020\/05\/INSTRUCCIONES-MATRICULACI\u00d3N-20-21_page-0001-e1590576265882-36x25.jpg 36w, https:\/\/blogsaverroes.juntadeandalucia.es\/cprlosrios\/files\/2020\/05\/INSTRUCCIONES-MATRICULACI\u00d3N-20-21_page-0001-e1590576265882-48x34.jpg 48w, https:\/\/blogsaverroes.juntadeandalucia.es\/cprlosrios\/files\/2020\/05\/INSTRUCCIONES-MATRICULACI\u00d3N-20-21_page-0001-e1590576265882.jpg 1200w\" sizes=\"(max-width: 569px) 100vw, 569px\" \/><\/a><\/p>\n<p><strong>NOTA INFORMATIVA SOBRE ESCOLARIZACI\u00d3N<\/strong><\/p>\n<p>\u2022 El plazo para solicitar puesto escolar ser\u00e1 del 1 de marzo al 1 de abril.<\/p>\n<p>\u2022 Deber\u00e1n matricularse todos los ni\u00f1os \/as nacidos desde el d\u00eda 1 de enero de 2017 al 31 de diciembre del mismo a\u00f1o.<\/p>\n<p>\u2022 Los impresos se recoger\u00e1n en el centro y tras cumplimentarlos se entregar\u00e1n en el mismo, junto con la siguiente documentaci\u00f3n:<\/p>\n<ul style=\"list-style-type: disc\">\n<li>Fotocopia de la p\u00e1gina del <strong>libro de familia<\/strong> donde est\u00e1 inscrito el ni\u00f1o\/a.<\/li>\n<li>Fotocopia de los <strong>DNI de los padres<\/strong>.<\/li>\n<li>Fotocopia del <strong>libro de vacunaciones<\/strong>.<\/li>\n<li>Cuestionario de los padres si es de 3 a\u00f1os.<\/li>\n<li>Autorizaci\u00f3n fotos.<\/li>\n<li>Impreso de religi\u00f3n.<\/li>\n<\/ul>\n<p>&nbsp;<\/p>\n<p>Arenas del Rey \u2013 J\u00e1tar, a d\u00eda 1 de marzo de 2020<\/p>\n<p>&nbsp;<\/p>\n<p>&nbsp;<\/p>\n","protected":false},"excerpt":{"rendered":"<p>&nbsp; Enlace al portal de escolarizaci\u00f3n. Normativa&nbsp;sobre el proceso de escolarizaci\u00f3n. Si quiere descargar la circular del centro, pinche en el siguiente enlace: matriculas 20 NOTA INFORMATIVA SOBRE ESCOLARIZACI\u00d3N \u2022 El plazo para solicitar&#46;&#46;&#46;<\/p>\n","protected":false},"author":1,"featured_media":0,"parent":0,"menu_order":0,"comment_status":"open","ping_status":"open","template":"page-templates\/child-menu.php","meta":{"ngg_post_thumbnail":0,"footnotes":"","_mc_calendar":[]},"aioseo_notices":[],"_links":{"self":[{"href":"https:\/\/blogsaverroes.juntadeandalucia.es\/cprlosrios\/wp-json\/wp\/v2\/pages\/141"}],"collection":[{"href":"https:\/\/blogsaverroes.juntadeandalucia.es\/cprlosrios\/wp-json\/wp\/v2\/pages"}],"about":[{"href":"https:\/\/blogsaverroes.juntadeandalucia.es\/cprlosrios\/wp-json\/wp\/v2\/types\/page"}],"author":[{"embeddable":true,"href":"https:\/\/blogsaverroes.juntadeandalucia.es\/cprlosrios\/wp-json\/wp\/v2\/users\/1"}],"replies":[{"embeddable":true,"href":"https:\/\/blogsaverroes.juntadeandalucia.es\/cprlosrios\/wp-json\/wp\/v2\/comments?post=141"}],"version-history":[{"count":15,"href":"https:\/\/blogsaverroes.juntadeandalucia.es\/cprlosrios\/wp-json\/wp\/v2\/pages\/141\/revisions"}],"predecessor-version":[{"id":3970,"href":"https:\/\/blogsaverroes.juntadeandalucia.es\/cprlosrios\/wp-json\/wp\/v2\/pages\/141\/revisions\/3970"}],"wp:attachment":[{"href":"https:\/\/blogsaverroes.juntadeandalucia.es\/cprlosrios\/wp-json\/wp\/v2\/media?parent=141"}],"curies":[{"name":"wp","href":"https:\/\/api.w.org\/{rel}","templated":true}]}}