{"id":2133,"date":"2018-02-13T08:16:02","date_gmt":"2018-02-13T08:16:02","guid":{"rendered":"https:\/\/blogsaverroes.juntadeandalucia.es\/cprlosrios\/?page_id=2133"},"modified":"2026-01-14T18:58:57","modified_gmt":"2026-01-14T18:58:57","slug":"plan-de-centro","status":"publish","type":"page","link":"https:\/\/blogsaverroes.juntadeandalucia.es\/cprlosrios\/plan-de-centro\/","title":{"rendered":"Plan de centro"},"content":{"rendered":"<p style=\"text-align: justify\">Durante el <strong>Consejo Escolar,<\/strong> celebrado el pasado <strong>27 de octubre, <\/strong>se dio el visto bueno a las modificaciones realizadas en nuestro Plan de Centro, que se encuentra a disposici\u00f3n de todas aquellas personas que quieran leerlo.<\/p>\n<p><a href=\"https:\/\/blogsaverroes.juntadeandalucia.es\/cprlosrios\/files\/2026\/01\/PLAN-DE-CENTRO-25-26.pdf\" target=\"_blank\" rel=\"noopener\">PLAN DE CENTRO 25-26<\/a><\/p>\n<p><a href=\"https:\/\/blogsaverroes.juntadeandalucia.es\/cprlosrios\/files\/2026\/01\/PLAN-DE-CENTRO-25-26.pdf\" target=\"_blank\" rel=\"noopener\"><img loading=\"lazy\" decoding=\"async\" class=\"https:\/\/blogsaverroes.juntadeandalucia.es\/cprlosrios\/files\/2026\/01\/PLAN-DE-CENTRO-25-26.pdf aligncenter wp-image-9646\" src=\"https:\/\/blogsaverroes.juntadeandalucia.es\/cprlosrios\/files\/2026\/01\/PLAN-DE-CENTRO-25-26_page-0001-724x1024.jpg\" alt=\"\" width=\"107\" height=\"152\" srcset=\"https:\/\/blogsaverroes.juntadeandalucia.es\/cprlosrios\/files\/2026\/01\/PLAN-DE-CENTRO-25-26_page-0001-724x1024.jpg 724w, https:\/\/blogsaverroes.juntadeandalucia.es\/cprlosrios\/files\/2026\/01\/PLAN-DE-CENTRO-25-26_page-0001-212x300.jpg 212w, https:\/\/blogsaverroes.juntadeandalucia.es\/cprlosrios\/files\/2026\/01\/PLAN-DE-CENTRO-25-26_page-0001-768x1086.jpg 768w, https:\/\/blogsaverroes.juntadeandalucia.es\/cprlosrios\/files\/2026\/01\/PLAN-DE-CENTRO-25-26_page-0001-1086x1536.jpg 1086w, https:\/\/blogsaverroes.juntadeandalucia.es\/cprlosrios\/files\/2026\/01\/PLAN-DE-CENTRO-25-26_page-0001.jpg 1131w\" sizes=\"(max-width: 107px) 100vw, 107px\" \/><\/a><\/p>\n<p style=\"text-align: justify\">Del mismo modo, ponemos a disposici\u00f3n de cualquier persona nuestro Plan de Igualdad, que vertebra nuestra labor docente en la diferentes \u00c1reas de aprendizaje.<\/p>\n<p><a href=\"https:\/\/blogsaverroes.juntadeandalucia.es\/cprlosrios\/files\/2021\/11\/Plan-de-Igualdad-21-22-CPR-Los-R\u00edos..pdf\">Plan de Igualdad CPR Los R\u00edos.<\/a><\/p>\n<p style=\"text-align: justify\">Por otro lado, la extensi\u00f3n de la cultura de la prevenci\u00f3n es el mejor sistema de seguridad. Con la prevenci\u00f3n podemos minimizar los riesgos en el \u00e1mbito escolar y su contexto m\u00e1s pr\u00f3ximo. Es por esto que disponemos de un <strong>protocolo<\/strong> (plan de acci\u00f3n) de actuaci\u00f3n ante <strong>olas de calor o altas temperaturas excepcionales<\/strong>.<\/p>\n<p><a href=\"https:\/\/blogsaverroes.juntadeandalucia.es\/cprlosrios\/files\/2023\/06\/Protocolo-olas-de-calor-CPR-Los-R\u00edos.pdf\">Protocolo olas de calor CPR Los R\u00edos<\/a><\/p>\n","protected":false},"excerpt":{"rendered":"<p>Durante el Consejo Escolar, celebrado el pasado 27 de octubre, se dio el visto bueno a las modificaciones realizadas en nuestro Plan de Centro, que se encuentra a disposici\u00f3n de todas aquellas personas que&#46;&#46;&#46;<\/p>\n","protected":false},"author":5849,"featured_media":0,"parent":0,"menu_order":0,"comment_status":"closed","ping_status":"closed","template":"","meta":{"ngg_post_thumbnail":0,"footnotes":"","_mc_calendar":[]},"aioseo_notices":[],"_links":{"self":[{"href":"https:\/\/blogsaverroes.juntadeandalucia.es\/cprlosrios\/wp-json\/wp\/v2\/pages\/2133"}],"collection":[{"href":"https:\/\/blogsaverroes.juntadeandalucia.es\/cprlosrios\/wp-json\/wp\/v2\/pages"}],"about":[{"href":"https:\/\/blogsaverroes.juntadeandalucia.es\/cprlosrios\/wp-json\/wp\/v2\/types\/page"}],"author":[{"embeddable":true,"href":"https:\/\/blogsaverroes.juntadeandalucia.es\/cprlosrios\/wp-json\/wp\/v2\/users\/5849"}],"replies":[{"embeddable":true,"href":"https:\/\/blogsaverroes.juntadeandalucia.es\/cprlosrios\/wp-json\/wp\/v2\/comments?post=2133"}],"version-history":[{"count":13,"href":"https:\/\/blogsaverroes.juntadeandalucia.es\/cprlosrios\/wp-json\/wp\/v2\/pages\/2133\/revisions"}],"predecessor-version":[{"id":9650,"href":"https:\/\/blogsaverroes.juntadeandalucia.es\/cprlosrios\/wp-json\/wp\/v2\/pages\/2133\/revisions\/9650"}],"wp:attachment":[{"href":"https:\/\/blogsaverroes.juntadeandalucia.es\/cprlosrios\/wp-json\/wp\/v2\/media?parent=2133"}],"curies":[{"name":"wp","href":"https:\/\/api.w.org\/{rel}","templated":true}]}}