{"id":2138,"date":"2018-02-13T08:24:23","date_gmt":"2018-02-13T08:24:23","guid":{"rendered":"https:\/\/blogsaverroes.juntadeandalucia.es\/cprlosrios\/?page_id=2138"},"modified":"2024-12-19T09:06:58","modified_gmt":"2024-12-19T09:06:58","slug":"ampa-de-jatar","status":"publish","type":"page","link":"https:\/\/blogsaverroes.juntadeandalucia.es\/cprlosrios\/ampa-de-jatar\/","title":{"rendered":"AMPA de J\u00e1tar"},"content":{"rendered":"<p>La Junta Directiva de la AMPA de J\u00e1tar est\u00e1 constituida por los siguientes miembros:<\/p>\n<p>Presidenta: Roc\u00edo Moreno Retamero<\/p>\n<p>Secretaria: Nuria Esther Garc\u00eda Ramos<\/p>\n","protected":false},"excerpt":{"rendered":"<p>La Junta Directiva de la AMPA de J\u00e1tar est\u00e1 constituida por los siguientes miembros: Presidenta: Roc\u00edo Moreno Retamero Secretaria: Nuria Esther Garc\u00eda Ramos<\/p>\n","protected":false},"author":5849,"featured_media":0,"parent":0,"menu_order":0,"comment_status":"closed","ping_status":"closed","template":"","meta":{"ngg_post_thumbnail":0,"footnotes":"","_mc_calendar":[]},"aioseo_notices":[],"_links":{"self":[{"href":"https:\/\/blogsaverroes.juntadeandalucia.es\/cprlosrios\/wp-json\/wp\/v2\/pages\/2138"}],"collection":[{"href":"https:\/\/blogsaverroes.juntadeandalucia.es\/cprlosrios\/wp-json\/wp\/v2\/pages"}],"about":[{"href":"https:\/\/blogsaverroes.juntadeandalucia.es\/cprlosrios\/wp-json\/wp\/v2\/types\/page"}],"author":[{"embeddable":true,"href":"https:\/\/blogsaverroes.juntadeandalucia.es\/cprlosrios\/wp-json\/wp\/v2\/users\/5849"}],"replies":[{"embeddable":true,"href":"https:\/\/blogsaverroes.juntadeandalucia.es\/cprlosrios\/wp-json\/wp\/v2\/comments?post=2138"}],"version-history":[{"count":3,"href":"https:\/\/blogsaverroes.juntadeandalucia.es\/cprlosrios\/wp-json\/wp\/v2\/pages\/2138\/revisions"}],"predecessor-version":[{"id":7847,"href":"https:\/\/blogsaverroes.juntadeandalucia.es\/cprlosrios\/wp-json\/wp\/v2\/pages\/2138\/revisions\/7847"}],"wp:attachment":[{"href":"https:\/\/blogsaverroes.juntadeandalucia.es\/cprlosrios\/wp-json\/wp\/v2\/media?parent=2138"}],"curies":[{"name":"wp","href":"https:\/\/api.w.org\/{rel}","templated":true}]}}