{"id":2348,"date":"2018-06-26T09:13:54","date_gmt":"2018-06-26T09:13:54","guid":{"rendered":"https:\/\/blogsaverroes.juntadeandalucia.es\/cprlosrios\/?page_id=2348"},"modified":"2025-02-18T16:09:59","modified_gmt":"2025-02-18T16:09:59","slug":"donaciones","status":"publish","type":"page","link":"https:\/\/blogsaverroes.juntadeandalucia.es\/cprlosrios\/donaciones\/","title":{"rendered":"Donaciones"},"content":{"rendered":"<p style=\"text-align: center\">Candela de Arenas del Rey, nos dona un libro para la biblioteca, gracias!<\/p>\n<p><a href=\"https:\/\/blogsaverroes.juntadeandalucia.es\/cprlosrios\/files\/2023\/03\/WhatsApp-Image-2023-03-10-at-12.52.48.jpeg\"><img loading=\"lazy\" decoding=\"async\" class=\"aligncenter size-medium wp-image-6376\" src=\"https:\/\/blogsaverroes.juntadeandalucia.es\/cprlosrios\/files\/2023\/03\/WhatsApp-Image-2023-03-10-at-12.52.48-300x135.jpeg\" alt=\"\" width=\"300\" height=\"135\" srcset=\"https:\/\/blogsaverroes.juntadeandalucia.es\/cprlosrios\/files\/2023\/03\/WhatsApp-Image-2023-03-10-at-12.52.48-300x135.jpeg 300w, https:\/\/blogsaverroes.juntadeandalucia.es\/cprlosrios\/files\/2023\/03\/WhatsApp-Image-2023-03-10-at-12.52.48-1024x462.jpeg 1024w, https:\/\/blogsaverroes.juntadeandalucia.es\/cprlosrios\/files\/2023\/03\/WhatsApp-Image-2023-03-10-at-12.52.48-768x346.jpeg 768w, https:\/\/blogsaverroes.juntadeandalucia.es\/cprlosrios\/files\/2023\/03\/WhatsApp-Image-2023-03-10-at-12.52.48-1536x692.jpeg 1536w, https:\/\/blogsaverroes.juntadeandalucia.es\/cprlosrios\/files\/2023\/03\/WhatsApp-Image-2023-03-10-at-12.52.48.jpeg 1600w\" sizes=\"(max-width: 300px) 100vw, 300px\" \/><\/a><\/p>\n<p>Nuestro centro es \ud83d\udc4f\ud83d\udc4fSupersolidario: \ud83d\udc4f\ud83d\udc4f<\/p>\n<p>Nuevas donaciones del alumnado de J\u00e1tar. En este caso Mar\u00eda de sexto y Julio de Infantil 5 a\u00f1os. \u00a1Much\u00edsmas Gracias!<\/p>\n<table style=\"border-collapse: collapse;width: 100%\">\n<tbody>\n<tr>\n<td style=\"width: 50%\"><a href=\"https:\/\/blogsaverroes.juntadeandalucia.es\/cprlosrios\/files\/2022\/05\/WhatsApp-Image-2022-05-23-at-9.17.16-AM.jpeg\"><img loading=\"lazy\" decoding=\"async\" class=\"size-medium wp-image-5577 aligncenter\" src=\"https:\/\/blogsaverroes.juntadeandalucia.es\/cprlosrios\/files\/2022\/05\/WhatsApp-Image-2022-05-23-at-9.17.16-AM-135x300.jpeg\" alt=\"\" width=\"135\" height=\"300\" srcset=\"https:\/\/blogsaverroes.juntadeandalucia.es\/cprlosrios\/files\/2022\/05\/WhatsApp-Image-2022-05-23-at-9.17.16-AM-135x300.jpeg 135w, https:\/\/blogsaverroes.juntadeandalucia.es\/cprlosrios\/files\/2022\/05\/WhatsApp-Image-2022-05-23-at-9.17.16-AM-462x1024.jpeg 462w, https:\/\/blogsaverroes.juntadeandalucia.es\/cprlosrios\/files\/2022\/05\/WhatsApp-Image-2022-05-23-at-9.17.16-AM-768x1704.jpeg 768w, https:\/\/blogsaverroes.juntadeandalucia.es\/cprlosrios\/files\/2022\/05\/WhatsApp-Image-2022-05-23-at-9.17.16-AM-692x1536.jpeg 692w, https:\/\/blogsaverroes.juntadeandalucia.es\/cprlosrios\/files\/2022\/05\/WhatsApp-Image-2022-05-23-at-9.17.16-AM.jpeg 721w\" sizes=\"(max-width: 135px) 100vw, 135px\" \/><\/a><\/td>\n<td style=\"width: 50%\"><a href=\"https:\/\/blogsaverroes.juntadeandalucia.es\/cprlosrios\/files\/2022\/05\/WhatsApp-Image-2022-05-23-at-9.18.25-AM.jpeg\"><img loading=\"lazy\" decoding=\"async\" class=\"size-thumbnail wp-image-5578 aligncenter\" src=\"https:\/\/blogsaverroes.juntadeandalucia.es\/cprlosrios\/files\/2022\/05\/WhatsApp-Image-2022-05-23-at-9.18.25-AM-150x150.jpeg\" alt=\"\" width=\"150\" height=\"150\" srcset=\"https:\/\/blogsaverroes.juntadeandalucia.es\/cprlosrios\/files\/2022\/05\/WhatsApp-Image-2022-05-23-at-9.18.25-AM-150x150.jpeg 150w, https:\/\/blogsaverroes.juntadeandalucia.es\/cprlosrios\/files\/2022\/05\/WhatsApp-Image-2022-05-23-at-9.18.25-AM-80x80.jpeg 80w, https:\/\/blogsaverroes.juntadeandalucia.es\/cprlosrios\/files\/2022\/05\/WhatsApp-Image-2022-05-23-at-9.18.25-AM-320x320.jpeg 320w\" sizes=\"(max-width: 150px) 100vw, 150px\" \/><\/a><\/td>\n<\/tr>\n<tr>\n<td style=\"width: 50%;text-align: center\">Mar\u00eda, alumna de sexto de primaria de J\u00e1tar dona un mont\u00f3n de libros para nuestra biblioteca! Gracias Mar\u00eda!!<\/td>\n<td style=\"width: 50%;text-align: center\">Julio, alumno de Infantil 5 a\u00f1os, dona este libro tan chulo! Gracias Julio!<\/td>\n<\/tr>\n<\/tbody>\n<\/table>\n<p>&nbsp;<\/p>\n<p>Tambi\u00e9n se unen a la donaci\u00f3n de libros antiguas alumnas del centro: Paula y Andrea. Muchas gracias por vuestra colaboraci\u00f3n y por vuestra visita.\ud83d\ude0a\ud83e\udd29<\/p>\n<p><a href=\"https:\/\/blogsaverroes.juntadeandalucia.es\/cprlosrios\/files\/2022\/04\/WhatsApp-Image-2022-04-08-at-12.54.31-PM.jpeg\"><img loading=\"lazy\" decoding=\"async\" class=\"aligncenter wp-image-5469 size-full\" src=\"https:\/\/blogsaverroes.juntadeandalucia.es\/cprlosrios\/files\/2022\/04\/WhatsApp-Image-2022-04-08-at-12.54.31-PM.jpeg\" alt=\"\" width=\"1600\" height=\"1200\" srcset=\"https:\/\/blogsaverroes.juntadeandalucia.es\/cprlosrios\/files\/2022\/04\/WhatsApp-Image-2022-04-08-at-12.54.31-PM.jpeg 1600w, https:\/\/blogsaverroes.juntadeandalucia.es\/cprlosrios\/files\/2022\/04\/WhatsApp-Image-2022-04-08-at-12.54.31-PM-300x225.jpeg 300w, https:\/\/blogsaverroes.juntadeandalucia.es\/cprlosrios\/files\/2022\/04\/WhatsApp-Image-2022-04-08-at-12.54.31-PM-1024x768.jpeg 1024w, https:\/\/blogsaverroes.juntadeandalucia.es\/cprlosrios\/files\/2022\/04\/WhatsApp-Image-2022-04-08-at-12.54.31-PM-768x576.jpeg 768w, https:\/\/blogsaverroes.juntadeandalucia.es\/cprlosrios\/files\/2022\/04\/WhatsApp-Image-2022-04-08-at-12.54.31-PM-1536x1152.jpeg 1536w\" sizes=\"(max-width: 1600px) 100vw, 1600px\" \/><\/a><\/p>\n<p>&nbsp;<\/p>\n<p>Nuevas donaciones de los maestros y maestras. En este caso han sido tan generosos\/as los maestros\/as: Sara y Jos\u00e9 Manuel. Mil Gracias\ud83d\ude0a\ud83d\udc4f\ud83d\ude0a<\/p>\n<table style=\"border-collapse: collapse;width: 100%;height: 198px\">\n<tbody>\n<tr style=\"height: 174px\">\n<td style=\"width: 50%;text-align: center;height: 174px\"><img loading=\"lazy\" decoding=\"async\" class=\"size-thumbnail wp-image-5236 aligncenter\" src=\"https:\/\/blogsaverroes.juntadeandalucia.es\/cprlosrios\/files\/2021\/11\/WhatsApp-Image-2021-11-25-at-11.42.29-1-150x150.jpeg\" alt=\"\" width=\"150\" height=\"150\" srcset=\"https:\/\/blogsaverroes.juntadeandalucia.es\/cprlosrios\/files\/2021\/11\/WhatsApp-Image-2021-11-25-at-11.42.29-1-150x150.jpeg 150w, https:\/\/blogsaverroes.juntadeandalucia.es\/cprlosrios\/files\/2021\/11\/WhatsApp-Image-2021-11-25-at-11.42.29-1-80x80.jpeg 80w, https:\/\/blogsaverroes.juntadeandalucia.es\/cprlosrios\/files\/2021\/11\/WhatsApp-Image-2021-11-25-at-11.42.29-1-320x320.jpeg 320w\" sizes=\"(max-width: 150px) 100vw, 150px\" \/><\/td>\n<td style=\"width: 50%;text-align: center;height: 174px\"><a href=\"https:\/\/blogsaverroes.juntadeandalucia.es\/cprlosrios\/files\/2021\/11\/WhatsApp-Image-2021-11-30-at-10.05.04.jpeg\"><img loading=\"lazy\" decoding=\"async\" class=\"aligncenter size-thumbnail wp-image-5237\" src=\"https:\/\/blogsaverroes.juntadeandalucia.es\/cprlosrios\/files\/2021\/11\/WhatsApp-Image-2021-11-30-at-10.05.04-150x150.jpeg\" alt=\"\" width=\"150\" height=\"150\" srcset=\"https:\/\/blogsaverroes.juntadeandalucia.es\/cprlosrios\/files\/2021\/11\/WhatsApp-Image-2021-11-30-at-10.05.04-150x150.jpeg 150w, https:\/\/blogsaverroes.juntadeandalucia.es\/cprlosrios\/files\/2021\/11\/WhatsApp-Image-2021-11-30-at-10.05.04-80x80.jpeg 80w, https:\/\/blogsaverroes.juntadeandalucia.es\/cprlosrios\/files\/2021\/11\/WhatsApp-Image-2021-11-30-at-10.05.04-320x320.jpeg 320w\" sizes=\"(max-width: 150px) 100vw, 150px\" \/><\/a><\/td>\n<\/tr>\n<tr style=\"height: 24px\">\n<td style=\"width: 50%;text-align: center;height: 24px\">Donaci\u00f3n maestra Sara<\/td>\n<td style=\"width: 50%;text-align: center;height: 24px\">Donaci\u00f3n maestro Jos\u00e9 Manuel<\/td>\n<\/tr>\n<\/tbody>\n<\/table>\n<p>&nbsp;<\/p>\n<p>\u00a1M\u00e1s donaciones! Mil gracias por colaborar con nuestras bibliotecas.<\/p>\n<p><a href=\"https:\/\/blogsaverroes.juntadeandalucia.es\/cprlosrios\/files\/2020\/03\/IMG-20200309-WA0003.jpg\"><img loading=\"lazy\" decoding=\"async\" class=\"aligncenter size-medium wp-image-3681\" src=\"https:\/\/blogsaverroes.juntadeandalucia.es\/cprlosrios\/files\/2020\/03\/IMG-20200309-WA0003-143x300.jpg\" alt=\"\" width=\"143\" height=\"300\" srcset=\"https:\/\/blogsaverroes.juntadeandalucia.es\/cprlosrios\/files\/2020\/03\/IMG-20200309-WA0003-143x300.jpg 143w, https:\/\/blogsaverroes.juntadeandalucia.es\/cprlosrios\/files\/2020\/03\/IMG-20200309-WA0003-768x1613.jpg 768w, https:\/\/blogsaverroes.juntadeandalucia.es\/cprlosrios\/files\/2020\/03\/IMG-20200309-WA0003-488x1024.jpg 488w, https:\/\/blogsaverroes.juntadeandalucia.es\/cprlosrios\/files\/2020\/03\/IMG-20200309-WA0003-11x24.jpg 11w, https:\/\/blogsaverroes.juntadeandalucia.es\/cprlosrios\/files\/2020\/03\/IMG-20200309-WA0003-17x36.jpg 17w, https:\/\/blogsaverroes.juntadeandalucia.es\/cprlosrios\/files\/2020\/03\/IMG-20200309-WA0003-23x48.jpg 23w, https:\/\/blogsaverroes.juntadeandalucia.es\/cprlosrios\/files\/2020\/03\/IMG-20200309-WA0003.jpg 762w\" sizes=\"(max-width: 143px) 100vw, 143px\" \/><\/a><\/p>\n<p>Nuevas donaciones en J\u00e1tar. \u00a1Much\u00edsimas Gracias!<\/p>\n<p><a href=\"https:\/\/blogsaverroes.juntadeandalucia.es\/cprlosrios\/files\/2020\/02\/IMG-20200220-WA0000.jpg\"><img loading=\"lazy\" decoding=\"async\" class=\"aligncenter wp-image-3578\" src=\"https:\/\/blogsaverroes.juntadeandalucia.es\/cprlosrios\/files\/2020\/02\/IMG-20200220-WA0000-300x239.jpg\" alt=\"\" width=\"352\" height=\"280\" srcset=\"https:\/\/blogsaverroes.juntadeandalucia.es\/cprlosrios\/files\/2020\/02\/IMG-20200220-WA0000-300x239.jpg 300w, https:\/\/blogsaverroes.juntadeandalucia.es\/cprlosrios\/files\/2020\/02\/IMG-20200220-WA0000-768x611.jpg 768w, https:\/\/blogsaverroes.juntadeandalucia.es\/cprlosrios\/files\/2020\/02\/IMG-20200220-WA0000-1024x815.jpg 1024w, https:\/\/blogsaverroes.juntadeandalucia.es\/cprlosrios\/files\/2020\/02\/IMG-20200220-WA0000-24x19.jpg 24w, https:\/\/blogsaverroes.juntadeandalucia.es\/cprlosrios\/files\/2020\/02\/IMG-20200220-WA0000-36x29.jpg 36w, https:\/\/blogsaverroes.juntadeandalucia.es\/cprlosrios\/files\/2020\/02\/IMG-20200220-WA0000-48x38.jpg 48w, https:\/\/blogsaverroes.juntadeandalucia.es\/cprlosrios\/files\/2020\/02\/IMG-20200220-WA0000.jpg 1600w\" sizes=\"(max-width: 352px) 100vw, 352px\" \/><\/a><\/p>\n<p>&nbsp;<\/p>\n<p>Hemos recibido nuevas donaciones a nuestra biblioteca durante estos inicios del curso 19\/20. Nuestros m\u00e1s sentidos agradecimientos a estas familias que contribuyen a la mejora de la calidad de la ense\u00f1anza de nuestro alumnado.<\/p>\n<p>ngg_shortcode_0_placeholderLa biblioteca del centro ha recibido unas donaciones de diferentes personas.<\/p>\n<p>&nbsp;<\/p>\n<p>Desde aqu\u00ed queremos dar las gracias por \u00e9ste gesto con el que se ayuda enormemente al centro y al alumnado.<\/p>\n<p style=\"text-align: center\">&nbsp;<\/p>\n<p><iframe loading=\"lazy\" title=\"fran donacion\" width=\"500\" height=\"281\" src=\"https:\/\/www.youtube.com\/embed\/M3QBJq0jZ5Y?feature=oembed&#038;wmode=opaque\" frameborder=\"0\" allow=\"accelerometer; autoplay; clipboard-write; encrypted-media; gyroscope; picture-in-picture; web-share\" referrerpolicy=\"strict-origin-when-cross-origin\" allowfullscreen><\/iframe><\/p>\n<p><iframe loading=\"lazy\" title=\"IMG 1534\" width=\"500\" height=\"281\" src=\"https:\/\/www.youtube.com\/embed\/VY1Fv7EPiVc?feature=oembed&#038;wmode=opaque\" frameborder=\"0\" allow=\"accelerometer; autoplay; clipboard-write; encrypted-media; gyroscope; picture-in-picture; web-share\" referrerpolicy=\"strict-origin-when-cross-origin\" allowfullscreen><\/iframe><\/p>\n<p><iframe loading=\"lazy\" title=\"VID 20180607 WA0001\" width=\"500\" height=\"281\" src=\"https:\/\/www.youtube.com\/embed\/agRaxoVqrXc?feature=oembed&#038;wmode=opaque\" frameborder=\"0\" allow=\"accelerometer; autoplay; clipboard-write; encrypted-media; gyroscope; picture-in-picture; web-share\" referrerpolicy=\"strict-origin-when-cross-origin\" allowfullscreen><\/iframe><\/p>\n","protected":false},"excerpt":{"rendered":"<p>Candela de Arenas del Rey, nos dona un libro para la biblioteca, gracias! Nuestro centro es \ud83d\udc4f\ud83d\udc4fSupersolidario: \ud83d\udc4f\ud83d\udc4f Nuevas donaciones del alumnado de J\u00e1tar. En este caso Mar\u00eda de sexto y Julio de Infantil&#46;&#46;&#46;<\/p>\n","protected":false},"author":5849,"featured_media":0,"parent":0,"menu_order":0,"comment_status":"closed","ping_status":"closed","template":"","meta":{"ngg_post_thumbnail":0,"footnotes":"","_mc_calendar":[]},"aioseo_notices":[],"_links":{"self":[{"href":"https:\/\/blogsaverroes.juntadeandalucia.es\/cprlosrios\/wp-json\/wp\/v2\/pages\/2348"}],"collection":[{"href":"https:\/\/blogsaverroes.juntadeandalucia.es\/cprlosrios\/wp-json\/wp\/v2\/pages"}],"about":[{"href":"https:\/\/blogsaverroes.juntadeandalucia.es\/cprlosrios\/wp-json\/wp\/v2\/types\/page"}],"author":[{"embeddable":true,"href":"https:\/\/blogsaverroes.juntadeandalucia.es\/cprlosrios\/wp-json\/wp\/v2\/users\/5849"}],"replies":[{"embeddable":true,"href":"https:\/\/blogsaverroes.juntadeandalucia.es\/cprlosrios\/wp-json\/wp\/v2\/comments?post=2348"}],"version-history":[{"count":12,"href":"https:\/\/blogsaverroes.juntadeandalucia.es\/cprlosrios\/wp-json\/wp\/v2\/pages\/2348\/revisions"}],"predecessor-version":[{"id":7986,"href":"https:\/\/blogsaverroes.juntadeandalucia.es\/cprlosrios\/wp-json\/wp\/v2\/pages\/2348\/revisions\/7986"}],"wp:attachment":[{"href":"https:\/\/blogsaverroes.juntadeandalucia.es\/cprlosrios\/wp-json\/wp\/v2\/media?parent=2348"}],"curies":[{"name":"wp","href":"https:\/\/api.w.org\/{rel}","templated":true}]}}