{"id":2351,"date":"2018-06-26T09:44:25","date_gmt":"2018-06-26T09:44:25","guid":{"rendered":"https:\/\/blogsaverroes.juntadeandalucia.es\/cprlosrios\/?page_id=2351"},"modified":"2023-02-09T12:53:22","modified_gmt":"2023-02-09T12:53:22","slug":"biblioteca-de-jatar","status":"publish","type":"page","link":"https:\/\/blogsaverroes.juntadeandalucia.es\/cprlosrios\/biblioteca-de-jatar\/","title":{"rendered":"Biblioteca de J\u00e1tar"},"content":{"rendered":"<p>Os dejamos un v\u00eddeo en el que se presenta la biblioteca de J\u00e1tar<\/p>\n<p><iframe loading=\"lazy\" title=\"Biblioteca Jatar\" width=\"500\" height=\"281\" src=\"https:\/\/www.youtube.com\/embed\/7KxjWg5lzT0?feature=oembed&#038;wmode=opaque\" frameborder=\"0\" allow=\"accelerometer; autoplay; clipboard-write; encrypted-media; gyroscope; picture-in-picture; web-share\" allowfullscreen><\/iframe><\/p>\n<p style=\"text-align: center\">&nbsp;<\/p>\n","protected":false},"excerpt":{"rendered":"<p>Os dejamos un v\u00eddeo en el que se presenta la biblioteca de J\u00e1tar &nbsp;<\/p>\n","protected":false},"author":5849,"featured_media":0,"parent":0,"menu_order":0,"comment_status":"closed","ping_status":"closed","template":"","meta":{"ngg_post_thumbnail":0,"footnotes":"","_mc_calendar":[]},"aioseo_notices":[],"_links":{"self":[{"href":"https:\/\/blogsaverroes.juntadeandalucia.es\/cprlosrios\/wp-json\/wp\/v2\/pages\/2351"}],"collection":[{"href":"https:\/\/blogsaverroes.juntadeandalucia.es\/cprlosrios\/wp-json\/wp\/v2\/pages"}],"about":[{"href":"https:\/\/blogsaverroes.juntadeandalucia.es\/cprlosrios\/wp-json\/wp\/v2\/types\/page"}],"author":[{"embeddable":true,"href":"https:\/\/blogsaverroes.juntadeandalucia.es\/cprlosrios\/wp-json\/wp\/v2\/users\/5849"}],"replies":[{"embeddable":true,"href":"https:\/\/blogsaverroes.juntadeandalucia.es\/cprlosrios\/wp-json\/wp\/v2\/comments?post=2351"}],"version-history":[{"count":2,"href":"https:\/\/blogsaverroes.juntadeandalucia.es\/cprlosrios\/wp-json\/wp\/v2\/pages\/2351\/revisions"}],"predecessor-version":[{"id":6213,"href":"https:\/\/blogsaverroes.juntadeandalucia.es\/cprlosrios\/wp-json\/wp\/v2\/pages\/2351\/revisions\/6213"}],"wp:attachment":[{"href":"https:\/\/blogsaverroes.juntadeandalucia.es\/cprlosrios\/wp-json\/wp\/v2\/media?parent=2351"}],"curies":[{"name":"wp","href":"https:\/\/api.w.org\/{rel}","templated":true}]}}