{"id":2382,"date":"2018-11-13T08:07:01","date_gmt":"2018-11-13T08:07:01","guid":{"rendered":"https:\/\/blogsaverroes.juntadeandalucia.es\/cprlosrios\/?page_id=2382"},"modified":"2022-09-09T17:08:13","modified_gmt":"2022-09-09T17:08:13","slug":"proyecto-de-direccion","status":"publish","type":"page","link":"https:\/\/blogsaverroes.juntadeandalucia.es\/cprlosrios\/proyecto-de-direccion\/","title":{"rendered":"Proyecto de direcci\u00f3n"},"content":{"rendered":"<p>En el siguiente enlace podr\u00e1n descargar el proyecto de direcci\u00f3n de nuestro centro:<\/p>\n<p><a href=\"https:\/\/blogsaverroes.juntadeandalucia.es\/cprlosrios\/files\/2022\/09\/PROYECTO-DIRECCION-22-26.pdf\" target=\"_blank\" rel=\"noopener noreferrer\">PROYECTO DIRECCION 22-26<\/a> actualizado y aprobado en Consejo Escolar con fecha de 08\/09\/2022.<\/p>\n<p><a href=\"https:\/\/blogsaverroes.juntadeandalucia.es\/cprlosrios\/files\/2022\/09\/PROYECTO-DIRECCION-22-26.pdf\" target=\"_blank\" rel=\"noopener noreferrer\"><img loading=\"lazy\" decoding=\"async\" class=\"aligncenter wp-image-5769 size-medium\" src=\"https:\/\/blogsaverroes.juntadeandalucia.es\/cprlosrios\/files\/2022\/09\/proyecto-214x300.png\" alt=\"\" width=\"214\" height=\"300\" srcset=\"https:\/\/blogsaverroes.juntadeandalucia.es\/cprlosrios\/files\/2022\/09\/proyecto-214x300.png 214w, https:\/\/blogsaverroes.juntadeandalucia.es\/cprlosrios\/files\/2022\/09\/proyecto.png 533w\" sizes=\"(max-width: 214px) 100vw, 214px\" \/><\/a><\/p>\n","protected":false},"excerpt":{"rendered":"<p>En el siguiente enlace podr\u00e1n descargar el proyecto de direcci\u00f3n de nuestro centro: PROYECTO DIRECCION 22-26 actualizado y aprobado en Consejo Escolar con fecha de 08\/09\/2022.<\/p>\n","protected":false},"author":5849,"featured_media":0,"parent":0,"menu_order":0,"comment_status":"closed","ping_status":"closed","template":"","meta":{"ngg_post_thumbnail":0,"footnotes":"","_mc_calendar":[]},"aioseo_notices":[],"_links":{"self":[{"href":"https:\/\/blogsaverroes.juntadeandalucia.es\/cprlosrios\/wp-json\/wp\/v2\/pages\/2382"}],"collection":[{"href":"https:\/\/blogsaverroes.juntadeandalucia.es\/cprlosrios\/wp-json\/wp\/v2\/pages"}],"about":[{"href":"https:\/\/blogsaverroes.juntadeandalucia.es\/cprlosrios\/wp-json\/wp\/v2\/types\/page"}],"author":[{"embeddable":true,"href":"https:\/\/blogsaverroes.juntadeandalucia.es\/cprlosrios\/wp-json\/wp\/v2\/users\/5849"}],"replies":[{"embeddable":true,"href":"https:\/\/blogsaverroes.juntadeandalucia.es\/cprlosrios\/wp-json\/wp\/v2\/comments?post=2382"}],"version-history":[{"count":7,"href":"https:\/\/blogsaverroes.juntadeandalucia.es\/cprlosrios\/wp-json\/wp\/v2\/pages\/2382\/revisions"}],"predecessor-version":[{"id":5771,"href":"https:\/\/blogsaverroes.juntadeandalucia.es\/cprlosrios\/wp-json\/wp\/v2\/pages\/2382\/revisions\/5771"}],"wp:attachment":[{"href":"https:\/\/blogsaverroes.juntadeandalucia.es\/cprlosrios\/wp-json\/wp\/v2\/media?parent=2382"}],"curies":[{"name":"wp","href":"https:\/\/api.w.org\/{rel}","templated":true}]}}