{"id":330,"date":"2015-03-18T07:11:43","date_gmt":"2015-03-18T07:11:43","guid":{"rendered":"http:\/\/blogsaverroes.juntadeandalucia.es\/pre\/ceip\/?page_id=330"},"modified":"2020-09-10T09:31:02","modified_gmt":"2020-09-10T09:31:02","slug":"bibliop","status":"publish","type":"page","link":"https:\/\/blogsaverroes.juntadeandalucia.es\/cprlosrios\/biblioteca\/bibliop\/","title":{"rendered":"Cat\u00e1logo"},"content":{"rendered":"<p>Para entrar a la p\u00e1gina propia de la biblioteca del centro donde encontrar el cat\u00e1logo y toda la informaci\u00f3n pincha en la imagen:<\/p>\n<p>&nbsp;<\/p>\n<p><a href=\"http:\/\/www.juntadeandalucia.es\/averroes\/centros-tic\/50100258\/biblioweb2\/50100258\/inicio\" target=\"_blank\" rel=\"noopener noreferrer\"><img loading=\"lazy\" decoding=\"async\" class=\"alignnone wp-image-1662 size-medium\" src=\"https:\/\/blogsaverroes.juntadeandalucia.es\/cprlosrios\/files\/2015\/03\/proyecto-300x266.png\" alt=\"\" width=\"300\" height=\"266\" srcset=\"https:\/\/blogsaverroes.juntadeandalucia.es\/cprlosrios\/files\/2015\/03\/proyecto-300x266.png 300w, https:\/\/blogsaverroes.juntadeandalucia.es\/cprlosrios\/files\/2015\/03\/proyecto.png 640w\" sizes=\"(max-width: 300px) 100vw, 300px\" \/><\/a><\/p>\n","protected":false},"excerpt":{"rendered":"<p>Para entrar a la p\u00e1gina propia de la biblioteca del centro donde encontrar el cat\u00e1logo y toda la informaci\u00f3n pincha en la imagen: &nbsp;<\/p>\n","protected":false},"author":1,"featured_media":0,"parent":113,"menu_order":0,"comment_status":"open","ping_status":"open","template":"page-templates\/child-menu.php","meta":{"ngg_post_thumbnail":0,"footnotes":"","_mc_calendar":[]},"aioseo_notices":[],"_links":{"self":[{"href":"https:\/\/blogsaverroes.juntadeandalucia.es\/cprlosrios\/wp-json\/wp\/v2\/pages\/330"}],"collection":[{"href":"https:\/\/blogsaverroes.juntadeandalucia.es\/cprlosrios\/wp-json\/wp\/v2\/pages"}],"about":[{"href":"https:\/\/blogsaverroes.juntadeandalucia.es\/cprlosrios\/wp-json\/wp\/v2\/types\/page"}],"author":[{"embeddable":true,"href":"https:\/\/blogsaverroes.juntadeandalucia.es\/cprlosrios\/wp-json\/wp\/v2\/users\/1"}],"replies":[{"embeddable":true,"href":"https:\/\/blogsaverroes.juntadeandalucia.es\/cprlosrios\/wp-json\/wp\/v2\/comments?post=330"}],"version-history":[{"count":7,"href":"https:\/\/blogsaverroes.juntadeandalucia.es\/cprlosrios\/wp-json\/wp\/v2\/pages\/330\/revisions"}],"predecessor-version":[{"id":4018,"href":"https:\/\/blogsaverroes.juntadeandalucia.es\/cprlosrios\/wp-json\/wp\/v2\/pages\/330\/revisions\/4018"}],"up":[{"embeddable":true,"href":"https:\/\/blogsaverroes.juntadeandalucia.es\/cprlosrios\/wp-json\/wp\/v2\/pages\/113"}],"wp:attachment":[{"href":"https:\/\/blogsaverroes.juntadeandalucia.es\/cprlosrios\/wp-json\/wp\/v2\/media?parent=330"}],"curies":[{"name":"wp","href":"https:\/\/api.w.org\/{rel}","templated":true}]}}