{"id":3473,"date":"2020-01-22T10:45:38","date_gmt":"2020-01-22T10:45:38","guid":{"rendered":"https:\/\/blogsaverroes.juntadeandalucia.es\/cprlosrios\/?page_id=3473"},"modified":"2023-02-03T10:29:34","modified_gmt":"2023-02-03T10:29:34","slug":"plan-de-consumo-de-frutas","status":"publish","type":"page","link":"https:\/\/blogsaverroes.juntadeandalucia.es\/cprlosrios\/plan-de-consumo-de-frutas\/","title":{"rendered":"Plan de consumo de frutas"},"content":{"rendered":"<p>Durante el segundo y tercer trimestre, se llevar\u00e1 a cabo en el centro el Plan de consumo de frutas perteneciente al programa Creciendo en Salud.<\/p>\n<p>En el siguiente enlace os dejamos el programa: <a href=\"https:\/\/blogsaverroes.juntadeandalucia.es\/cprlosrios\/files\/2023\/02\/Calendario-fruta-2023.pdf\">Calendario fruta 2023<\/a><\/p>\n<p><a href=\"https:\/\/blogsaverroes.juntadeandalucia.es\/cprlosrios\/files\/2023\/02\/Calendario-fruta-2023_page-0001.jpg\"><img loading=\"lazy\" decoding=\"async\" class=\"aligncenter  wp-image-6183\" src=\"https:\/\/blogsaverroes.juntadeandalucia.es\/cprlosrios\/files\/2023\/02\/Calendario-fruta-2023_page-0001-232x300.jpg\" alt=\"\" width=\"356\" height=\"460\" srcset=\"https:\/\/blogsaverroes.juntadeandalucia.es\/cprlosrios\/files\/2023\/02\/Calendario-fruta-2023_page-0001-232x300.jpg 232w, https:\/\/blogsaverroes.juntadeandalucia.es\/cprlosrios\/files\/2023\/02\/Calendario-fruta-2023_page-0001-791x1024.jpg 791w, https:\/\/blogsaverroes.juntadeandalucia.es\/cprlosrios\/files\/2023\/02\/Calendario-fruta-2023_page-0001-768x994.jpg 768w, https:\/\/blogsaverroes.juntadeandalucia.es\/cprlosrios\/files\/2023\/02\/Calendario-fruta-2023_page-0001-1187x1536.jpg 1187w, https:\/\/blogsaverroes.juntadeandalucia.es\/cprlosrios\/files\/2023\/02\/Calendario-fruta-2023_page-0001.jpg 1236w\" sizes=\"(max-width: 356px) 100vw, 356px\" \/><\/a><\/p>\n<h3 style=\"text-align: justify\">Plan de Consumo de l\u00e1cteos<\/h3>\n<p style=\"text-align: justify\">Durante los meses de abril y mayo, el centro recibir\u00e1, adem\u00e1s de la fruta, leche para incentivar su consumo en el alumnado, como parte de una dieta saludable y equilibrada. Se pondr\u00e1 en conocimiento de las familias, a trav\u00e9s del tabl\u00f3n de anuncios de Pasen, la forma en la que se distribuir\u00e1 dicho alimento.<\/p>\n<p>Os dejamos algunas im\u00e1genes de su distribuci\u00f3n al alumnado en cursos anteriores:<\/p>\nngg_shortcode_0_placeholder\n<h3 style=\"text-align: justify\">&nbsp;<\/h3>\n<p>A continuaci\u00f3n, os adjuntamos algunos de los beneficios de las frutas que vamos a consumir con este programa y que se trabajar\u00e1n previamente a su consumo en clase:&nbsp;<\/p>\n<p><a href=\"https:\/\/blogsaverroes.juntadeandalucia.es\/cprlosrios\/files\/2020\/02\/IMG-20200212-WA0000.jpg\" target=\"_blank\" rel=\"noopener noreferrer\"><img loading=\"lazy\" decoding=\"async\" class=\"alignleft wp-image-3549\" src=\"https:\/\/blogsaverroes.juntadeandalucia.es\/cprlosrios\/files\/2020\/02\/IMG-20200212-WA0000-212x300.jpg\" alt=\"\" width=\"209\" height=\"295\" srcset=\"https:\/\/blogsaverroes.juntadeandalucia.es\/cprlosrios\/files\/2020\/02\/IMG-20200212-WA0000-212x300.jpg 212w, https:\/\/blogsaverroes.juntadeandalucia.es\/cprlosrios\/files\/2020\/02\/IMG-20200212-WA0000-17x24.jpg 17w, https:\/\/blogsaverroes.juntadeandalucia.es\/cprlosrios\/files\/2020\/02\/IMG-20200212-WA0000-25x36.jpg 25w, https:\/\/blogsaverroes.juntadeandalucia.es\/cprlosrios\/files\/2020\/02\/IMG-20200212-WA0000-34x48.jpg 34w, https:\/\/blogsaverroes.juntadeandalucia.es\/cprlosrios\/files\/2020\/02\/IMG-20200212-WA0000.jpg 677w\" sizes=\"(max-width: 209px) 100vw, 209px\" \/><\/a> <a href=\"https:\/\/blogsaverroes.juntadeandalucia.es\/cprlosrios\/files\/2020\/02\/IMG-20200212-WA0001-e1581500767617.jpg\" target=\"_blank\" rel=\"noopener noreferrer\"><img loading=\"lazy\" decoding=\"async\" class=\"wp-image-3550 alignleft\" src=\"https:\/\/blogsaverroes.juntadeandalucia.es\/cprlosrios\/files\/2020\/02\/IMG-20200212-WA0001-e1581500767617-300x267.jpg\" alt=\"\" width=\"268\" height=\"238\" srcset=\"https:\/\/blogsaverroes.juntadeandalucia.es\/cprlosrios\/files\/2020\/02\/IMG-20200212-WA0001-e1581500767617-300x267.jpg 300w, https:\/\/blogsaverroes.juntadeandalucia.es\/cprlosrios\/files\/2020\/02\/IMG-20200212-WA0001-e1581500767617-768x684.jpg 768w, https:\/\/blogsaverroes.juntadeandalucia.es\/cprlosrios\/files\/2020\/02\/IMG-20200212-WA0001-e1581500767617-1024x911.jpg 1024w, https:\/\/blogsaverroes.juntadeandalucia.es\/cprlosrios\/files\/2020\/02\/IMG-20200212-WA0001-e1581500767617-24x21.jpg 24w, https:\/\/blogsaverroes.juntadeandalucia.es\/cprlosrios\/files\/2020\/02\/IMG-20200212-WA0001-e1581500767617-36x32.jpg 36w, https:\/\/blogsaverroes.juntadeandalucia.es\/cprlosrios\/files\/2020\/02\/IMG-20200212-WA0001-e1581500767617-48x43.jpg 48w, https:\/\/blogsaverroes.juntadeandalucia.es\/cprlosrios\/files\/2020\/02\/IMG-20200212-WA0001-e1581500767617.jpg 1200w\" sizes=\"(max-width: 268px) 100vw, 268px\" \/><\/a> <a href=\"https:\/\/blogsaverroes.juntadeandalucia.es\/cprlosrios\/files\/2020\/02\/IMG-20200212-WA0002.jpg\" target=\"_blank\" rel=\"noopener noreferrer\"><img loading=\"lazy\" decoding=\"async\" class=\"wp-image-3551 alignleft\" src=\"https:\/\/blogsaverroes.juntadeandalucia.es\/cprlosrios\/files\/2020\/02\/IMG-20200212-WA0002-300x300.jpg\" alt=\"\" width=\"243\" height=\"243\" srcset=\"https:\/\/blogsaverroes.juntadeandalucia.es\/cprlosrios\/files\/2020\/02\/IMG-20200212-WA0002-300x300.jpg 300w, https:\/\/blogsaverroes.juntadeandalucia.es\/cprlosrios\/files\/2020\/02\/IMG-20200212-WA0002-150x150.jpg 150w, https:\/\/blogsaverroes.juntadeandalucia.es\/cprlosrios\/files\/2020\/02\/IMG-20200212-WA0002-100x100.jpg 100w, https:\/\/blogsaverroes.juntadeandalucia.es\/cprlosrios\/files\/2020\/02\/IMG-20200212-WA0002-160x160.jpg 160w, https:\/\/blogsaverroes.juntadeandalucia.es\/cprlosrios\/files\/2020\/02\/IMG-20200212-WA0002-320x320.jpg 320w, https:\/\/blogsaverroes.juntadeandalucia.es\/cprlosrios\/files\/2020\/02\/IMG-20200212-WA0002-24x24.jpg 24w, https:\/\/blogsaverroes.juntadeandalucia.es\/cprlosrios\/files\/2020\/02\/IMG-20200212-WA0002-36x36.jpg 36w, https:\/\/blogsaverroes.juntadeandalucia.es\/cprlosrios\/files\/2020\/02\/IMG-20200212-WA0002-48x48.jpg 48w, https:\/\/blogsaverroes.juntadeandalucia.es\/cprlosrios\/files\/2020\/02\/IMG-20200212-WA0002.jpg 474w\" sizes=\"(max-width: 243px) 100vw, 243px\" \/><\/a><\/p>\n<p>&nbsp;<\/p>\n<p>&nbsp;<\/p>\n<p>&nbsp;<\/p>\n<p>&nbsp;<\/p>\n<p>&nbsp;<\/p>\n<p>&nbsp;<\/p>\n<p>&nbsp;<\/p>\n<p>&nbsp;<\/p>\n<p><a href=\"https:\/\/blogsaverroes.juntadeandalucia.es\/cprlosrios\/files\/2020\/02\/IMG-20200222-WA0000.jpg\"><img loading=\"lazy\" decoding=\"async\" class=\" wp-image-3585 alignleft\" src=\"https:\/\/blogsaverroes.juntadeandalucia.es\/cprlosrios\/files\/2020\/02\/IMG-20200222-WA0000-300x276.jpg\" alt=\"\" width=\"287\" height=\"263\" srcset=\"https:\/\/blogsaverroes.juntadeandalucia.es\/cprlosrios\/files\/2020\/02\/IMG-20200222-WA0000-300x276.jpg 300w, https:\/\/blogsaverroes.juntadeandalucia.es\/cprlosrios\/files\/2020\/02\/IMG-20200222-WA0000-768x706.jpg 768w, https:\/\/blogsaverroes.juntadeandalucia.es\/cprlosrios\/files\/2020\/02\/IMG-20200222-WA0000-24x22.jpg 24w, https:\/\/blogsaverroes.juntadeandalucia.es\/cprlosrios\/files\/2020\/02\/IMG-20200222-WA0000-36x33.jpg 36w, https:\/\/blogsaverroes.juntadeandalucia.es\/cprlosrios\/files\/2020\/02\/IMG-20200222-WA0000-48x44.jpg 48w, https:\/\/blogsaverroes.juntadeandalucia.es\/cprlosrios\/files\/2020\/02\/IMG-20200222-WA0000.jpg 807w\" sizes=\"(max-width: 287px) 100vw, 287px\" \/><\/a><\/p>\n<p><a href=\"https:\/\/blogsaverroes.juntadeandalucia.es\/cprlosrios\/files\/2019\/11\/LOgos-pacto-miniatura.png\"><img loading=\"lazy\" decoding=\"async\" class=\"size-full wp-image-3235 alignleft\" src=\"https:\/\/blogsaverroes.juntadeandalucia.es\/cprlosrios\/files\/2019\/11\/LOgos-pacto-miniatura.png\" alt=\"\" width=\"309\" height=\"76\" srcset=\"https:\/\/blogsaverroes.juntadeandalucia.es\/cprlosrios\/files\/2019\/11\/LOgos-pacto-miniatura.png 309w, https:\/\/blogsaverroes.juntadeandalucia.es\/cprlosrios\/files\/2019\/11\/LOgos-pacto-miniatura-300x74.png 300w, https:\/\/blogsaverroes.juntadeandalucia.es\/cprlosrios\/files\/2019\/11\/LOgos-pacto-miniatura-24x6.png 24w, https:\/\/blogsaverroes.juntadeandalucia.es\/cprlosrios\/files\/2019\/11\/LOgos-pacto-miniatura-36x9.png 36w, https:\/\/blogsaverroes.juntadeandalucia.es\/cprlosrios\/files\/2019\/11\/LOgos-pacto-miniatura-48x12.png 48w\" sizes=\"(max-width: 309px) 100vw, 309px\" \/><\/a><\/p>\n","protected":false},"excerpt":{"rendered":"<p>Durante el segundo y tercer trimestre, se llevar\u00e1 a cabo en el centro el Plan de consumo de frutas perteneciente al programa Creciendo en Salud. En el siguiente enlace os dejamos el programa: Calendario&#46;&#46;&#46;<\/p>\n","protected":false},"author":5849,"featured_media":3475,"parent":0,"menu_order":0,"comment_status":"closed","ping_status":"closed","template":"","meta":{"ngg_post_thumbnail":0,"footnotes":"","_mc_calendar":[]},"aioseo_notices":[],"_links":{"self":[{"href":"https:\/\/blogsaverroes.juntadeandalucia.es\/cprlosrios\/wp-json\/wp\/v2\/pages\/3473"}],"collection":[{"href":"https:\/\/blogsaverroes.juntadeandalucia.es\/cprlosrios\/wp-json\/wp\/v2\/pages"}],"about":[{"href":"https:\/\/blogsaverroes.juntadeandalucia.es\/cprlosrios\/wp-json\/wp\/v2\/types\/page"}],"author":[{"embeddable":true,"href":"https:\/\/blogsaverroes.juntadeandalucia.es\/cprlosrios\/wp-json\/wp\/v2\/users\/5849"}],"replies":[{"embeddable":true,"href":"https:\/\/blogsaverroes.juntadeandalucia.es\/cprlosrios\/wp-json\/wp\/v2\/comments?post=3473"}],"version-history":[{"count":18,"href":"https:\/\/blogsaverroes.juntadeandalucia.es\/cprlosrios\/wp-json\/wp\/v2\/pages\/3473\/revisions"}],"predecessor-version":[{"id":6184,"href":"https:\/\/blogsaverroes.juntadeandalucia.es\/cprlosrios\/wp-json\/wp\/v2\/pages\/3473\/revisions\/6184"}],"wp:featuredmedia":[{"embeddable":true,"href":"https:\/\/blogsaverroes.juntadeandalucia.es\/cprlosrios\/wp-json\/wp\/v2\/media\/3475"}],"wp:attachment":[{"href":"https:\/\/blogsaverroes.juntadeandalucia.es\/cprlosrios\/wp-json\/wp\/v2\/media?parent=3473"}],"curies":[{"name":"wp","href":"https:\/\/api.w.org\/{rel}","templated":true}]}}