{"id":4191,"date":"2020-11-17T08:39:51","date_gmt":"2020-11-17T08:39:51","guid":{"rendered":"https:\/\/blogsaverroes.juntadeandalucia.es\/cprlosrios\/?page_id=4191"},"modified":"2025-09-22T09:12:24","modified_gmt":"2025-09-22T09:12:24","slug":"recursos-educativos","status":"publish","type":"page","link":"https:\/\/blogsaverroes.juntadeandalucia.es\/cprlosrios\/recursos-educativos\/","title":{"rendered":"Recursos Educativos"},"content":{"rendered":"<p>En esta p\u00e1gina dispondremos de un banco de recursos educativos, ordenados por tem\u00e1ticas, que se ir\u00e1 actualizando peri\u00f3dicamente, y que est\u00e1 dise\u00f1ado para docentes, alumnado y familias.<\/p>\n<table style=\"border-collapse: collapse;width: 100%;height: 547px\">\n<tbody>\n<tr style=\"height: 23px\">\n<td style=\"width: 33.3333%;text-align: center;height: 23px\"><strong>RECURSOS VARIADOS<\/strong><\/td>\n<td style=\"width: 33.3333%;text-align: center;height: 23px\"><strong>LECTURAS<\/strong><\/td>\n<td style=\"width: 33.3333%;text-align: center;height: 23px\"><strong>FLAMENCO<\/strong><\/td>\n<\/tr>\n<tr style=\"height: 95px\">\n<td style=\"width: 33.3333%;text-align: center;height: 95px\"><a href=\"https:\/\/view.genial.ly\/5e9aa4aab65e370dac6aa4e9\" target=\"_blank\" rel=\"noopener noreferrer\">Banco de recursos 2.0<\/a><\/p>\n<p><a href=\"https:\/\/view.genial.ly\/652d361e086b5900117b0458\/interactive-content-thanksgiving-resources\" target=\"_blank\" rel=\"noopener noreferrer\">Acci\u00f3n de Gracias<\/a><\/td>\n<td style=\"width: 33.3333%;text-align: center;height: 95px\"><a href=\"https:\/\/blogsaverroes.juntadeandalucia.es\/cprlosrios\/files\/2020\/11\/\u00a1VAMOS-A-LEER.pdf\" target=\"_blank\" rel=\"noopener noreferrer\">\u00a1VAMOS A LEER!<\/a><\/p>\n<p><a href=\"https:\/\/blogsaverroes.juntadeandalucia.es\/cprlosrios\/files\/2021\/01\/BIBLIOTECA-DE-CUENTOS1.pdf\" target=\"_blank\" rel=\"noopener noreferrer\">BIBLIOTECA DE CUENTOS<\/a><\/td>\n<td style=\"width: 33.3333%;text-align: center;height: 95px\"><a href=\"https:\/\/blogsaverroes.juntadeandalucia.es\/cprlosrios\/files\/2020\/11\/Cuaderno-Foforito_CL.pdf\" target=\"_blank\" rel=\"noopener noreferrer\">Cuaderno Foforito<\/a><\/p>\n<p><a href=\"https:\/\/blogsaverroes.juntadeandalucia.es\/cprlosrios\/files\/2020\/11\/Cuadernillo-flamenco-1\u00ba.pdf\" target=\"_blank\" rel=\"noopener noreferrer\">Cuadernillo flamenco<\/a>&nbsp;<\/p>\n<p><a href=\"https:\/\/view.genial.ly\/6189620eb7faad0d6bd9082f\/interactive-content-test-flamenco\" target=\"_blank\" rel=\"noopener noreferrer\">Quiz flamenco<\/a><\/p>\n<p><a href=\"https:\/\/blogsaverroes.juntadeandalucia.es\/cprlosrios\/files\/2023\/11\/FLAMENCO2023.pdf\">FLAMENCO2023<\/a><\/p>\n<p><a href=\"https:\/\/view.genial.ly\/6184460856d3bc0da8145190\" target=\"_blank\" rel=\"noopener noreferrer\">Flamenco by Jos\u00e9 Manuel<\/a><\/td>\n<\/tr>\n<tr style=\"height: 23px\">\n<td style=\"width: 33.3333%;text-align: center;height: 23px\" colspan=\"2\"><strong>NAVIDAD<\/strong><\/td>\n<td style=\"width: 33.3333%;text-align: center;height: 23px\"><strong>HALLOWEEN<\/strong><\/td>\n<\/tr>\n<tr style=\"height: 215px\">\n<td style=\"width: 33.3333%;text-align: center;height: 215px\"><a href=\"https:\/\/blogsaverroes.juntadeandalucia.es\/cprlosrios\/files\/2020\/11\/DOSSIER-NAVIDEN\u0303O-\ud83c\udf81\ud83c\udf84\ud83c\udf89.pdf\" target=\"_blank\" rel=\"noopener noreferrer\">DOSSIER NAVIDEN\u0303O \ud83c\udf81\ud83c\udf84\ud83c\udf89<\/a><\/p>\n<p><a href=\"https:\/\/blogsaverroes.juntadeandalucia.es\/cprlosrios\/files\/2020\/11\/DOSSIER-RECURSOS-NAVIDAD-INFANTIL-CRISTINA-MPP.pdf\" target=\"_blank\" rel=\"noopener noreferrer\">DOSSIER NAVIDAD<\/a><\/p>\n<p><a href=\"https:\/\/blogsaverroes.juntadeandalucia.es\/cprlosrios\/files\/2020\/11\/Dibujos-Navide\u00f1os-para-pintar.pdf\" target=\"_blank\" rel=\"noopener noreferrer\">Dibujos Navide\u00f1os<\/a><\/p>\n<p><a href=\"https:\/\/blogsaverroes.juntadeandalucia.es\/cprlosrios\/files\/2020\/11\/CARTAS-PARA-REYES-MAGOS_MAESTROS-EN-ACCI\u00d3N.pdf\" target=\"_blank\" rel=\"noopener noreferrer\">CARTAS REYES MAGOS<\/a><\/p>\n<p><a href=\"https:\/\/blogsaverroes.juntadeandalucia.es\/cprlosrios\/files\/2020\/12\/Carta-Arbol.pdf\" target=\"_blank\" rel=\"noopener noreferrer\">Carta \u00e1rbol<\/a>&nbsp;<\/td>\n<td style=\"width: 33.3333%;text-align: center;height: 215px\"><a href=\"https:\/\/blogsaverroes.juntadeandalucia.es\/cprlosrios\/files\/2020\/12\/COMPRENSION-LECTORA-NAVIDAD.pdf\" target=\"_blank\" rel=\"noopener noreferrer\">COMPRENSI\u00f3N LECTORA NAVIDAD<\/a><\/p>\n<p><a href=\"https:\/\/blogsaverroes.juntadeandalucia.es\/cprlosrios\/files\/2020\/12\/CUADERNO-LENGUATE-PDF_compressed.pdf\" target=\"_blank\" rel=\"noopener noreferrer\">CUADERNO INF<\/a><\/p>\n<p><a href=\"https:\/\/blogsaverroes.juntadeandalucia.es\/cprlosrios\/files\/2020\/12\/Cuadernillo-naviden_o-de-actividades.pdf\" target=\"_blank\" rel=\"noopener noreferrer\">Cuadernillo navide\u00f1o<\/a><\/p>\n<p><a href=\"https:\/\/calendar.myadvent.net\/?id=16016039f896560ab342dfbb2dcb8c9a\" target=\"_blank\" rel=\"noopener noreferrer\">Adviento musical<\/a><\/td>\n<td style=\"width: 33.3333%;text-align: center;height: 215px\"><a href=\"https:\/\/blogsaverroes.juntadeandalucia.es\/cprlosrios\/files\/2020\/11\/BIBLIOTECA-HALLOWEEN.pdf\" target=\"_blank\" rel=\"noopener noreferrer\">BIBLIOTECA HALLOWEEN<\/a><\/p>\n<p><a href=\"https:\/\/view.genial.ly\/5c3f36f6287c0f7c50ade7c0\" target=\"_blank\" rel=\"noopener noreferrer\"><strong>SCAPE ROOMS<\/strong><\/a><\/p>\n<p><a href=\"https:\/\/view.genial.ly\/616edbf91062ce0e04232602\/game-breakout-english-escape-room-halloween\" target=\"_blank\" rel=\"noopener noreferrer\">En Ingl\u00e9s:<\/a> <a href=\"https:\/\/view.genial.ly\/616edbf91062ce0e04232602\/game-breakout-english-escape-room-halloween\" target=\"_blank\" rel=\"noopener noreferrer\">1<\/a> y <a href=\"https:\/\/view.genial.ly\/5f945a6d504a270d58dffa6f\/game-breakout-halloween-el-maestronacho\" target=\"_blank\" rel=\"noopener noreferrer\">2<\/a><\/p>\n<p><a href=\"https:\/\/view.genial.ly\/5f99caaea0b9700d6f2c9787\/interactive-content-escape-game-halloween-santa-ana-3oep\" target=\"_blank\" rel=\"noopener noreferrer\">2\u00ba y 3<sup>er<\/sup> ciclo: 1<\/a>, <a href=\"https:\/\/view.genial.ly\/5edf866466ec3e0d89f61c82\/interactive-content-el-cofre-del-tesoro-escape-4o-primaria\" target=\"_blank\" rel=\"noopener noreferrer\">2<\/a> y <a href=\"https:\/\/view.genial.ly\/5edcedfe9543960d59dbf8af\/game-breakout-scape-room-5o-y-6o-de-primaria\" target=\"_blank\" rel=\"noopener noreferrer\">3<\/a><\/p>\n<p><a href=\"https:\/\/view.genial.ly\/5eb036876f16bf0d194d49fb\/game-breakout-escape-room-infantil\" target=\"_blank\" rel=\"noopener noreferrer\">Infantil y 1er ciclo: 1<\/a> <a href=\"https:\/\/view.genial.ly\/5ecbe745b84c0e0cfbcd6f91\/game-breakout-escape-room-1o-primaria-fernando-baixauli\" target=\"_blank\" rel=\"noopener noreferrer\">y 2<\/a><\/td>\n<\/tr>\n<tr style=\"height: 23px\">\n<td style=\"width: 33.3333%;text-align: center;height: 23px\"><strong>IGUALDAD<\/strong><\/td>\n<td style=\"width: 33.3333%;text-align: center;height: 23px\"><strong>CONSTITUCI\u00d3N<\/strong><\/td>\n<td style=\"width: 33.3333%;text-align: center;height: 23px\"><strong>EMOCIONES<\/strong><\/td>\n<\/tr>\n<tr style=\"height: 135px\">\n<td style=\"width: 33.3333%;text-align: center;height: 135px\"><a href=\"https:\/\/blogsaverroes.juntadeandalucia.es\/cprlosrios\/files\/2020\/11\/horario-cuentos-igualdad.pdf\" target=\"_blank\" rel=\"noopener noreferrer\">Cuentos igualdad<\/a><\/p>\n<p><a href=\"https:\/\/blogsaverroes.juntadeandalucia.es\/cprlosrios\/files\/2020\/11\/Cartelera-inclusiva.pdf\" target=\"_blank\" rel=\"noopener noreferrer\">Cartelera inclusiva<\/a><\/p>\n<p><a href=\"https:\/\/blogsaverroes.juntadeandalucia.es\/cprlosrios\/files\/2020\/12\/CARTELERA-INCLUSIVA-2020.pdf\" target=\"_blank\" rel=\"noopener noreferrer\">CARTELERA INCLUSIVA 2020<\/a><\/p>\n<p><a href=\"https:\/\/view.genial.ly\/617bd728a692a00ddbd07303\/presentation-presentacion-mujeres\" target=\"_blank\" rel=\"noopener noreferrer\">Las mujeres en el arte<\/a><\/td>\n<td style=\"width: 33.3333%;text-align: center;height: 135px\"><a href=\"https:\/\/blogsaverroes.juntadeandalucia.es\/cprlosrios\/files\/2020\/11\/Fichas_Lectoras_LA_CONSTITUCION.pdf\" target=\"_blank\" rel=\"noopener noreferrer\">Fichas_Lectoras<\/a><\/p>\n<p><a href=\"https:\/\/laluzdemiclase.wordpress.com\/2015\/12\/05\/la-constitucion-espanola-segun-los-cuentos-clasicos\/\" target=\"_blank\" rel=\"noopener noreferrer\">Cuentos Constituci\u00f3n<\/a><\/p>\n<p><a href=\"https:\/\/www.orientacionandujar.es\/2014\/12\/01\/la-constitucion-para-ninos-de-infantil-y-primer-ciclo-primaria-presentacion-y-actividades-2014\/\" target=\"_blank\" rel=\"noopener noreferrer\">Constituci\u00f3n INF y 1\u00ba ciclo<\/a><\/p>\n<p><a href=\"https:\/\/youtu.be\/J1T0NLXcDyM\" target=\"_blank\" rel=\"noopener noreferrer\">La Constituci\u00f3n explicada para ni\u00f1os\/as<\/a><\/p>\n<p><a href=\"https:\/\/blogsaverroes.juntadeandalucia.es\/cprlosrios\/files\/2021\/12\/DOSSIER-Constituci\u00f3n-Espa\u00f1ola.pdf\">DOSSIER Constituci\u00f3n Espa\u00f1ola<\/a><\/td>\n<td style=\"width: 33.3333%;text-align: center;height: 135px\"><a href=\"https:\/\/blogsaverroes.juntadeandalucia.es\/cprlosrios\/files\/2020\/12\/emocionario_42_fichas.pdf\" target=\"_blank\" rel=\"noopener noreferrer\">Emocionario<\/a><\/p>\n<p>&nbsp;<a href=\"https:\/\/blogsaverroes.juntadeandalucia.es\/cprlosrios\/files\/2020\/12\/emotionary_42_fichas-ENGLISH.pdf\" target=\"_blank\" rel=\"noopener noreferrer\">Emotionary<\/a><\/p>\n<p><a href=\"https:\/\/blogsaverroes.juntadeandalucia.es\/cprlosrios\/files\/2020\/12\/emocionario_42_fichas_solucionadas.pdf\" target=\"_blank\" rel=\"noopener noreferrer\">Emocionario Solucionari<\/a><a style=\"font-family: inherit;font-size: inherit\" href=\"https:\/\/blogsaverroes.juntadeandalucia.es\/cprlosrios\/files\/2020\/12\/emocionario_42_fichas_solucionadas.pdf\" target=\"_blank\" rel=\"noopener noreferrer\">o<\/a><\/p>\n<p><a href=\"https:\/\/blogsaverroes.juntadeandalucia.es\/cprlosrios\/files\/2020\/12\/emotionary_42_fichas_answers-ENGLISH.pdf\" target=\"_blank\" rel=\"noopener noreferrer\">Emotionary_answers<\/a><a style=\"font-family: inherit;font-size: inherit\" href=\"https:\/\/blogsaverroes.juntadeandalucia.es\/cprlosrios\/files\/2020\/12\/emocionario_42_fichas_solucionadas.pdf\" target=\"_blank\" rel=\"noopener noreferrer\"><span style=\"font-family: inherit;font-size: inherit;color: #333333\">&nbsp;<\/span><\/a><\/td>\n<\/tr>\n<tr style=\"height: 23px\">\n<td style=\"width: 33.3333%;text-align: center;height: 23px\"><strong>CANCIONES<\/strong><\/td>\n<td style=\"width: 33.3333%;text-align: center;height: 23px\"><strong>COVID<\/strong><\/td>\n<td style=\"width: 33.3333%;text-align: center;height: 23px\"><strong>CARNAVAL<\/strong><\/td>\n<\/tr>\n<tr style=\"height: 10px\">\n<td style=\"width: 33.3333%;text-align: center;height: 10px\"><a href=\"https:\/\/blogsaverroes.juntadeandalucia.es\/cprlosrios\/files\/2020\/11\/CANCIONERO-1.pdf\" target=\"_blank\" rel=\"noopener noreferrer\">CANCIONERO<\/a><\/p>\n<p><a href=\"https:\/\/calendar.myadvent.net\/?id=16016039f896560ab342dfbb2dcb8c9a\" target=\"_blank\" rel=\"noopener noreferrer\">Adviento musical<\/a><\/td>\n<td style=\"width: 33.3333%;text-align: center;height: 10px\"><a href=\"https:\/\/blogsaverroes.juntadeandalucia.es\/cprlosrios\/files\/2020\/11\/COVID19_Libro_actividades.pdf\" target=\"_blank\" rel=\"noopener noreferrer\">Libro actividades<\/a><\/td>\n<td style=\"width: 33.3333%;text-align: center;height: 10px\"><a href=\"https:\/\/blogsaverroes.juntadeandalucia.es\/cprlosrios\/files\/2021\/11\/Cuaderno-primaria-carnaval.pdf\" target=\"_blank\" rel=\"noopener noreferrer\">Cuaderno 1<sup>er<\/sup> ciclo carnaval<\/a><\/td>\n<\/tr>\n<\/tbody>\n<\/table>\n<table style=\"border-collapse: collapse;width: 100%\">\n<tbody>\n<tr>\n<td style=\"width: 99.9999%;text-align: center\" colspan=\"3\"><strong>PAZ<\/strong><\/td>\n<\/tr>\n<tr>\n<td style=\"width: 42.443%;text-align: center\"><a href=\"https:\/\/blogsaverroes.juntadeandalucia.es\/cprlosrios\/files\/2021\/01\/DIA-DE-LA-PAZ.mensaje-secreto.pdf\" target=\"_blank\" rel=\"noopener noreferrer\">Mensaje secreto<\/a><\/td>\n<td style=\"width: 24.2236%;text-align: center\"><a href=\"https:\/\/blogsaverroes.juntadeandalucia.es\/cprlosrios\/files\/2021\/01\/paz_poema_gloria-fuertes_ilustrado.pdf\" target=\"_blank\" rel=\"noopener noreferrer\">Poema<\/a><\/td>\n<td style=\"width: 33.3333%;text-align: center\"><a href=\"https:\/\/blogsaverroes.juntadeandalucia.es\/cprlosrios\/files\/2021\/01\/cuaderno-de-la-paz.pdf\" target=\"_blank\" rel=\"noopener noreferrer\">cuaderno de la paz<\/a><\/td>\n<\/tr>\n<tr>\n<td style=\"width: 42.443%;text-align: center\"><a href=\"https:\/\/blogsaverroes.juntadeandalucia.es\/cprlosrios\/files\/2021\/01\/FORJADORES-DE-LA-PAZ-1.pdf\" target=\"_blank\" rel=\"noopener noreferrer\">FORJADORES-DE-LA-PAZ<\/a><\/td>\n<td style=\"width: 24.2236%;text-align: center\"><a href=\"https:\/\/blogsaverroes.juntadeandalucia.es\/cprlosrios\/files\/2021\/01\/Paloma-M\u00f3vil.pdf\" target=\"_blank\" rel=\"noopener noreferrer\">Paloma-M\u00f3vil<\/a><\/td>\n<td style=\"width: 33.3333%;text-align: center\"><a href=\"https:\/\/blogsaverroes.juntadeandalucia.es\/cprlosrios\/files\/2021\/01\/frasesecretagandhi-SUMA-RETA-ABN.pdf\" target=\"_blank\" rel=\"noopener noreferrer\">Frase secreta<\/a><\/td>\n<\/tr>\n<\/tbody>\n<\/table>\n<table style=\"border-collapse: collapse;width: 100%;height: 140px\">\n<tbody>\n<tr style=\"height: 40px\">\n<td style=\"width: 42.5864%;text-align: center;height: 40px\"><a href=\"https:\/\/view.genial.ly\/5eabd07a5dc2750e1986b84e\/game-juego-sobre-la-paz\" target=\"_blank\" rel=\"noopener noreferrer\">Juego de Paz<\/a><\/td>\n<td style=\"width: 24.3616%;text-align: center;height: 40px\"><a href=\"https:\/\/view.genial.ly\/60084d0e308af00d80bac4a2\" target=\"_blank\" rel=\"noopener noreferrer\">Pasapalabra<\/a><\/td>\n<td style=\"width: 33.0519%;text-align: center;height: 40px\"><a href=\"https:\/\/view.genial.ly\/5fe663764a35bd0d034e711e\/interactive-content-juego-del-ahorcado-dia-de-la-paz- nsuamar\" target=\"_blank\" rel=\"noopener noreferrer\">Juego ahorcado<\/a><\/td>\n<\/tr>\n<tr style=\"height: 22px\">\n<td style=\"width: 42.5864%;text-align: center;height: 22px\"><a href=\"https:\/\/view.genial.ly\/5f544c99d8670f0d82cb06d7\/game-paz-austral-juego-de-preguntas-10-dardos-por- la-paz\" target=\"_blank\" rel=\"noopener noreferrer\">Dardos por la Paz<\/a><\/td>\n<td style=\"width: 24.3616%;text-align: center;height: 22px\"><a href=\"https:\/\/view.genial.ly\/5ffd61eee5647b0d4048c056\/interactive-content-escape-room-dia-de-la-paz\" target=\"_blank\" rel=\"noopener noreferrer\">Scape room 1<\/a><\/td>\n<td style=\"width: 33.0519%;text-align: center;height: 22px\"><a href=\"https:\/\/view.genial.ly\/5ec4ee7c44a3220d9705ed1a\/game-breakout-escape-room-la-paz-i\" target=\"_blank\" rel=\"noopener noreferrer\">Scape room 2<\/a><\/td>\n<\/tr>\n<tr style=\"height: 24px\">\n<td style=\"width: 42.5864%;text-align: center;height: 24px\"><a href=\"https:\/\/view.genial.ly\/600462b332457a0d0e7d4b31\/interactive-content-escape-room-dia-de-la-paz- infantil\" target=\"_blank\" rel=\"noopener noreferrer\">Scape room INFANTIL<\/a><\/td>\n<td style=\"width: 24.3616%;height: 24px\">&nbsp;<\/td>\n<td style=\"width: 33.0519%;text-align: center;height: 24px\">&nbsp;<\/td>\n<\/tr>\n<tr style=\"height: 30px\">\n<td style=\"width: 42.5864%;text-align: center;height: 30px\"><strong>NUEVAS TECNOLOG\u00cdAS<\/strong><\/td>\n<td style=\"width: 24.3616%;height: 30px;text-align: center\"><strong>INCLUSI\u00d3N<\/strong><\/td>\n<td style=\"width: 33.0519%;text-align: center;height: 30px\"><strong>EXPRESI\u00d3N ESCRITA<\/strong><\/td>\n<\/tr>\n<tr style=\"height: 24px\">\n<td style=\"width: 42.5864%;text-align: center;height: 24px\"><a href=\"https:\/\/view.genial.ly\/618e3b71912d480d7e9119d6\" target=\"_blank\" rel=\"noopener noreferrer\">Herramientas digitales<\/a><\/td>\n<td style=\"width: 24.3616%;height: 24px;text-align: center\"><a href=\"https:\/\/blogsaverroes.juntadeandalucia.es\/cprlosrios\/files\/2021\/12\/Actividades-del-Di\u0301a-de-la-discapacidad.pdf\" target=\"_blank\" rel=\"noopener noreferrer\">Dosier D.I.P.DIS.<\/a><\/td>\n<td style=\"width: 33.0519%;text-align: center;height: 24px\"><a href=\"https:\/\/www.aulapt.org\/tag\/expresion-escrita\/\" target=\"_blank\" rel=\"noopener\">Recursos expresi\u00f3n escrita<\/a><\/td>\n<\/tr>\n<tr>\n<td style=\"width: 99.9999%;text-align: center\" colspan=\"3\"><strong>RECURSOS DE ELABORACI\u00d3N PROPIA<\/strong><\/td>\n<\/tr>\n<tr>\n<td style=\"text-align: center;width: 42.5864%\"><a href=\"https:\/\/view.genial.ly\/61824962760a430e1cddc5aa\/interactive-content-quiz-halloween\" target=\"_blank\" rel=\"noopener noreferrer\">Quiz Halloween<\/a><\/td>\n<td style=\"text-align: center;width: 24.3616%\"><a href=\"https:\/\/view.genial.ly\/6161cae4e934470dca79fcd0\/presentation-presentacion-balonmano\" target=\"_blank\" rel=\"noopener noreferrer\">Balonmano<\/a><\/td>\n<td style=\"text-align: center;width: 33.0519%\"><a href=\"https:\/\/view.genial.ly\/605da263dc6c610d1d46ca72\/interactive-image-orientacion\" target=\"_blank\" rel=\"noopener noreferrer\">Orientaci\u00f3n<\/a><\/td>\n<\/tr>\n<tr>\n<td style=\"text-align: center;width: 42.5864%\"><a href=\"https:\/\/view.genial.ly\/604895879f2b240d69d3ab6a\/presentation-presentacion-dia-de-la-mujer\" target=\"_blank\" rel=\"noopener noreferrer\">D\u00eda de la mujer<\/a><\/td>\n<td style=\"text-align: center;width: 24.3616%\"><a href=\"https:\/\/view.genial.ly\/61a5e5e7789be10dd22bc768\/interactive-content-juego-navidad\" target=\"_blank\" rel=\"noopener noreferrer\">Juego Navidad<\/a><\/td>\n<td style=\"text-align: center;width: 33.0519%\"><a href=\"https:\/\/view.genial.ly\/619cc2e330ee540e0456e928\/interactive-image-20-de-noviembre-dia-de-los-derechos-del-nino\" target=\"_blank\" rel=\"noopener noreferrer\">D\u00eda de los derechos del ni\u00f1o<\/a><\/td>\n<\/tr>\n<tr>\n<td style=\"text-align: center;width: 42.5864%\"><a href=\"https:\/\/www.canva.com\/design\/DAE70vQeEmQ\/view?utm_content=DAE70vQeEmQ&amp;utm_campaign=designshare&amp;utm_medium=link&amp;utm_source=publishsharelink\" target=\"_blank\" rel=\"noopener noreferrer\">Las constelaciones<\/a><\/td>\n<td style=\"text-align: center;width: 24.3616%\"><a href=\"https:\/\/view.genial.ly\/62a71eec2efcfe00175065b7\/presentation-productos-finales\" target=\"_blank\" rel=\"noopener noreferrer\">Producto final<\/a><\/td>\n<td style=\"text-align: center;width: 33.0519%\"><a href=\"https:\/\/view.genial.ly\/61801cf7a692a00ddbd0b3af\/presentation-habilidades-sociales-para-ninos\" target=\"_blank\" rel=\"noopener noreferrer\">Habilidades sociales<\/a><\/td>\n<\/tr>\n<tr>\n<td style=\"text-align: center;width: 42.5864%\"><a href=\"https:\/\/view.genial.ly\/617bd728a692a00ddbd07303\/presentation-presentacion-mujeres\" target=\"_blank\" rel=\"noopener noreferrer\">Mujeres en el arte<\/a><\/td>\n<td style=\"text-align: center;width: 24.3616%\"><a href=\"https:\/\/view.genial.ly\/62849fb5a5c8900012e25520\/presentation-presentacion-escuela-paz\" target=\"_blank\" rel=\"noopener noreferrer\">Taller de la artista<\/a><\/td>\n<td style=\"text-align: center;width: 33.0519%\"><a href=\"https:\/\/view.genial.ly\/6228a0b149ad2400191ba86f\/presentation-presentacion-sistema-solar\" target=\"_blank\" rel=\"noopener noreferrer\">Sistema Solar<\/a><\/td>\n<\/tr>\n<tr>\n<td style=\"text-align: center;width: 42.5864%\"><a href=\"https:\/\/docs.google.com\/presentation\/d\/1Fm9zcLtnG0UNQlRXtr_sYgERlBWocu7Ta2JMqFdHerU\/edit#slide=id.gdf203c47cd_0_185\" target=\"_blank\" rel=\"noopener noreferrer\">Academia de baile<\/a><\/td>\n<td style=\"text-align: center;width: 24.3616%\">&nbsp;<\/td>\n<td style=\"text-align: center;width: 33.0519%\"><a href=\"https:\/\/view.genially.com\/63d8ffdf8c98ec001c5f8b80\" target=\"_blank\" rel=\"noopener\">Aprendizaje cooperativo<\/a><\/td>\n<\/tr>\n<\/tbody>\n<\/table>\n<div>&nbsp;<\/div>\n<div style=\"width: 100%\">\n<div style=\"position: relative;padding-bottom: 56.25%;padding-top: 0;height: 0\">&nbsp;<\/div>\n<\/div>\n<p>&nbsp;<\/p>\n","protected":false},"excerpt":{"rendered":"<p>En esta p\u00e1gina dispondremos de un banco de recursos educativos, ordenados por tem\u00e1ticas, que se ir\u00e1 actualizando peri\u00f3dicamente, y que est\u00e1 dise\u00f1ado para docentes, alumnado y familias. RECURSOS VARIADOS LECTURAS FLAMENCO Banco de recursos&#46;&#46;&#46;<\/p>\n","protected":false},"author":5849,"featured_media":0,"parent":0,"menu_order":0,"comment_status":"closed","ping_status":"closed","template":"","meta":{"ngg_post_thumbnail":0,"footnotes":"","_mc_calendar":[]},"aioseo_notices":[],"_links":{"self":[{"href":"https:\/\/blogsaverroes.juntadeandalucia.es\/cprlosrios\/wp-json\/wp\/v2\/pages\/4191"}],"collection":[{"href":"https:\/\/blogsaverroes.juntadeandalucia.es\/cprlosrios\/wp-json\/wp\/v2\/pages"}],"about":[{"href":"https:\/\/blogsaverroes.juntadeandalucia.es\/cprlosrios\/wp-json\/wp\/v2\/types\/page"}],"author":[{"embeddable":true,"href":"https:\/\/blogsaverroes.juntadeandalucia.es\/cprlosrios\/wp-json\/wp\/v2\/users\/5849"}],"replies":[{"embeddable":true,"href":"https:\/\/blogsaverroes.juntadeandalucia.es\/cprlosrios\/wp-json\/wp\/v2\/comments?post=4191"}],"version-history":[{"count":35,"href":"https:\/\/blogsaverroes.juntadeandalucia.es\/cprlosrios\/wp-json\/wp\/v2\/pages\/4191\/revisions"}],"predecessor-version":[{"id":8933,"href":"https:\/\/blogsaverroes.juntadeandalucia.es\/cprlosrios\/wp-json\/wp\/v2\/pages\/4191\/revisions\/8933"}],"wp:attachment":[{"href":"https:\/\/blogsaverroes.juntadeandalucia.es\/cprlosrios\/wp-json\/wp\/v2\/media?parent=4191"}],"curies":[{"name":"wp","href":"https:\/\/api.w.org\/{rel}","templated":true}]}}