{"id":4347,"date":"2020-12-15T08:33:57","date_gmt":"2020-12-15T08:33:57","guid":{"rendered":"https:\/\/blogsaverroes.juntadeandalucia.es\/cprlosrios\/?page_id=4347"},"modified":"2025-06-03T11:43:17","modified_gmt":"2025-06-03T11:43:17","slug":"especialidades","status":"publish","type":"page","link":"https:\/\/blogsaverroes.juntadeandalucia.es\/cprlosrios\/especialidades\/","title":{"rendered":"Especialidades"},"content":{"rendered":"<h2>Los esp\u00edas de ATAL \u00abLos R\u00edos\u00bb<\/h2>\n<p>En lucha contra el desconocimiento de espa\u00f1ol y el uso inadecuado de los tiempos verbales.<\/p>\n<div style=\"width: 848px;\" class=\"wp-video\"><!--[if lt IE 9]><script>document.createElement('video');<\/script><![endif]-->\n<video class=\"wp-video-shortcode\" id=\"video-4347-1\" width=\"848\" height=\"480\" preload=\"metadata\" controls=\"controls\"><source type=\"video\/mp4\" src=\"https:\/\/blogsaverroes.juntadeandalucia.es\/cprlosrios\/files\/2025\/06\/WhatsApp-Video-2025-06-03-at-13.17.47.mp4?_=1\" \/><a href=\"https:\/\/blogsaverroes.juntadeandalucia.es\/cprlosrios\/files\/2025\/06\/WhatsApp-Video-2025-06-03-at-13.17.47.mp4\">https:\/\/blogsaverroes.juntadeandalucia.es\/cprlosrios\/files\/2025\/06\/WhatsApp-Video-2025-06-03-at-13.17.47.mp4<\/a><\/video><\/div>\n<p>&nbsp;<\/p>\n<h2>V\u00eddeo Zombie<\/h2>\n<p>Bonjour \u00e0 tous!<br \/>\nHa llegado un nuevo compa\u00f1ero a clase de franc\u00e9s. Es algo raro, pero nos cae bien.<br \/>\n\u00a1Esperamos que disfrut\u00e9is de nuestro v\u00eddeo!<\/p>\n<p><iframe loading=\"lazy\" title=\"ZOMBIE\" width=\"500\" height=\"281\" src=\"https:\/\/www.youtube.com\/embed\/Dr2SJWVYGeo?feature=oembed&#038;wmode=opaque\" frameborder=\"0\" allow=\"accelerometer; autoplay; clipboard-write; encrypted-media; gyroscope; picture-in-picture; web-share\" referrerpolicy=\"strict-origin-when-cross-origin\" allowfullscreen><\/iframe><\/p>\n<h2>&nbsp;<\/h2>\n<h2>Comecocos de la Paz<\/h2>\n<p style=\"text-align: justify\">Desde el \u00c1rea de Religi\u00f3n Cat\u00f3lica hemos realizado este taller de manualidad en el que el alumnado de tercer ciclo de Arenas y J\u00e1tar han confeccionado un comecocos de la Paz.\ud83d\udc4f\ud83d\udc4f<\/p>\n<p><a href=\"https:\/\/blogsaverroes.juntadeandalucia.es\/cprlosrios\/files\/2023\/02\/WhatsApp-Image-2023-02-07-at-20.08.15.jpeg\"><img loading=\"lazy\" decoding=\"async\" class=\"size-medium wp-image-6200 alignleft\" src=\"https:\/\/blogsaverroes.juntadeandalucia.es\/cprlosrios\/files\/2023\/02\/WhatsApp-Image-2023-02-07-at-20.08.15-300x225.jpeg\" alt=\"\" width=\"300\" height=\"225\" srcset=\"https:\/\/blogsaverroes.juntadeandalucia.es\/cprlosrios\/files\/2023\/02\/WhatsApp-Image-2023-02-07-at-20.08.15-300x225.jpeg 300w, https:\/\/blogsaverroes.juntadeandalucia.es\/cprlosrios\/files\/2023\/02\/WhatsApp-Image-2023-02-07-at-20.08.15-1024x768.jpeg 1024w, https:\/\/blogsaverroes.juntadeandalucia.es\/cprlosrios\/files\/2023\/02\/WhatsApp-Image-2023-02-07-at-20.08.15-768x576.jpeg 768w, https:\/\/blogsaverroes.juntadeandalucia.es\/cprlosrios\/files\/2023\/02\/WhatsApp-Image-2023-02-07-at-20.08.15-1536x1152.jpeg 1536w, https:\/\/blogsaverroes.juntadeandalucia.es\/cprlosrios\/files\/2023\/02\/WhatsApp-Image-2023-02-07-at-20.08.15.jpeg 1600w\" sizes=\"(max-width: 300px) 100vw, 300px\" \/><\/a><\/p>\n<p><a href=\"https:\/\/blogsaverroes.juntadeandalucia.es\/cprlosrios\/files\/2023\/02\/WhatsApp-Image-2023-02-07-at-20.07.56.jpeg\"><img loading=\"lazy\" decoding=\"async\" class=\"size-medium wp-image-6201 alignright\" src=\"https:\/\/blogsaverroes.juntadeandalucia.es\/cprlosrios\/files\/2023\/02\/WhatsApp-Image-2023-02-07-at-20.07.56-300x225.jpeg\" alt=\"\" width=\"300\" height=\"225\" srcset=\"https:\/\/blogsaverroes.juntadeandalucia.es\/cprlosrios\/files\/2023\/02\/WhatsApp-Image-2023-02-07-at-20.07.56-300x225.jpeg 300w, https:\/\/blogsaverroes.juntadeandalucia.es\/cprlosrios\/files\/2023\/02\/WhatsApp-Image-2023-02-07-at-20.07.56-1024x768.jpeg 1024w, https:\/\/blogsaverroes.juntadeandalucia.es\/cprlosrios\/files\/2023\/02\/WhatsApp-Image-2023-02-07-at-20.07.56-768x576.jpeg 768w, https:\/\/blogsaverroes.juntadeandalucia.es\/cprlosrios\/files\/2023\/02\/WhatsApp-Image-2023-02-07-at-20.07.56-1536x1152.jpeg 1536w, https:\/\/blogsaverroes.juntadeandalucia.es\/cprlosrios\/files\/2023\/02\/WhatsApp-Image-2023-02-07-at-20.07.56.jpeg 1600w\" sizes=\"(max-width: 300px) 100vw, 300px\" \/><\/a><\/p>\n<h2>&nbsp;<\/h2>\n<h2>&nbsp;<\/h2>\n<h2>&nbsp;<\/h2>\n<h2>&nbsp;<\/h2>\n<h2>&nbsp;<\/h2>\n<h2>Viaje a Paris<\/h2>\n<p>Nuestros alumnos de tercer ciclo de J\u00e1tar y Arenas del Rey tienen todo previsto para su viaje imaginario a Par\u00eds. \u00a1Hasta han hecho la maleta!<br \/>\n\u00a1Felices vacaciones a todos!<\/p>\n<p><iframe loading=\"lazy\" src=\"https:\/\/www.youtube.com\/embed\/pqkOU46gupw\" width=\"700\" height=\"394\" frameborder=\"0\"><\/iframe><\/p>\n<p>&nbsp;<\/p>\n<h2>La clase va SOBRE RUEDAS<\/h2>\n<p>En E.F. hemos realizado una peque\u00f1a unidad relativa a los desplazamientos \u00absobre ruedas\u00bb en el cole. Ha tenido mucho \u00e9xito, as\u00ed que el pr\u00f3ximo curso repetiremos\ud83d\ude09<\/p>\n<p><iframe loading=\"lazy\" src=\"https:\/\/www.youtube.com\/embed\/8nJ1RCGYulQ\" width=\"700\" height=\"394\" frameborder=\"0\"><\/iframe><\/p>\n<h2>&nbsp;<\/h2>\n<h2>BAILES COOPERATIVOS<\/h2>\n<p style=\"text-align: justify\">Este curso 21\/22 hemos decidido elaborar una serie de coreograf\u00edas siguiendo nuestra \u00abAcademia de baile\u00bb con motivo de celebrar el D\u00eda de la Paz, ya que entendemos que la mejor forma de aprender es vivenciar esos aprendizajes.<\/p>\n<p style=\"text-align: justify\">Partimos de un reto que cre\u00f3 un conflicto (debemos prepara entre todos\/as los miembros del grupo una coreograf\u00eda sin ayuda de nadie y en horario de E.F.). Ese conflicto (y muchos otros) se resolvieron de forma pac\u00edfica y consensuada, lo que desemboc\u00f3 en un magnifico trabajo y aprendizaje por parte del alumnado y del maestro.<\/p>\n<p style=\"text-align: center\">\ud83d\udc4f\ud83d\udc4f\ud83d\udc4f\u00a1Enhorabuena a todos\/as!\ud83d\udc4f\ud83d\udc4f\ud83d\udc4f<\/p>\n<table style=\"border-collapse: collapse;width: 100%\">\n<tbody>\n<tr>\n<td style=\"width: 33.3333%;text-align: center\"><a href=\"https:\/\/youtu.be\/KHjsEqV1DJA\" target=\"_blank\" rel=\"noopener noreferrer\">Minions I<\/a><\/td>\n<td style=\"width: 33.3333%;text-align: center\"><a href=\"https:\/\/youtu.be\/csBmktttQ2E\" target=\"_blank\" rel=\"noopener noreferrer\">Vamos a la Playa<\/a><\/td>\n<td style=\"width: 33.3333%;text-align: center\"><a href=\"https:\/\/youtu.be\/9-c1l-KmIm8\" target=\"_blank\" rel=\"noopener noreferrer\">Party Animals<\/a><\/td>\n<\/tr>\n<tr>\n<td style=\"width: 33.3333%;text-align: center\"><a href=\"https:\/\/youtu.be\/aSHix-VcpGA\" target=\"_blank\" rel=\"noopener noreferrer\">Vida de rico (Arenas)<\/a><\/td>\n<td style=\"width: 33.3333%;text-align: center\"><a href=\"https:\/\/youtu.be\/j_f2sTp4yys\" target=\"_blank\" rel=\"noopener noreferrer\">Muchos prometen la luna<\/a><\/td>\n<td style=\"width: 33.3333%;text-align: center\"><a href=\"https:\/\/youtu.be\/6Jz3bIoJ4Pg\" target=\"_blank\" rel=\"noopener noreferrer\">Beat it<\/a><\/td>\n<\/tr>\n<tr>\n<td style=\"width: 33.3333%;text-align: center\"><a href=\"https:\/\/youtu.be\/cCh7QRKOsAE\" target=\"_blank\" rel=\"noopener noreferrer\">Animals<\/a><\/td>\n<td style=\"width: 33.3333%;text-align: center\"><a href=\"https:\/\/youtu.be\/9uEWkOwJCg0\" target=\"_blank\" rel=\"noopener noreferrer\">Minions II<\/a><\/td>\n<td style=\"width: 33.3333%;text-align: center\"><a href=\"https:\/\/youtu.be\/LsziUXibUCo\" target=\"_blank\" rel=\"noopener noreferrer\">Vida de rico (J\u00e1tar)<\/a><\/td>\n<\/tr>\n<\/tbody>\n<\/table>\n<h2>VIAJE A PARIS<\/h2>\n<p>Este a\u00f1o el tercer ciclo de J\u00e1tar y Arenas viajan a Par\u00eds\u2026 \u00a1en su imaginaci\u00f3n! Bon voyage!<\/p>\n<p>[youtube https:\/\/youtu.be\/UNIOFBMJITM]<\/p>\n<h2>CARA-DURA<\/h2>\n<p>Desde el \u00e1rea de Art\u00edstica se ha promovido una actividad de arte ef\u00edmero que consiste en la creaci\u00f3n de rostros con elementos naturales.<\/p>\n<p>Os adjuntamos una exposici\u00f3n virtual para que pod\u00e1is disfrutar del trabajo de nuestro alumnado tanto como lo disfrutamos los que podemos ver la exposici\u00f3n real en los jardines de nuestro centro.<\/p>\n<p>\u00a1Esperamos que la disfrut\u00e9is!<\/p>\n<p><iframe class=\"wp-embedded-content\" sandbox=\"allow-scripts\" security=\"restricted\" title=\"Exposici\u00f3n Cara-Dura. Oct 21\" frameborder='0' width='1200' height='675' src='https:\/\/view.genially.com\/616dd2525fcafd0dfa42a3b9#?secret=aAS32vxA4j' data-secret='aAS32vxA4j' scrolling='yes'><\/iframe><\/p>\n<p>&nbsp;<\/p>\n<p>&nbsp;<\/p>\n<h2>LES \u00c9MOTIONS (ARENAS DEL REY)<\/h2>\n<p><iframe loading=\"lazy\" title=\"LES \u00c9MOTIONS ARENAS DEL REY\" width=\"500\" height=\"281\" src=\"https:\/\/www.youtube.com\/embed\/1OiDgbZ_dg0?feature=oembed&#038;wmode=opaque\" frameborder=\"0\" allow=\"accelerometer; autoplay; clipboard-write; encrypted-media; gyroscope; picture-in-picture; web-share\" referrerpolicy=\"strict-origin-when-cross-origin\" allowfullscreen><\/iframe><\/p>\n<h2>QUI EST CE (3<sup>er<\/sup> CICLO J\u00c1TAR)<\/h2>\n<p>[youtube https:\/\/youtu.be\/gzm1mGi_BHU]<\/p>\n<p>&nbsp;<\/p>\n<h2 style=\"text-align: justify\">EDUCACI\u00d3N F\u00cdSICA: ORIENTACI\u00d3N<\/h2>\n<p style=\"text-align: justify\">Durante las Semanas Culturales de nuestras dos localidades, desde el \u00e1rea de Educaci\u00f3n F\u00edsica, hemos contribuido a la celebraci\u00f3n de estas actividades realizando un recorrido de orientaci\u00f3n por el pueblo donde el alumnado pod\u00eda descubrir curiosidades sobre su pueblo.<\/p>\n<p style=\"text-align: justify\">A continuaci\u00f3n os dejamos unas im\u00e1genes interactivas con los mapas de las localidades y con algunas im\u00e1genes de la actividad, que se mostrar\u00e1n pinchando sobre los puntos que ten\u00edan que descubrir. Pasa el rat\u00f3n sobre el mapa para descubrir algunas interacciones ocultas.\ud83d\ude09<\/p>\n<div style=\"width: 100%\">\n<div style=\"padding-bottom: 70.81%;padding-top: 0;height: 0\"><iframe loading=\"lazy\" src=\"https:\/\/view.genial.ly\/6093c3e7f4abca0db8000fea\" width=\"840\" height=\"473\" frameborder=\"0\" scrolling=\"yes\"><span data-mce-type=\"bookmark\" style=\"width: 0px;overflow: hidden;line-height: 0\" class=\"mce_SELRES_start\">\ufeff<\/span><\/iframe><\/div>\n<\/div>\n<div style=\"width: 100%\">\n<div style=\"padding-bottom: 70.81%;padding-top: 0;height: 0\"><iframe loading=\"lazy\" src=\"https:\/\/view.genial.ly\/6091030edadab90d266b0c55\" width=\"840\" height=\"473\" frameborder=\"0\" scrolling=\"yes\"><span data-mce-type=\"bookmark\" style=\"width: 0px;overflow: hidden;line-height: 0\" class=\"mce_SELRES_start\">\ufeff<\/span><\/iframe><\/div>\n<\/div>\n<p>&nbsp;<\/p>\n<h2 style=\"text-align: justify\">EDUCACI\u00d3N F\u00cdSICA: ACROSPORT<\/h2>\n<p>Desde el \u00e1rea de Educaci\u00f3n F\u00edsica hemos creado un v\u00eddeo presentaci\u00f3n con las pir\u00e1mides realizadas en el tema de habilidades gimn\u00e1sticas (Acrosport). \u00a1Enhorabuena por vuestro trabajo!<\/p>\n<div style=\"width: 100%\">\n<div style=\"padding-bottom: 56.25%;padding-top: 0;height: 0\"><iframe loading=\"lazy\" src=\"https:\/\/view.genial.ly\/6034f9be648e2a0db3b15914\" width=\"840\" height=\"473\" frameborder=\"0\" scrolling=\"yes\"><\/iframe><\/div>\n<\/div>\n<p>&nbsp;<\/p>\n<h2 style=\"text-align: justify\">FRANC\u00c9S J\u00c1TAR Y ARENAS, PRIMER TRIMESTRE 20\/21<\/h2>\n<p style=\"text-align: justify\">Hemos hecho un v\u00eddeo con los contenidos de este trimestre, siempre recordando que lo importante de aprender una lengua es saber comunicarse. \u00a1Y yo creo que lo hab\u00e9is conseguido! <strong>\u00a1Enhorabuena, chicos! Et \u00e0 bient\u00f4t!<\/strong><\/p>\n<p><strong>3\u00ba y 4\u00ba J\u00e1tar &#8211; Primer trimestre 2020\/21<\/strong><br \/>\n<iframe loading=\"lazy\" title=\"3\u00ba y 4\u00ba J\u00e1tar - Primer trimestre 2020\/21\" width=\"500\" height=\"281\" src=\"https:\/\/www.youtube.com\/embed\/hg3wtsJl4nA?feature=oembed&#038;wmode=opaque\" frameborder=\"0\" allow=\"accelerometer; autoplay; clipboard-write; encrypted-media; gyroscope; picture-in-picture; web-share\" referrerpolicy=\"strict-origin-when-cross-origin\" allowfullscreen><\/iframe><\/p>\n<p><strong>5\u00ba y 6\u00ba J\u00e1tar &#8211; Primer trimestre 2020\/21<\/strong><br \/>\n<iframe loading=\"lazy\" title=\"5\u00ba y 6\u00ba J\u00e1tar - Primer trimestre 2020\/21\" width=\"500\" height=\"281\" src=\"https:\/\/www.youtube.com\/embed\/--tRPM9U1-k?feature=oembed&#038;wmode=opaque\" frameborder=\"0\" allow=\"accelerometer; autoplay; clipboard-write; encrypted-media; gyroscope; picture-in-picture; web-share\" referrerpolicy=\"strict-origin-when-cross-origin\" allowfullscreen><\/iframe><\/p>\n<p><strong>4\u00ba y 6\u00ba Arenas del Rey &#8211; Primer trimestre 2020\/21<\/strong><br \/>\n<iframe loading=\"lazy\" title=\"4\u00ba y 6\u00ba Arenas del Rey - Primer trimestre 2020\/21\" width=\"500\" height=\"281\" src=\"https:\/\/www.youtube.com\/embed\/CTtKX-VJGV8?feature=oembed&#038;wmode=opaque\" frameborder=\"0\" allow=\"accelerometer; autoplay; clipboard-write; encrypted-media; gyroscope; picture-in-picture; web-share\" referrerpolicy=\"strict-origin-when-cross-origin\" allowfullscreen><\/iframe><\/p>\n","protected":false},"excerpt":{"rendered":"<p>Los esp\u00edas de ATAL \u00abLos R\u00edos\u00bb En lucha contra el desconocimiento de espa\u00f1ol y el uso inadecuado de los tiempos verbales. &nbsp; V\u00eddeo Zombie Bonjour \u00e0 tous! Ha llegado un nuevo compa\u00f1ero a clase&#46;&#46;&#46;<\/p>\n","protected":false},"author":5849,"featured_media":0,"parent":0,"menu_order":0,"comment_status":"closed","ping_status":"closed","template":"","meta":{"ngg_post_thumbnail":0,"footnotes":"","_mc_calendar":[]},"aioseo_notices":[],"_links":{"self":[{"href":"https:\/\/blogsaverroes.juntadeandalucia.es\/cprlosrios\/wp-json\/wp\/v2\/pages\/4347"}],"collection":[{"href":"https:\/\/blogsaverroes.juntadeandalucia.es\/cprlosrios\/wp-json\/wp\/v2\/pages"}],"about":[{"href":"https:\/\/blogsaverroes.juntadeandalucia.es\/cprlosrios\/wp-json\/wp\/v2\/types\/page"}],"author":[{"embeddable":true,"href":"https:\/\/blogsaverroes.juntadeandalucia.es\/cprlosrios\/wp-json\/wp\/v2\/users\/5849"}],"replies":[{"embeddable":true,"href":"https:\/\/blogsaverroes.juntadeandalucia.es\/cprlosrios\/wp-json\/wp\/v2\/comments?post=4347"}],"version-history":[{"count":28,"href":"https:\/\/blogsaverroes.juntadeandalucia.es\/cprlosrios\/wp-json\/wp\/v2\/pages\/4347\/revisions"}],"predecessor-version":[{"id":8464,"href":"https:\/\/blogsaverroes.juntadeandalucia.es\/cprlosrios\/wp-json\/wp\/v2\/pages\/4347\/revisions\/8464"}],"wp:attachment":[{"href":"https:\/\/blogsaverroes.juntadeandalucia.es\/cprlosrios\/wp-json\/wp\/v2\/media?parent=4347"}],"curies":[{"name":"wp","href":"https:\/\/api.w.org\/{rel}","templated":true}]}}