{"id":44,"date":"2015-03-13T08:42:15","date_gmt":"2015-03-13T08:42:15","guid":{"rendered":"http:\/\/blogsaverroes.juntadeandalucia.es\/pre\/ceip\/?page_id=44"},"modified":"2026-04-06T08:46:51","modified_gmt":"2026-04-06T08:46:51","slug":"planes-y-proyectos","status":"publish","type":"page","link":"https:\/\/blogsaverroes.juntadeandalucia.es\/cprlosrios\/planes-y-proyectos\/","title":{"rendered":"Planes y Programas"},"content":{"rendered":"<p>PLANES, PROGRAMAS y SERVICIOS en el&nbsp;<span style=\"line-height: 1.5\">CPR los R\u00edos<\/span><\/p>\n<p>&nbsp;<\/p>\n<ul>\n<li style=\"text-align: justify\">PLAN DE LECTURA Y BIBLIOTECAS: nuestro principal objetivo es convertir la escuela en un centro vivo favorecedor de encuentros continuos con toda clase de libros y promover el gusto por la lectura.<\/li>\n<\/ul>\n<p>&nbsp;<\/p>\n<ul>\n<li style=\"text-align: justify\">PROYECTO ESCUELA ESPACIO DE PAZ: pretendemos dotar de coherencia a todas estas iniciativas para propiciar un medio escolar y un entorno social donde los valores democr\u00e1ticos, los derechos humanos y las actitudes solidarias sean la norma de la convivencia que contribuya a aprender a ser persona.<\/li>\n<\/ul>\n<p>&nbsp;<\/p>\n<ul>\n<li style=\"text-align: justify\">PLAN DE IGUALDAD ENTRE HOMBRE Y MUJERES: tiene como objetivo crear, impulsar y coordinar medidas y actuaciones de diversa \u00edndole, que favorezcan las condiciones necesarias para que la igualdad entre hombres y mujeres sea una realidad.<\/li>\n<\/ul>\n<p><a href=\"https:\/\/blogsaverroes.juntadeandalucia.es\/cprlosrios\/files\/2019\/11\/LOgos-pacto-miniatura.png\"><img loading=\"lazy\" decoding=\"async\" class=\"wp-image-3235 aligncenter\" src=\"https:\/\/blogsaverroes.juntadeandalucia.es\/cprlosrios\/files\/2019\/11\/LOgos-pacto-miniatura-300x74.png\" alt=\"\" width=\"239\" height=\"59\" srcset=\"https:\/\/blogsaverroes.juntadeandalucia.es\/cprlosrios\/files\/2019\/11\/LOgos-pacto-miniatura-300x74.png 300w, https:\/\/blogsaverroes.juntadeandalucia.es\/cprlosrios\/files\/2019\/11\/LOgos-pacto-miniatura-24x6.png 24w, https:\/\/blogsaverroes.juntadeandalucia.es\/cprlosrios\/files\/2019\/11\/LOgos-pacto-miniatura-36x9.png 36w, https:\/\/blogsaverroes.juntadeandalucia.es\/cprlosrios\/files\/2019\/11\/LOgos-pacto-miniatura-48x12.png 48w, https:\/\/blogsaverroes.juntadeandalucia.es\/cprlosrios\/files\/2019\/11\/LOgos-pacto-miniatura.png 309w\" sizes=\"(max-width: 239px) 100vw, 239px\" \/><\/a><\/p>\n<p>&nbsp;<\/p>\n<ul>\n<li style=\"text-align: justify\">PLAN DE AUTOPROTECCI\u00d3N: es el instrumento que pretende organizar los medios humanos y materiales disponibles en el Centro, para conseguir la prevenci\u00f3n de los riesgos existentes, garantizar la evacuaci\u00f3n y la intervenci\u00f3n inmediata, en caso de siniestro.<\/li>\n<\/ul>\n<p>&nbsp;<\/p>\n<ul>\n<li style=\"text-align: justify\">TRANSFORMACI\u00d3N DIGITAL EDUCATIVA (TDE): en el que realizaremos un conjunto de acciones orientadas a la mejora y modernizaci\u00f3n de los procesos, los procedimientos, los h\u00e1bitos y los comportamientos, en los que haciendo uso de las tecnolog\u00edas digitales, mejoren nuestra capacidad de hacer frente a los retos de la sociedad actual.<\/li>\n<\/ul>\n<p>&nbsp;<\/p>\n<ul>\n<li style=\"text-align: justify\">C\u00d3DIGO ESCUELA 4.0: es una iniciativa estatal espa\u00f1ola dirigida a centros sostenidos con fondos p\u00fablicos para integrar el&nbsp;pensamiento computacional, la programaci\u00f3n y la rob\u00f3tica educativa&nbsp;en el aula. Busca mejorar la competencia digital de alumnos desde Infantil hasta Secundaria, proporcionando equipamiento tecnol\u00f3gico y formaci\u00f3n al profesorado.<\/li>\n<\/ul>\n<p>&nbsp;<\/p>\n<ul>\n<li style=\"text-align: justify\">PROA: El Programa de Refuerzo, Orientaci\u00f3n y Apoyo est\u00e1 concebido para mejorar el grado de adquisici\u00f3n de las competencias clave y la motivaci\u00f3n del alumnado con necesidades espec\u00edficas de apoyo educativo. Durante el presente curso, funcionan dos grupos de PROA impartidos por mentores, uno en cada localidad, y con horario de tarde en dos sesiones de dos horas cada una por grupo. Los grupos est\u00e1n constituidos por alumnado de 3\u00ba a 6\u00ba curso y con un m\u00e1ximo de 10 alumnos por grupo.<\/li>\n<\/ul>\n<p>&nbsp;<\/p>\n<ul>\n<li style=\"text-align: justify\">PREX: El Programa de Refuerzo de la Lengua Extranjera tiene como objetivo reforzar el aprendizaje de la primera lengua extranjera, incidiendo en la comprensi\u00f3n auditiva y la expresi\u00f3n e interacci\u00f3n oral. Est\u00e1 orientado al alumnado de 1\u00ba a 3\u00ba curso de Educaci\u00f3n Primaria que presente necesidad de mejorar su competencia en el uso activo de la primera lengua extranjera. El grupo constituido no ser\u00e1 menor de cinco alumnos\/as ni mayor de diez.<\/li>\n<\/ul>\n<p>&nbsp;<\/p>\n","protected":false},"excerpt":{"rendered":"<p>PLANES, PROGRAMAS y SERVICIOS en el&nbsp;CPR los R\u00edos &nbsp; PLAN DE LECTURA Y BIBLIOTECAS: nuestro principal objetivo es convertir la escuela en un centro vivo favorecedor de encuentros continuos con toda clase de libros&#46;&#46;&#46;<\/p>\n","protected":false},"author":1,"featured_media":0,"parent":0,"menu_order":0,"comment_status":"open","ping_status":"closed","template":"page-templates\/child-menu.php","meta":{"ngg_post_thumbnail":0,"footnotes":"","_mc_calendar":[]},"aioseo_notices":[],"_links":{"self":[{"href":"https:\/\/blogsaverroes.juntadeandalucia.es\/cprlosrios\/wp-json\/wp\/v2\/pages\/44"}],"collection":[{"href":"https:\/\/blogsaverroes.juntadeandalucia.es\/cprlosrios\/wp-json\/wp\/v2\/pages"}],"about":[{"href":"https:\/\/blogsaverroes.juntadeandalucia.es\/cprlosrios\/wp-json\/wp\/v2\/types\/page"}],"author":[{"embeddable":true,"href":"https:\/\/blogsaverroes.juntadeandalucia.es\/cprlosrios\/wp-json\/wp\/v2\/users\/1"}],"replies":[{"embeddable":true,"href":"https:\/\/blogsaverroes.juntadeandalucia.es\/cprlosrios\/wp-json\/wp\/v2\/comments?post=44"}],"version-history":[{"count":10,"href":"https:\/\/blogsaverroes.juntadeandalucia.es\/cprlosrios\/wp-json\/wp\/v2\/pages\/44\/revisions"}],"predecessor-version":[{"id":10275,"href":"https:\/\/blogsaverroes.juntadeandalucia.es\/cprlosrios\/wp-json\/wp\/v2\/pages\/44\/revisions\/10275"}],"wp:attachment":[{"href":"https:\/\/blogsaverroes.juntadeandalucia.es\/cprlosrios\/wp-json\/wp\/v2\/media?parent=44"}],"curies":[{"name":"wp","href":"https:\/\/api.w.org\/{rel}","templated":true}]}}