{"id":4696,"date":"2021-04-07T08:50:07","date_gmt":"2021-04-07T08:50:07","guid":{"rendered":"https:\/\/blogsaverroes.juntadeandalucia.es\/cprlosrios\/?page_id=4696"},"modified":"2021-04-27T19:06:10","modified_gmt":"2021-04-27T19:06:10","slug":"huerto-escolar","status":"publish","type":"page","link":"https:\/\/blogsaverroes.juntadeandalucia.es\/cprlosrios\/huerto-escolar\/","title":{"rendered":"Huerto Escolar"},"content":{"rendered":"<p style=\"text-align: justify\">En esta p\u00e1gina vamos a ir editando todas aquellas actividades, fotos o v\u00eddeos relativos al Huerto Escolar de nuestro centro y que iremos actualizando peri\u00f3dicamente.<\/p>\n<h2>ENTRADA 3 (TRASPLANTE EN CAJAS O HUERTO)<\/h2>\n<p style=\"text-align: justify\">En esta ocasi\u00f3n hemos preparado la tierra, mezcl\u00e1ndola con sustrato, y hemos trasplantado los plantones de verduras, hortalizas y fruta en cajas y en nuestros arriates del cole.<\/p>\nngg_shortcode_0_placeholder\n<h2>ENTRADA 2 (JARD\u00cdN VERTICAL)<\/h2>\n<p style=\"text-align: justify\">Una vez tenemos todos los maceteros fabricados, hemos plantado en casa flores y plantas decorativas y olorosas para nuestro jard\u00edn vertical. Los ayuntamientos de J\u00e1tar y Arenas del Rey nos han reformado y adaptado algunos espacios para su ubicaci\u00f3n. \u00a1Much\u00edsimas gracias a toda la comunidad educativa por vuestra participaci\u00f3n!<\/p>\nngg_shortcode_1_placeholder\n<h2>ENTRADA 1 (FABRICACI\u00d3N DE UN MACETERO)<\/h2>\n<p style=\"text-align: justify\">Lo primero que vamos a aprender, para nuestro huerto y jard\u00edn, es a confeccionar los maceteros de los jardines verticales que hemos propuesto hacer. Para ello, os dejamos un v\u00eddeo y unas im\u00e1genes de c\u00f3mo realizarlo. Es importante destacar que pretendemos <strong>REUTILIZAR<\/strong> materiales, por lo que no debemos comprar ning\u00fan macetero.<\/p>\n<p><a href=\"https:\/\/blogsaverroes.juntadeandalucia.es\/cprlosrios\/files\/2021\/04\/WhatsApp-Image-2021-04-06-at-13.26.45.jpeg\"><img loading=\"lazy\" decoding=\"async\" class=\"size-thumbnail wp-image-4703 alignleft\" src=\"https:\/\/blogsaverroes.juntadeandalucia.es\/cprlosrios\/files\/2021\/04\/WhatsApp-Image-2021-04-06-at-13.26.45-150x150.jpeg\" alt=\"\" width=\"150\" height=\"150\" srcset=\"https:\/\/blogsaverroes.juntadeandalucia.es\/cprlosrios\/files\/2021\/04\/WhatsApp-Image-2021-04-06-at-13.26.45-150x150.jpeg 150w, https:\/\/blogsaverroes.juntadeandalucia.es\/cprlosrios\/files\/2021\/04\/WhatsApp-Image-2021-04-06-at-13.26.45-80x80.jpeg 80w, https:\/\/blogsaverroes.juntadeandalucia.es\/cprlosrios\/files\/2021\/04\/WhatsApp-Image-2021-04-06-at-13.26.45-320x320.jpeg 320w\" sizes=\"(max-width: 150px) 100vw, 150px\" \/><\/a> <a href=\"https:\/\/blogsaverroes.juntadeandalucia.es\/cprlosrios\/files\/2021\/04\/WhatsApp-Image-2021-04-06-at-13.26.43.jpeg\"><img loading=\"lazy\" decoding=\"async\" class=\"size-thumbnail wp-image-4704 alignnone\" src=\"https:\/\/blogsaverroes.juntadeandalucia.es\/cprlosrios\/files\/2021\/04\/WhatsApp-Image-2021-04-06-at-13.26.43-150x150.jpeg\" alt=\"\" width=\"150\" height=\"150\" srcset=\"https:\/\/blogsaverroes.juntadeandalucia.es\/cprlosrios\/files\/2021\/04\/WhatsApp-Image-2021-04-06-at-13.26.43-150x150.jpeg 150w, https:\/\/blogsaverroes.juntadeandalucia.es\/cprlosrios\/files\/2021\/04\/WhatsApp-Image-2021-04-06-at-13.26.43-80x80.jpeg 80w, https:\/\/blogsaverroes.juntadeandalucia.es\/cprlosrios\/files\/2021\/04\/WhatsApp-Image-2021-04-06-at-13.26.43-320x320.jpeg 320w\" sizes=\"(max-width: 150px) 100vw, 150px\" \/><\/a><\/p>\n<div style=\"width: 256px;\" class=\"wp-video\"><!--[if lt IE 9]><script>document.createElement('video');<\/script><![endif]-->\n<video class=\"wp-video-shortcode\" id=\"video-4696-1\" width=\"256\" height=\"141\" preload=\"metadata\" controls=\"controls\"><source type=\"video\/mp4\" src=\"https:\/\/blogsaverroes.juntadeandalucia.es\/cprlosrios\/files\/2021\/04\/WhatsApp-Video-2021-04-06-at-13.26.42.mp4?_=1\" \/><a href=\"https:\/\/blogsaverroes.juntadeandalucia.es\/cprlosrios\/files\/2021\/04\/WhatsApp-Video-2021-04-06-at-13.26.42.mp4\">https:\/\/blogsaverroes.juntadeandalucia.es\/cprlosrios\/files\/2021\/04\/WhatsApp-Video-2021-04-06-at-13.26.42.mp4<\/a><\/video><\/div>\n","protected":false},"excerpt":{"rendered":"<p>En esta p\u00e1gina vamos a ir editando todas aquellas actividades, fotos o v\u00eddeos relativos al Huerto Escolar de nuestro centro y que iremos actualizando peri\u00f3dicamente. ENTRADA 3 (TRASPLANTE EN CAJAS O HUERTO) En esta&#46;&#46;&#46;<\/p>\n","protected":false},"author":5849,"featured_media":0,"parent":0,"menu_order":0,"comment_status":"closed","ping_status":"closed","template":"","meta":{"ngg_post_thumbnail":0,"footnotes":"","_mc_calendar":[]},"aioseo_notices":[],"_links":{"self":[{"href":"https:\/\/blogsaverroes.juntadeandalucia.es\/cprlosrios\/wp-json\/wp\/v2\/pages\/4696"}],"collection":[{"href":"https:\/\/blogsaverroes.juntadeandalucia.es\/cprlosrios\/wp-json\/wp\/v2\/pages"}],"about":[{"href":"https:\/\/blogsaverroes.juntadeandalucia.es\/cprlosrios\/wp-json\/wp\/v2\/types\/page"}],"author":[{"embeddable":true,"href":"https:\/\/blogsaverroes.juntadeandalucia.es\/cprlosrios\/wp-json\/wp\/v2\/users\/5849"}],"replies":[{"embeddable":true,"href":"https:\/\/blogsaverroes.juntadeandalucia.es\/cprlosrios\/wp-json\/wp\/v2\/comments?post=4696"}],"version-history":[{"count":5,"href":"https:\/\/blogsaverroes.juntadeandalucia.es\/cprlosrios\/wp-json\/wp\/v2\/pages\/4696\/revisions"}],"predecessor-version":[{"id":4750,"href":"https:\/\/blogsaverroes.juntadeandalucia.es\/cprlosrios\/wp-json\/wp\/v2\/pages\/4696\/revisions\/4750"}],"wp:attachment":[{"href":"https:\/\/blogsaverroes.juntadeandalucia.es\/cprlosrios\/wp-json\/wp\/v2\/media?parent=4696"}],"curies":[{"name":"wp","href":"https:\/\/api.w.org\/{rel}","templated":true}]}}