{"id":5911,"date":"2022-11-09T22:04:58","date_gmt":"2022-11-09T22:04:58","guid":{"rendered":"https:\/\/blogsaverroes.juntadeandalucia.es\/cprlosrios\/?page_id=5911"},"modified":"2022-11-09T22:41:20","modified_gmt":"2022-11-09T22:41:20","slug":"reserva-biblioteca","status":"publish","type":"page","link":"https:\/\/blogsaverroes.juntadeandalucia.es\/cprlosrios\/reserva-biblioteca\/","title":{"rendered":"Reserva de la Biblioteca"},"content":{"rendered":"<p style=\"text-align: justify\">En esta p\u00e1gina podr\u00e1s reservar la biblioteca de Arenas del Rey o de J\u00e1tar para realizar actividades en este espacio com\u00fan del centro.<\/p>\n<p style=\"text-align: justify\">Tan s\u00f3lo hay que seleccionar el d\u00eda y el tramo horario que quieres reservar, y pinchar sobre el. Despu\u00e9s rellena el \u00abD\u00f3nde\u00bb con el ciclo o la especialidad del que lo reserva y pulsa guardar. (Recuerda que para poder hacer esto tienes que haber iniciado tu sesi\u00f3n de @cprlosrios)<\/p>\n<p><a href=\"https:\/\/calendar.google.com\/calendar\/u\/0\/selfsched?sstoken=UU81MXU5OVFxazhofGRlZmF1bHR8ZDA4MDFmY2FmMTE3MzIxOWM2NGVkMTY0ODg5YWU5ZWY\">Reserva de la Biblioteca<\/a><\/p>\n","protected":false},"excerpt":{"rendered":"<p>En esta p\u00e1gina podr\u00e1s reservar la biblioteca de Arenas del Rey o de J\u00e1tar para realizar actividades en este espacio com\u00fan del centro. Tan s\u00f3lo hay que seleccionar el d\u00eda y el tramo horario&#46;&#46;&#46;<\/p>\n","protected":false},"author":5849,"featured_media":0,"parent":0,"menu_order":0,"comment_status":"closed","ping_status":"closed","template":"","meta":{"ngg_post_thumbnail":0,"footnotes":"","_mc_calendar":[]},"aioseo_notices":[],"_links":{"self":[{"href":"https:\/\/blogsaverroes.juntadeandalucia.es\/cprlosrios\/wp-json\/wp\/v2\/pages\/5911"}],"collection":[{"href":"https:\/\/blogsaverroes.juntadeandalucia.es\/cprlosrios\/wp-json\/wp\/v2\/pages"}],"about":[{"href":"https:\/\/blogsaverroes.juntadeandalucia.es\/cprlosrios\/wp-json\/wp\/v2\/types\/page"}],"author":[{"embeddable":true,"href":"https:\/\/blogsaverroes.juntadeandalucia.es\/cprlosrios\/wp-json\/wp\/v2\/users\/5849"}],"replies":[{"embeddable":true,"href":"https:\/\/blogsaverroes.juntadeandalucia.es\/cprlosrios\/wp-json\/wp\/v2\/comments?post=5911"}],"version-history":[{"count":4,"href":"https:\/\/blogsaverroes.juntadeandalucia.es\/cprlosrios\/wp-json\/wp\/v2\/pages\/5911\/revisions"}],"predecessor-version":[{"id":5928,"href":"https:\/\/blogsaverroes.juntadeandalucia.es\/cprlosrios\/wp-json\/wp\/v2\/pages\/5911\/revisions\/5928"}],"wp:attachment":[{"href":"https:\/\/blogsaverroes.juntadeandalucia.es\/cprlosrios\/wp-json\/wp\/v2\/media?parent=5911"}],"curies":[{"name":"wp","href":"https:\/\/api.w.org\/{rel}","templated":true}]}}