{"id":5920,"date":"2022-11-09T22:31:35","date_gmt":"2022-11-09T22:31:35","guid":{"rendered":"https:\/\/blogsaverroes.juntadeandalucia.es\/cprlosrios\/?page_id=5920"},"modified":"2023-01-10T12:36:49","modified_gmt":"2023-01-10T12:36:49","slug":"reserva-de-carros","status":"publish","type":"page","link":"https:\/\/blogsaverroes.juntadeandalucia.es\/cprlosrios\/reserva-de-carros\/","title":{"rendered":"Reserva de Carros"},"content":{"rendered":"<p>En esta p\u00e1gina podr\u00e1s reservar los Carros de los dispositivos port\u00e1tiles de Arenas del Rey o de J\u00e1tar para realizar actividades en este espacio com\u00fan del centro.<\/p>\n<p>Tan s\u00f3lo hay que seleccionar el d\u00eda y el tramo horario que quieres reservar, y pinchar sobre el. Despu\u00e9s rellena el \u00abD\u00f3nde\u00bb con el ciclo o la especialidad del que lo reserva y pulsa guardar. (Recuerda que para poder hacer esto tienes que haber iniciado tu sesi\u00f3n de @cprlosrios)<\/p>\n<p><a href=\"https:\/\/calendar.google.com\/calendar\/u\/0\/selfsched?sstoken=UUpOUm1NNDNKTzlyfGRlZmF1bHR8MmM5YjQ0ZTgzM2JhZDI0ZGRiN2JiNmQ0ZmZiNGNlZTk\" target=\"_blank\" rel=\"noopener noreferrer\">Reserva de los Carros<\/a><\/p>\n<p>&nbsp;<\/p>\n<p>Adem\u00e1s, el calendario de reserva fijo del centro es el siguiente:<\/p>\n<p><a href=\"https:\/\/blogsaverroes.juntadeandalucia.es\/cprlosrios\/files\/2023\/01\/Horario-dispositivos-1.gif\"><img loading=\"lazy\" decoding=\"async\" class=\"alignleft wp-image-6161\" style=\"border-style: solid\" src=\"https:\/\/blogsaverroes.juntadeandalucia.es\/cprlosrios\/files\/2023\/01\/Horario-dispositivos-1-300x169.gif\" alt=\"\" width=\"440\" height=\"248\" srcset=\"https:\/\/blogsaverroes.juntadeandalucia.es\/cprlosrios\/files\/2023\/01\/Horario-dispositivos-1-300x169.gif 300w, https:\/\/blogsaverroes.juntadeandalucia.es\/cprlosrios\/files\/2023\/01\/Horario-dispositivos-1-1024x576.gif 1024w, https:\/\/blogsaverroes.juntadeandalucia.es\/cprlosrios\/files\/2023\/01\/Horario-dispositivos-1-768x432.gif 768w, https:\/\/blogsaverroes.juntadeandalucia.es\/cprlosrios\/files\/2023\/01\/Horario-dispositivos-1-1536x864.gif 1536w\" sizes=\"(max-width: 440px) 100vw, 440px\" \/><\/a><\/p>\n<p><a href=\"https:\/\/blogsaverroes.juntadeandalucia.es\/cprlosrios\/files\/2023\/01\/Horario-dispositivos.gif\"><img loading=\"lazy\" decoding=\"async\" class=\"wp-image-6162 alignright\" style=\"border-style: solid\" src=\"https:\/\/blogsaverroes.juntadeandalucia.es\/cprlosrios\/files\/2023\/01\/Horario-dispositivos-300x169.gif\" alt=\"\" width=\"439\" height=\"247\" srcset=\"https:\/\/blogsaverroes.juntadeandalucia.es\/cprlosrios\/files\/2023\/01\/Horario-dispositivos-300x169.gif 300w, https:\/\/blogsaverroes.juntadeandalucia.es\/cprlosrios\/files\/2023\/01\/Horario-dispositivos-1024x576.gif 1024w, https:\/\/blogsaverroes.juntadeandalucia.es\/cprlosrios\/files\/2023\/01\/Horario-dispositivos-768x432.gif 768w, https:\/\/blogsaverroes.juntadeandalucia.es\/cprlosrios\/files\/2023\/01\/Horario-dispositivos-1536x864.gif 1536w\" sizes=\"(max-width: 439px) 100vw, 439px\" \/><\/a><\/p>\n","protected":false},"excerpt":{"rendered":"<p>En esta p\u00e1gina podr\u00e1s reservar los Carros de los dispositivos port\u00e1tiles de Arenas del Rey o de J\u00e1tar para realizar actividades en este espacio com\u00fan del centro. Tan s\u00f3lo hay que seleccionar el d\u00eda&#46;&#46;&#46;<\/p>\n","protected":false},"author":5849,"featured_media":0,"parent":0,"menu_order":0,"comment_status":"closed","ping_status":"closed","template":"","meta":{"ngg_post_thumbnail":0,"footnotes":"","_mc_calendar":[]},"aioseo_notices":[],"_links":{"self":[{"href":"https:\/\/blogsaverroes.juntadeandalucia.es\/cprlosrios\/wp-json\/wp\/v2\/pages\/5920"}],"collection":[{"href":"https:\/\/blogsaverroes.juntadeandalucia.es\/cprlosrios\/wp-json\/wp\/v2\/pages"}],"about":[{"href":"https:\/\/blogsaverroes.juntadeandalucia.es\/cprlosrios\/wp-json\/wp\/v2\/types\/page"}],"author":[{"embeddable":true,"href":"https:\/\/blogsaverroes.juntadeandalucia.es\/cprlosrios\/wp-json\/wp\/v2\/users\/5849"}],"replies":[{"embeddable":true,"href":"https:\/\/blogsaverroes.juntadeandalucia.es\/cprlosrios\/wp-json\/wp\/v2\/comments?post=5920"}],"version-history":[{"count":14,"href":"https:\/\/blogsaverroes.juntadeandalucia.es\/cprlosrios\/wp-json\/wp\/v2\/pages\/5920\/revisions"}],"predecessor-version":[{"id":6165,"href":"https:\/\/blogsaverroes.juntadeandalucia.es\/cprlosrios\/wp-json\/wp\/v2\/pages\/5920\/revisions\/6165"}],"wp:attachment":[{"href":"https:\/\/blogsaverroes.juntadeandalucia.es\/cprlosrios\/wp-json\/wp\/v2\/media?parent=5920"}],"curies":[{"name":"wp","href":"https:\/\/api.w.org\/{rel}","templated":true}]}}