{"id":6186,"date":"2023-02-08T08:16:43","date_gmt":"2023-02-08T08:16:43","guid":{"rendered":"https:\/\/blogsaverroes.juntadeandalucia.es\/cprlosrios\/?page_id=6186"},"modified":"2023-03-27T10:06:50","modified_gmt":"2023-03-27T10:06:50","slug":"libros-recomendados","status":"publish","type":"page","link":"https:\/\/blogsaverroes.juntadeandalucia.es\/cprlosrios\/libros-recomendados\/","title":{"rendered":"Libros Recomendados"},"content":{"rendered":"<p style=\"text-align: justify\">En la presente p\u00e1gina iremos actualizando aquellas recomendaciones de lecturas realizadas por nuestro alumnado.<\/p>\n<p>&nbsp;<\/p>\n<table style=\"border-collapse: collapse;width: 100%\">\n<tbody>\n<tr>\n<td style=\"width: 50%;text-align: center\"><div style=\"width: 448px;\" class=\"wp-video\"><!--[if lt IE 9]><script>document.createElement('video');<\/script><![endif]-->\n<video class=\"wp-video-shortcode\" id=\"video-6186-1\" width=\"448\" height=\"202\" preload=\"metadata\" controls=\"controls\"><source type=\"video\/mp4\" src=\"https:\/\/blogsaverroes.juntadeandalucia.es\/cprlosrios\/files\/2023\/03\/WhatsApp-Video-2023-03-27-at-10.59.12.mp4?_=1\" \/><a href=\"https:\/\/blogsaverroes.juntadeandalucia.es\/cprlosrios\/files\/2023\/03\/WhatsApp-Video-2023-03-27-at-10.59.12.mp4\">https:\/\/blogsaverroes.juntadeandalucia.es\/cprlosrios\/files\/2023\/03\/WhatsApp-Video-2023-03-27-at-10.59.12.mp4<\/a><\/video><\/div><\/td>\n<td style=\"width: 50%;text-align: center\">&nbsp;<\/td>\n<\/tr>\n<tr>\n<td style=\"width: 50%;text-align: center\">Sergio nos recomienda un libro para partirse de risa!<\/td>\n<td style=\"width: 50%;text-align: center\">&nbsp;<\/td>\n<\/tr>\n<tr>\n<td style=\"width: 50%;text-align: center\"><div style=\"width: 448px;\" class=\"wp-video\"><video class=\"wp-video-shortcode\" id=\"video-6186-2\" width=\"448\" height=\"202\" preload=\"metadata\" controls=\"controls\"><source type=\"video\/mp4\" src=\"https:\/\/blogsaverroes.juntadeandalucia.es\/cprlosrios\/files\/2023\/03\/WhatsApp-Video-2023-03-06-at-13.55.20.mp4?_=2\" \/><a href=\"https:\/\/blogsaverroes.juntadeandalucia.es\/cprlosrios\/files\/2023\/03\/WhatsApp-Video-2023-03-06-at-13.55.20.mp4\">https:\/\/blogsaverroes.juntadeandalucia.es\/cprlosrios\/files\/2023\/03\/WhatsApp-Video-2023-03-06-at-13.55.20.mp4<\/a><\/video><\/div><\/td>\n<td style=\"width: 50%;text-align: center\"><div style=\"width: 448px;\" class=\"wp-video\"><video class=\"wp-video-shortcode\" id=\"video-6186-3\" width=\"448\" height=\"202\" preload=\"metadata\" controls=\"controls\"><source type=\"video\/mp4\" src=\"https:\/\/blogsaverroes.juntadeandalucia.es\/cprlosrios\/files\/2023\/03\/WhatsApp-Video-2023-03-06-at-13.55.38.mp4?_=3\" \/><a href=\"https:\/\/blogsaverroes.juntadeandalucia.es\/cprlosrios\/files\/2023\/03\/WhatsApp-Video-2023-03-06-at-13.55.38.mp4\">https:\/\/blogsaverroes.juntadeandalucia.es\/cprlosrios\/files\/2023\/03\/WhatsApp-Video-2023-03-06-at-13.55.38.mp4<\/a><\/video><\/div><\/td>\n<\/tr>\n<tr>\n<td style=\"width: 50%;text-align: center\">\u00bfQu\u00e9 nos querr\u00e1 contar Valentina?<\/td>\n<td style=\"width: 50%;text-align: center\">Julio y los beb\u00e9s foca&#8230;<\/td>\n<\/tr>\n<tr>\n<td style=\"width: 50%;text-align: center\"><div style=\"width: 448px;\" class=\"wp-video\"><video class=\"wp-video-shortcode\" id=\"video-6186-4\" width=\"448\" height=\"202\" preload=\"metadata\" controls=\"controls\"><source type=\"video\/mp4\" src=\"https:\/\/blogsaverroes.juntadeandalucia.es\/cprlosrios\/files\/2023\/03\/WhatsApp-Video-2023-03-09-at-13.56.19.mp4?_=4\" \/><a href=\"https:\/\/blogsaverroes.juntadeandalucia.es\/cprlosrios\/files\/2023\/03\/WhatsApp-Video-2023-03-09-at-13.56.19.mp4\">https:\/\/blogsaverroes.juntadeandalucia.es\/cprlosrios\/files\/2023\/03\/WhatsApp-Video-2023-03-09-at-13.56.19.mp4<\/a><\/video><\/div><\/td>\n<td style=\"width: 50%;text-align: center\"><div style=\"width: 448px;\" class=\"wp-video\"><video class=\"wp-video-shortcode\" id=\"video-6186-5\" width=\"448\" height=\"202\" preload=\"metadata\" controls=\"controls\"><source type=\"video\/mp4\" src=\"https:\/\/blogsaverroes.juntadeandalucia.es\/cprlosrios\/files\/2023\/03\/WhatsApp-Video-2023-03-24-at-11.27.33.mp4?_=5\" \/><a href=\"https:\/\/blogsaverroes.juntadeandalucia.es\/cprlosrios\/files\/2023\/03\/WhatsApp-Video-2023-03-24-at-11.27.33.mp4\">https:\/\/blogsaverroes.juntadeandalucia.es\/cprlosrios\/files\/2023\/03\/WhatsApp-Video-2023-03-24-at-11.27.33.mp4<\/a><\/video><\/div><\/td>\n<\/tr>\n<tr>\n<td style=\"width: 50%;text-align: center\">Ana nos recomienda un libro con valores&#8230;<\/td>\n<td style=\"width: 50%;text-align: center\">Leyre nos quiere recomendar una colecci\u00f3n bestial!!!<\/td>\n<\/tr>\n<tr>\n<td style=\"width: 50%;text-align: center\"><div style=\"width: 448px;\" class=\"wp-video\"><video class=\"wp-video-shortcode\" id=\"video-6186-6\" width=\"448\" height=\"202\" preload=\"metadata\" controls=\"controls\"><source type=\"video\/mp4\" src=\"https:\/\/blogsaverroes.juntadeandalucia.es\/cprlosrios\/files\/2023\/02\/WhatsApp-Video-2023-02-06-at-13.28.35.mp4?_=6\" \/><a href=\"https:\/\/blogsaverroes.juntadeandalucia.es\/cprlosrios\/files\/2023\/02\/WhatsApp-Video-2023-02-06-at-13.28.35.mp4\">https:\/\/blogsaverroes.juntadeandalucia.es\/cprlosrios\/files\/2023\/02\/WhatsApp-Video-2023-02-06-at-13.28.35.mp4<\/a><\/video><\/div><\/td>\n<td style=\"width: 50%;text-align: center\"><div style=\"width: 448px;\" class=\"wp-video\"><video class=\"wp-video-shortcode\" id=\"video-6186-7\" width=\"448\" height=\"202\" preload=\"metadata\" controls=\"controls\"><source type=\"video\/mp4\" src=\"https:\/\/blogsaverroes.juntadeandalucia.es\/cprlosrios\/files\/2023\/02\/WhatsApp-Video-2023-02-06-at-13.28.04.mp4?_=7\" \/><a href=\"https:\/\/blogsaverroes.juntadeandalucia.es\/cprlosrios\/files\/2023\/02\/WhatsApp-Video-2023-02-06-at-13.28.04.mp4\">https:\/\/blogsaverroes.juntadeandalucia.es\/cprlosrios\/files\/2023\/02\/WhatsApp-Video-2023-02-06-at-13.28.04.mp4<\/a><\/video><\/div><\/td>\n<\/tr>\n<tr>\n<td style=\"width: 50%;text-align: center\">\u00a1Jos\u00e9 Antonio nos presenta un personaje un poco marranote!<\/td>\n<td style=\"width: 50%;text-align: center\">Ariadna nos recomienda una historia de amor&#8230;<\/td>\n<\/tr>\n<tr>\n<td style=\"width: 50%;text-align: center\"><div style=\"width: 448px;\" class=\"wp-video\"><video class=\"wp-video-shortcode\" id=\"video-6186-8\" width=\"448\" height=\"202\" preload=\"metadata\" controls=\"controls\"><source type=\"video\/mp4\" src=\"https:\/\/blogsaverroes.juntadeandalucia.es\/cprlosrios\/files\/2023\/02\/WhatsApp-Video-2023-02-06-at-13.04.00.mp4?_=8\" \/><a href=\"https:\/\/blogsaverroes.juntadeandalucia.es\/cprlosrios\/files\/2023\/02\/WhatsApp-Video-2023-02-06-at-13.04.00.mp4\">https:\/\/blogsaverroes.juntadeandalucia.es\/cprlosrios\/files\/2023\/02\/WhatsApp-Video-2023-02-06-at-13.04.00.mp4<\/a><\/video><\/div><\/td>\n<td style=\"width: 50%;text-align: center\"><div style=\"width: 448px;\" class=\"wp-video\"><video class=\"wp-video-shortcode\" id=\"video-6186-9\" width=\"448\" height=\"202\" preload=\"metadata\" controls=\"controls\"><source type=\"video\/mp4\" src=\"https:\/\/blogsaverroes.juntadeandalucia.es\/cprlosrios\/files\/2023\/02\/WhatsApp-Video-2023-02-06-at-13.03.04.mp4?_=9\" \/><a href=\"https:\/\/blogsaverroes.juntadeandalucia.es\/cprlosrios\/files\/2023\/02\/WhatsApp-Video-2023-02-06-at-13.03.04.mp4\">https:\/\/blogsaverroes.juntadeandalucia.es\/cprlosrios\/files\/2023\/02\/WhatsApp-Video-2023-02-06-at-13.03.04.mp4<\/a><\/video><\/div><\/td>\n<\/tr>\n<tr>\n<td style=\"width: 50%;text-align: center\">Daniela est\u00e1 deseando leerse la colecci\u00f3n completa de&#8230;<\/td>\n<td style=\"width: 50%;text-align: center\">Esta colecci\u00f3n intriga mucho a Ana, por qu\u00e9 ser\u00e1&#8230;<\/td>\n<\/tr>\n<tr>\n<td style=\"width: 50%;text-align: center\"><div style=\"width: 448px;\" class=\"wp-video\"><video class=\"wp-video-shortcode\" id=\"video-6186-10\" width=\"448\" height=\"202\" preload=\"metadata\" controls=\"controls\"><source type=\"video\/mp4\" src=\"https:\/\/blogsaverroes.juntadeandalucia.es\/cprlosrios\/files\/2023\/02\/WhatsApp-Video-2023-02-06-at-13.01.56.mp4?_=10\" \/><a href=\"https:\/\/blogsaverroes.juntadeandalucia.es\/cprlosrios\/files\/2023\/02\/WhatsApp-Video-2023-02-06-at-13.01.56.mp4\">https:\/\/blogsaverroes.juntadeandalucia.es\/cprlosrios\/files\/2023\/02\/WhatsApp-Video-2023-02-06-at-13.01.56.mp4<\/a><\/video><\/div><\/td>\n<td style=\"width: 50%;text-align: center\"><div style=\"width: 448px;\" class=\"wp-video\"><video class=\"wp-video-shortcode\" id=\"video-6186-11\" width=\"448\" height=\"202\" preload=\"metadata\" controls=\"controls\"><source type=\"video\/mp4\" src=\"https:\/\/blogsaverroes.juntadeandalucia.es\/cprlosrios\/files\/2023\/02\/WhatsApp-Video-2023-02-06-at-13.01.44.mp4?_=11\" \/><a href=\"https:\/\/blogsaverroes.juntadeandalucia.es\/cprlosrios\/files\/2023\/02\/WhatsApp-Video-2023-02-06-at-13.01.44.mp4\">https:\/\/blogsaverroes.juntadeandalucia.es\/cprlosrios\/files\/2023\/02\/WhatsApp-Video-2023-02-06-at-13.01.44.mp4<\/a><\/video><\/div><\/td>\n<\/tr>\n<tr>\n<td style=\"width: 50%;text-align: center\">Adriana es una fan\u00e1tica de esta colecci\u00f3n&#8230;<\/td>\n<td style=\"width: 50%;text-align: center\">Hyram nos cuenta su experiencia con este libro&#8230;<\/td>\n<\/tr>\n<\/tbody>\n<\/table>\n","protected":false},"excerpt":{"rendered":"<p>En la presente p\u00e1gina iremos actualizando aquellas recomendaciones de lecturas realizadas por nuestro alumnado. &nbsp; &nbsp; Sergio nos recomienda un libro para partirse de risa! &nbsp; \u00bfQu\u00e9 nos querr\u00e1 contar Valentina? Julio y los&#46;&#46;&#46;<\/p>\n","protected":false},"author":5849,"featured_media":0,"parent":0,"menu_order":0,"comment_status":"closed","ping_status":"closed","template":"","meta":{"ngg_post_thumbnail":0,"footnotes":"","_mc_calendar":[]},"aioseo_notices":[],"_links":{"self":[{"href":"https:\/\/blogsaverroes.juntadeandalucia.es\/cprlosrios\/wp-json\/wp\/v2\/pages\/6186"}],"collection":[{"href":"https:\/\/blogsaverroes.juntadeandalucia.es\/cprlosrios\/wp-json\/wp\/v2\/pages"}],"about":[{"href":"https:\/\/blogsaverroes.juntadeandalucia.es\/cprlosrios\/wp-json\/wp\/v2\/types\/page"}],"author":[{"embeddable":true,"href":"https:\/\/blogsaverroes.juntadeandalucia.es\/cprlosrios\/wp-json\/wp\/v2\/users\/5849"}],"replies":[{"embeddable":true,"href":"https:\/\/blogsaverroes.juntadeandalucia.es\/cprlosrios\/wp-json\/wp\/v2\/comments?post=6186"}],"version-history":[{"count":10,"href":"https:\/\/blogsaverroes.juntadeandalucia.es\/cprlosrios\/wp-json\/wp\/v2\/pages\/6186\/revisions"}],"predecessor-version":[{"id":6384,"href":"https:\/\/blogsaverroes.juntadeandalucia.es\/cprlosrios\/wp-json\/wp\/v2\/pages\/6186\/revisions\/6384"}],"wp:attachment":[{"href":"https:\/\/blogsaverroes.juntadeandalucia.es\/cprlosrios\/wp-json\/wp\/v2\/media?parent=6186"}],"curies":[{"name":"wp","href":"https:\/\/api.w.org\/{rel}","templated":true}]}}