{"id":6700,"date":"2023-11-10T19:09:36","date_gmt":"2023-11-10T19:09:36","guid":{"rendered":"https:\/\/blogsaverroes.juntadeandalucia.es\/cprlosrios\/?page_id=6700"},"modified":"2023-11-10T19:17:36","modified_gmt":"2023-11-10T19:17:36","slug":"mas-equidad","status":"publish","type":"page","link":"https:\/\/blogsaverroes.juntadeandalucia.es\/cprlosrios\/mas-equidad\/","title":{"rendered":"M\u00e1s Equidad"},"content":{"rendered":"<p style=\"text-align: justify\"><a href=\"https:\/\/blogsaverroes.juntadeandalucia.es\/cprlosrios\/files\/2023\/11\/Logo-Equidad.png\"><img loading=\"lazy\" decoding=\"async\" class=\"aligncenter size-medium wp-image-6694\" src=\"https:\/\/blogsaverroes.juntadeandalucia.es\/cprlosrios\/files\/2023\/11\/Logo-Equidad-300x161.png\" alt=\"\" width=\"300\" height=\"161\" srcset=\"https:\/\/blogsaverroes.juntadeandalucia.es\/cprlosrios\/files\/2023\/11\/Logo-Equidad-300x161.png 300w, https:\/\/blogsaverroes.juntadeandalucia.es\/cprlosrios\/files\/2023\/11\/Logo-Equidad.png 465w\" sizes=\"(max-width: 300px) 100vw, 300px\" \/><\/a>La finalidad primordial de este proyecto, nuevo en el centro, es proporcionar a los estudiantes experiencias educativas innovadoras y gratificantes, implementando intervenciones que estimulen e integren especialmente a aquellos con mayor riesgo de dejar la escuela. El enfoque para alcanzar estos objetivos ser\u00e1 la implementaci\u00f3n de diversos talleres de distintas \u00e1reas, con el fin de involucrar a la mayor cantidad posible de ni\u00f1os y ni\u00f1as.<\/p>\n<p>Con este objetivo se van a realizar los siguientes talleres a lo largo del curso:<\/p>\n<p style=\"text-align: justify\"><strong><a href=\"https:\/\/blogsaverroes.juntadeandalucia.es\/cprlosrios\/files\/2023\/11\/Dise\u00f1o-sin-t\u00edtulo.png\"><img loading=\"lazy\" decoding=\"async\" class=\"alignnone wp-image-6708 size-thumbnail\" src=\"https:\/\/blogsaverroes.juntadeandalucia.es\/cprlosrios\/files\/2023\/11\/Dise\u00f1o-sin-t\u00edtulo-e1699642544643-150x150.png\" alt=\"\" width=\"150\" height=\"150\" srcset=\"https:\/\/blogsaverroes.juntadeandalucia.es\/cprlosrios\/files\/2023\/11\/Dise\u00f1o-sin-t\u00edtulo-e1699642544643-150x150.png 150w, https:\/\/blogsaverroes.juntadeandalucia.es\/cprlosrios\/files\/2023\/11\/Dise\u00f1o-sin-t\u00edtulo-e1699642544643-80x80.png 80w\" sizes=\"(max-width: 150px) 100vw, 150px\" \/><\/a>Taller de percusi\u00f3n con materiales reciclados<\/strong>: el ritmo nos conecta con lo dem\u00e1s. De esta forma, aprenderemos a trabajar en grupo mediante la percusi\u00f3n y el control de diferentes ritmos b\u00e1sicos; fomentando as\u00ed la coordinaci\u00f3n, ritmo, creatividad, compa\u00f1erismo, etc.<\/p>\n<p>&nbsp;<\/p>\n<p style=\"text-align: justify\"><strong><a href=\"https:\/\/blogsaverroes.juntadeandalucia.es\/cprlosrios\/files\/2023\/11\/Dise\u00f1o-sin-t\u00edtulo-2.png\"><img loading=\"lazy\" decoding=\"async\" class=\"alignnone wp-image-6706 size-thumbnail\" src=\"https:\/\/blogsaverroes.juntadeandalucia.es\/cprlosrios\/files\/2023\/11\/Dise\u00f1o-sin-t\u00edtulo-2-e1699642657828-150x150.png\" alt=\"\" width=\"150\" height=\"150\" srcset=\"https:\/\/blogsaverroes.juntadeandalucia.es\/cprlosrios\/files\/2023\/11\/Dise\u00f1o-sin-t\u00edtulo-2-e1699642657828-150x150.png 150w, https:\/\/blogsaverroes.juntadeandalucia.es\/cprlosrios\/files\/2023\/11\/Dise\u00f1o-sin-t\u00edtulo-2-e1699642657828-80x80.png 80w\" sizes=\"(max-width: 150px) 100vw, 150px\" \/><\/a>Taller acrodanza<\/strong>: este taller pretende conectarnos con nuestro cuerpo, ritmo, coordinaci\u00f3n y emociones. A trav\u00e9s del baile y la expresi\u00f3n corporal podemos trabajar la psicomotricidad al mismo tiempo que conecta con el grupo, en un espacio de distensi\u00f3n y diversi\u00f3n.<\/p>\n<p style=\"text-align: justify\"><strong><a href=\"https:\/\/blogsaverroes.juntadeandalucia.es\/cprlosrios\/files\/2023\/11\/Dise\u00f1o-sin-t\u00edtulo-1.png\"><img loading=\"lazy\" decoding=\"async\" class=\"alignnone wp-image-6707 size-thumbnail\" src=\"https:\/\/blogsaverroes.juntadeandalucia.es\/cprlosrios\/files\/2023\/11\/Dise\u00f1o-sin-t\u00edtulo-1-e1699642758940-150x150.png\" alt=\"\" width=\"150\" height=\"150\" srcset=\"https:\/\/blogsaverroes.juntadeandalucia.es\/cprlosrios\/files\/2023\/11\/Dise\u00f1o-sin-t\u00edtulo-1-e1699642758940-150x150.png 150w, https:\/\/blogsaverroes.juntadeandalucia.es\/cprlosrios\/files\/2023\/11\/Dise\u00f1o-sin-t\u00edtulo-1-e1699642758940-80x80.png 80w, https:\/\/blogsaverroes.juntadeandalucia.es\/cprlosrios\/files\/2023\/11\/Dise\u00f1o-sin-t\u00edtulo-1-e1699642758940.png 262w\" sizes=\"(max-width: 150px) 100vw, 150px\" \/><\/a>Taller de reciclaje artesanal<\/strong>: este es un taller de reciclaje, en el que trabajaremos como poder transformar y reutilizar tetrabriks, convirti\u00e9ndolos en carteras. Trabajando de manera transversal la importancia del reciclaje y aportando al alumnado una nueva visi\u00f3n de c\u00f3mo poder reutilizar cosas de la vida cotidiana.<\/p>\n<p style=\"text-align: justify\"><strong><a href=\"https:\/\/blogsaverroes.juntadeandalucia.es\/cprlosrios\/files\/2023\/11\/Dise\u00f1o-sin-t\u00edtulo-3.png\"><img loading=\"lazy\" decoding=\"async\" class=\"alignnone wp-image-6705 size-thumbnail\" src=\"https:\/\/blogsaverroes.juntadeandalucia.es\/cprlosrios\/files\/2023\/11\/Dise\u00f1o-sin-t\u00edtulo-3-e1699642970641-150x150.png\" alt=\"\" width=\"150\" height=\"150\" srcset=\"https:\/\/blogsaverroes.juntadeandalucia.es\/cprlosrios\/files\/2023\/11\/Dise\u00f1o-sin-t\u00edtulo-3-e1699642970641-150x150.png 150w, https:\/\/blogsaverroes.juntadeandalucia.es\/cprlosrios\/files\/2023\/11\/Dise\u00f1o-sin-t\u00edtulo-3-e1699642970641-80x80.png 80w\" sizes=\"(max-width: 150px) 100vw, 150px\" \/><\/a>Taller de Huerto Urbano<\/strong>: creamos un huerto ecol\u00f3gico basado en la Permacultura. Trabajamos transversalmente la biodiversidad, reutilizaci\u00f3n, consumo local, ecolog\u00eda, etc. El huerto se realizar\u00e1 en una zona de naturaleza dentro del centro.<\/p>\n<p style=\"text-align: justify\"><strong><a href=\"https:\/\/blogsaverroes.juntadeandalucia.es\/cprlosrios\/files\/2023\/11\/Dise\u00f1o-sin-t\u00edtulo-4.png\"><img loading=\"lazy\" decoding=\"async\" class=\"alignnone wp-image-6704 size-thumbnail\" src=\"https:\/\/blogsaverroes.juntadeandalucia.es\/cprlosrios\/files\/2023\/11\/Dise\u00f1o-sin-t\u00edtulo-4-e1699643036121-150x150.png\" alt=\"\" width=\"150\" height=\"150\" srcset=\"https:\/\/blogsaverroes.juntadeandalucia.es\/cprlosrios\/files\/2023\/11\/Dise\u00f1o-sin-t\u00edtulo-4-e1699643036121-150x150.png 150w, https:\/\/blogsaverroes.juntadeandalucia.es\/cprlosrios\/files\/2023\/11\/Dise\u00f1o-sin-t\u00edtulo-4-e1699643036121-80x80.png 80w, https:\/\/blogsaverroes.juntadeandalucia.es\/cprlosrios\/files\/2023\/11\/Dise\u00f1o-sin-t\u00edtulo-4-e1699643036121.png 265w\" sizes=\"(max-width: 150px) 100vw, 150px\" \/><\/a>Taller de Rueda de arom\u00e1ticas<\/strong>: construiremos una estructura de plantas arom\u00e1ticas, usando ruedas recicladas. Con este taller fomentamos la reutilizaci\u00f3n y su importancia para el medioambiente.<\/p>\n<p style=\"text-align: justify\"><strong><a href=\"https:\/\/blogsaverroes.juntadeandalucia.es\/cprlosrios\/files\/2023\/11\/Dise\u00f1o-sin-t\u00edtulo-5.png\"><img loading=\"lazy\" decoding=\"async\" class=\"alignnone wp-image-6703 size-thumbnail\" src=\"https:\/\/blogsaverroes.juntadeandalucia.es\/cprlosrios\/files\/2023\/11\/Dise\u00f1o-sin-t\u00edtulo-5-e1699643277199-150x150.png\" alt=\"\" width=\"150\" height=\"150\" srcset=\"https:\/\/blogsaverroes.juntadeandalucia.es\/cprlosrios\/files\/2023\/11\/Dise\u00f1o-sin-t\u00edtulo-5-e1699643277199-150x150.png 150w, https:\/\/blogsaverroes.juntadeandalucia.es\/cprlosrios\/files\/2023\/11\/Dise\u00f1o-sin-t\u00edtulo-5-e1699643277199-80x80.png 80w, https:\/\/blogsaverroes.juntadeandalucia.es\/cprlosrios\/files\/2023\/11\/Dise\u00f1o-sin-t\u00edtulo-5-e1699643277199.png 263w\" sizes=\"(max-width: 150px) 100vw, 150px\" \/><\/a>Taller de Yoga e iniciaci\u00f3n al acroyoga<\/strong>: el yoga conecta con nosotros mismos, con nuestro cuerpo, desarrollando un estado de mayor presencia y paz. Nos ayuda a mejorar la coordinaci\u00f3n, la autonom\u00eda y las relaciones con el grupo.<\/p>\n<p style=\"text-align: justify\"><strong><a href=\"https:\/\/blogsaverroes.juntadeandalucia.es\/cprlosrios\/files\/2023\/11\/Dise\u00f1o-sin-t\u00edtulo-6.png\"><img loading=\"lazy\" decoding=\"async\" class=\"alignnone wp-image-6702 size-thumbnail\" src=\"https:\/\/blogsaverroes.juntadeandalucia.es\/cprlosrios\/files\/2023\/11\/Dise\u00f1o-sin-t\u00edtulo-6-e1699643359639-150x150.png\" alt=\"\" width=\"150\" height=\"150\" srcset=\"https:\/\/blogsaverroes.juntadeandalucia.es\/cprlosrios\/files\/2023\/11\/Dise\u00f1o-sin-t\u00edtulo-6-e1699643359639-150x150.png 150w, https:\/\/blogsaverroes.juntadeandalucia.es\/cprlosrios\/files\/2023\/11\/Dise\u00f1o-sin-t\u00edtulo-6-e1699643359639-80x80.png 80w, https:\/\/blogsaverroes.juntadeandalucia.es\/cprlosrios\/files\/2023\/11\/Dise\u00f1o-sin-t\u00edtulo-6-e1699643359639.png 265w\" sizes=\"(max-width: 150px) 100vw, 150px\" \/><\/a>Taller expresi\u00f3n corporal y danza inclusiva<\/strong>: este taller pretende conectarnos con nuestro cuerpo, ritmo, coordinaci\u00f3n y emociones. A trav\u00e9s del baile y la expresi\u00f3n corporal podemos trabajar la psicomotricidad al mismo tiempo que conecta con el grupo, en un espacio de distensi\u00f3n y diversi\u00f3n.<\/p>\n","protected":false},"excerpt":{"rendered":"<p>La finalidad primordial de este proyecto, nuevo en el centro, es proporcionar a los estudiantes experiencias educativas innovadoras y gratificantes, implementando intervenciones que estimulen e integren especialmente a aquellos con mayor riesgo de dejar&#46;&#46;&#46;<\/p>\n","protected":false},"author":5849,"featured_media":0,"parent":0,"menu_order":0,"comment_status":"closed","ping_status":"closed","template":"","meta":{"ngg_post_thumbnail":0,"footnotes":"","_mc_calendar":[]},"aioseo_notices":[],"_links":{"self":[{"href":"https:\/\/blogsaverroes.juntadeandalucia.es\/cprlosrios\/wp-json\/wp\/v2\/pages\/6700"}],"collection":[{"href":"https:\/\/blogsaverroes.juntadeandalucia.es\/cprlosrios\/wp-json\/wp\/v2\/pages"}],"about":[{"href":"https:\/\/blogsaverroes.juntadeandalucia.es\/cprlosrios\/wp-json\/wp\/v2\/types\/page"}],"author":[{"embeddable":true,"href":"https:\/\/blogsaverroes.juntadeandalucia.es\/cprlosrios\/wp-json\/wp\/v2\/users\/5849"}],"replies":[{"embeddable":true,"href":"https:\/\/blogsaverroes.juntadeandalucia.es\/cprlosrios\/wp-json\/wp\/v2\/comments?post=6700"}],"version-history":[{"count":2,"href":"https:\/\/blogsaverroes.juntadeandalucia.es\/cprlosrios\/wp-json\/wp\/v2\/pages\/6700\/revisions"}],"predecessor-version":[{"id":6715,"href":"https:\/\/blogsaverroes.juntadeandalucia.es\/cprlosrios\/wp-json\/wp\/v2\/pages\/6700\/revisions\/6715"}],"wp:attachment":[{"href":"https:\/\/blogsaverroes.juntadeandalucia.es\/cprlosrios\/wp-json\/wp\/v2\/media?parent=6700"}],"curies":[{"name":"wp","href":"https:\/\/api.w.org\/{rel}","templated":true}]}}