{"id":9315,"date":"2025-11-18T12:39:51","date_gmt":"2025-11-18T12:39:51","guid":{"rendered":"https:\/\/blogsaverroes.juntadeandalucia.es\/cprlosrios\/?page_id=9315"},"modified":"2026-04-15T07:19:40","modified_gmt":"2026-04-15T07:19:40","slug":"onda-los-rios","status":"publish","type":"page","link":"https:\/\/blogsaverroes.juntadeandalucia.es\/cprlosrios\/onda-los-rios\/","title":{"rendered":"ONDA LOS R\u00cdOS"},"content":{"rendered":"<h2 style=\"text-align: center\">ONDA LOS R\u00cdOS&#8230; DONDE APRENDER, SUENA MEJOR!!!<\/h2>\n<p style=\"text-align: justify\" data-path-to-node=\"3\">Nos hace much\u00edsima ilusi\u00f3n presentaros <b>Onda Los R\u00edos<\/b>, el nuevo taller de radio de nuestro <a href=\"https:\/\/blogsaverroes.juntadeandalucia.es\/cprlosrios\/files\/2025\/11\/sin-fondo.png\"><img loading=\"lazy\" decoding=\"async\" class=\" wp-image-9312 alignright\" src=\"https:\/\/blogsaverroes.juntadeandalucia.es\/cprlosrios\/files\/2025\/11\/sin-fondo.png\" alt=\"\" width=\"166\" height=\"186\" srcset=\"https:\/\/blogsaverroes.juntadeandalucia.es\/cprlosrios\/files\/2025\/11\/sin-fondo.png 738w, https:\/\/blogsaverroes.juntadeandalucia.es\/cprlosrios\/files\/2025\/11\/sin-fondo-267x300.png 267w\" sizes=\"(max-width: 166px) 100vw, 166px\" \/><\/a>C.P.R. que llega con m\u00e1s energ\u00eda que un recreo largo. Bajo nuestro lema <b>\u00abDonde aprender, suena mejor!!!\u00bb<\/b>, hemos convertido las aulas de nuestras dos localidades en verdaderos estudios de grabaci\u00f3n donde la verg\u00fcenza se queda fuera y las ganas de aprender entran por la puerta grande. \u00a1Tiembla, radio nacional, que llega nuestra cantera!<\/p>\n<p style=\"text-align: justify\" data-path-to-node=\"4\">A partir de ahora, nuestros reporteros y locutores m\u00e1s dicharacheros (o sea, vuestros hijos e hijas) ir\u00e1n compartiendo podcasts incre\u00edbles para que disfrut\u00e9is en familia. Prep\u00e1rense para escuchar de todo: desde entrevistas exclusivas hasta cuentos narrados con mucha pasi\u00f3n.<\/p>\n<p style=\"text-align: justify\" data-path-to-node=\"4\">\u00a1No se pierdan nuestras pr\u00f3ximas emisiones, porque aqu\u00ed venimos a aprender, a re\u00edr y a darle voz a nuestro cole!<\/p>\n<p data-path-to-node=\"4\">&nbsp;<\/p>\n<!--[if lt IE 9]><script>document.createElement('audio');<\/script><![endif]-->\n\t<div class=\"wp-playlist wp-audio-playlist wp-playlist-light\">\n\t\t\t<div class=\"wp-playlist-current-item\"><\/div>\n\t\t<audio controls=\"controls\" preload=\"none\" width=\"640\"\n\t\t\t><\/audio>\n\t<div class=\"wp-playlist-next\"><\/div>\n\t<div class=\"wp-playlist-prev\"><\/div>\n\t<noscript>\n\t<ol>\n\t\t<li><a href='https:\/\/blogsaverroes.juntadeandalucia.es\/cprlosrios\/files\/2025\/11\/1.BIENVENIDA-al-Nuevo-Curso-25-26.mp3'>BIENVENIDA al Nuevo Curso 25-26<\/a><\/li><li><a href='https:\/\/blogsaverroes.juntadeandalucia.es\/cprlosrios\/files\/2025\/11\/2.POEMA-DEL-OTONO.mp3'>POEMA DEL OTON\u0303O<\/a><\/li><li><a href='https:\/\/blogsaverroes.juntadeandalucia.es\/cprlosrios\/files\/2025\/11\/3.CUENTO-LA-LINTERNA-DE-ZAID.mp3'>CUENTO LA LINTERNA DE ZAID<\/a><\/li><li><a href='https:\/\/blogsaverroes.juntadeandalucia.es\/cprlosrios\/files\/2025\/11\/4.VISITA-A-MERCAGRANADA-.mp3'>VISITA A MERCAGRANADA<\/a><\/li><li><a href='https:\/\/blogsaverroes.juntadeandalucia.es\/cprlosrios\/files\/2025\/11\/5.CHARLA-SOBRE-REDES-SOCIALES.mp3'>CHARLA SOBRE REDES SOCIALES<\/a><\/li><li><a href='https:\/\/blogsaverroes.juntadeandalucia.es\/cprlosrios\/files\/2025\/11\/6.DIA-DEL-FLAMENCO.mp3'>DIA DEL FLAMENCO<\/a><\/li><li><a href='https:\/\/blogsaverroes.juntadeandalucia.es\/cprlosrios\/files\/2025\/12\/7.-Felicitacion-Navidad.mp3'>FELICITACI\u00d3N NAVIDAD<\/a><\/li><li><a href='https:\/\/blogsaverroes.juntadeandalucia.es\/cprlosrios\/files\/2026\/03\/Wangari.mp3'>WANGARI<\/a><\/li><li><a href='https:\/\/blogsaverroes.juntadeandalucia.es\/cprlosrios\/files\/2026\/04\/Plan-Director.mp3'>PLAN DIRECTOR<\/a><\/li>\t<\/ol>\n\t<\/noscript>\n\t<script type=\"application\/json\" class=\"wp-playlist-script\">{\"type\":\"audio\",\"tracklist\":true,\"tracknumbers\":true,\"images\":false,\"artists\":true,\"tracks\":[{\"src\":\"https:\\\/\\\/blogsaverroes.juntadeandalucia.es\\\/cprlosrios\\\/files\\\/2025\\\/11\\\/1.BIENVENIDA-al-Nuevo-Curso-25-26.mp3\",\"type\":\"audio\\\/mpeg\",\"title\":\"BIENVENIDA al Nuevo Curso 25-26\",\"caption\":\"\",\"description\":\"\\u00ab1.BIENVENIDA al Nuevo Curso 25-26\\u00bb.\",\"meta\":{\"length_formatted\":\"0:30\"},\"image\":{\"src\":\"https:\\\/\\\/blogsaverroes.juntadeandalucia.es\\\/cprlosrios\\\/wp-includes\\\/images\\\/media\\\/audio.png\",\"width\":48,\"height\":64},\"thumb\":{\"src\":\"https:\\\/\\\/blogsaverroes.juntadeandalucia.es\\\/cprlosrios\\\/wp-includes\\\/images\\\/media\\\/audio.png\",\"width\":48,\"height\":64}},{\"src\":\"https:\\\/\\\/blogsaverroes.juntadeandalucia.es\\\/cprlosrios\\\/files\\\/2025\\\/11\\\/2.POEMA-DEL-OTONO.mp3\",\"type\":\"audio\\\/mpeg\",\"title\":\"POEMA DEL OTON\\u0303O\",\"caption\":\"\",\"description\":\"\\u00ab2.POEMA DEL OTON\\u0303O\\u00bb.\",\"meta\":{\"length_formatted\":\"1:05\"},\"image\":{\"src\":\"https:\\\/\\\/blogsaverroes.juntadeandalucia.es\\\/cprlosrios\\\/wp-includes\\\/images\\\/media\\\/audio.png\",\"width\":48,\"height\":64},\"thumb\":{\"src\":\"https:\\\/\\\/blogsaverroes.juntadeandalucia.es\\\/cprlosrios\\\/wp-includes\\\/images\\\/media\\\/audio.png\",\"width\":48,\"height\":64}},{\"src\":\"https:\\\/\\\/blogsaverroes.juntadeandalucia.es\\\/cprlosrios\\\/files\\\/2025\\\/11\\\/3.CUENTO-LA-LINTERNA-DE-ZAID.mp3\",\"type\":\"audio\\\/mpeg\",\"title\":\"CUENTO LA LINTERNA DE ZAID\",\"caption\":\"\",\"description\":\"\\u00ab3.CUENTO LA LINTERNA DE ZAID\\u00bb.\",\"meta\":{\"length_formatted\":\"2:08\"},\"image\":{\"src\":\"https:\\\/\\\/blogsaverroes.juntadeandalucia.es\\\/cprlosrios\\\/wp-includes\\\/images\\\/media\\\/audio.png\",\"width\":48,\"height\":64},\"thumb\":{\"src\":\"https:\\\/\\\/blogsaverroes.juntadeandalucia.es\\\/cprlosrios\\\/wp-includes\\\/images\\\/media\\\/audio.png\",\"width\":48,\"height\":64}},{\"src\":\"https:\\\/\\\/blogsaverroes.juntadeandalucia.es\\\/cprlosrios\\\/files\\\/2025\\\/11\\\/4.VISITA-A-MERCAGRANADA-.mp3\",\"type\":\"audio\\\/mpeg\",\"title\":\"VISITA A MERCAGRANADA\",\"caption\":\"\",\"description\":\"\\u00ab4.VISITA A MERCAGRANADA\\u00bb.\",\"meta\":{\"length_formatted\":\"2:51\"},\"image\":{\"src\":\"https:\\\/\\\/blogsaverroes.juntadeandalucia.es\\\/cprlosrios\\\/wp-includes\\\/images\\\/media\\\/audio.png\",\"width\":48,\"height\":64},\"thumb\":{\"src\":\"https:\\\/\\\/blogsaverroes.juntadeandalucia.es\\\/cprlosrios\\\/wp-includes\\\/images\\\/media\\\/audio.png\",\"width\":48,\"height\":64}},{\"src\":\"https:\\\/\\\/blogsaverroes.juntadeandalucia.es\\\/cprlosrios\\\/files\\\/2025\\\/11\\\/5.CHARLA-SOBRE-REDES-SOCIALES.mp3\",\"type\":\"audio\\\/mpeg\",\"title\":\"CHARLA SOBRE REDES SOCIALES\",\"caption\":\"\",\"description\":\"\\u00ab5.CHARLA SOBRE REDES SOCIALES\\u00bb.\",\"meta\":{\"length_formatted\":\"2:02\"},\"image\":{\"src\":\"https:\\\/\\\/blogsaverroes.juntadeandalucia.es\\\/cprlosrios\\\/wp-includes\\\/images\\\/media\\\/audio.png\",\"width\":48,\"height\":64},\"thumb\":{\"src\":\"https:\\\/\\\/blogsaverroes.juntadeandalucia.es\\\/cprlosrios\\\/wp-includes\\\/images\\\/media\\\/audio.png\",\"width\":48,\"height\":64}},{\"src\":\"https:\\\/\\\/blogsaverroes.juntadeandalucia.es\\\/cprlosrios\\\/files\\\/2025\\\/11\\\/6.DIA-DEL-FLAMENCO.mp3\",\"type\":\"audio\\\/mpeg\",\"title\":\"DIA DEL FLAMENCO\",\"caption\":\"\",\"description\":\"\\u00ab6.DIA DEL FLAMENCO\\u00bb.\",\"meta\":{\"length_formatted\":\"2:29\"},\"image\":{\"src\":\"https:\\\/\\\/blogsaverroes.juntadeandalucia.es\\\/cprlosrios\\\/wp-includes\\\/images\\\/media\\\/audio.png\",\"width\":48,\"height\":64},\"thumb\":{\"src\":\"https:\\\/\\\/blogsaverroes.juntadeandalucia.es\\\/cprlosrios\\\/wp-includes\\\/images\\\/media\\\/audio.png\",\"width\":48,\"height\":64}},{\"src\":\"https:\\\/\\\/blogsaverroes.juntadeandalucia.es\\\/cprlosrios\\\/files\\\/2025\\\/12\\\/7.-Felicitacion-Navidad.mp3\",\"type\":\"audio\\\/mpeg\",\"title\":\"FELICITACI\\u00d3N NAVIDAD\",\"caption\":\"\",\"description\":\"\\u00ab7. Felicitaci\\u00f3n Navidad\\u00bb.\",\"meta\":{\"length_formatted\":\"0:46\"},\"image\":{\"src\":\"https:\\\/\\\/blogsaverroes.juntadeandalucia.es\\\/cprlosrios\\\/wp-includes\\\/images\\\/media\\\/audio.png\",\"width\":48,\"height\":64},\"thumb\":{\"src\":\"https:\\\/\\\/blogsaverroes.juntadeandalucia.es\\\/cprlosrios\\\/wp-includes\\\/images\\\/media\\\/audio.png\",\"width\":48,\"height\":64}},{\"src\":\"https:\\\/\\\/blogsaverroes.juntadeandalucia.es\\\/cprlosrios\\\/files\\\/2026\\\/03\\\/Wangari.mp3\",\"type\":\"audio\\\/mpeg\",\"title\":\"WANGARI\",\"caption\":\"\",\"description\":\"\\u00abWangari\\u00bb.\",\"meta\":{\"length_formatted\":\"3:57\"},\"image\":{\"src\":\"https:\\\/\\\/blogsaverroes.juntadeandalucia.es\\\/cprlosrios\\\/wp-includes\\\/images\\\/media\\\/audio.png\",\"width\":48,\"height\":64},\"thumb\":{\"src\":\"https:\\\/\\\/blogsaverroes.juntadeandalucia.es\\\/cprlosrios\\\/wp-includes\\\/images\\\/media\\\/audio.png\",\"width\":48,\"height\":64}},{\"src\":\"https:\\\/\\\/blogsaverroes.juntadeandalucia.es\\\/cprlosrios\\\/files\\\/2026\\\/04\\\/Plan-Director.mp3\",\"type\":\"audio\\\/mpeg\",\"title\":\"PLAN DIRECTOR\",\"caption\":\"\",\"description\":\"\\u00abPlan Director\\u00bb.\",\"meta\":{\"length_formatted\":\"3:02\"},\"image\":{\"src\":\"https:\\\/\\\/blogsaverroes.juntadeandalucia.es\\\/cprlosrios\\\/wp-includes\\\/images\\\/media\\\/audio.png\",\"width\":48,\"height\":64},\"thumb\":{\"src\":\"https:\\\/\\\/blogsaverroes.juntadeandalucia.es\\\/cprlosrios\\\/wp-includes\\\/images\\\/media\\\/audio.png\",\"width\":48,\"height\":64}}]}<\/script>\n<\/div>\n\t\n","protected":false},"excerpt":{"rendered":"<p>ONDA LOS R\u00cdOS&#8230; DONDE APRENDER, SUENA MEJOR!!! Nos hace much\u00edsima ilusi\u00f3n presentaros Onda Los R\u00edos, el nuevo taller de radio de nuestro C.P.R. que llega con m\u00e1s energ\u00eda que un recreo largo. Bajo nuestro&#46;&#46;&#46;<\/p>\n","protected":false},"author":5849,"featured_media":0,"parent":0,"menu_order":0,"comment_status":"closed","ping_status":"closed","template":"","meta":{"ngg_post_thumbnail":0,"footnotes":"","_mc_calendar":[]},"aioseo_notices":[],"_links":{"self":[{"href":"https:\/\/blogsaverroes.juntadeandalucia.es\/cprlosrios\/wp-json\/wp\/v2\/pages\/9315"}],"collection":[{"href":"https:\/\/blogsaverroes.juntadeandalucia.es\/cprlosrios\/wp-json\/wp\/v2\/pages"}],"about":[{"href":"https:\/\/blogsaverroes.juntadeandalucia.es\/cprlosrios\/wp-json\/wp\/v2\/types\/page"}],"author":[{"embeddable":true,"href":"https:\/\/blogsaverroes.juntadeandalucia.es\/cprlosrios\/wp-json\/wp\/v2\/users\/5849"}],"replies":[{"embeddable":true,"href":"https:\/\/blogsaverroes.juntadeandalucia.es\/cprlosrios\/wp-json\/wp\/v2\/comments?post=9315"}],"version-history":[{"count":7,"href":"https:\/\/blogsaverroes.juntadeandalucia.es\/cprlosrios\/wp-json\/wp\/v2\/pages\/9315\/revisions"}],"predecessor-version":[{"id":10279,"href":"https:\/\/blogsaverroes.juntadeandalucia.es\/cprlosrios\/wp-json\/wp\/v2\/pages\/9315\/revisions\/10279"}],"wp:attachment":[{"href":"https:\/\/blogsaverroes.juntadeandalucia.es\/cprlosrios\/wp-json\/wp\/v2\/media?parent=9315"}],"curies":[{"name":"wp","href":"https:\/\/api.w.org\/{rel}","templated":true}]}}