{"id":330,"date":"2020-02-11T13:07:32","date_gmt":"2020-02-11T12:07:32","guid":{"rendered":"http:\/\/blogsaverroes.juntadeandalucia.es\/pre\/nuevoceipv2\/?page_id=330"},"modified":"2021-08-15T18:12:07","modified_gmt":"2021-08-15T17:12:07","slug":"novedades","status":"publish","type":"page","link":"https:\/\/blogsaverroes.juntadeandalucia.es\/cprmontechullo\/novedades\/","title":{"rendered":"Novedades"},"content":{"rendered":"<p>[et_pb_section fb_built=&#8221;1&#8243; _builder_version=&#8221;3.22&#8243; admin_label=&#8221;Secci\u00f3n&#8221; collapsed=&#8221;off&#8221;][et_pb_row column_structure=&#8221;2_3,1_3&#8243; _builder_version=&#8221;3.25&#8243; background_size=&#8221;initial&#8221; background_position=&#8221;top_left&#8221; background_repeat=&#8221;repeat&#8221;][et_pb_column type=&#8221;2_3&#8243; _builder_version=&#8221;3.25&#8243; custom_padding=&#8221;|||&#8221; custom_padding__hover=&#8221;|||&#8221;][et_pb_text _builder_version=&#8221;3.27.4&#8243; background_size=&#8221;initial&#8221; background_position=&#8221;top_left&#8221; background_repeat=&#8221;repeat&#8221;]<div class=\"pt-cv-wrapper et_smooth_scroll_disabled\"><div class=\"pt-cv-view pt-cv-grid pt-cv-colsys\" id=\"pt-cv-view-6a2900dq7z\"><div data-id=\"pt-cv-page-1\" class=\"pt-cv-page\" data-cvc=\"3\"><div class=\"col-md-4 col-sm-6 col-xs-12 pt-cv-content-item pt-cv-1-col\" ><div class='pt-cv-ifield'><a href=\"https:\/\/blogsaverroes.juntadeandalucia.es\/cprmontechullo\/calendario-escolar-22-23\/\" class=\"_self pt-cv-href-thumbnail pt-cv-thumb-default\" target=\"_self\" ><img loading=\"lazy\" decoding=\"async\" width=\"400\" height=\"250\" src=\"https:\/\/blogsaverroes.juntadeandalucia.es\/cprmontechullo\/files\/2020\/01\/life-coach-27-400x250.jpg\" class=\"pt-cv-thumbnail\" alt=\"\" \/><\/a>\n<h4 class=\"pt-cv-title\"><a href=\"https:\/\/blogsaverroes.juntadeandalucia.es\/cprmontechullo\/calendario-escolar-22-23\/\" class=\"_self\" target=\"_self\" >CALENDARIO ESCOLAR 22-23.<\/a><\/h4>\n<div class=\"pt-cv-content\"><a href=\"https:\/\/blogsaverroes.juntadeandalucia.es\/cprmontechullo\/files\/2020\/02\/Cuadro-resumen-Calendario-22-23.pdf\">Cuadro resumen Calendario 22-23<\/a> ...<br \/><div class=\"pt-cv-rmwrap\"><a href=\"https:\/\/blogsaverroes.juntadeandalucia.es\/cprmontechullo\/calendario-escolar-22-23\/\" class=\"_self pt-cv-readmore btn btn-success\" target=\"_self\">Leer M\u00e1s<\/a><\/div><\/div><\/div><\/div>\n<div class=\"col-md-4 col-sm-6 col-xs-12 pt-cv-content-item pt-cv-1-col\" ><div class='pt-cv-ifield'><a href=\"https:\/\/blogsaverroes.juntadeandalucia.es\/cprmontechullo\/celebracion-dia-de-andalucia-2021\/\" class=\"_self pt-cv-href-thumbnail pt-cv-thumb-default\" target=\"_self\" ><img loading=\"lazy\" decoding=\"async\" width=\"400\" height=\"250\" src=\"https:\/\/blogsaverroes.juntadeandalucia.es\/cprmontechullo\/files\/2020\/01\/graduation-995042_1920-400x250.jpg\" class=\"pt-cv-thumbnail\" alt=\"\" \/><\/a>\n<h4 class=\"pt-cv-title\"><a href=\"https:\/\/blogsaverroes.juntadeandalucia.es\/cprmontechullo\/celebracion-dia-de-andalucia-2021\/\" class=\"_self\" target=\"_self\" >Celebraci\u00f3n D\u00eda de Andaluc\u00eda 2021<\/a><\/h4>\n<div class=\"pt-cv-content\"> ...<br \/><div class=\"pt-cv-rmwrap\"><a href=\"https:\/\/blogsaverroes.juntadeandalucia.es\/cprmontechullo\/celebracion-dia-de-andalucia-2021\/\" class=\"_self pt-cv-readmore btn btn-success\" target=\"_self\">Leer M\u00e1s<\/a><\/div><\/div><\/div><\/div>\n<div class=\"col-md-4 col-sm-6 col-xs-12 pt-cv-content-item pt-cv-1-col\" ><div class='pt-cv-ifield'><a href=\"https:\/\/blogsaverroes.juntadeandalucia.es\/cprmontechullo\/protocolo-covid\/\" class=\"_self pt-cv-href-thumbnail pt-cv-thumb-default\" target=\"_self\" ><img loading=\"lazy\" decoding=\"async\" width=\"400\" height=\"250\" src=\"https:\/\/blogsaverroes.juntadeandalucia.es\/cprmontechullo\/files\/2020\/01\/cabecera-interior-4-400x250.jpg\" class=\"pt-cv-thumbnail\" alt=\"\" \/><\/a>\n<h4 class=\"pt-cv-title\"><a href=\"https:\/\/blogsaverroes.juntadeandalucia.es\/cprmontechullo\/protocolo-covid\/\" class=\"_self\" target=\"_self\" >PROTOCOLO COVID.<\/a><\/h4>\n<div class=\"pt-cv-content\"><a href=\"https:\/\/blogsaverroes.juntadeandalucia.es\/cprmontechullo\/files\/2021\/08\/PROTOCOLO20COVID-1920CPR20MONTE20CHULLO.2020-21.pdf\">PROTOCOLOCOVID-19CPRMONTECHULLO.20-21<\/a> ...<br \/><div class=\"pt-cv-rmwrap\"><a href=\"https:\/\/blogsaverroes.juntadeandalucia.es\/cprmontechullo\/protocolo-covid\/\" class=\"_self pt-cv-readmore btn btn-success\" target=\"_self\">Leer M\u00e1s<\/a><\/div><\/div><\/div><\/div>\n<div class=\"col-md-4 col-sm-6 col-xs-12 pt-cv-content-item pt-cv-1-col\" ><div class='pt-cv-ifield'><a href=\"https:\/\/blogsaverroes.juntadeandalucia.es\/cprmontechullo\/reunion-de-inicio-de-curso-para-las-familias-de-5-anos\/\" class=\"_self pt-cv-href-thumbnail pt-cv-thumb-default\" target=\"_self\" ><img loading=\"lazy\" decoding=\"async\" width=\"400\" height=\"250\" src=\"https:\/\/blogsaverroes.juntadeandalucia.es\/cprmontechullo\/files\/2020\/01\/Lucy-y-Zacar\u00edas-1024x553-1-400x250.jpeg\" class=\"pt-cv-thumbnail\" alt=\"\" \/><\/a>\n<h4 class=\"pt-cv-title\"><a href=\"https:\/\/blogsaverroes.juntadeandalucia.es\/cprmontechullo\/reunion-de-inicio-de-curso-para-las-familias-de-5-anos\/\" class=\"_self\" target=\"_self\" >Reuni\u00f3n de inicio de curso para las familias de 5 a\u00f1os<\/a><\/h4>\n<div class=\"pt-cv-content\">Lorem ipsum dolor sit amet, consectetur adipiscing elit. Pellentesque a neque eu urna dictum feugiat ...<br \/><div class=\"pt-cv-rmwrap\"><a href=\"https:\/\/blogsaverroes.juntadeandalucia.es\/cprmontechullo\/reunion-de-inicio-de-curso-para-las-familias-de-5-anos\/\" class=\"_self pt-cv-readmore btn btn-success\" target=\"_self\">Leer M\u00e1s<\/a><\/div><\/div><\/div><\/div>\n<div class=\"col-md-4 col-sm-6 col-xs-12 pt-cv-content-item pt-cv-1-col\" ><div class='pt-cv-ifield'><a href=\"https:\/\/blogsaverroes.juntadeandalucia.es\/cprmontechullo\/convocatoria-asamblea-general-del-ampa\/\" class=\"_self pt-cv-href-thumbnail pt-cv-thumb-default\" target=\"_self\" ><img loading=\"lazy\" decoding=\"async\" width=\"400\" height=\"250\" src=\"https:\/\/blogsaverroes.juntadeandalucia.es\/cprmontechullo\/files\/2020\/01\/drg-400x250.jpg\" class=\"pt-cv-thumbnail\" alt=\"\" \/><\/a>\n<h4 class=\"pt-cv-title\"><a href=\"https:\/\/blogsaverroes.juntadeandalucia.es\/cprmontechullo\/convocatoria-asamblea-general-del-ampa\/\" class=\"_self\" target=\"_self\" >Convocatoria Asamblea General del AMPA<\/a><\/h4>\n<div class=\"pt-cv-content\">[et_pb_section admin_label=\"section\"] [et_pb_row admin_label=\"row\"] [et_pb_column type=\"4_4\"][et_pb_text admin_label=\"Text\"]El AMPA del Centro va a celebrar pr\u00f3ximamente elecciones ...<br \/><div class=\"pt-cv-rmwrap\"><a href=\"https:\/\/blogsaverroes.juntadeandalucia.es\/cprmontechullo\/convocatoria-asamblea-general-del-ampa\/\" class=\"_self pt-cv-readmore btn btn-success\" target=\"_self\">Leer M\u00e1s<\/a><\/div><\/div><\/div><\/div>\n<div class=\"col-md-4 col-sm-6 col-xs-12 pt-cv-content-item pt-cv-1-col\" ><div class='pt-cv-ifield'><a href=\"https:\/\/blogsaverroes.juntadeandalucia.es\/cprmontechullo\/nuevo-tutorial-sobre-el-uso-de-blogsaverroes\/\" class=\"_self pt-cv-href-thumbnail pt-cv-thumb-default\" target=\"_self\" ><img loading=\"lazy\" decoding=\"async\" width=\"400\" height=\"250\" src=\"https:\/\/blogsaverroes.juntadeandalucia.es\/cprmontechullo\/files\/2022\/07\/20220421_193243-400x250.jpg\" class=\"pt-cv-thumbnail\" alt=\"\" \/><\/a>\n<h4 class=\"pt-cv-title\"><a href=\"https:\/\/blogsaverroes.juntadeandalucia.es\/cprmontechullo\/nuevo-tutorial-sobre-el-uso-de-blogsaverroes\/\" class=\"_self\" target=\"_self\" >Nuevo tutorial sobre el uso de BlogsAverroes<\/a><\/h4>\n<div class=\"pt-cv-content\">[et_pb_section fb_built=\"1\" _builder_version=\"3.23.3\" inner_width_tablet=\"50px\" inner_max_width_tablet=\"50px\" custom_padding=\"0px||0px|\" z_index_tablet=\"500\" box_shadow_horizontal_tablet=\"0px\" box_shadow_vertical_tablet=\"0px\" box_shadow_blur_tablet=\"40px\" box_shadow_spread_tablet=\"0px\" global_colors_info=\"{}\" collapsed=\"off\"][et_pb_row _builder_version=\"3.25\" background_size=\"initial\" ...<br \/><div class=\"pt-cv-rmwrap\"><a href=\"https:\/\/blogsaverroes.juntadeandalucia.es\/cprmontechullo\/nuevo-tutorial-sobre-el-uso-de-blogsaverroes\/\" class=\"_self pt-cv-readmore btn btn-success\" target=\"_self\">Leer M\u00e1s<\/a><\/div><\/div><\/div><\/div><\/div><\/div><\/div>[\/et_pb_text][\/et_pb_column][et_pb_column type=&#8221;1_3&#8243; _builder_version=&#8221;3.25&#8243; custom_padding=&#8221;|||&#8221; custom_padding__hover=&#8221;|||&#8221;][et_pb_sidebar area=&#8221;sidebar-1&#8243; _builder_version=&#8221;3.23.3&#8243; z_index_tablet=&#8221;500&#8243; header_text_shadow_horizontal_length_tablet=&#8221;0px&#8221; header_text_shadow_vertical_length_tablet=&#8221;0px&#8221; header_text_shadow_blur_strength_tablet=&#8221;1px&#8221; body_text_shadow_horizontal_length_tablet=&#8221;0px&#8221; body_text_shadow_vertical_length_tablet=&#8221;0px&#8221; body_text_shadow_blur_strength_tablet=&#8221;1px&#8221; box_shadow_horizontal_tablet=&#8221;0px&#8221; box_shadow_vertical_tablet=&#8221;0px&#8221; box_shadow_blur_tablet=&#8221;40px&#8221; box_shadow_spread_tablet=&#8221;0px&#8221; text_shadow_horizontal_length_tablet=&#8221;0px&#8221; text_shadow_vertical_length_tablet=&#8221;0px&#8221; text_shadow_blur_strength_tablet=&#8221;1px&#8221;][\/et_pb_sidebar][et_pb_video _builder_version=&#8221;4.5.0&#8243; _module_preset=&#8221;default&#8221;][\/et_pb_video][\/et_pb_column][\/et_pb_row][\/et_pb_section]<\/p>\n","protected":false},"excerpt":{"rendered":"<div class=\"pt-cv-wrapper et_smooth_scroll_disabled\"><div class=\"pt-cv-view pt-cv-grid pt-cv-colsys\" id=\"pt-cv-view-6a2900dq7z\"><div data-id=\"pt-cv-page-1\" class=\"pt-cv-page\" data-cvc=\"3\"><div class=\"col-md-4 col-sm-6 col-xs-12 pt-cv-content-item pt-cv-1-col\" ><div class='pt-cv-ifield'><a href=\"https:\/\/blogsaverroes.juntadeandalucia.es\/cprmontechullo\/calendario-escolar-22-23\/\" class=\"_self pt-cv-href-thumbnail pt-cv-thumb-default\" target=\"_self\" ><img width=\"400\" height=\"250\" src=\"https:\/\/blogsaverroes.juntadeandalucia.es\/cprmontechullo\/files\/2020\/01\/life-coach-27-400x250.jpg\" class=\"pt-cv-thumbnail\" alt=\"\" decoding=\"async\" loading=\"lazy\" \/><\/a>\n<h4 class=\"pt-cv-title\"><a href=\"https:\/\/blogsaverroes.juntadeandalucia.es\/cprmontechullo\/calendario-escolar-22-23\/\" class=\"_self\" target=\"_self\" >CALENDARIO ESCOLAR 22-23.<\/a><\/h4>\n<div class=\"pt-cv-content\"><a href=\"https:\/\/blogsaverroes.juntadeandalucia.es\/cprmontechullo\/files\/2020\/02\/Cuadro-resumen-Calendario-22-23.pdf\">Cuadro resumen Calendario 22-23<\/a> ...<br \/><div class=\"pt-cv-rmwrap\"><a href=\"https:\/\/blogsaverroes.juntadeandalucia.es\/cprmontechullo\/calendario-escolar-22-23\/\" class=\"_self pt-cv-readmore btn btn-success\" target=\"_self\">Leer M\u00e1s<\/a><\/div><\/div><\/div><\/div>\n<div class=\"col-md-4 col-sm-6 col-xs-12 pt-cv-content-item pt-cv-1-col\" ><div class='pt-cv-ifield'><a href=\"https:\/\/blogsaverroes.juntadeandalucia.es\/cprmontechullo\/celebracion-dia-de-andalucia-2021\/\" class=\"_self pt-cv-href-thumbnail pt-cv-thumb-default\" target=\"_self\" ><img width=\"400\" height=\"250\" src=\"https:\/\/blogsaverroes.juntadeandalucia.es\/cprmontechullo\/files\/2020\/01\/graduation-995042_1920-400x250.jpg\" class=\"pt-cv-thumbnail\" alt=\"\" decoding=\"async\" loading=\"lazy\" \/><\/a>\n<h4 class=\"pt-cv-title\"><a href=\"https:\/\/blogsaverroes.juntadeandalucia.es\/cprmontechullo\/celebracion-dia-de-andalucia-2021\/\" class=\"_self\" target=\"_self\" >Celebraci\u00f3n D\u00eda de Andaluc\u00eda 2021<\/a><\/h4>\n<div class=\"pt-cv-content\"> ...<br \/><div class=\"pt-cv-rmwrap\"><a href=\"https:\/\/blogsaverroes.juntadeandalucia.es\/cprmontechullo\/celebracion-dia-de-andalucia-2021\/\" class=\"_self pt-cv-readmore btn btn-success\" target=\"_self\">Leer M\u00e1s<\/a><\/div><\/div><\/div><\/div>\n<div class=\"col-md-4 col-sm-6 col-xs-12 pt-cv-content-item pt-cv-1-col\" ><div class='pt-cv-ifield'><a href=\"https:\/\/blogsaverroes.juntadeandalucia.es\/cprmontechullo\/protocolo-covid\/\" class=\"_self pt-cv-href-thumbnail pt-cv-thumb-default\" target=\"_self\" ><img width=\"400\" height=\"250\" src=\"https:\/\/blogsaverroes.juntadeandalucia.es\/cprmontechullo\/files\/2020\/01\/cabecera-interior-4-400x250.jpg\" class=\"pt-cv-thumbnail\" alt=\"\" decoding=\"async\" loading=\"lazy\" \/><\/a>\n<h4 class=\"pt-cv-title\"><a href=\"https:\/\/blogsaverroes.juntadeandalucia.es\/cprmontechullo\/protocolo-covid\/\" class=\"_self\" target=\"_self\" >PROTOCOLO COVID.<\/a><\/h4>\n<div class=\"pt-cv-content\"><a href=\"https:\/\/blogsaverroes.juntadeandalucia.es\/cprmontechullo\/files\/2021\/08\/PROTOCOLO20COVID-1920CPR20MONTE20CHULLO.2020-21.pdf\">PROTOCOLOCOVID-19CPRMONTECHULLO.20-21<\/a> ...<br \/><div class=\"pt-cv-rmwrap\"><a href=\"https:\/\/blogsaverroes.juntadeandalucia.es\/cprmontechullo\/protocolo-covid\/\" class=\"_self pt-cv-readmore btn btn-success\" target=\"_self\">Leer M\u00e1s<\/a><\/div><\/div><\/div><\/div>\n<div class=\"col-md-4 col-sm-6 col-xs-12 pt-cv-content-item pt-cv-1-col\" ><div class='pt-cv-ifield'><a href=\"https:\/\/blogsaverroes.juntadeandalucia.es\/cprmontechullo\/reunion-de-inicio-de-curso-para-las-familias-de-5-anos\/\" class=\"_self pt-cv-href-thumbnail pt-cv-thumb-default\" target=\"_self\" ><img width=\"400\" height=\"250\" src=\"https:\/\/blogsaverroes.juntadeandalucia.es\/cprmontechullo\/files\/2020\/01\/Lucy-y-Zacar\u00edas-1024x553-1-400x250.jpeg\" class=\"pt-cv-thumbnail\" alt=\"\" decoding=\"async\" loading=\"lazy\" \/><\/a>\n<h4 class=\"pt-cv-title\"><a href=\"https:\/\/blogsaverroes.juntadeandalucia.es\/cprmontechullo\/reunion-de-inicio-de-curso-para-las-familias-de-5-anos\/\" class=\"_self\" target=\"_self\" >Reuni\u00f3n de inicio de curso para las familias de 5 a\u00f1os<\/a><\/h4>\n<div class=\"pt-cv-content\">Lorem ipsum dolor sit amet, consectetur adipiscing elit. Pellentesque a neque eu urna dictum feugiat ...<br \/><div class=\"pt-cv-rmwrap\"><a href=\"https:\/\/blogsaverroes.juntadeandalucia.es\/cprmontechullo\/reunion-de-inicio-de-curso-para-las-familias-de-5-anos\/\" class=\"_self pt-cv-readmore btn btn-success\" target=\"_self\">Leer M\u00e1s<\/a><\/div><\/div><\/div><\/div>\n<div class=\"col-md-4 col-sm-6 col-xs-12 pt-cv-content-item pt-cv-1-col\" ><div class='pt-cv-ifield'><a href=\"https:\/\/blogsaverroes.juntadeandalucia.es\/cprmontechullo\/convocatoria-asamblea-general-del-ampa\/\" class=\"_self pt-cv-href-thumbnail pt-cv-thumb-default\" target=\"_self\" ><img width=\"400\" height=\"250\" src=\"https:\/\/blogsaverroes.juntadeandalucia.es\/cprmontechullo\/files\/2020\/01\/drg-400x250.jpg\" class=\"pt-cv-thumbnail\" alt=\"\" decoding=\"async\" loading=\"lazy\" \/><\/a>\n<h4 class=\"pt-cv-title\"><a href=\"https:\/\/blogsaverroes.juntadeandalucia.es\/cprmontechullo\/convocatoria-asamblea-general-del-ampa\/\" class=\"_self\" target=\"_self\" >Convocatoria Asamblea General del AMPA<\/a><\/h4>\n<div class=\"pt-cv-content\">[et_pb_section admin_label=\"section\"] [et_pb_row admin_label=\"row\"] [et_pb_column type=\"4_4\"][et_pb_text admin_label=\"Text\"]El AMPA del Centro va a celebrar pr\u00f3ximamente elecciones ...<br \/><div class=\"pt-cv-rmwrap\"><a href=\"https:\/\/blogsaverroes.juntadeandalucia.es\/cprmontechullo\/convocatoria-asamblea-general-del-ampa\/\" class=\"_self pt-cv-readmore btn btn-success\" target=\"_self\">Leer M\u00e1s<\/a><\/div><\/div><\/div><\/div>\n<div class=\"col-md-4 col-sm-6 col-xs-12 pt-cv-content-item pt-cv-1-col\" ><div class='pt-cv-ifield'><a href=\"https:\/\/blogsaverroes.juntadeandalucia.es\/cprmontechullo\/nuevo-tutorial-sobre-el-uso-de-blogsaverroes\/\" class=\"_self pt-cv-href-thumbnail pt-cv-thumb-default\" target=\"_self\" ><img width=\"400\" height=\"250\" src=\"https:\/\/blogsaverroes.juntadeandalucia.es\/cprmontechullo\/files\/2022\/07\/20220421_193243-400x250.jpg\" class=\"pt-cv-thumbnail\" alt=\"\" decoding=\"async\" loading=\"lazy\" \/><\/a>\n<h4 class=\"pt-cv-title\"><a href=\"https:\/\/blogsaverroes.juntadeandalucia.es\/cprmontechullo\/nuevo-tutorial-sobre-el-uso-de-blogsaverroes\/\" class=\"_self\" target=\"_self\" >Nuevo tutorial sobre el uso de BlogsAverroes<\/a><\/h4>\n<div class=\"pt-cv-content\">[et_pb_section fb_built=\"1\" _builder_version=\"3.23.3\" inner_width_tablet=\"50px\" inner_max_width_tablet=\"50px\" custom_padding=\"0px||0px|\" z_index_tablet=\"500\" box_shadow_horizontal_tablet=\"0px\" box_shadow_vertical_tablet=\"0px\" box_shadow_blur_tablet=\"40px\" box_shadow_spread_tablet=\"0px\" global_colors_info=\"{}\" collapsed=\"off\"][et_pb_row _builder_version=\"3.25\" background_size=\"initial\" ...<br \/><div class=\"pt-cv-rmwrap\"><a href=\"https:\/\/blogsaverroes.juntadeandalucia.es\/cprmontechullo\/nuevo-tutorial-sobre-el-uso-de-blogsaverroes\/\" class=\"_self pt-cv-readmore btn btn-success\" target=\"_self\">Leer M\u00e1s<\/a><\/div><\/div><\/div><\/div><\/div><\/div><\/div>\n","protected":false},"author":7051,"featured_media":0,"parent":0,"menu_order":0,"comment_status":"closed","ping_status":"closed","template":"","meta":{"_et_pb_use_builder":"on","_et_pb_old_content":"[pt_view id=\"6a2900dq7z\"]","_et_gb_content_width":"","ngg_post_thumbnail":0,"footnotes":""},"aioseo_notices":[],"_links":{"self":[{"href":"https:\/\/blogsaverroes.juntadeandalucia.es\/cprmontechullo\/wp-json\/wp\/v2\/pages\/330"}],"collection":[{"href":"https:\/\/blogsaverroes.juntadeandalucia.es\/cprmontechullo\/wp-json\/wp\/v2\/pages"}],"about":[{"href":"https:\/\/blogsaverroes.juntadeandalucia.es\/cprmontechullo\/wp-json\/wp\/v2\/types\/page"}],"author":[{"embeddable":true,"href":"https:\/\/blogsaverroes.juntadeandalucia.es\/cprmontechullo\/wp-json\/wp\/v2\/users\/7051"}],"replies":[{"embeddable":true,"href":"https:\/\/blogsaverroes.juntadeandalucia.es\/cprmontechullo\/wp-json\/wp\/v2\/comments?post=330"}],"version-history":[{"count":3,"href":"https:\/\/blogsaverroes.juntadeandalucia.es\/cprmontechullo\/wp-json\/wp\/v2\/pages\/330\/revisions"}],"predecessor-version":[{"id":977,"href":"https:\/\/blogsaverroes.juntadeandalucia.es\/cprmontechullo\/wp-json\/wp\/v2\/pages\/330\/revisions\/977"}],"wp:attachment":[{"href":"https:\/\/blogsaverroes.juntadeandalucia.es\/cprmontechullo\/wp-json\/wp\/v2\/media?parent=330"}],"curies":[{"name":"wp","href":"https:\/\/api.w.org\/{rel}","templated":true}]}}