{"id":206,"date":"2020-02-12T08:09:58","date_gmt":"2020-02-12T07:09:58","guid":{"rendered":"http:\/\/blogsaverroes.juntadeandalucia.es\/pre\/nuevoceip2v2\/?page_id=206"},"modified":"2025-12-11T20:29:38","modified_gmt":"2025-12-11T19:29:38","slug":"novedades","status":"publish","type":"page","link":"https:\/\/blogsaverroes.juntadeandalucia.es\/cprsanchezvelayos\/novedades\/","title":{"rendered":"Novedades"},"content":{"rendered":"<p>[et_pb_section fb_built=&#8221;1&#8243; admin_label=&#8221;section&#8221; _builder_version=&#8221;4.16&#8243; background_color=&#8221;#FFFFFF&#8221; background_enable_image=&#8221;off&#8221; min_height=&#8221;3473px&#8221; custom_margin=&#8221;||-6px|||&#8221; custom_padding=&#8221;104px|16px|323px|||&#8221; global_colors_info=&#8221;{}&#8221;][et_pb_row admin_label=&#8221;row&#8221; _builder_version=&#8221;4.16&#8243; background_size=&#8221;initial&#8221; background_position=&#8221;top_left&#8221; background_repeat=&#8221;repeat&#8221; min_height=&#8221;200px&#8221; global_colors_info=&#8221;{}&#8221;][et_pb_column type=&#8221;4_4&#8243; _builder_version=&#8221;4.16&#8243; custom_padding=&#8221;|||&#8221; global_colors_info=&#8221;{}&#8221; custom_padding__hover=&#8221;|||&#8221;][et_pb_image src=&#8221;https:\/\/blogsaverroes.juntadeandalucia.es\/cprsanchezvelayos\/files\/2025\/12\/IMG_0021-2-scaled.jpeg&#8221; title_text=&#8221;IMG_0021 2&#8243; admin_label=&#8221;Imagen de la portada&#8221; _builder_version=&#8221;4.24.2&#8243; min_height=&#8221;203px&#8221; custom_margin=&#8221;-133px||5px|||&#8221; custom_padding=&#8221;||0px|||&#8221; z_index_tablet=&#8221;500&#8243; box_shadow_horizontal_tablet=&#8221;0px&#8221; box_shadow_vertical_tablet=&#8221;0px&#8221; box_shadow_blur_tablet=&#8221;40px&#8221; box_shadow_spread_tablet=&#8221;0px&#8221; global_colors_info=&#8221;{}&#8221;][\/et_pb_image][\/et_pb_column][\/et_pb_row][et_pb_row _builder_version=&#8221;4.24.2&#8243; _module_preset=&#8221;default&#8221; global_colors_info=&#8221;{}&#8221;][et_pb_column type=&#8221;4_4&#8243; _builder_version=&#8221;4.24.2&#8243; _module_preset=&#8221;default&#8221; global_colors_info=&#8221;{}&#8221;][et_pb_image src=&#8221;https:\/\/blogsaverroes.juntadeandalucia.es\/cprsanchezvelayos\/files\/2025\/12\/IMG_0825.jpeg&#8221; title_text=&#8221;Screenshot&#8221; _builder_version=&#8221;4.24.2&#8243; _module_preset=&#8221;default&#8221; global_colors_info=&#8221;{}&#8221;][\/et_pb_image][\/et_pb_column][\/et_pb_row][et_pb_row column_structure=&#8221;1_2,1_2&#8243; _builder_version=&#8221;4.24.2&#8243; _module_preset=&#8221;default&#8221; min_height=&#8221;539.6px&#8221; custom_padding=&#8221;|24px|0px|||&#8221; box_shadow_style=&#8221;preset3&#8243; box_shadow_color=&#8221;#dddddd&#8221; global_colors_info=&#8221;{}&#8221;][et_pb_column type=&#8221;1_2&#8243; _builder_version=&#8221;4.24.2&#8243; _module_preset=&#8221;default&#8221; global_colors_info=&#8221;{}&#8221;][et_pb_image src=&#8221;https:\/\/blogsaverroes.juntadeandalucia.es\/cprsanchezvelayos\/files\/2025\/12\/F0EC7C49-D1B2-4931-88A8-18FB7C5B26D4.png&#8221; title_text=&#8221;F0EC7C49-D1B2-4931-88A8-18FB7C5B26D4&#8243; _builder_version=&#8221;4.24.2&#8243; _module_preset=&#8221;default&#8221; global_colors_info=&#8221;{}&#8221;][\/et_pb_image][et_pb_text _builder_version=&#8221;4.24.2&#8243; _module_preset=&#8221;default&#8221; width=&#8221;100%&#8221; global_colors_info=&#8221;{}&#8221;]<\/p>\n<p data-path-to-node=\"1\">La <b>Expo Alpujarra de Ug\u00edjar<\/b> es un escaparate fant\u00e1stico para que los alumnos y alumnas descubran la <b>artesan\u00eda, la gastronom\u00eda y la cultura tradicional<\/b> de la comarca, justo a tiempo para el puente.<\/p>\n<p data-path-to-node=\"2\">Se celebra del 5 al 8 de diciembre. La inauguraci\u00f3n oficial es ma\u00f1ana, <b>viernes 5 de diciembre<\/b>, as\u00ed que van en el momento ideal.<\/p>\n<p data-path-to-node=\"7\">Tras el gran trabajo de la semana, ma\u00f1ana <b>viernes<\/b> tenemos una actividad emocionante: \u00a1Nuestra visita a la <b>Expo Alpujarra de Ug\u00edjar<\/b>!<\/p>\n<p data-path-to-node=\"8\">Es una oportunidad \u00fanica para que nuestros alumnos se conecten con las ra\u00edces, los oficios y los sabores de nuestra tierra. Deseo que sea una <b>jornada de aprendizaje pr\u00e1ctico, inmersiva y muy enriquecedora<\/b> para todos.<\/p>\n<p data-path-to-node=\"9\"><b>\u00a1Mucha energ\u00eda para la visita!<\/b> Disfruten de la belleza de Ug\u00edjar y de la calidez de su gente.<\/p>\n<p>[\/et_pb_text][\/et_pb_column][et_pb_column type=&#8221;1_2&#8243; _builder_version=&#8221;4.24.2&#8243; _module_preset=&#8221;default&#8221; global_colors_info=&#8221;{}&#8221;][et_pb_video src=&#8221;https:\/\/youtube.com\/shorts\/eeIe-DwmaQs?si=F7eEzSWeoFPIIOvd&#8221; _builder_version=&#8221;4.24.2&#8243; _module_preset=&#8221;default&#8221; width=&#8221;67.3%&#8221; min_height=&#8221;473.3px&#8221; custom_margin=&#8221;|23px|1px|6px||&#8221; global_colors_info=&#8221;{}&#8221;][\/et_pb_video][\/et_pb_column][\/et_pb_row][et_pb_row column_structure=&#8221;1_2,1_2&#8243; _builder_version=&#8221;4.24.2&#8243; _module_preset=&#8221;default&#8221; min_height=&#8221;731.4px&#8221; custom_margin=&#8221;24px|auto|-146px|auto||&#8221; custom_padding=&#8221;52px|||||&#8221; box_shadow_style=&#8221;preset3&#8243; box_shadow_color=&#8221;#d1d1d1&#8243; global_colors_info=&#8221;{}&#8221;][et_pb_column type=&#8221;1_2&#8243; _builder_version=&#8221;4.24.2&#8243; _module_preset=&#8221;default&#8221; global_colors_info=&#8221;{}&#8221;][et_pb_blurb image=&#8221;https:\/\/blogsaverroes.juntadeandalucia.es\/cprsanchezvelayos\/files\/2025\/12\/7C011E29-5E59-43D4-B770-EEF5460DE5F7.png&#8221; _builder_version=&#8221;4.24.2&#8243; _module_preset=&#8221;default&#8221; background_enable_video_mp4=&#8221;off&#8221; global_colors_info=&#8221;{}&#8221;][\/et_pb_blurb][et_pb_text _builder_version=&#8221;4.24.2&#8243; _module_preset=&#8221;default&#8221; custom_margin=&#8221;-4px|-10px||||&#8221; custom_padding=&#8221;|0px||||&#8221; global_colors_info=&#8221;{}&#8221;]<\/p>\n<h2 data-path-to-node=\"3\">\ud83d\udc9a\ud83e\udd0d\ud83d\udc9a \u00a1Celebramos el D\u00eda de la Bandera de Andaluc\u00eda! Un Grito de Paz y Esperanza<\/h2>\n<p data-path-to-node=\"4\">En nuestro centro, el mes de diciembre ha comenzado poniendo en valor nuestras ra\u00edces y nuestra identidad. Con gran entusiasmo, hemos conmemorado el <b>D\u00eda de la Bandera de Andaluc\u00eda (4 de diciembre)<\/b>, una fecha clave que simboliza la unidad, la paz y la autonom\u00eda de nuestro pueblo<\/p>\n<p>\u00bfQu\u00e9 hemos aprendido?<br \/>A lo largo de la semana, nuestro alumnado, desde los m\u00e1s peque\u00f1os hasta los mayores, ha trabajado para comprender el profundo significado de nuestra ense\u00f1a auton\u00f3mica:<\/p>\n<p>El color Verde: S\u00edmbolo de la Esperanza y de la belleza de nuestros paisajes.<br \/>El color Blanco: Representa la Paz y la voluntad de convivencia que siempre ha caracterizado a los andaluces.<br \/>El 4D de 1977: Recordamos c\u00f3mo hace d\u00e9cadas, miles de andaluces salieron a la calle unidos bajo esta bandera para reclamar su futuro<\/p>\n<p>La Bandera de Andaluc\u00eda no es solo un pa\u00f1o de tela; es la expresi\u00f3n de nuestra historia y un compromiso con los valores de paz, di\u00e1logo y solidaridad.<\/p>\n<p>Agradecemos a todo el claustro su implicaci\u00f3n en hacer de esta conmemoraci\u00f3n un d\u00eda de verdadero aprendizaje c\u00edvico y cultural.<\/p>\n<p>\u00a1Viva Andaluc\u00eda!<\/p>\n<p data-path-to-node=\"4\">[\/et_pb_text][\/et_pb_column][et_pb_column type=&#8221;1_2&#8243; _builder_version=&#8221;4.24.2&#8243; _module_preset=&#8221;default&#8221; global_colors_info=&#8221;{}&#8221;][et_pb_video src=&#8221;https:\/\/blogsaverroes.juntadeandalucia.es\/cprsanchezvelayos\/files\/2025\/12\/358cd22ae98840aeb4ee01c81af7e449-1.mov&#8221; _builder_version=&#8221;4.24.2&#8243; _module_preset=&#8221;default&#8221; min_height=&#8221;684.3px&#8221; custom_margin=&#8221;||-175px|13px||&#8221; custom_padding=&#8221;|153px|0px|||&#8221; global_colors_info=&#8221;{}&#8221;][\/et_pb_video][\/et_pb_column][\/et_pb_row][et_pb_row column_structure=&#8221;1_2,1_2&#8243; _builder_version=&#8221;4.24.2&#8243; _module_preset=&#8221;default&#8221; custom_padding=&#8221;22px|||||&#8221; global_colors_info=&#8221;{}&#8221;][et_pb_column type=&#8221;1_2&#8243; _builder_version=&#8221;4.24.2&#8243; _module_preset=&#8221;default&#8221; global_colors_info=&#8221;{}&#8221;][et_pb_slider _builder_version=&#8221;4.24.2&#8243; _module_preset=&#8221;default&#8221; min_height=&#8221;507.7px&#8221; custom_margin=&#8221;||-68px|||&#8221; custom_padding=&#8221;95px|||||&#8221; border_radii_image=&#8221;off||||&#8221; global_colors_info=&#8221;{}&#8221;][et_pb_slide heading=&#8221;Su t\u00edtulo va aqu\u00ed&#8221; button_text=&#8221;Clics&#8221; video_url=&#8221;https:\/\/youtube.com\/shorts\/9cDG-wCPAvU?si=IcR_Tfu8rZNNaWuc&#8221; _builder_version=&#8221;4.24.2&#8243; _module_preset=&#8221;default&#8221; global_colors_info=&#8221;{}&#8221; sticky_transition=&#8221;on&#8221;][\/et_pb_slide][et_pb_slide heading=&#8221;ABRE LAS ALAS Y VUELA&#8221; button_text=&#8221;Clics&#8221; image=&#8221;https:\/\/blogsaverroes.juntadeandalucia.es\/cprsanchezvelayos\/files\/2025\/12\/IMG_0771-scaled.jpeg&#8221; _builder_version=&#8221;4.24.2&#8243; _module_preset=&#8221;default&#8221; global_colors_info=&#8221;{}&#8221; sticky_transition=&#8221;on&#8221;]<\/p>\n<p>25 NOVIEMBRE<\/p>\n<p>[\/et_pb_slide][\/et_pb_slider][\/et_pb_column][et_pb_column type=&#8221;1_2&#8243; _builder_version=&#8221;4.24.2&#8243; _module_preset=&#8221;default&#8221; global_colors_info=&#8221;{}&#8221;][et_pb_gallery gallery_ids=&#8221;2451,2452,2447,2446,2445,2450,2449,2448,2453,2454,2455,2456,2457&#8243; _builder_version=&#8221;4.24.2&#8243; _module_preset=&#8221;default&#8221; min_height=&#8221;383.9px&#8221; custom_margin=&#8221;||213px|||&#8221; custom_padding=&#8221;||30px|||&#8221; global_colors_info=&#8221;{}&#8221;][\/et_pb_gallery][et_pb_text _builder_version=&#8221;4.24.2&#8243; _module_preset=&#8221;default&#8221; custom_margin=&#8221;-255px|||||&#8221; global_colors_info=&#8221;{}&#8221;]<\/p>\n<p data-path-to-node=\"4\"><b>Hoy recordamos una fecha muy importante: el 25 de Noviembre.<\/b><\/p>\n<p data-path-to-node=\"5\">Este d\u00eda est\u00e1 dedicado a hablar sobre algo que nunca deber\u00eda existir: la <b>violencia<\/b> contra las mujeres y las ni\u00f1as. Cuando hablamos de violencia, no solo nos referimos a los golpes, sino tambi\u00e9n a las palabras que hieren, a los gestos que intimidan o a las actitudes que minimizan a una persona por el simple hecho de ser mujer.<\/p>\n<p>[\/et_pb_text][\/et_pb_column][\/et_pb_row][et_pb_row _builder_version=&#8221;4.24.2&#8243; _module_preset=&#8221;default&#8221; min_height=&#8221;838.3px&#8221; custom_margin=&#8221;-48px|auto|-48px|auto|true|&#8221; box_shadow_style=&#8221;preset3&#8243; box_shadow_color=&#8221;rgba(214,214,214,0.54)&#8221; global_colors_info=&#8221;{}&#8221;][et_pb_column type=&#8221;4_4&#8243; _builder_version=&#8221;4.24.2&#8243; _module_preset=&#8221;default&#8221; global_colors_info=&#8221;{}&#8221;][et_pb_blurb image=&#8221;https:\/\/blogsaverroes.juntadeandalucia.es\/cprsanchezvelayos\/files\/2025\/11\/0b3c4a8b-d736-49b9-8f08-1ca64c910025.jpeg&#8221; _builder_version=&#8221;4.24.2&#8243; _module_preset=&#8221;default&#8221; min_height=&#8221;743.1px&#8221; custom_margin=&#8221;11px||-142px|||&#8221; custom_padding=&#8221;85px|3px||||&#8221; global_colors_info=&#8221;{}&#8221;][\/et_pb_blurb][\/et_pb_column][\/et_pb_row][\/et_pb_section]<\/p>\n","protected":false},"excerpt":{"rendered":"<p>La Expo Alpujarra de Ug\u00edjar es un escaparate fant\u00e1stico para que los alumnos y alumnas descubran la artesan\u00eda, la gastronom\u00eda y la cultura tradicional de la comarca, justo a tiempo para el puente. Se celebra del 5 al 8 de diciembre. La inauguraci\u00f3n oficial es ma\u00f1ana, viernes 5 de diciembre, as\u00ed que van en el [&hellip;]<\/p>\n","protected":false},"author":15334,"featured_media":600,"parent":0,"menu_order":0,"comment_status":"closed","ping_status":"closed","template":"","meta":{"_et_pb_use_builder":"on","_et_pb_old_content":"[pt_view id=\"6ff817bh92\"]","_et_gb_content_width":"","ngg_post_thumbnail":0,"footnotes":""},"aioseo_notices":[],"post_mailing_queue_ids":[],"_links":{"self":[{"href":"https:\/\/blogsaverroes.juntadeandalucia.es\/cprsanchezvelayos\/wp-json\/wp\/v2\/pages\/206"}],"collection":[{"href":"https:\/\/blogsaverroes.juntadeandalucia.es\/cprsanchezvelayos\/wp-json\/wp\/v2\/pages"}],"about":[{"href":"https:\/\/blogsaverroes.juntadeandalucia.es\/cprsanchezvelayos\/wp-json\/wp\/v2\/types\/page"}],"author":[{"embeddable":true,"href":"https:\/\/blogsaverroes.juntadeandalucia.es\/cprsanchezvelayos\/wp-json\/wp\/v2\/users\/15334"}],"replies":[{"embeddable":true,"href":"https:\/\/blogsaverroes.juntadeandalucia.es\/cprsanchezvelayos\/wp-json\/wp\/v2\/comments?post=206"}],"version-history":[{"count":54,"href":"https:\/\/blogsaverroes.juntadeandalucia.es\/cprsanchezvelayos\/wp-json\/wp\/v2\/pages\/206\/revisions"}],"predecessor-version":[{"id":2498,"href":"https:\/\/blogsaverroes.juntadeandalucia.es\/cprsanchezvelayos\/wp-json\/wp\/v2\/pages\/206\/revisions\/2498"}],"wp:featuredmedia":[{"embeddable":true,"href":"https:\/\/blogsaverroes.juntadeandalucia.es\/cprsanchezvelayos\/wp-json\/wp\/v2\/media\/600"}],"wp:attachment":[{"href":"https:\/\/blogsaverroes.juntadeandalucia.es\/cprsanchezvelayos\/wp-json\/wp\/v2\/media?parent=206"}],"curies":[{"name":"wp","href":"https:\/\/api.w.org\/{rel}","templated":true}]}}