{"id":41,"date":"2020-01-09T12:45:03","date_gmt":"2020-01-09T11:45:03","guid":{"rendered":"http:\/\/blogsaverroes.juntadeandalucia.es\/pre\/nuevoceip2v2\/?page_id=41"},"modified":"2025-10-16T19:12:54","modified_gmt":"2025-10-16T17:12:54","slug":"el-centro","status":"publish","type":"page","link":"https:\/\/blogsaverroes.juntadeandalucia.es\/cprsanchezvelayos\/el-centro\/","title":{"rendered":"El centro"},"content":{"rendered":"<p>[et_pb_section fb_built=&#8221;1&#8243; _builder_version=&#8221;4.16&#8243; global_colors_info=&#8221;{}&#8221;][et_pb_row _builder_version=&#8221;4.16&#8243; background_size=&#8221;initial&#8221; background_position=&#8221;top_left&#8221; background_repeat=&#8221;repeat&#8221; width=&#8221;79.1%&#8221; global_colors_info=&#8221;{}&#8221;][et_pb_column type=&#8221;4_4&#8243; _builder_version=&#8221;4.16&#8243; custom_padding=&#8221;|||&#8221; global_colors_info=&#8221;{}&#8221; custom_padding__hover=&#8221;|||&#8221;][et_pb_image src=&#8221;https:\/\/blogsaverroes.juntadeandalucia.es\/cprsanchezvelayos\/files\/2023\/06\/lOGO-3-PUERTAS.png&#8221; title_text=&#8221;lOGO 3 PUERTAS&#8221; admin_label=&#8221;Imagen de la portada&#8221; _builder_version=&#8221;4.16&#8243; custom_padding=&#8221;|31px||||&#8221; z_index_tablet=&#8221;500&#8243; box_shadow_horizontal_tablet=&#8221;0px&#8221; box_shadow_vertical_tablet=&#8221;0px&#8221; box_shadow_blur_tablet=&#8221;40px&#8221; box_shadow_spread_tablet=&#8221;0px&#8221; global_colors_info=&#8221;{}&#8221;][\/et_pb_image][et_pb_text admin_label=&#8221;Texto descriptivo&#8221; _builder_version=&#8221;4.16&#8243; width=&#8221;100%&#8221; z_index_tablet=&#8221;500&#8243; text_text_shadow_horizontal_length_tablet=&#8221;0px&#8221; text_text_shadow_vertical_length_tablet=&#8221;0px&#8221; text_text_shadow_blur_strength_tablet=&#8221;1px&#8221; link_text_shadow_horizontal_length_tablet=&#8221;0px&#8221; link_text_shadow_vertical_length_tablet=&#8221;0px&#8221; link_text_shadow_blur_strength_tablet=&#8221;1px&#8221; ul_text_shadow_horizontal_length_tablet=&#8221;0px&#8221; ul_text_shadow_vertical_length_tablet=&#8221;0px&#8221; ul_text_shadow_blur_strength_tablet=&#8221;1px&#8221; ol_text_shadow_horizontal_length_tablet=&#8221;0px&#8221; ol_text_shadow_vertical_length_tablet=&#8221;0px&#8221; ol_text_shadow_blur_strength_tablet=&#8221;1px&#8221; quote_text_shadow_horizontal_length_tablet=&#8221;0px&#8221; quote_text_shadow_vertical_length_tablet=&#8221;0px&#8221; quote_text_shadow_blur_strength_tablet=&#8221;1px&#8221; header_text_shadow_horizontal_length_tablet=&#8221;0px&#8221; header_text_shadow_vertical_length_tablet=&#8221;0px&#8221; header_text_shadow_blur_strength_tablet=&#8221;1px&#8221; header_2_text_shadow_horizontal_length_tablet=&#8221;0px&#8221; header_2_text_shadow_vertical_length_tablet=&#8221;0px&#8221; header_2_text_shadow_blur_strength_tablet=&#8221;1px&#8221; header_3_text_shadow_horizontal_length_tablet=&#8221;0px&#8221; header_3_text_shadow_vertical_length_tablet=&#8221;0px&#8221; header_3_text_shadow_blur_strength_tablet=&#8221;1px&#8221; header_4_text_shadow_horizontal_length_tablet=&#8221;0px&#8221; header_4_text_shadow_vertical_length_tablet=&#8221;0px&#8221; header_4_text_shadow_blur_strength_tablet=&#8221;1px&#8221; header_5_text_shadow_horizontal_length_tablet=&#8221;0px&#8221; header_5_text_shadow_vertical_length_tablet=&#8221;0px&#8221; header_5_text_shadow_blur_strength_tablet=&#8221;1px&#8221; header_6_text_shadow_horizontal_length_tablet=&#8221;0px&#8221; header_6_text_shadow_vertical_length_tablet=&#8221;0px&#8221; header_6_text_shadow_blur_strength_tablet=&#8221;1px&#8221; box_shadow_horizontal_tablet=&#8221;0px&#8221; box_shadow_vertical_tablet=&#8221;0px&#8221; box_shadow_blur_tablet=&#8221;40px&#8221; box_shadow_spread_tablet=&#8221;0px&#8221; global_colors_info=&#8221;{}&#8221;]<\/p>\n<h2 style=\"text-align: left\">Nuestra escuela<\/h2>\n<p>El CPR S\u00e1nchez Velayos es un centro rural situado en la parte oriental de la Alpujarra granadina, en la localidad de Ug\u00edjar.<\/p>\n<p>Son tres las palabras que nos acogen cuando se llega a las puertas de colores del CPR S\u00e1nchez Velayos, tal y como vemos en la imagen de su logo:<br \/>PUERTA AZUL: COOPERACI\u00d3N<br \/>PUERTA NARANJA: CORAZ\u00d3N<br \/>PUERTA VERDE: INCLUSI\u00d3N<\/p>\n<p>Tres se\u00f1as de identidad que forman parte de la vida y caracter\u00edsticas del centro y que contribuyen en el trabajo de las actividades que se llevan a cabo a diario y que siempre persiguen que haya un convivencia de calidad en el centro entre todos los agentes que formamos parte de la comunidad educativa. A ellas se suman las palabras que recibimos por parte del ya fallecido Consejero de Educaci\u00f3n, Javier Imbroda, en la entrega del reconocimiento como centro Inspira en 2019 y que fueron \u201cPASI\u00d3N, TALENTO, ESFUERZO Y GENEROSIDAD que sirven de inspiraci\u00f3n a la comunidad educativa y a la sociedad\u201d. Estas \u00faltimas palabras fueron y son un reconocimiento al profesorado que forma nuestra plantilla y que, cada curso, llega a\u00a0 un centro de caracter\u00edsticas singulares y se entrega a su proyecto educativo para hacer del Velayos un colegio ejemplar, donde la inclusi\u00f3n, las competencias clave y la calidad educativa brillan curso a curso.<\/p>\n<p>Esas palabras y resto que son valores, se trabajan mediante cuentos que representan un valor bajo un lema en el proyecto: \u201cLas palabras que nos unen\u201d.<\/p>\n<p>En el S\u00e1nchez Velayos, trabajamos para alcanzar el objetivo primero del proyecto educativo: educar a nuestros ni\u00f1os y ni\u00f1as para hacer de ellos y ellas ciudadanos cr\u00edticos, competentes, c\u00edvicos, solidarios y libres.<\/p>\n<p>BREVE DESCRIPCI\u00d3N DE ALGUNAS PR\u00c1CTICAS<br \/>El eje vertebrador de las actividades del centro es el proyecto educativo y, concretamente, su programaci\u00f3n. En las distintas SSdAA se recogen las actividades en forma de tareas o productos finales del curr\u00edculum, efem\u00e9rides y distintos planes<br \/>y programas que se llevan a cabo en el centro. Todo bajo el paraguas de la<br \/>metodolog\u00eda inclusiva que la normativa (Lomloe) marca para desempe\u00f1ar nuestra<br \/>labor, realizando las adaptaciones que nuestro alumnado requiere (DUA) para que<br \/>todos y todas alcancen un nivel competencial \u00f3ptimo.<\/p>\n<p>En las SSdAA hay programadas distintas tareas de refuerzo para aquellos que lo necesiten y de profundizaci\u00f3n y ampliaci\u00f3n, para quien pueda o quiera (son tareas con las que se persigue desarrollar las competencias pluriling\u00fce y digital). De esta forma todo est\u00e1 interrelacionado y cualquier pr\u00e1ctica permite y persigue trabajar una convivencia positiva.<br \/>Los proyectos en los que participa el centro son:<br \/>\uf0b7 PROGRAMA CONRED ANDALUC\u00cdA<br \/>\uf0b7 PROGRAMA F\u00c9NIX ANDALUC\u00cdA<br \/>\uf0b7 PROGRAMA DE CONVIVENCIA ESCOLAR<br \/>\uf0b7 RED ESCUELA ESPACIO DE PAZ<br \/>\uf0b7 PLAN DE IGUALDAD<br \/>\uf0b7 PROGRAMA TDE Y STEAM<br \/>\uf0b7 PLAN DE BIBLIOTECAS<br \/>\uf0b7 UNIDADES DE ACOMPA\u00d1AMIENTO<br \/>\uf0b7 PROGRAMA DE EDUCACI\u00d3N INCLUSIVA<br \/>\uf0b7 PROGRAMA CRECIENDO EN SALUD<\/p>\n<p>[\/et_pb_text][\/et_pb_column][\/et_pb_row][\/et_pb_section]<\/p>\n","protected":false},"excerpt":{"rendered":"<p>Nuestra escuela El CPR S\u00e1nchez Velayos es un centro rural situado en la parte oriental de la Alpujarra granadina, en la localidad de Ug\u00edjar. Son tres las palabras que nos acogen cuando se llega a las puertas de colores del CPR S\u00e1nchez Velayos, tal y como vemos en la imagen de su logo:PUERTA AZUL: COOPERACI\u00d3NPUERTA [&hellip;]<\/p>\n","protected":false},"author":15334,"featured_media":0,"parent":0,"menu_order":0,"comment_status":"closed","ping_status":"closed","template":"","meta":{"_et_pb_use_builder":"on","_et_pb_old_content":"","_et_gb_content_width":"","ngg_post_thumbnail":0,"footnotes":""},"aioseo_notices":[],"post_mailing_queue_ids":[],"_links":{"self":[{"href":"https:\/\/blogsaverroes.juntadeandalucia.es\/cprsanchezvelayos\/wp-json\/wp\/v2\/pages\/41"}],"collection":[{"href":"https:\/\/blogsaverroes.juntadeandalucia.es\/cprsanchezvelayos\/wp-json\/wp\/v2\/pages"}],"about":[{"href":"https:\/\/blogsaverroes.juntadeandalucia.es\/cprsanchezvelayos\/wp-json\/wp\/v2\/types\/page"}],"author":[{"embeddable":true,"href":"https:\/\/blogsaverroes.juntadeandalucia.es\/cprsanchezvelayos\/wp-json\/wp\/v2\/users\/15334"}],"replies":[{"embeddable":true,"href":"https:\/\/blogsaverroes.juntadeandalucia.es\/cprsanchezvelayos\/wp-json\/wp\/v2\/comments?post=41"}],"version-history":[{"count":7,"href":"https:\/\/blogsaverroes.juntadeandalucia.es\/cprsanchezvelayos\/wp-json\/wp\/v2\/pages\/41\/revisions"}],"predecessor-version":[{"id":1433,"href":"https:\/\/blogsaverroes.juntadeandalucia.es\/cprsanchezvelayos\/wp-json\/wp\/v2\/pages\/41\/revisions\/1433"}],"wp:attachment":[{"href":"https:\/\/blogsaverroes.juntadeandalucia.es\/cprsanchezvelayos\/wp-json\/wp\/v2\/media?parent=41"}],"curies":[{"name":"wp","href":"https:\/\/api.w.org\/{rel}","templated":true}]}}