{"id":45,"date":"2022-06-01T12:46:56","date_gmt":"2022-06-01T10:46:56","guid":{"rendered":"http:\/\/blogsaverroes.juntadeandalucia.es\/pre\/nuevoceip2v2\/?page_id=45"},"modified":"2026-02-07T20:42:54","modified_gmt":"2026-02-07T19:42:54","slug":"inicio","status":"publish","type":"page","link":"https:\/\/blogsaverroes.juntadeandalucia.es\/cprsanchezvelayos\/","title":{"rendered":"Inicio"},"content":{"rendered":"<p>[et_pb_section fb_built=&#8221;1&#8243; inner_shadow=&#8221;on&#8221; prev_background_color=&#8221;#ffffff&#8221; _builder_version=&#8221;4.16&#8243; _module_preset=&#8221;default&#8221; background_image=&#8221;https:\/\/blogsaverroes.juntadeandalucia.es\/cprsanchezvelayos\/files\/2022\/11\/IMG-2396.png&#8221; transform_scale=&#8221;99%|99%&#8221; width=&#8221;100%&#8221; width_tablet=&#8221;100%&#8221; width_phone=&#8221;100%&#8221; width_last_edited=&#8221;on|tablet&#8221; max_width=&#8221;100%&#8221; module_alignment=&#8221;center&#8221; min_height=&#8221;342px&#8221; height=&#8221;345px&#8221; max_height=&#8221;100px&#8221; custom_margin=&#8221;||-75px|||&#8221; custom_margin_tablet=&#8221;&#8221; custom_margin_phone=&#8221;&#8221; custom_margin_last_edited=&#8221;on|tablet&#8221; custom_padding=&#8221;36px||71px|||&#8221; top_divider_style=&#8221;none&#8221; animation_style=&#8221;fade&#8221; animation_duration=&#8221;1150ms&#8221; background_last_edited=&#8221;on|desktop&#8221; background_size_tablet=&#8221;contain&#8221; global_colors_info=&#8221;{}&#8221;][\/et_pb_section][et_pb_section fb_built=&#8221;1&#8243; _builder_version=&#8221;4.16&#8243; _module_preset=&#8221;default&#8221; min_height=&#8221;765px&#8221; custom_padding=&#8221;0px|||||&#8221; global_colors_info=&#8221;{}&#8221;][et_pb_row _builder_version=&#8221;4.16&#8243; _module_preset=&#8221;default&#8221; custom_margin=&#8221;57px|auto|57px|auto|true|&#8221; global_colors_info=&#8221;{}&#8221;][et_pb_column type=&#8221;4_4&#8243; _builder_version=&#8221;4.16&#8243; _module_preset=&#8221;default&#8221; global_colors_info=&#8221;{}&#8221;][et_pb_testimonial author=&#8221;Howard G. Hendricks&#8221; portrait_url=&#8221;https:\/\/blogsaverroes.juntadeandalucia.es\/cprsanchezvelayos\/files\/2022\/05\/IMG_2178.jpg&#8221; _builder_version=&#8221;4.16&#8243; _module_preset=&#8221;default&#8221; background_color=&#8221;rgba(202,171,232,0.86)&#8221; width=&#8221;100%&#8221; min_height=&#8221;106px&#8221; custom_margin=&#8221;-15px|||||&#8221; custom_padding=&#8221;||0px|||&#8221; animation_style=&#8221;zoom&#8221; global_colors_info=&#8221;{}&#8221;]<\/p>\n<p>&#8220;La verdadera ense\u00f1anza que deja huella no es la que se hace de cabeza a cabeza, sino de coraz\u00f3n a coraz\u00f3n.&#8221;<\/p>\n<p>[\/et_pb_testimonial][\/et_pb_column][\/et_pb_row][et_pb_row _builder_version=&#8221;4.16&#8243; _module_preset=&#8221;default&#8221; min_height=&#8221;88px&#8221; custom_margin=&#8221;-79px|auto||auto||&#8221; global_colors_info=&#8221;{}&#8221;][et_pb_column type=&#8221;4_4&#8243; _builder_version=&#8221;4.16&#8243; _module_preset=&#8221;default&#8221; global_colors_info=&#8221;{}&#8221;][et_pb_cta title=&#8221;CONOCE NUESTRO CENTRO&#8221; button_text=&#8221;Clics&#8221; _builder_version=&#8221;4.16&#8243; _module_preset=&#8221;default&#8221; min_height=&#8221;114px&#8221; custom_margin=&#8221;||-43px|||&#8221; body_text_shadow_style=&#8221;preset2&#8243; global_colors_info=&#8221;{}&#8221;][\/et_pb_cta][\/et_pb_column][\/et_pb_row][et_pb_row column_structure=&#8221;1_2,1_2&#8243; _builder_version=&#8221;4.16&#8243; _module_preset=&#8221;default&#8221; custom_margin=&#8221;||3px||false|false&#8221; animation_style=&#8221;fade&#8221; animation_duration=&#8221;900ms&#8221; hover_transition_duration=&#8221;350ms&#8221; box_shadow_style=&#8221;preset1&#8243; global_colors_info=&#8221;{}&#8221;][et_pb_column type=&#8221;1_2&#8243; _builder_version=&#8221;4.16&#8243; _module_preset=&#8221;default&#8221; global_colors_info=&#8221;{}&#8221;][et_pb_gallery gallery_ids=&#8221;1305,1308,1297,1292,1298,1307,1299,577,576,1293,1294,1302,1296,1300,1301,1309,551,1306,579&#8243; fullwidth=&#8221;on&#8221; _builder_version=&#8221;4.24.2&#8243; _module_preset=&#8221;default&#8221; global_colors_info=&#8221;{}&#8221;][\/et_pb_gallery][\/et_pb_column][et_pb_column type=&#8221;1_2&#8243; _builder_version=&#8221;4.16&#8243; _module_preset=&#8221;default&#8221; global_colors_info=&#8221;{}&#8221;][et_pb_video src=&#8221;https:\/\/youtu.be\/KvYO4CiuDGI?si=c7hWa_YovSujgPTq&#8221; _builder_version=&#8221;4.24.2&#8243; _module_preset=&#8221;default&#8221; global_colors_info=&#8221;{}&#8221;][\/et_pb_video][\/et_pb_column][\/et_pb_row][et_pb_row _builder_version=&#8221;4.24.2&#8243; _module_preset=&#8221;default&#8221; column_structure=&#8221;1_2,1_2&#8243; hover_enabled=&#8221;0&#8243; sticky_enabled=&#8221;0&#8243; min_height=&#8221;872.3px&#8221;][et_pb_column _builder_version=&#8221;4.24.2&#8243; _module_preset=&#8221;default&#8221; type=&#8221;1_2&#8243;][et_pb_video src=&#8221;https:\/\/blogsaverroes.juntadeandalucia.es\/cprsanchezvelayos\/files\/2026\/02\/0d8b12c5e942487195ad079b579db3e7-1.mov&#8221; _builder_version=&#8221;4.24.2&#8243; _module_preset=&#8221;default&#8221; hover_enabled=&#8221;0&#8243; sticky_enabled=&#8221;0&#8243; title_text=&#8221;0d8b12c5e942487195ad079b579db3e7&#8243; min_height=&#8221;804.1px&#8221;][\/et_pb_video][\/et_pb_column][et_pb_column _builder_version=&#8221;4.24.2&#8243; _module_preset=&#8221;default&#8221; type=&#8221;1_2&#8243;][et_pb_video src=&#8221;https:\/\/blogsaverroes.juntadeandalucia.es\/cprsanchezvelayos\/files\/2026\/02\/VIDEO-2026-02-07-19-54-06.mp4&#8243; _builder_version=&#8221;4.24.2&#8243; _module_preset=&#8221;default&#8221; title_text=&#8221;VIDEO-2026-02-07-19-54-06&#8243; hover_enabled=&#8221;0&#8243; sticky_enabled=&#8221;0&#8243;][\/et_pb_video][\/et_pb_column][\/et_pb_row][et_pb_row column_structure=&#8221;1_2,1_2&#8243; _builder_version=&#8221;4.24.2&#8243; _module_preset=&#8221;default&#8221; global_colors_info=&#8221;{}&#8221;][et_pb_column type=&#8221;1_2&#8243; _builder_version=&#8221;4.24.2&#8243; _module_preset=&#8221;default&#8221; global_colors_info=&#8221;{}&#8221;][et_pb_image src=&#8221;https:\/\/blogsaverroes.juntadeandalucia.es\/cprsanchezvelayos\/files\/2024\/09\/d9bea3a1-ae8e-43a1-92ae-5a3f993f98b3.jpg&#8221; title_text=&#8221;d9bea3a1-ae8e-43a1-92ae-5a3f993f98b3&#8243; _builder_version=&#8221;4.24.2&#8243; _module_preset=&#8221;default&#8221; global_colors_info=&#8221;{}&#8221;][\/et_pb_image][\/et_pb_column][et_pb_column type=&#8221;1_2&#8243; _builder_version=&#8221;4.24.2&#8243; _module_preset=&#8221;default&#8221; global_colors_info=&#8221;{}&#8221;][et_pb_image src=&#8221;https:\/\/blogsaverroes.juntadeandalucia.es\/cprsanchezvelayos\/files\/2024\/09\/Agenda-para-profesores-2.png&#8221; title_text=&#8221;Agenda para profesores-2&#8243; _builder_version=&#8221;4.24.2&#8243; _module_preset=&#8221;default&#8221; global_colors_info=&#8221;{}&#8221;][\/et_pb_image][\/et_pb_column][\/et_pb_row][\/et_pb_section]<\/p>\n","protected":false},"excerpt":{"rendered":"<p>&#8220;La verdadera ense\u00f1anza que deja huella no es la que se hace de cabeza a cabeza, sino de coraz\u00f3n a coraz\u00f3n.&#8221;<\/p>\n","protected":false},"author":15334,"featured_media":0,"parent":0,"menu_order":0,"comment_status":"closed","ping_status":"closed","template":"","meta":{"_et_pb_use_builder":"on","_et_pb_old_content":"","_et_gb_content_width":"","ngg_post_thumbnail":0,"footnotes":""},"aioseo_notices":[],"post_mailing_queue_ids":[],"_links":{"self":[{"href":"https:\/\/blogsaverroes.juntadeandalucia.es\/cprsanchezvelayos\/wp-json\/wp\/v2\/pages\/45"}],"collection":[{"href":"https:\/\/blogsaverroes.juntadeandalucia.es\/cprsanchezvelayos\/wp-json\/wp\/v2\/pages"}],"about":[{"href":"https:\/\/blogsaverroes.juntadeandalucia.es\/cprsanchezvelayos\/wp-json\/wp\/v2\/types\/page"}],"author":[{"embeddable":true,"href":"https:\/\/blogsaverroes.juntadeandalucia.es\/cprsanchezvelayos\/wp-json\/wp\/v2\/users\/15334"}],"replies":[{"embeddable":true,"href":"https:\/\/blogsaverroes.juntadeandalucia.es\/cprsanchezvelayos\/wp-json\/wp\/v2\/comments?post=45"}],"version-history":[{"count":138,"href":"https:\/\/blogsaverroes.juntadeandalucia.es\/cprsanchezvelayos\/wp-json\/wp\/v2\/pages\/45\/revisions"}],"predecessor-version":[{"id":2512,"href":"https:\/\/blogsaverroes.juntadeandalucia.es\/cprsanchezvelayos\/wp-json\/wp\/v2\/pages\/45\/revisions\/2512"}],"wp:attachment":[{"href":"https:\/\/blogsaverroes.juntadeandalucia.es\/cprsanchezvelayos\/wp-json\/wp\/v2\/media?parent=45"}],"curies":[{"name":"wp","href":"https:\/\/api.w.org\/{rel}","templated":true}]}}