{"id":1125,"date":"2022-03-03T11:11:09","date_gmt":"2022-03-03T10:11:09","guid":{"rendered":"https:\/\/blogsaverroes.juntadeandalucia.es\/cprsanmiguel\/?page_id=1125"},"modified":"2025-10-04T07:34:15","modified_gmt":"2025-10-04T06:34:15","slug":"consejo-escolar","status":"publish","type":"page","link":"https:\/\/blogsaverroes.juntadeandalucia.es\/cprsanmiguel\/consejo-escolar\/","title":{"rendered":"Consejo Escolar"},"content":{"rendered":"<p style=\"text-align: center\"><span style=\"font-size: 12pt\"><strong><span style=\"color: #000080\">CONSEJO ESCOLAR<\/span><\/strong><\/span><\/p>\n<ul>\n<li style=\"font-weight: 400\"><span style=\"font-weight: 400\">Equipo Directivo Gallego Navarro, Ana (DIRECTOR\/A)<\/span><\/li>\n<li style=\"font-weight: 400\"><span style=\"font-weight: 400\">Equipo Directivo P\u00e9rez Ruiz, Rosa (JEFE\/A DE ESTUDIOS)<\/span><\/li>\n<li style=\"font-weight: 400\"><span style=\"font-weight: 400\">Equipo Directivo D\u00edaz D\u00edaz, Diego (SECRETARIO\/A)<\/span><\/li>\n<li style=\"font-weight: 400\"><span style=\"font-weight: 400\">Profesorado Ariza Gonz\u00e1lez, Valeriano<\/span><\/li>\n<li style=\"font-weight: 400\"><span style=\"font-weight: 400\">Profesorado Jim\u00e9nez Rodrigo, Ruth<\/span><\/li>\n<li style=\"font-weight: 400\"><span style=\"font-weight: 400\">Profesorado Marcilla Pedre\u00f1o, Ester<\/span><\/li>\n<li style=\"font-weight: 400\"><span style=\"font-weight: 400\">Profesorado Mart\u00ednez Granero, Mar\u00eda Inmaculada<\/span><\/li>\n<li style=\"font-weight: 400\"><span style=\"font-weight: 400\">Profesorado Rodr\u00edguez Jordan, Mar\u00eda Isabel<\/span><\/li>\n<li style=\"font-weight: 400\"><span style=\"font-weight: 400\">Profesorado S\u00e1nchez Bleda, Inmaculada<\/span><\/li>\n<li style=\"font-weight: 400\"><span style=\"font-weight: 400\">Profesorado Soler Navarro, Emilia<\/span><\/li>\n<li style=\"font-weight: 400\"><span style=\"font-weight: 400\">Madres\/Padres\/Tutores \u00c1vila Gonz\u00e1lez, Catalina<\/span><\/li>\n<li style=\"font-weight: 400\"><span style=\"font-weight: 400\">Madres\/Padres\/Tutores D\u00edaz Valverde, Rosa Mar\u00eda<\/span><\/li>\n<li style=\"font-weight: 400\"><span style=\"font-weight: 400\">Madres\/Padres\/Tutores Gonz\u00e1lez Alcover, Pilar<\/span><\/li>\n<li style=\"font-weight: 400\"><span style=\"font-weight: 400\">Madres\/Padres\/Tutores Mart\u00ednez Cano, Juana Mar\u00eda<\/span><\/li>\n<li style=\"font-weight: 400\"><span style=\"font-weight: 400\">Madres\/Padres\/Tutores Mart\u00ednez Domingo, Mar\u00eda del Carmen<\/span><\/li>\n<li style=\"font-weight: 400\"><span style=\"font-weight: 400\">Madres\/Padres\/Tutores Paterno Garc\u00eda, Selene<\/span><\/li>\n<li style=\"font-weight: 400\"><span style=\"font-weight: 400\">Madres\/Padres\/Tutores Rodr\u00edguez Gasc\u00f3n, Aloma<\/span><\/li>\n<li style=\"font-weight: 400\"><span style=\"font-weight: 400\">Madres\/Padres\/Tutores Santana Jim\u00e9nez, Denaida Esther<\/span><\/li>\n<li style=\"font-weight: 400\"><span style=\"font-weight: 400\">Madres\/Padres\/Tutores Mart\u00ednez Garc\u00eda, Juan Francisco (REPRESENTANTE DE LA A.M.P.A. MAYORITARIA)<\/span><\/li>\n<li style=\"font-weight: 400\"><span style=\"font-weight: 400\">Ayuntamiento L\u00f3pez Ruiz, Juan Bautista (CONCEJAL O REPRESENTANTE DEL AYUNTAMIENTO)<\/span><\/li>\n<li style=\"font-weight: 400\"><span style=\"font-weight: 400\">Impulsor de medidas de Igualdad Valdivieso Mart\u00ednez, Dolores (IMPULSOR DE MEDIDAS PARA EL FOMENTO DE LA IGUALDAD ENTRE HOMBRES Y MUJERES)<\/span><\/li>\n<\/ul>\n","protected":false},"excerpt":{"rendered":"<p>CONSEJO ESCOLAR Equipo Directivo Gallego Navarro, Ana (DIRECTOR\/A) Equipo Directivo P\u00e9rez Ruiz, Rosa (JEFE\/A DE ESTUDIOS) Equipo Directivo D\u00edaz D\u00edaz, Diego (SECRETARIO\/A) Profesorado Ariza Gonz\u00e1lez, Valeriano Profesorado Jim\u00e9nez Rodrigo, Ruth Profesorado Marcilla Pedre\u00f1o, Ester Profesorado Mart\u00ednez Granero, Mar\u00eda Inmaculada Profesorado Rodr\u00edguez Jordan, Mar\u00eda Isabel Profesorado S\u00e1nchez Bleda, Inmaculada Profesorado Soler Navarro, Emilia Madres\/Padres\/Tutores \u00c1vila Gonz\u00e1lez, [&hellip;]<\/p>\n","protected":false},"author":12876,"featured_media":0,"parent":0,"menu_order":0,"comment_status":"closed","ping_status":"closed","template":"","meta":{"_et_pb_use_builder":"","_et_pb_old_content":"","_et_gb_content_width":"","ngg_post_thumbnail":0,"footnotes":""},"aioseo_notices":[],"_links":{"self":[{"href":"https:\/\/blogsaverroes.juntadeandalucia.es\/cprsanmiguel\/wp-json\/wp\/v2\/pages\/1125"}],"collection":[{"href":"https:\/\/blogsaverroes.juntadeandalucia.es\/cprsanmiguel\/wp-json\/wp\/v2\/pages"}],"about":[{"href":"https:\/\/blogsaverroes.juntadeandalucia.es\/cprsanmiguel\/wp-json\/wp\/v2\/types\/page"}],"author":[{"embeddable":true,"href":"https:\/\/blogsaverroes.juntadeandalucia.es\/cprsanmiguel\/wp-json\/wp\/v2\/users\/12876"}],"replies":[{"embeddable":true,"href":"https:\/\/blogsaverroes.juntadeandalucia.es\/cprsanmiguel\/wp-json\/wp\/v2\/comments?post=1125"}],"version-history":[{"count":9,"href":"https:\/\/blogsaverroes.juntadeandalucia.es\/cprsanmiguel\/wp-json\/wp\/v2\/pages\/1125\/revisions"}],"predecessor-version":[{"id":2506,"href":"https:\/\/blogsaverroes.juntadeandalucia.es\/cprsanmiguel\/wp-json\/wp\/v2\/pages\/1125\/revisions\/2506"}],"wp:attachment":[{"href":"https:\/\/blogsaverroes.juntadeandalucia.es\/cprsanmiguel\/wp-json\/wp\/v2\/media?parent=1125"}],"curies":[{"name":"wp","href":"https:\/\/api.w.org\/{rel}","templated":true}]}}