{"id":1129,"date":"2022-03-03T11:25:00","date_gmt":"2022-03-03T10:25:00","guid":{"rendered":"https:\/\/blogsaverroes.juntadeandalucia.es\/cprsanmiguel\/?page_id=1129"},"modified":"2022-03-15T11:02:17","modified_gmt":"2022-03-15T10:02:17","slug":"recursos-educativos","status":"publish","type":"page","link":"https:\/\/blogsaverroes.juntadeandalucia.es\/cprsanmiguel\/recursos-educativos\/","title":{"rendered":"Recursos Educativos"},"content":{"rendered":"<p>[et_pb_section fb_built=&#8221;1&#8243; _builder_version=&#8221;4.14.5&#8243; use_background_color_gradient=&#8221;on&#8221; background_color_gradient_start=&#8221;#daede9&#8243; background_color_gradient_end=&#8221;#e4defc&#8221; background_enable_image=&#8221;off&#8221; background_position=&#8221;top_center&#8221; background_blend=&#8221;exclusion&#8221; global_colors_info=&#8221;{}&#8221;][et_pb_row _builder_version=&#8221;4.14.5&#8243; background_size=&#8221;initial&#8221; background_position=&#8221;top_left&#8221; background_repeat=&#8221;repeat&#8221; global_colors_info=&#8221;{}&#8221;][et_pb_column type=&#8221;4_4&#8243; _builder_version=&#8221;3.25&#8243; custom_padding=&#8221;|||&#8221; global_colors_info=&#8221;{}&#8221; custom_padding__hover=&#8221;|||&#8221;][et_pb_text _builder_version=&#8221;4.14.5&#8243; background_size=&#8221;initial&#8221; background_position=&#8221;top_left&#8221; background_repeat=&#8221;repeat&#8221; hover_enabled=&#8221;0&#8243; global_colors_info=&#8221;{}&#8221; sticky_enabled=&#8221;0&#8243;]<\/p>\n<p><span style=\"font-size: 12pt\">En esta secci\u00f3n se puede acceder a varios enlaces de recursos educativos de diferentes \u00e1reas, para su consulta.<\/span><\/p>\n<ul>\n<li style=\"list-style-type: none\">\n<ul>\n<li><strong><span style=\"font-size: 12pt;color: #339966\"><a style=\"color: #339966\" href=\"https:\/\/marife.wordpress.com\/\">Recursos de Ed. Infantil<\/a><\/span><\/strong><\/li>\n<li><strong><span style=\"font-size: 12pt;color: #339966\"><a style=\"color: #339966\" href=\"https:\/\/maestraevainfantilterreros.blogspot.com\/\">Blog de 3 a\u00f1os Terreros<\/a><\/span><\/strong><\/li>\n<li><strong><span style=\"font-size: 12pt;color: #339966\"><a style=\"color: #339966\" href=\"https:\/\/aprendiendojuntosclase.blogspot.com\/?m=1\">Blog de 4 a\u00f1os Terreros<\/a><\/span><\/strong><\/li>\n<li><strong><span style=\"font-size: 12pt;color: #339966\"><a style=\"color: #339966\" href=\"https:\/\/maestraevainfantilterreros.blogspot.com\/\">Blog de M\u00fasica<\/a><\/span><\/strong><\/li>\n<li><strong><span style=\"font-size: 12pt;color: #339966\"><a style=\"color: #339966\" href=\"http:\/\/mural.uv.es\/diezan\/recursos.htm\">Recursos de Ingl\u00e9s<\/a><\/span><\/strong><\/li>\n<li><strong><span style=\"font-size: 12pt;color: #339966\"><a style=\"color: #339966\" href=\"https:\/\/view.genial.ly\/6020ea7d5115d20cf91cea2d\/presentation-ac-herramientas-digitales\">Herramientas Digitales<\/a><\/span><\/strong><\/li>\n<\/ul>\n<\/li>\n<\/ul>\n<p>[\/et_pb_text][\/et_pb_column][\/et_pb_row][\/et_pb_section]<\/p>\n","protected":false},"excerpt":{"rendered":"<p>En esta secci\u00f3n se puede acceder a varios enlaces de recursos educativos de diferentes \u00e1reas, para su consulta. Recursos de Ed. Infantil Blog de 3 a\u00f1os Terreros Blog de 4 a\u00f1os Terreros Blog de M\u00fasica Recursos de Ingl\u00e9s Herramientas Digitales<\/p>\n","protected":false},"author":12876,"featured_media":0,"parent":0,"menu_order":0,"comment_status":"closed","ping_status":"closed","template":"","meta":{"_et_pb_use_builder":"on","_et_pb_old_content":"<p>En esta secci\u00f3n se puede acceder a varios enlaces de recursos educativos de diferentes \u00e1reas, para su consulta.<\/p><ul><li><strong><span style=\"color: #008000;\"><a style=\"color: #008000;\" href=\"https:\/\/marife.wordpress.com\/\">Recursos de Ed. Infantil<\/a><\/span><\/strong><\/li><li><strong><span style=\"color: #008000;\"><a style=\"color: #008000;\" href=\"http:\/\/mural.uv.es\/diezan\/recursos.htm\">Recursos de Ingl\u00e9s<\/a><\/span><\/strong><\/li><\/ul>","_et_gb_content_width":"","ngg_post_thumbnail":0,"footnotes":""},"aioseo_notices":[],"_links":{"self":[{"href":"https:\/\/blogsaverroes.juntadeandalucia.es\/cprsanmiguel\/wp-json\/wp\/v2\/pages\/1129"}],"collection":[{"href":"https:\/\/blogsaverroes.juntadeandalucia.es\/cprsanmiguel\/wp-json\/wp\/v2\/pages"}],"about":[{"href":"https:\/\/blogsaverroes.juntadeandalucia.es\/cprsanmiguel\/wp-json\/wp\/v2\/types\/page"}],"author":[{"embeddable":true,"href":"https:\/\/blogsaverroes.juntadeandalucia.es\/cprsanmiguel\/wp-json\/wp\/v2\/users\/12876"}],"replies":[{"embeddable":true,"href":"https:\/\/blogsaverroes.juntadeandalucia.es\/cprsanmiguel\/wp-json\/wp\/v2\/comments?post=1129"}],"version-history":[{"count":5,"href":"https:\/\/blogsaverroes.juntadeandalucia.es\/cprsanmiguel\/wp-json\/wp\/v2\/pages\/1129\/revisions"}],"predecessor-version":[{"id":1159,"href":"https:\/\/blogsaverroes.juntadeandalucia.es\/cprsanmiguel\/wp-json\/wp\/v2\/pages\/1129\/revisions\/1159"}],"wp:attachment":[{"href":"https:\/\/blogsaverroes.juntadeandalucia.es\/cprsanmiguel\/wp-json\/wp\/v2\/media?parent=1129"}],"curies":[{"name":"wp","href":"https:\/\/api.w.org\/{rel}","templated":true}]}}