{"id":850,"date":"2020-12-18T08:41:27","date_gmt":"2020-12-18T07:41:27","guid":{"rendered":"https:\/\/blogsaverroes.juntadeandalucia.es\/pre\/plantilla-pencil\/?page_id=850"},"modified":"2026-04-09T12:05:59","modified_gmt":"2026-04-09T11:05:59","slug":"planes-y-proyectos","status":"publish","type":"page","link":"https:\/\/blogsaverroes.juntadeandalucia.es\/cprsanmiguel\/planes-y-proyectos\/","title":{"rendered":"Plan de Centro"},"content":{"rendered":"<p>En este espacio podr\u00e1s encontrar el Plan de centro para el presente curso 2025\/2026:<\/p>\n<ul>\n<li><a href=\"https:\/\/drive.google.com\/file\/d\/1BIeyYa7J2hUE5Qcv4TC2wqaoVvei2hvF\/view\">INTRODUCCI\u00d3N Y CONTEXTUALIZACI\u00d3N<\/a><\/li>\n<li><a href=\"https:\/\/drive.google.com\/file\/d\/1SBGstVf2DS3LbehNITR82CwqtzGgTWBA\/view\">L\u00cdNEAS GENERALES DE ACTUACI\u00d3N Y OBJETIVOS DEL PROYECTO EDUCATIVO<\/a><\/li>\n<li><a href=\"https:\/\/drive.google.com\/file\/u\/1\/d\/16p7Zv6kL3p3Y77cUUPakMdreCg-J5-Yh\/view?usp=drive_open\">COMPROMISOS DE MEJORA DEL RENDIMIENTO ESCOLAR Y LA CALIDAD DE LAS ACTUACIONES DE NUESTRO CENTRO<\/a><\/li>\n<li><a href=\"https:\/\/drive.google.com\/file\/d\/1Q1xQr_Ux4e1UU_sq-a9xRopZcMb4pnxQ\/view\">PLAN DE ATENCI\u00d3N A LA DIVERSIDAD<\/a><\/li>\n<li><a href=\"https:\/\/drive.google.com\/file\/d\/1DLookJwzRmTpNnf-TO8Seb9JNY9YXi6L\/view\">LA ORGANIZACI\u00d3N Y DISTRIBUCI\u00d3N DEL TIEMPO ESCOLAR<\/a><\/li>\n<li><a href=\"https:\/\/drive.google.com\/file\/d\/1j2d42Ao4Am9GfThQ4diITwTqDp_dGYXA\/view\">PLAN DE ORIENTACI\u00d3N Y ACCI\u00d3N TUTORIAL<\/a><\/li>\n<li><a href=\"https:\/\/drive.google.com\/file\/d\/1y1-R-V1Z7aUOSBqwPBtd7ML7vSwuKMR9\/view\">PROCEDIMIENTOS DE EVALUACI\u00d3N<\/a><\/li>\n<li><a href=\"https:\/\/drive.google.com\/file\/d\/18cJoOWZ01sdyRRayi_xpg6vzu-b7SRPm\/view\">PLAN DE FORMACI\u00d3N DEL PROFESORADO. OBJETIVOS, PRIORIDADES Y ACTUACIONES DE ACUERDO CON LAS NECESIDADES DETECTADAS<\/a><\/li>\n<li><a href=\"https:\/\/drive.google.com\/file\/d\/1UAf7Z1MeIewCAcGTliQ7tHsZmFp4g0MQ\/view\">PROGRAMACIONES DID\u00c1CTICAS Y PROPUESTAS PEDAG\u00d3GICAS<\/a><\/li>\n<li><a href=\"https:\/\/drive.google.com\/file\/d\/1OUpYMABjcva-uuKKV3F-NxSSLdf9ydS1\/view\">PLANES Y PROGRAMAS EDUCATIVOS<\/a><\/li>\n<li><a href=\"https:\/\/drive.google.com\/file\/d\/1UDlsK44oywH_0GYeRxAiW1VL5tz504X4\/view\">PLAN DE CONVIVENCIA<\/a><\/li>\n<li><a href=\"https:\/\/drive.google.com\/file\/d\/1ylMjhieJB2pcAf47FtNOo2EFEzbJkZAf\/view\">PROYECTO DE GESTI\u00d3N<\/a><\/li>\n<li><a href=\"https:\/\/drive.google.com\/file\/d\/1EJ3vDreEdqIm4m_GlHN-oZTAF3U1J2J9\/view\">REGLAMENTO DE ORGANIZACI\u00d3N Y FUNCIONAMIENTO<\/a><\/li>\n<\/ul>\n","protected":false},"excerpt":{"rendered":"<p>En este espacio podr\u00e1s encontrar el Plan de centro para el presente curso 2025\/2026: INTRODUCCI\u00d3N Y CONTEXTUALIZACI\u00d3N L\u00cdNEAS GENERALES DE ACTUACI\u00d3N Y OBJETIVOS DEL PROYECTO EDUCATIVO COMPROMISOS DE MEJORA DEL RENDIMIENTO ESCOLAR Y LA CALIDAD DE LAS ACTUACIONES DE NUESTRO CENTRO PLAN DE ATENCI\u00d3N A LA DIVERSIDAD LA ORGANIZACI\u00d3N Y DISTRIBUCI\u00d3N DEL TIEMPO ESCOLAR PLAN [&hellip;]<\/p>\n","protected":false},"author":7051,"featured_media":0,"parent":0,"menu_order":0,"comment_status":"closed","ping_status":"closed","template":"","meta":{"_et_pb_use_builder":"off","_et_pb_old_content":"","_et_gb_content_width":"","ngg_post_thumbnail":0,"footnotes":""},"aioseo_notices":[],"_links":{"self":[{"href":"https:\/\/blogsaverroes.juntadeandalucia.es\/cprsanmiguel\/wp-json\/wp\/v2\/pages\/850"}],"collection":[{"href":"https:\/\/blogsaverroes.juntadeandalucia.es\/cprsanmiguel\/wp-json\/wp\/v2\/pages"}],"about":[{"href":"https:\/\/blogsaverroes.juntadeandalucia.es\/cprsanmiguel\/wp-json\/wp\/v2\/types\/page"}],"author":[{"embeddable":true,"href":"https:\/\/blogsaverroes.juntadeandalucia.es\/cprsanmiguel\/wp-json\/wp\/v2\/users\/7051"}],"replies":[{"embeddable":true,"href":"https:\/\/blogsaverroes.juntadeandalucia.es\/cprsanmiguel\/wp-json\/wp\/v2\/comments?post=850"}],"version-history":[{"count":38,"href":"https:\/\/blogsaverroes.juntadeandalucia.es\/cprsanmiguel\/wp-json\/wp\/v2\/pages\/850\/revisions"}],"predecessor-version":[{"id":2794,"href":"https:\/\/blogsaverroes.juntadeandalucia.es\/cprsanmiguel\/wp-json\/wp\/v2\/pages\/850\/revisions\/2794"}],"wp:attachment":[{"href":"https:\/\/blogsaverroes.juntadeandalucia.es\/cprsanmiguel\/wp-json\/wp\/v2\/media?parent=850"}],"curies":[{"name":"wp","href":"https:\/\/api.w.org\/{rel}","templated":true}]}}