{"id":853,"date":"2020-12-18T08:50:47","date_gmt":"2020-12-18T07:50:47","guid":{"rendered":"https:\/\/blogsaverroes.juntadeandalucia.es\/pre\/plantilla-pencil\/?page_id=853"},"modified":"2025-01-27T13:58:41","modified_gmt":"2025-01-27T12:58:41","slug":"nuestra-historia","status":"publish","type":"page","link":"https:\/\/blogsaverroes.juntadeandalucia.es\/cprsanmiguel\/nuestra-historia\/","title":{"rendered":"Nuestra Historia"},"content":{"rendered":"<p>El C.P.R. San Miguel est\u00e1 situado en Pulp\u00ed, provincia de Almer\u00eda. Municipio fronterizo entre las comunidades murciana y andaluza. Este centro agrupa las aulas de tres pedan\u00edas, dos de interior (<strong>El Convoy y Pozo de La Higuera<\/strong>) y una tercera de costa (<strong>San Juan de los <\/strong><strong>Terreros<\/strong>).<br \/>\nEstamos en una zona eminentemente agr\u00edcola, donde destacan los cultivos de lechuga, tomate, sand\u00eda, mel\u00f3n, cr\u00edticos, olivo y almendro. La mayor\u00eda de las plantaciones se realizan al aire libre, pero tambi\u00e9n existen bastantes invernaderos.<br \/>\nLa mayor\u00eda de la poblaci\u00f3n vive de la agricultura, como jornaleros o peque\u00f1os propietarios y el resto se dedica a la ganader\u00eda, a la construcci\u00f3n o al sector servicios, siendo este predominante en la zona de la costa.<\/p>\n","protected":false},"excerpt":{"rendered":"<p>El C.P.R. San Miguel est\u00e1 situado en Pulp\u00ed, provincia de Almer\u00eda. Municipio fronterizo entre las comunidades murciana y andaluza. Este centro agrupa las aulas de tres pedan\u00edas, dos de interior (El Convoy y Pozo de La Higuera) y una tercera de costa (San Juan de los Terreros). Estamos en una zona eminentemente agr\u00edcola, donde destacan [&hellip;]<\/p>\n","protected":false},"author":7051,"featured_media":1237,"parent":0,"menu_order":0,"comment_status":"closed","ping_status":"closed","template":"","meta":{"_et_pb_use_builder":"off","_et_pb_old_content":"","_et_gb_content_width":"","ngg_post_thumbnail":0,"footnotes":""},"aioseo_notices":[],"_links":{"self":[{"href":"https:\/\/blogsaverroes.juntadeandalucia.es\/cprsanmiguel\/wp-json\/wp\/v2\/pages\/853"}],"collection":[{"href":"https:\/\/blogsaverroes.juntadeandalucia.es\/cprsanmiguel\/wp-json\/wp\/v2\/pages"}],"about":[{"href":"https:\/\/blogsaverroes.juntadeandalucia.es\/cprsanmiguel\/wp-json\/wp\/v2\/types\/page"}],"author":[{"embeddable":true,"href":"https:\/\/blogsaverroes.juntadeandalucia.es\/cprsanmiguel\/wp-json\/wp\/v2\/users\/7051"}],"replies":[{"embeddable":true,"href":"https:\/\/blogsaverroes.juntadeandalucia.es\/cprsanmiguel\/wp-json\/wp\/v2\/comments?post=853"}],"version-history":[{"count":12,"href":"https:\/\/blogsaverroes.juntadeandalucia.es\/cprsanmiguel\/wp-json\/wp\/v2\/pages\/853\/revisions"}],"predecessor-version":[{"id":2217,"href":"https:\/\/blogsaverroes.juntadeandalucia.es\/cprsanmiguel\/wp-json\/wp\/v2\/pages\/853\/revisions\/2217"}],"wp:featuredmedia":[{"embeddable":true,"href":"https:\/\/blogsaverroes.juntadeandalucia.es\/cprsanmiguel\/wp-json\/wp\/v2\/media\/1237"}],"wp:attachment":[{"href":"https:\/\/blogsaverroes.juntadeandalucia.es\/cprsanmiguel\/wp-json\/wp\/v2\/media?parent=853"}],"curies":[{"name":"wp","href":"https:\/\/api.w.org\/{rel}","templated":true}]}}