{"id":954,"date":"2021-10-21T17:10:55","date_gmt":"2021-10-21T16:10:55","guid":{"rendered":"https:\/\/blogsaverroes.juntadeandalucia.es\/cprsanmiguel\/?page_id=954"},"modified":"2025-11-12T13:24:34","modified_gmt":"2025-11-12T12:24:34","slug":"tde","status":"publish","type":"page","link":"https:\/\/blogsaverroes.juntadeandalucia.es\/cprsanmiguel\/tde\/","title":{"rendered":"TDE"},"content":{"rendered":"<div>El Plan de Actuaci\u00f3n Digital (PAD) es un documento en el que el centro determina de forma consensuada aquellas iniciativas que se llevar\u00e1n a cabo durante el curso escolar, con la finalidad de desarrollar la Competencia Digital e impulsar la Transformaci\u00f3n Digital Educativa del mismo.<br \/>\nLa elaboraci\u00f3n del PAD est\u00e1 liderada por el Equipo Directivo y ha sido cumplimentado en S\u00c9NECA por el Coordinador TDE, Diego D\u00edaz D\u00edaz, teniendo en cuenta siempre el nivel inicial reflejado en la R\u00fabrica TDE (situaci\u00f3n de partida del Centro en Competencia Digital), las sugerencias<br \/>\nreflejadas en dicho informe, as\u00ed como las distintas aportaciones emitidas por los distintos miembros de la comunidad educativa.<br \/>\nEl PAD tiene como objetivo la mejora en los tres \u00e1mbitos de actuaci\u00f3n de la Transformaci\u00f3n Digital (organizaci\u00f3n y gesti\u00f3n del centro, procesos de ense\u00f1anza-aprendizaje e informaci\u00f3n y comunicaci\u00f3n), adem\u00e1s de establecer los recursos necesarios para su correcto desarrollo. Para su<br \/>\nconfecci\u00f3n se ha tenido en cuenta el Marco Europeo de Competencia Digital para Organizaciones Educativas DigCompOrg. A continuaci\u00f3n, adjuntamos el enlace a dicho Plan:<\/div>\n<div style=\"width: 100%\">\n<div>&nbsp;<\/div>\n<div style=\"padding-bottom: 56.25%;padding-top: 0;height: 0\"><a href=\"https:\/\/drive.google.com\/file\/d\/1HIk6x2bAO7tRn53_TvG4sEI5gZNi5JMX\/view\">Portal web TDE<\/a><\/div>\n<\/div>\n","protected":false},"excerpt":{"rendered":"<p>El Plan de Actuaci\u00f3n Digital (PAD) es un documento en el que el centro determina de forma consensuada aquellas iniciativas que se llevar\u00e1n a cabo durante el curso escolar, con la finalidad de desarrollar la Competencia Digital e impulsar la Transformaci\u00f3n Digital Educativa del mismo. La elaboraci\u00f3n del PAD est\u00e1 liderada por el Equipo Directivo [&hellip;]<\/p>\n","protected":false},"author":12876,"featured_media":0,"parent":0,"menu_order":0,"comment_status":"closed","ping_status":"closed","template":"","meta":{"_et_pb_use_builder":"","_et_pb_old_content":"","_et_gb_content_width":"","ngg_post_thumbnail":0,"footnotes":""},"aioseo_notices":[],"_links":{"self":[{"href":"https:\/\/blogsaverroes.juntadeandalucia.es\/cprsanmiguel\/wp-json\/wp\/v2\/pages\/954"}],"collection":[{"href":"https:\/\/blogsaverroes.juntadeandalucia.es\/cprsanmiguel\/wp-json\/wp\/v2\/pages"}],"about":[{"href":"https:\/\/blogsaverroes.juntadeandalucia.es\/cprsanmiguel\/wp-json\/wp\/v2\/types\/page"}],"author":[{"embeddable":true,"href":"https:\/\/blogsaverroes.juntadeandalucia.es\/cprsanmiguel\/wp-json\/wp\/v2\/users\/12876"}],"replies":[{"embeddable":true,"href":"https:\/\/blogsaverroes.juntadeandalucia.es\/cprsanmiguel\/wp-json\/wp\/v2\/comments?post=954"}],"version-history":[{"count":5,"href":"https:\/\/blogsaverroes.juntadeandalucia.es\/cprsanmiguel\/wp-json\/wp\/v2\/pages\/954\/revisions"}],"predecessor-version":[{"id":2575,"href":"https:\/\/blogsaverroes.juntadeandalucia.es\/cprsanmiguel\/wp-json\/wp\/v2\/pages\/954\/revisions\/2575"}],"wp:attachment":[{"href":"https:\/\/blogsaverroes.juntadeandalucia.es\/cprsanmiguel\/wp-json\/wp\/v2\/media?parent=954"}],"curies":[{"name":"wp","href":"https:\/\/api.w.org\/{rel}","templated":true}]}}