{"id":2,"date":"2024-10-16T14:13:02","date_gmt":"2024-10-16T12:13:02","guid":{"rendered":"https:\/\/blogsaverroes.juntadeandalucia.es\/cprsanroque\/?page_id=2"},"modified":"2025-09-29T09:21:03","modified_gmt":"2025-09-29T07:21:03","slug":"pagina-ejemplo","status":"publish","type":"page","link":"https:\/\/blogsaverroes.juntadeandalucia.es\/cprsanroque\/","title":{"rendered":"CPR SAN ROQUE"},"content":{"rendered":"<p style=\"text-align: center\"><span style=\"font-family: impact, sans-serif;font-size: 18pt;text-align: center\">ENTORNO<\/span><\/p>\n<p style=\"text-align: left\"><img loading=\"lazy\" decoding=\"async\" class=\"alignleft wp-image-180\" src=\"https:\/\/blogsaverroes.juntadeandalucia.es\/cprsanroque\/files\/2024\/10\/4-3.jpg\" alt=\"\" width=\"345\" height=\"614\" srcset=\"https:\/\/blogsaverroes.juntadeandalucia.es\/cprsanroque\/files\/2024\/10\/4-3.jpg 1080w, https:\/\/blogsaverroes.juntadeandalucia.es\/cprsanroque\/files\/2024\/10\/4-3-169x300.jpg 169w, https:\/\/blogsaverroes.juntadeandalucia.es\/cprsanroque\/files\/2024\/10\/4-3-576x1024.jpg 576w, https:\/\/blogsaverroes.juntadeandalucia.es\/cprsanroque\/files\/2024\/10\/4-3-768x1365.jpg 768w, https:\/\/blogsaverroes.juntadeandalucia.es\/cprsanroque\/files\/2024\/10\/4-3-864x1536.jpg 864w\" sizes=\"(max-width: 345px) 100vw, 345px\" \/>El C.P.R. San Roque, comprende las localidades de Enix y Felix, enclavadas en la parte oriental de la Sierra de G\u00e1dor, Alpujarra Oriental Almeriense. Ambas poblaciones est\u00e1n situadas a 27 y 25 km respectivamente de la capital de la provincia: Almer\u00eda. Tambi\u00e9n, destaca su proximidad a localidades como El Parador, Aguadulce o Roquetas de Mar, caracter\u00edstica atractiva para la mayor parte de las personas que en los \u00faltimos a\u00f1os est\u00e1n eligiendo ambos pueblos como lugar de residencia. Adem\u00e1s ambas localidades se convierten en destino tur\u00edstico principalmente los fines de semana, con gran afluencia de visitantes de localidades cercanas atra\u00eddos por el entorno natural y la gastronom\u00eda.<\/p>\n<p>Enix cuenta con, aproximadamente, 598 habitantes (INE 2024), los cuales se encuentran repartidos entre el n\u00facleo de poblaci\u00f3n principal y las tres urbanizaciones ubicadas en las afueras del pueblo. Un 30% de los residentes son de procedencia extranjera, principalmente de Reino Unido. Por su parte, Felix tiene, aproximadamente, un total de 770 habitantes (INE 2024), los cuales viven mayoritariamente en el n\u00facleo de poblaci\u00f3n, aunque un n\u00famero aproximado de poblaci\u00f3n se encuentra diseminado por su entorno. En los \u00faltimos a\u00f1os, su poblaci\u00f3n ha ido aumentando paulatinamente. Un 20% de la poblaci\u00f3n es extranjera, mayoritariamente procedentes de Alemania y Reino Unido.<\/p>\n<p>En la localidad podemos encontrar vestigios de la historia, con influencia \u00e1rabe, como su castillo que data del siglo XI y la iglesia de la Encarnaci\u00f3n, levantada sobre una antigua mezquita. A esto se le suma la peculiaridad del entramado de sus calles y que se encuentra enclavada en un lugar privilegiado, ofreciendo un rico entorno natural.<\/p>\n<p>Su econom\u00eda est\u00e1 basada principalmente en las tareas agr\u00edcolas, destacando el cultivo de secano. La mayor parte de ingresos econ\u00f3micos se generan a trav\u00e9s de contratos temporales, as\u00ed como con peque\u00f1as empresas relacionadas con diferentes \u00e1mbitos que dan ocupaci\u00f3n a otro peque\u00f1o sector de la poblaci\u00f3n. Parte de la poblaci\u00f3n, trabaja en localidades cercanas, principalmente en el sector servicios, dirigiendo este trabajo remunerado a la poblaci\u00f3n masculina. Son principalmente las madres las que tienen contacto con el centro, especialmente en las primeras etapas, participando en aquellas propuestas que se realizan en el centro.<\/p>\n<p><img loading=\"lazy\" decoding=\"async\" class=\"wp-image-169 aligncenter\" src=\"https:\/\/blogsaverroes.juntadeandalucia.es\/cprsanroque\/files\/2024\/10\/3-1.jpg\" alt=\"\" width=\"597\" height=\"448\" srcset=\"https:\/\/blogsaverroes.juntadeandalucia.es\/cprsanroque\/files\/2024\/10\/3-1.jpg 1920w, https:\/\/blogsaverroes.juntadeandalucia.es\/cprsanroque\/files\/2024\/10\/3-1-300x225.jpg 300w, https:\/\/blogsaverroes.juntadeandalucia.es\/cprsanroque\/files\/2024\/10\/3-1-1024x768.jpg 1024w, https:\/\/blogsaverroes.juntadeandalucia.es\/cprsanroque\/files\/2024\/10\/3-1-768x576.jpg 768w, https:\/\/blogsaverroes.juntadeandalucia.es\/cprsanroque\/files\/2024\/10\/3-1-1536x1152.jpg 1536w\" sizes=\"(max-width: 597px) 100vw, 597px\" \/><\/p>\n<p><strong>El centro atiende a alumnado de Educaci\u00f3n Infantil, Primaria y Primer ciclo de Secundaria. Teniendo en cuenta el n\u00famero de alumnado, los grupos est\u00e1n organizados por ciclos:<\/strong><\/p>\n<ul>\n<li>En la sede de <strong>Felix<\/strong>, existe un grupo de Educaci\u00f3n Infantil (3, 4 y 5 a\u00f1os), un grupo de 1\u00ba ciclo (1\u00ba y 2\u00ba primaria), un grupo de 2\u00ba ciclo (3\u00ba y 4\u00ba primaria), un grupo de 3\u00ba ciclo (5\u00ba y 6\u00ba primaria) y otro grupo\u00a0 donde se unen los dos cursos que conforman el primer ciclo de la Educaci\u00f3n Secundaria Obligatoria (1\u00ba y 2\u00ba ESO).<\/li>\n<li>En la sede de <strong>Enix<\/strong>, se produjo la apertura de un aula, que est\u00e1 habilitada para acoger a alumnado de Educaci\u00f3n Infantil y 1\u00ba ciclo de la Educaci\u00f3n Primaria.<\/li>\n<\/ul>\n<p>La agrupaci\u00f3n del alumnado, depender\u00e1 en gran medida de la ratio de cada grupo, intentando, desde el centro, optimizar recursos, materiales, espaciales, de forma que no permita dar respuesta a las necesidades del alumnado desde la particularidad de nuestro centro.<\/p>\n<p><img loading=\"lazy\" decoding=\"async\" class=\"aligncenter wp-image-292 size-medium\" src=\"https:\/\/blogsaverroes.juntadeandalucia.es\/cprsanroque\/files\/2024\/11\/thumbnail_IMG_1589-225x300.jpg\" alt=\"\" width=\"225\" height=\"300\" srcset=\"https:\/\/blogsaverroes.juntadeandalucia.es\/cprsanroque\/files\/2024\/11\/thumbnail_IMG_1589-225x300.jpg 225w, https:\/\/blogsaverroes.juntadeandalucia.es\/cprsanroque\/files\/2024\/11\/thumbnail_IMG_1589-768x1024.jpg 768w, https:\/\/blogsaverroes.juntadeandalucia.es\/cprsanroque\/files\/2024\/11\/thumbnail_IMG_1589-1152x1536.jpg 1152w, https:\/\/blogsaverroes.juntadeandalucia.es\/cprsanroque\/files\/2024\/11\/thumbnail_IMG_1589.jpg 1440w\" sizes=\"(max-width: 225px) 100vw, 225px\" \/><\/p>\n<p style=\"text-align: center\"><span style=\"font-family: impact, sans-serif;font-size: 18pt\">D\u00d3NDE ENCONTRARNOS<\/span>\u00a0<iframe loading=\"lazy\" src=\"https:\/\/www.google.com\/maps\/embed?pb=!1m18!1m12!1m3!1d3191.9224986820163!2d-2.6594920246937455!3d36.86827386386022!2m3!1f0!2f0!3f0!3m2!1i1024!2i768!4f13.1!3m3!1m2!1s0xd64c3b216e9d6d3%3A0x582cb49a29523846!2sColegio%20De%20Educaci%C3%B3n%20Infantil%20Y%20Primaria%20San%20Roque!5e0!3m2!1ses!2ses!4v1729533248772!5m2!1ses!2ses\" width=\"600\" height=\"450\"><span data-mce-type=\"bookmark\" style=\"width: 0px;overflow: hidden;line-height: 0\" class=\"mce_SELRES_start\">\ufeff<\/span><\/iframe><\/p>\n<p>&nbsp;<\/p>\n","protected":false},"excerpt":{"rendered":"<p>ENTORNO El C.P.R. San Roque, comprende las localidades de Enix y Felix, enclavadas en la parte oriental de la Sierra de G\u00e1dor, Alpujarra Oriental Almeriense. Ambas poblaciones est\u00e1n situadas a&#46;&#46;&#46;<\/p>\n","protected":false},"author":13360,"featured_media":0,"parent":0,"menu_order":0,"comment_status":"closed","ping_status":"open","template":"","meta":{"footnotes":""},"aioseo_notices":[],"_links":{"self":[{"href":"https:\/\/blogsaverroes.juntadeandalucia.es\/cprsanroque\/wp-json\/wp\/v2\/pages\/2"}],"collection":[{"href":"https:\/\/blogsaverroes.juntadeandalucia.es\/cprsanroque\/wp-json\/wp\/v2\/pages"}],"about":[{"href":"https:\/\/blogsaverroes.juntadeandalucia.es\/cprsanroque\/wp-json\/wp\/v2\/types\/page"}],"author":[{"embeddable":true,"href":"https:\/\/blogsaverroes.juntadeandalucia.es\/cprsanroque\/wp-json\/wp\/v2\/users\/13360"}],"replies":[{"embeddable":true,"href":"https:\/\/blogsaverroes.juntadeandalucia.es\/cprsanroque\/wp-json\/wp\/v2\/comments?post=2"}],"version-history":[{"count":41,"href":"https:\/\/blogsaverroes.juntadeandalucia.es\/cprsanroque\/wp-json\/wp\/v2\/pages\/2\/revisions"}],"predecessor-version":[{"id":513,"href":"https:\/\/blogsaverroes.juntadeandalucia.es\/cprsanroque\/wp-json\/wp\/v2\/pages\/2\/revisions\/513"}],"wp:attachment":[{"href":"https:\/\/blogsaverroes.juntadeandalucia.es\/cprsanroque\/wp-json\/wp\/v2\/media?parent=2"}],"curies":[{"name":"wp","href":"https:\/\/api.w.org\/{rel}","templated":true}]}}