{"id":286,"date":"2024-11-08T09:23:18","date_gmt":"2024-11-08T08:23:18","guid":{"rendered":"https:\/\/blogsaverroes.juntadeandalucia.es\/cprsanroque\/?page_id=286"},"modified":"2024-11-08T09:25:52","modified_gmt":"2024-11-08T08:25:52","slug":"pasen-ipasen","status":"publish","type":"page","link":"https:\/\/blogsaverroes.juntadeandalucia.es\/cprsanroque\/pasen-ipasen\/","title":{"rendered":"PASEN\/IPASEN"},"content":{"rendered":"<h5 style=\"text-align: center\">PLATAFORMA DE COMUNICACI\u00d3N PASEN-IPASEN<\/h5>\n<p>Para mejorar la comunicaci\u00f3n con las familias sobre la evoluci\u00f3n del alumnado y otras comunicaciones, se realizar\u00e1 a trav\u00e9s de la aplicaci\u00f3n <strong>Pasen. <\/strong>Esta aplicaci\u00f3n puede utilizarse a trav\u00e9s de la web o bien descargando la App para Android o bien para IOs.<\/p>\n<p>En los siguientes v\u00eddeos se muestra c\u00f3mo instalar iPasen y sus principales caracter\u00edsticas:<\/p>\n<p style=\"text-align: left\"><strong>RECUERDA que para hacer el autologin debes hacerlo desde los n\u00fameros m\u00f3viles que est\u00e1n asociados en la matr\u00edcula. Tambi\u00e9n se puede hacer desde el PC. En el siguiente v\u00eddeo puedes aprender a hacerlo.<\/strong><\/p>\n<p>\u00a0 \u00a0 \u00a0 \u00a0 \u00a0 \u00a0 \u00a0 \u00a0 \u00a0 \u00a0 \u00a0 \u00a0 \u00a0 \u00a0 \u00a0 \u00a0<iframe loading=\"lazy\" src=\"\/\/www.youtube.com\/embed\/3z6eWjQWnuc\" width=\"560\" height=\"314\"><\/iframe><\/p>\n<p>Con esta informaci\u00f3n, les facilitaremos el siguiente v\u00eddeo para la instalaci\u00f3n de iPasen desde su terminal m\u00f3vil.<\/p>\n<p><iframe loading=\"lazy\" src=\"\/\/www.youtube.com\/embed\/gl7Ae0x3avI\" width=\"560\" height=\"314\"><\/iframe><\/p>\n<p>CADA PADRE\/MADRE\/TUTOR\/A LEGAL DEBE\u00a0<strong>ACTIVAR A SUS HIJOS\/AS<\/strong>:<\/p>\n<p>Para ello, una vez realizados los pasos anteriores y haber obtenido su usuario y contrase\u00f1a:<\/p>\n<ol>\n<li>Accedemos nuevamente a iPASEN con el usuario y contrase\u00f1a de ADULTO (padre\/madre\/tutor\/a) y en la bandeja de \u201cCOMUNICACIONES\u201d deber\u00e1n haber recibido un mensaje (o varios, seg\u00fan el n\u00famero de hijos\/as que tengan cursando estudios obligatorios).<\/li>\n<li>Haga \u201cclic\u201d con el bot\u00f3n izquierdo de su rat\u00f3n, o pulsen en el enlace que se les indica.<\/li>\n<li>Sigan las instrucciones y recibir\u00e1n una contrase\u00f1a para su hijo\/a.<\/li>\n<li style=\"list-style-type: none\"><\/li>\n<\/ol>\n<p><strong>YA TIENEN EL USUARIO Y CONTRASE\u00d1A DE SU HIJA\/O<\/strong><\/p>\n<p>NOTA: deben repetir los pasos 2 y 3, por cada hijo\/a que tengan cursando estudios en el colegio.<\/p>\n","protected":false},"excerpt":{"rendered":"<p>PLATAFORMA DE COMUNICACI\u00d3N PASEN-IPASEN Para mejorar la comunicaci\u00f3n con las familias sobre la evoluci\u00f3n del alumnado y otras comunicaciones, se realizar\u00e1 a trav\u00e9s de la aplicaci\u00f3n Pasen. Esta aplicaci\u00f3n puede&#46;&#46;&#46;<\/p>\n","protected":false},"author":13360,"featured_media":0,"parent":0,"menu_order":0,"comment_status":"closed","ping_status":"closed","template":"","meta":{"footnotes":""},"aioseo_notices":[],"_links":{"self":[{"href":"https:\/\/blogsaverroes.juntadeandalucia.es\/cprsanroque\/wp-json\/wp\/v2\/pages\/286"}],"collection":[{"href":"https:\/\/blogsaverroes.juntadeandalucia.es\/cprsanroque\/wp-json\/wp\/v2\/pages"}],"about":[{"href":"https:\/\/blogsaverroes.juntadeandalucia.es\/cprsanroque\/wp-json\/wp\/v2\/types\/page"}],"author":[{"embeddable":true,"href":"https:\/\/blogsaverroes.juntadeandalucia.es\/cprsanroque\/wp-json\/wp\/v2\/users\/13360"}],"replies":[{"embeddable":true,"href":"https:\/\/blogsaverroes.juntadeandalucia.es\/cprsanroque\/wp-json\/wp\/v2\/comments?post=286"}],"version-history":[{"count":4,"href":"https:\/\/blogsaverroes.juntadeandalucia.es\/cprsanroque\/wp-json\/wp\/v2\/pages\/286\/revisions"}],"predecessor-version":[{"id":290,"href":"https:\/\/blogsaverroes.juntadeandalucia.es\/cprsanroque\/wp-json\/wp\/v2\/pages\/286\/revisions\/290"}],"wp:attachment":[{"href":"https:\/\/blogsaverroes.juntadeandalucia.es\/cprsanroque\/wp-json\/wp\/v2\/media?parent=286"}],"curies":[{"name":"wp","href":"https:\/\/api.w.org\/{rel}","templated":true}]}}