{"id":83,"date":"2024-10-21T11:15:43","date_gmt":"2024-10-21T09:15:43","guid":{"rendered":"https:\/\/blogsaverroes.juntadeandalucia.es\/cprsanroque\/?page_id=83"},"modified":"2026-03-13T08:43:48","modified_gmt":"2026-03-13T07:43:48","slug":"documentos","status":"publish","type":"page","link":"https:\/\/blogsaverroes.juntadeandalucia.es\/cprsanroque\/documentos\/","title":{"rendered":"Documentos del centro"},"content":{"rendered":"<p><span style=\"font-family: impact, sans-serif;font-size: 18pt;text-align: center\">PLAN DE CENTRO<\/span><\/p>\n<ul style=\"list-style-type: circle\">\n<li><a href=\"https:\/\/drive.google.com\/file\/d\/1JZfY6jeRCPSOZ_WSUSa_Ce9z07u62TAv\/view?usp=sharing\" target=\"_blank\" rel=\"noopener\">Proyecto educativo.<\/a><\/li>\n<li><a href=\"https:\/\/drive.google.com\/file\/d\/1Bd78G6jxGnngvmh3xrFcR9j_n8P2-88A\/view?usp=share_link\" target=\"_blank\" rel=\"noopener\">Reglamento de Organizaci\u00f3n y Funcionamiento.<\/a><\/li>\n<li><a href=\"https:\/\/drive.google.com\/file\/d\/1-GC2AZI2Ev_RT7PaJS_1VItauytilNFD\/view?usp=share_link\" target=\"_blank\" rel=\"noopener\">Plan de Orientaci\u00f3n y acci\u00f3n tutorial.<\/a><\/li>\n<li><a href=\"https:\/\/drive.google.com\/file\/d\/1D6UR-KlPf2jGG_FTsq69lx-wgPeELfu5\/view?usp=sharing\" target=\"_blank\" rel=\"noopener\">Plan de autoprotecci\u00f3n escolar.<\/a><\/li>\n<li><a href=\"https:\/\/drive.google.com\/file\/d\/1s9cDYNFZPaYAfJZPXJoqJJxNb1vSP-5E\/view?usp=share_link\" target=\"_blank\" rel=\"noopener\">Plan de Convivencia.<\/a><\/li>\n<li><a href=\"https:\/\/drive.google.com\/file\/d\/1ZiiEpjp19jDQIcoDqT2tWHXSfR8ma3px\/view?usp=share_link\" target=\"_blank\" rel=\"noopener\">Proyecto de gesti\u00f3n.<\/a><\/li>\n<li><a href=\"https:\/\/drive.google.com\/file\/d\/1nhez7GGKFJ3ol87VjJDFwX5RdCOAxVsR\/view?usp=share_link\" target=\"_blank\" rel=\"noopener\">Plan de atenci\u00f3n a la diversidad.<\/a><\/li>\n<li><a href=\"https:\/\/drive.google.com\/file\/d\/1GTPARqTEgWgkBuVvajp2BJffjQuSTbVb\/view?usp=share_link\" target=\"_blank\" rel=\"noopener\">Plan de formaci\u00f3n.<\/a><\/li>\n<li><a href=\"https:\/\/drive.google.com\/file\/d\/1y0SPsBUKGF9QHN-y2ia8-bCeT1ycyrr-\/view?usp=drive_link\">Propuestas Metodol\u00f3gicas de centro<\/a><\/li>\n<\/ul>\n<p>&nbsp;<\/p>\n<ul style=\"list-style-type: circle\">\n<li><a href=\"https:\/\/drive.google.com\/file\/d\/15RGrtT-YpuFdbSYXgjOe7GHqF0sgJEPT\/view?usp=sharing\" target=\"_blank\" rel=\"noopener\">Plan de mejora.<\/a><\/li>\n<li><a href=\"https:\/\/blogsaverroes.juntadeandalucia.es\/cprsanroque\/files\/2025\/09\/MEMORIA-DE-AUTOEVALUACION-CLAUSTRO-CURSO-2024-202511-copia.pdf\">MEMORIA DE AUTOEVALUACI\u00d3N CURSO 2024-2025<\/a><\/li>\n<\/ul>\n<p><span style=\"font-family: impact, sans-serif;font-size: 18pt;text-align: center\">PLAN DE LECTURA<\/span><\/p>\n<ul>\n<li><a href=\"https:\/\/drive.google.com\/file\/d\/1NPKgXJjXKAjbKj-t4ko1N9ayZWE9rdcy\/view?usp=sharing\" target=\"_blank\" rel=\"noopener\">Plan de lectura.<\/a><\/li>\n<\/ul>\n<p><span style=\"font-family: impact, sans-serif;font-size: 18pt;text-align: center\">DOCUMENTOS SECRETAR\u00cdA<\/span><\/p>\n<ul style=\"list-style-type: circle\">\n<li><a href=\"https:\/\/www.juntadeandalucia.es\/educacion\/portales\/documents\/100629\/260395\/01.%20ANEXO%20IV\/fdeedb04-d919-fb59-cdbd-f5ed56924f15?version=1.1\" target=\"_blank\" rel=\"noopener\">ANEXO IV. Matr\u00edcula en 2\u00ba Ciclo de Educaci\u00f3n Infantil.<\/a><\/li>\n<li><a href=\"https:\/\/www.juntadeandalucia.es\/educacion\/portales\/documents\/100629\/260395\/02.%20ANEXO%20V\/61056eeb-88de-0703-5437-e436907595f1?version=1.0\" target=\"_blank\" rel=\"noopener\">ANEXO V. Matr\u00edcula en Educaci\u00f3n Primaria.<\/a><\/li>\n<li><a href=\"https:\/\/www.juntadeandalucia.es\/educacion\/portales\/documents\/100629\/260395\/04.%20ANEXO%20VII\/86084aa4-f841-77f4-a71d-47eb4cb2a540?version=1.1\" target=\"_blank\" rel=\"noopener\">ANEXO VII. Matr\u00edcula en ESO.<\/a><\/li>\n<li><a href=\"https:\/\/www.juntadeandalucia.es\/educacion\/portales\/documents\/100629\/260395\/06.%20ANEXO%20RELIGI%C3%93N\/48611f1c-6344-ad5c-0b15-3447295a9a93?version=1.0\" target=\"_blank\" rel=\"noopener\">ANEXO Religi\u00f3n.<\/a><\/li>\n<li style=\"list-style-type: none\"><\/li>\n<\/ul>\n<p><span style=\"font-family: impact, sans-serif;font-size: 18pt;text-align: center\">IMPRESOS DE ADMISI\u00d3N<\/span><\/p>\n<ul style=\"list-style-type: circle\">\n<li><a href=\"https:\/\/www.juntadeandalucia.es\/educacion\/portales\/documents\/100629\/260390\/ANEXO%20III\/32e8b71e-dd03-87ba-4354-c7809d60c1cf?version=3.0\" target=\"_blank\" rel=\"noopener\">ANEXO III. Solicitud de admisi\u00f3n.<\/a><\/li>\n<li><a href=\"https:\/\/www.juntadeandalucia.es\/educacion\/portales\/documents\/100629\/260390\/ANEXO%20IX\/47503448-5719-d38a-1143-cb15c4499646?version=2.0\" target=\"_blank\" rel=\"noopener\">ANEXO IX. Solicitud extraordinaria de admisi\u00f3n.<\/a><\/li>\n<\/ul>\n<p><span style=\"font-family: impact, sans-serif;font-size: 18pt\">SOLICITUD EX\u00c1MENES<\/span><\/p>\n<ul style=\"list-style-type: circle\">\n<li><a href=\"https:\/\/drive.google.com\/file\/d\/1GWpELJGgxFsLHHS65o4tm2ezjLELIoSW\/view?usp=sharing\" target=\"_blank\" rel=\"noopener\">Documento para solicitar ex\u00e1menes<\/a><\/li>\n<\/ul>\n<p><span style=\"font-family: impact, sans-serif;font-size: 18pt\">PROGRAMACIONES DID\u00c1CTICAS<\/span><\/p>\n<ul>\n<li><strong>INFANTIL<\/strong><\/li>\n<\/ul>\n<p>&nbsp;<\/p>\n<ul>\n<li><strong>1\u00ba CICLO<\/strong><\/li>\n<\/ul>\n<p><a href=\"https:\/\/drive.google.com\/file\/d\/1PBxSVLJcUXs11_YLx1KHkhEoxkWvlVGz\/view?usp=drive_link\">PD EF 1\u00baPrimaria<\/a><\/p>\n<p><a href=\"https:\/\/drive.google.com\/file\/d\/1Tm9CNZ9wkonO8FcvjziUrulLBv3yuPMF\/view?usp=share_link\">PD LENGUA 1\u00baPrimaria<\/a><\/p>\n<p><a href=\"https:\/\/drive.google.com\/file\/d\/1hNMGJ6iGbr-njXDikTqX4ZYKwaROm1Lw\/view?usp=share_link\">PD MATEM\u00c1TICAS 1\u00baPrimaria<\/a><\/p>\n<p><a href=\"https:\/\/drive.google.com\/file\/d\/1DmouK_40T-95dIBMVYXrhMI04jDobEpv\/view?usp=share_link\">PD CONO 1\u00baPrimaria<\/a><\/p>\n<p><a href=\"https:\/\/drive.google.com\/file\/d\/1lmI9KHNd0LBNNeGGEKAvI6KPXl-IfRRX\/view?usp=drive_link\">PD EF 2\u00baPrimaria<\/a><\/p>\n<p><a href=\"https:\/\/drive.google.com\/file\/d\/16Xp5uAJ3HDorskI-vN-hja_5ZvrdvAY-\/view?usp=share_link\">PD LENGUA 2\u00baPrimaria<\/a><\/p>\n<p><a href=\"https:\/\/drive.google.com\/file\/d\/10dunChoWTytMu4B10DHkXVlsWy251dPa\/view?usp=share_link\">PD MATEM\u00c1TICAS 2\u00baPrimaria<\/a><\/p>\n<p><a href=\"https:\/\/drive.google.com\/file\/d\/1L_R8TsxjS0jWBFPJR3p4QVjb6uO-_T-s\/view?usp=share_link\">PD CONO 2\u00baPrimaria<\/a><\/p>\n<ul>\n<li><strong>2\u00ba CICLO<\/strong><\/li>\n<\/ul>\n<p><a href=\"https:\/\/drive.google.com\/file\/d\/11mRLg1Z0mcnYIc1c1CzM10c7v5eGkfA0\/view?usp=drive_link\">PD EF 3\u00baPrimaria<\/a><\/p>\n<p><a href=\"https:\/\/drive.google.com\/file\/d\/1gs-5poj6IZx0eI79rfWd6qwnThbZJwgk\/view?usp=drive_link\">PD EF 4\u00baPrimaria<\/a><\/p>\n<ul>\n<li><strong>3\u00ba CICLO<\/strong><\/li>\n<\/ul>\n<p><a href=\"https:\/\/drive.google.com\/file\/d\/1ziQoZfy1PCiXLskJz9f2fDMno6KAhjBo\/view?usp=drive_link\">PD EF 5\u00baPrimaria<\/a><\/p>\n<p><a href=\"https:\/\/drive.google.com\/file\/d\/1Yz2gF1x2v4MwD_sns8_O2FwE4Ycx0mCC\/view?usp=share_link\">PD CONO 5\u00baPrimaria<\/a><\/p>\n<p><a href=\"https:\/\/drive.google.com\/file\/d\/1-OJ4cokMqih81EfisBGBjNraNUHz5HGx\/view?usp=share_link\">PD LENGUA 5\u00baPrimaria<\/a><\/p>\n<p><a href=\"https:\/\/drive.google.com\/file\/d\/1khqP0I0hJb7MW9hhjcDLHTxr2_e_WnrY\/view?usp=sharing\">PD MATEM\u00c1TICAS 5\u00baPrimaria<\/a><\/p>\n<p><a href=\"https:\/\/drive.google.com\/file\/d\/1Z6TCS5ZlN71Ml9kcOYERrIdpsEipVSGi\/view?usp=drive_link\">PD FRANC\u00c9S 5\u00baPrimaria<\/a><\/p>\n<p><a href=\"https:\/\/drive.google.com\/file\/d\/1yIbvQ572RWkFTcOjs8HNXkgnM-Ru8O3G\/view?usp=drive_link\">PD EF 6\u00baPrimaria<\/a><\/p>\n<p><a href=\"https:\/\/drive.google.com\/file\/d\/1_N3HOJWOFTQsTgVakxic0-Z76ZwFe0S8\/view?usp=sharing\">PD CONO 6\u00baPrimaria<\/a><\/p>\n<p><a href=\"https:\/\/drive.google.com\/file\/d\/1s6f1Km1iLDyFnw6bxiSaWgrwg5p-vd2D\/view?usp=sharing\">PD LENGUA 6\u00baPrimaria<\/a><\/p>\n<p><a href=\"https:\/\/drive.google.com\/file\/d\/1Bc723vPPoRhSLzIkHggxlJj0SimAseDz\/view?usp=sharing\">PD MATEM\u00c1TICAS 6\u00baPrimaria<\/a><\/p>\n<p><a href=\"https:\/\/drive.google.com\/file\/d\/1_BR1ixWstTwVPov25kXPzZaLQ4Y-N822\/view?usp=sharing\">PD FRANC\u00c9S 6\u00baPrimaria<\/a><\/p>\n<ul>\n<li><strong>ESO<\/strong><\/li>\n<\/ul>\n<p><a href=\"https:\/\/drive.google.com\/file\/d\/1ZhC2nphF-PXbQ6dIWWmuTyTm93zLU58b\/view?usp=drive_link\">PD EF 1\u00baESO<\/a><\/p>\n<p><a href=\"https:\/\/drive.google.com\/file\/d\/1mEnbIf8mM4nTa2mLkqTovr7kvFoeMsDU\/view?usp=sharing\">PD GEH 1\u00baESO<\/a><\/p>\n<p><a href=\"https:\/\/drive.google.com\/file\/d\/1DKIudFrnFcuGsDON88AVomEynr4vehhB\/view?usp=drive_link\">PD EF 2\u00baESO<\/a><\/p>\n<p><a href=\"https:\/\/drive.google.com\/file\/d\/15WgFxNAuqZ2UfJnhPjUVyjWtby7aF6SO\/view?usp=sharing\">PD GEH 2\u00baESO<\/a><\/p>\n","protected":false},"excerpt":{"rendered":"<p>PLAN DE CENTRO Proyecto educativo. Reglamento de Organizaci\u00f3n y Funcionamiento. Plan de Orientaci\u00f3n y acci\u00f3n tutorial. Plan de autoprotecci\u00f3n escolar. Plan de Convivencia. Proyecto de gesti\u00f3n. Plan de atenci\u00f3n a&#46;&#46;&#46;<\/p>\n","protected":false},"author":13360,"featured_media":0,"parent":0,"menu_order":0,"comment_status":"closed","ping_status":"closed","template":"","meta":{"footnotes":""},"aioseo_notices":[],"_links":{"self":[{"href":"https:\/\/blogsaverroes.juntadeandalucia.es\/cprsanroque\/wp-json\/wp\/v2\/pages\/83"}],"collection":[{"href":"https:\/\/blogsaverroes.juntadeandalucia.es\/cprsanroque\/wp-json\/wp\/v2\/pages"}],"about":[{"href":"https:\/\/blogsaverroes.juntadeandalucia.es\/cprsanroque\/wp-json\/wp\/v2\/types\/page"}],"author":[{"embeddable":true,"href":"https:\/\/blogsaverroes.juntadeandalucia.es\/cprsanroque\/wp-json\/wp\/v2\/users\/13360"}],"replies":[{"embeddable":true,"href":"https:\/\/blogsaverroes.juntadeandalucia.es\/cprsanroque\/wp-json\/wp\/v2\/comments?post=83"}],"version-history":[{"count":44,"href":"https:\/\/blogsaverroes.juntadeandalucia.es\/cprsanroque\/wp-json\/wp\/v2\/pages\/83\/revisions"}],"predecessor-version":[{"id":556,"href":"https:\/\/blogsaverroes.juntadeandalucia.es\/cprsanroque\/wp-json\/wp\/v2\/pages\/83\/revisions\/556"}],"wp:attachment":[{"href":"https:\/\/blogsaverroes.juntadeandalucia.es\/cprsanroque\/wp-json\/wp\/v2\/media?parent=83"}],"curies":[{"name":"wp","href":"https:\/\/api.w.org\/{rel}","templated":true}]}}