{"id":168,"date":"2015-03-17T07:54:01","date_gmt":"2015-03-17T07:54:01","guid":{"rendered":"http:\/\/blogsaverroes.juntadeandalucia.es\/pre\/ceip\/?page_id=168"},"modified":"2019-03-21T21:14:12","modified_gmt":"2019-03-21T20:14:12","slug":"filosofia-2","status":"publish","type":"page","link":"https:\/\/blogsaverroes.juntadeandalucia.es\/cprtaxara\/filosofia-2\/","title":{"rendered":"CULTURA Y PR\u00c1CTICA DIGITAL"},"content":{"rendered":"<p>&nbsp;<\/p>\n<p><span style=\"font-family: sans-serif;font-size: medium\"><b>Cultura y Pr\u00e1ctica Digital<\/b><\/span><\/p>\n<p>En una sociedad cada vez m\u00e1s digitalizada, el objetivo fundamental que se persigue es hacer del alumnado unos usuarios responsables en el uso de estas herramientas, conocedores de los peligros que conllevan y formados en el dominio de recursos habituales que permiten un disfrute de la tecnolog\u00eda, aprendiendo a compartir conocimientos y a usar adecuadamente las im\u00e1genes, redes, informaci\u00f3n que nos ofrece esa sociedad del siglo XXI. Trabajaremos un nuevo concepto, el PLE (Entorno Personal de Aprendizaje) y profundizaremos en el dominio de las herramientas m\u00e1s usuales como procesadores de textos, presentaciones de diapositivas, editores de v\u00eddeo y creaci\u00f3n de espacios web. Los chicos y chicas se construir\u00e1n un blog personal usando una de las herramientas de google, a trav\u00e9s de blogger y esta ser\u00e1 una de las propuestas de actividades sobre las que se centrar\u00e1 el segundo trimestre. Por otro lado, aprenderemos a instalar los paquetes de software de guadalinex V10 a trav\u00e9s de la red de centros docentes p\u00fablicos.<\/p>\n","protected":false},"excerpt":{"rendered":"<p>&nbsp; Cultura y Pr\u00e1ctica Digital En una sociedad cada vez m\u00e1s digitalizada, el objetivo fundamental que se persigue es hacer del alumnado unos usuarios responsables en el uso de estas herramientas, conocedores de los&#46;&#46;&#46;<\/p>\n","protected":false},"author":1,"featured_media":0,"parent":0,"menu_order":0,"comment_status":"closed","ping_status":"open","template":"page-sc.php","meta":{"ngg_post_thumbnail":0,"footnotes":"","_mc_calendar":[]},"aioseo_notices":[],"_links":{"self":[{"href":"https:\/\/blogsaverroes.juntadeandalucia.es\/cprtaxara\/wp-json\/wp\/v2\/pages\/168"}],"collection":[{"href":"https:\/\/blogsaverroes.juntadeandalucia.es\/cprtaxara\/wp-json\/wp\/v2\/pages"}],"about":[{"href":"https:\/\/blogsaverroes.juntadeandalucia.es\/cprtaxara\/wp-json\/wp\/v2\/types\/page"}],"author":[{"embeddable":true,"href":"https:\/\/blogsaverroes.juntadeandalucia.es\/cprtaxara\/wp-json\/wp\/v2\/users\/1"}],"replies":[{"embeddable":true,"href":"https:\/\/blogsaverroes.juntadeandalucia.es\/cprtaxara\/wp-json\/wp\/v2\/comments?post=168"}],"version-history":[{"count":5,"href":"https:\/\/blogsaverroes.juntadeandalucia.es\/cprtaxara\/wp-json\/wp\/v2\/pages\/168\/revisions"}],"predecessor-version":[{"id":3399,"href":"https:\/\/blogsaverroes.juntadeandalucia.es\/cprtaxara\/wp-json\/wp\/v2\/pages\/168\/revisions\/3399"}],"wp:attachment":[{"href":"https:\/\/blogsaverroes.juntadeandalucia.es\/cprtaxara\/wp-json\/wp\/v2\/media?parent=168"}],"curies":[{"name":"wp","href":"https:\/\/api.w.org\/{rel}","templated":true}]}}