{"id":4098,"date":"2021-01-30T19:48:44","date_gmt":"2021-01-30T18:48:44","guid":{"rendered":"https:\/\/blogsaverroes.juntadeandalucia.es\/cprtaxara\/?page_id=4098"},"modified":"2021-01-30T20:13:45","modified_gmt":"2021-01-30T19:13:45","slug":"google-classroom","status":"publish","type":"page","link":"https:\/\/blogsaverroes.juntadeandalucia.es\/cprtaxara\/filosofia-2\/google-classroom\/","title":{"rendered":"ALUMNADO Y CLASSROOM"},"content":{"rendered":"<p>Ante los cambios que se han tenido que realizar en nuestro centro entre otras cuestiones estamos usando las herramientas de Google Classroom. Este es una plataforma educativa, protegida y donde permite la comunicaci\u00f3n entre el profesorado y el alumando as\u00ed como la realizaci\u00f3n de actividades y tareas de tipo online.<\/p>\n<p>Acontinuaci\u00f3n os pongo un v\u00eddeo donde el Maestro Mallo explica al alumnado como funcionar con Classroom.<br \/>\n[youtube https:\/\/www.youtube.com\/watch?v=dB98ksyls5g]<\/p>\n","protected":false},"excerpt":{"rendered":"<p>Ante los cambios que se han tenido que realizar en nuestro centro entre otras cuestiones estamos usando las herramientas de Google Classroom. Este es una plataforma educativa, protegida y donde permite la comunicaci\u00f3n entre&#46;&#46;&#46;<\/p>\n","protected":false},"author":2902,"featured_media":0,"parent":168,"menu_order":0,"comment_status":"closed","ping_status":"closed","template":"","meta":{"ngg_post_thumbnail":0,"footnotes":"","_mc_calendar":[]},"aioseo_notices":[],"_links":{"self":[{"href":"https:\/\/blogsaverroes.juntadeandalucia.es\/cprtaxara\/wp-json\/wp\/v2\/pages\/4098"}],"collection":[{"href":"https:\/\/blogsaverroes.juntadeandalucia.es\/cprtaxara\/wp-json\/wp\/v2\/pages"}],"about":[{"href":"https:\/\/blogsaverroes.juntadeandalucia.es\/cprtaxara\/wp-json\/wp\/v2\/types\/page"}],"author":[{"embeddable":true,"href":"https:\/\/blogsaverroes.juntadeandalucia.es\/cprtaxara\/wp-json\/wp\/v2\/users\/2902"}],"replies":[{"embeddable":true,"href":"https:\/\/blogsaverroes.juntadeandalucia.es\/cprtaxara\/wp-json\/wp\/v2\/comments?post=4098"}],"version-history":[{"count":4,"href":"https:\/\/blogsaverroes.juntadeandalucia.es\/cprtaxara\/wp-json\/wp\/v2\/pages\/4098\/revisions"}],"predecessor-version":[{"id":4110,"href":"https:\/\/blogsaverroes.juntadeandalucia.es\/cprtaxara\/wp-json\/wp\/v2\/pages\/4098\/revisions\/4110"}],"up":[{"embeddable":true,"href":"https:\/\/blogsaverroes.juntadeandalucia.es\/cprtaxara\/wp-json\/wp\/v2\/pages\/168"}],"wp:attachment":[{"href":"https:\/\/blogsaverroes.juntadeandalucia.es\/cprtaxara\/wp-json\/wp\/v2\/media?parent=4098"}],"curies":[{"name":"wp","href":"https:\/\/api.w.org\/{rel}","templated":true}]}}