{"id":4154,"date":"2021-03-23T11:32:46","date_gmt":"2021-03-23T10:32:46","guid":{"rendered":"https:\/\/blogsaverroes.juntadeandalucia.es\/cprtaxara\/?page_id=4154"},"modified":"2022-09-22T21:37:29","modified_gmt":"2022-09-22T19:37:29","slug":"como-acceder-a-pasen","status":"publish","type":"page","link":"https:\/\/blogsaverroes.juntadeandalucia.es\/cprtaxara\/como-acceder-a-pasen\/","title":{"rendered":"\u00bfC\u00d3MO ACCEDER A PASEN?"},"content":{"rendered":"<p>Cuando se accede por primera vez tenemos que hacer un autoregistro o autologin para eso acceder al siguiente enlace en funci\u00f3n de si estamos en un ordenador o en movil o tables.<br \/>\n&nbsp;<\/p>\n<p style=\"text-align: center\"><a href=\"https:\/\/www.juntadeandalucia.es\/educacion\/portalseneca\/web\/pasen\/inicio\/-\/blogs\/se-habilita-nuevo-procedimiento-opcional-de-autologin-para-las-familias?_33_redirect=%2Feducacion%2Fportalseneca%2Fweb%2Fpasen%2Finicio\">ACCESO WEB Y REGISTRO EN PASEN<\/a><\/p>\n<p style=\"text-align: center\">&nbsp;<\/p>\n<p style=\"text-align: center\"><iframe loading=\"lazy\" src=\"\/\/www.youtube.com\/embed\/3z6eWjQWnuc]\" width=\"560\" height=\"314\"><\/iframe><\/p>\n<p style=\"text-align: center\">TAMBI\u00c9N LO PODEMOS HACER DESDE M\u00d3VIL O TABLET A TRAV\u00c9S DE LA APLICACI\u00d3N IPASEN<\/p>\n<p>Para ello podemos descargar la aplicaci\u00f3n a trav\u00e9s de los siguientes enlaces<\/p>\n<p>&nbsp;<\/p>\n<p style=\"text-align: center\">&nbsp; &nbsp;<a href=\"https:\/\/play.google.com\/store\/apps\/details?id=juntadeandalucia.ced.pasen\">ANDROID<\/a><\/p>\n<p style=\"text-align: center\"><a href=\"https:\/\/itunes.apple.com\/es\/app\/ipasen\/id511127024?l=en&amp;mt=8\">SISTEMA IOS DE iphone<\/a><\/p>\n<p style=\"text-align: center\"><iframe loading=\"lazy\" src=\"\/\/www.youtube.com\/embed\/cHLova48ULE\" width=\"560\" height=\"314\"><\/iframe><br \/>\n&nbsp;<\/p>\n","protected":false},"excerpt":{"rendered":"<p>Cuando se accede por primera vez tenemos que hacer un autoregistro o autologin para eso acceder al siguiente enlace en funci\u00f3n de si estamos en un ordenador o en movil o tables. &nbsp; ACCESO&#46;&#46;&#46;<\/p>\n","protected":false},"author":2902,"featured_media":0,"parent":0,"menu_order":0,"comment_status":"closed","ping_status":"closed","template":"","meta":{"ngg_post_thumbnail":0,"footnotes":"","_mc_calendar":[]},"aioseo_notices":[],"_links":{"self":[{"href":"https:\/\/blogsaverroes.juntadeandalucia.es\/cprtaxara\/wp-json\/wp\/v2\/pages\/4154"}],"collection":[{"href":"https:\/\/blogsaverroes.juntadeandalucia.es\/cprtaxara\/wp-json\/wp\/v2\/pages"}],"about":[{"href":"https:\/\/blogsaverroes.juntadeandalucia.es\/cprtaxara\/wp-json\/wp\/v2\/types\/page"}],"author":[{"embeddable":true,"href":"https:\/\/blogsaverroes.juntadeandalucia.es\/cprtaxara\/wp-json\/wp\/v2\/users\/2902"}],"replies":[{"embeddable":true,"href":"https:\/\/blogsaverroes.juntadeandalucia.es\/cprtaxara\/wp-json\/wp\/v2\/comments?post=4154"}],"version-history":[{"count":2,"href":"https:\/\/blogsaverroes.juntadeandalucia.es\/cprtaxara\/wp-json\/wp\/v2\/pages\/4154\/revisions"}],"predecessor-version":[{"id":4380,"href":"https:\/\/blogsaverroes.juntadeandalucia.es\/cprtaxara\/wp-json\/wp\/v2\/pages\/4154\/revisions\/4380"}],"wp:attachment":[{"href":"https:\/\/blogsaverroes.juntadeandalucia.es\/cprtaxara\/wp-json\/wp\/v2\/media?parent=4154"}],"curies":[{"name":"wp","href":"https:\/\/api.w.org\/{rel}","templated":true}]}}