{"id":42,"date":"2015-03-13T08:40:47","date_gmt":"2015-03-13T08:40:47","guid":{"rendered":"http:\/\/blogsaverroes.juntadeandalucia.es\/pre\/ceip\/?page_id=42"},"modified":"2024-09-09T20:45:25","modified_gmt":"2024-09-09T18:45:25","slug":"equipo-directivo","status":"publish","type":"page","link":"https:\/\/blogsaverroes.juntadeandalucia.es\/cprtaxara\/equipo-directivo\/","title":{"rendered":"Equipo directivo"},"content":{"rendered":"<p>&nbsp;<\/p>\n<h1 style=\"text-align: center\"><span style=\"color: #800000\"><strong>Directora:<\/strong><\/span><\/h1>\n<h4 style=\"text-align: center\"><strong>D\u00f1a. Amparo Uceda Alcal\u00e1&nbsp;<\/strong><\/h4>\n<p>&nbsp;<\/p>\n<h1 style=\"text-align: center\"><span style=\"color: #800000\"><strong>Jefa de estudios: <\/strong><\/span><\/h1>\n<h4 style=\"text-align: center\"><strong>D\u00f1a. Mar\u00eda Jos\u00e9 Ramiro Gordo<\/strong><\/h4>\n<p>&nbsp;<\/p>\n<h1 style=\"text-align: center\"><span style=\"color: #800000\"><strong>Secretaria:<\/strong><\/span><\/h1>\n<h4 style=\"text-align: center\"><strong>D\u00f1a. Mar\u00eda &nbsp;del Carmen Calder\u00f3n <\/strong><b>Naveros<\/b><\/h4>\n<p>&nbsp;<\/p>\n<p>&nbsp;<\/p>\n<p>&nbsp;<\/p>\n<p>&nbsp;<\/p>\n","protected":false},"excerpt":{"rendered":"<p>&nbsp; Directora: D\u00f1a. Amparo Uceda Alcal\u00e1&nbsp; &nbsp; Jefa de estudios: D\u00f1a. Mar\u00eda Jos\u00e9 Ramiro Gordo &nbsp; Secretaria: D\u00f1a. Mar\u00eda &nbsp;del Carmen Calder\u00f3n Naveros &nbsp; &nbsp; &nbsp; &nbsp;<\/p>\n","protected":false},"author":1,"featured_media":0,"parent":0,"menu_order":0,"comment_status":"closed","ping_status":"open","template":"","meta":{"ngg_post_thumbnail":0,"footnotes":"","_mc_calendar":[]},"aioseo_notices":[],"_links":{"self":[{"href":"https:\/\/blogsaverroes.juntadeandalucia.es\/cprtaxara\/wp-json\/wp\/v2\/pages\/42"}],"collection":[{"href":"https:\/\/blogsaverroes.juntadeandalucia.es\/cprtaxara\/wp-json\/wp\/v2\/pages"}],"about":[{"href":"https:\/\/blogsaverroes.juntadeandalucia.es\/cprtaxara\/wp-json\/wp\/v2\/types\/page"}],"author":[{"embeddable":true,"href":"https:\/\/blogsaverroes.juntadeandalucia.es\/cprtaxara\/wp-json\/wp\/v2\/users\/1"}],"replies":[{"embeddable":true,"href":"https:\/\/blogsaverroes.juntadeandalucia.es\/cprtaxara\/wp-json\/wp\/v2\/comments?post=42"}],"version-history":[{"count":10,"href":"https:\/\/blogsaverroes.juntadeandalucia.es\/cprtaxara\/wp-json\/wp\/v2\/pages\/42\/revisions"}],"predecessor-version":[{"id":4499,"href":"https:\/\/blogsaverroes.juntadeandalucia.es\/cprtaxara\/wp-json\/wp\/v2\/pages\/42\/revisions\/4499"}],"wp:attachment":[{"href":"https:\/\/blogsaverroes.juntadeandalucia.es\/cprtaxara\/wp-json\/wp\/v2\/media?parent=42"}],"curies":[{"name":"wp","href":"https:\/\/api.w.org\/{rel}","templated":true}]}}