{"id":869,"date":"2024-07-14T18:03:52","date_gmt":"2024-07-14T16:03:52","guid":{"rendered":"http:\/\/blogsaverroes.juntadeandalucia.es\/pre\/ceip\/?page_id=84"},"modified":"2024-07-14T18:11:37","modified_gmt":"2024-07-14T16:11:37","slug":"calendario-escolar","status":"publish","type":"page","link":"https:\/\/blogsaverroes.juntadeandalucia.es\/cprtaxara\/calendario-escolar\/","title":{"rendered":"Calendario escolar"},"content":{"rendered":"<h4 style=\"text-align: center\"><strong><a href=\"http:\/\/blogsaverroes.juntadeandalucia.es\/cprtaxara\/files\/2015\/03\/Granada16-17_calendario.pdf_001.jpg\"><br \/>\n<\/a>D\u00edas lectivos y festivos de la localidad ser\u00e1n marcados por el Consejo Escolar Municipal al comienzo del curso escolar.<\/strong><\/h4>\n<p>&nbsp;<\/p>\n<h4 style=\"text-align: center\"><strong>El calendario oficial de la Delegaci\u00f3n de Educaci\u00f3n de Granada <\/strong><\/h4>\n<h4 style=\"text-align: center\">&nbsp;<\/h4>\n<h4 style=\"text-align: center\"><strong>inicio del curso.<\/strong><\/h4>\n<h1 style=\"text-align: center\"><a href=\"https:\/\/www.juntadeandalucia.es\/educacion\/portals\/delegate\/content\/725509d3-15fe-49ee-b535-d09fadb73afa\/RESOLUCION%20CALENDARIO%20ESCOLAR%2024_25\" target=\"_blank\" rel=\"noopener noreferrer\">Pinche en el siguiente enlace&nbsp;&nbsp;del calendario de Granada<\/a><\/h1>\n<p>&nbsp;&nbsp;&nbsp;&nbsp;&nbsp;&nbsp;&nbsp;&nbsp;&nbsp;&nbsp;&nbsp;&nbsp;&nbsp;&nbsp;&nbsp;&nbsp;&nbsp;&nbsp;&nbsp;&nbsp;&nbsp;&nbsp;&nbsp;&nbsp;&nbsp;&nbsp;&nbsp;&nbsp;&nbsp;&nbsp;&nbsp;&nbsp;&nbsp;&nbsp;&nbsp;&nbsp;&nbsp;&nbsp;&nbsp;&nbsp;&nbsp;&nbsp;&nbsp;&nbsp;&nbsp;&nbsp;&nbsp;&nbsp;&nbsp;&nbsp;&nbsp;&nbsp;&nbsp;&nbsp;&nbsp;&nbsp;&nbsp;&nbsp;&nbsp;&nbsp;&nbsp;&nbsp;&nbsp;&nbsp;&nbsp;&nbsp;&nbsp;&nbsp;&nbsp;&nbsp;&nbsp;&nbsp;&nbsp;&nbsp;<\/p>\n<table style=\"border-collapse: collapse;width: 100%\">\n<tbody>\n<tr>\n<td style=\"width: 10%\"><a href=\"https:\/\/blogsaverroes.juntadeandalucia.es\/cprtaxara\/files\/2024\/07\/septiembre-2024.png\"><img loading=\"lazy\" decoding=\"async\" class=\"aligncenter size-full wp-image-4492\" src=\"https:\/\/blogsaverroes.juntadeandalucia.es\/cprtaxara\/files\/2024\/07\/septiembre-2024.png\" alt=\"\" width=\"700\" height=\"1013\" srcset=\"https:\/\/blogsaverroes.juntadeandalucia.es\/cprtaxara\/files\/2024\/07\/septiembre-2024.png 700w, https:\/\/blogsaverroes.juntadeandalucia.es\/cprtaxara\/files\/2024\/07\/septiembre-2024-207x300.png 207w\" sizes=\"(max-width: 700px) 100vw, 700px\" \/><\/a><\/td>\n<td style=\"width: 10%\"><a href=\"https:\/\/blogsaverroes.juntadeandalucia.es\/cprtaxara\/files\/2024\/07\/02-octubre-2024-2.png\"><img loading=\"lazy\" decoding=\"async\" class=\"aligncenter size-full wp-image-4493\" src=\"https:\/\/blogsaverroes.juntadeandalucia.es\/cprtaxara\/files\/2024\/07\/02-octubre-2024-2.png\" alt=\"\" width=\"700\" height=\"1013\" srcset=\"https:\/\/blogsaverroes.juntadeandalucia.es\/cprtaxara\/files\/2024\/07\/02-octubre-2024-2.png 700w, https:\/\/blogsaverroes.juntadeandalucia.es\/cprtaxara\/files\/2024\/07\/02-octubre-2024-2-207x300.png 207w\" sizes=\"(max-width: 700px) 100vw, 700px\" \/><\/a><\/td>\n<td style=\"width: 10%\"><a href=\"https:\/\/blogsaverroes.juntadeandalucia.es\/cprtaxara\/files\/2024\/07\/noviembre-2024.png\"><img loading=\"lazy\" decoding=\"async\" class=\"aligncenter size-full wp-image-4486\" src=\"https:\/\/blogsaverroes.juntadeandalucia.es\/cprtaxara\/files\/2024\/07\/noviembre-2024.png\" alt=\"\" width=\"700\" height=\"1013\" srcset=\"https:\/\/blogsaverroes.juntadeandalucia.es\/cprtaxara\/files\/2024\/07\/noviembre-2024.png 700w, https:\/\/blogsaverroes.juntadeandalucia.es\/cprtaxara\/files\/2024\/07\/noviembre-2024-207x300.png 207w\" sizes=\"(max-width: 700px) 100vw, 700px\" \/><\/a><\/td>\n<\/tr>\n<tr>\n<td style=\"width: 10%\"><a href=\"https:\/\/blogsaverroes.juntadeandalucia.es\/cprtaxara\/files\/2024\/07\/diciembre-2024.png\"><img loading=\"lazy\" decoding=\"async\" class=\"aligncenter size-full wp-image-4481\" src=\"https:\/\/blogsaverroes.juntadeandalucia.es\/cprtaxara\/files\/2024\/07\/diciembre-2024.png\" alt=\"\" width=\"700\" height=\"1013\" srcset=\"https:\/\/blogsaverroes.juntadeandalucia.es\/cprtaxara\/files\/2024\/07\/diciembre-2024.png 700w, https:\/\/blogsaverroes.juntadeandalucia.es\/cprtaxara\/files\/2024\/07\/diciembre-2024-207x300.png 207w\" sizes=\"(max-width: 700px) 100vw, 700px\" \/><\/a><\/td>\n<td style=\"width: 10%\"><a href=\"https:\/\/blogsaverroes.juntadeandalucia.es\/cprtaxara\/files\/2024\/07\/05-enero-2025.png\"><img loading=\"lazy\" decoding=\"async\" class=\"aligncenter size-full wp-image-4487\" src=\"https:\/\/blogsaverroes.juntadeandalucia.es\/cprtaxara\/files\/2024\/07\/05-enero-2025.png\" alt=\"\" width=\"700\" height=\"1013\" srcset=\"https:\/\/blogsaverroes.juntadeandalucia.es\/cprtaxara\/files\/2024\/07\/05-enero-2025.png 700w, https:\/\/blogsaverroes.juntadeandalucia.es\/cprtaxara\/files\/2024\/07\/05-enero-2025-207x300.png 207w\" sizes=\"(max-width: 700px) 100vw, 700px\" \/><\/a><\/td>\n<td style=\"width: 10%\"><a href=\"https:\/\/blogsaverroes.juntadeandalucia.es\/cprtaxara\/files\/2024\/07\/febrero-2025.png\"><img loading=\"lazy\" decoding=\"async\" class=\"aligncenter size-full wp-image-4482\" src=\"https:\/\/blogsaverroes.juntadeandalucia.es\/cprtaxara\/files\/2024\/07\/febrero-2025.png\" alt=\"\" width=\"700\" height=\"1013\" srcset=\"https:\/\/blogsaverroes.juntadeandalucia.es\/cprtaxara\/files\/2024\/07\/febrero-2025.png 700w, https:\/\/blogsaverroes.juntadeandalucia.es\/cprtaxara\/files\/2024\/07\/febrero-2025-207x300.png 207w\" sizes=\"(max-width: 700px) 100vw, 700px\" \/><\/a><\/td>\n<\/tr>\n<tr>\n<td style=\"width: 10%\"><a href=\"https:\/\/blogsaverroes.juntadeandalucia.es\/cprtaxara\/files\/2024\/07\/marzo-2025.png\"><img loading=\"lazy\" decoding=\"async\" class=\"aligncenter size-full wp-image-4488\" src=\"https:\/\/blogsaverroes.juntadeandalucia.es\/cprtaxara\/files\/2024\/07\/marzo-2025.png\" alt=\"\" width=\"700\" height=\"1013\" srcset=\"https:\/\/blogsaverroes.juntadeandalucia.es\/cprtaxara\/files\/2024\/07\/marzo-2025.png 700w, https:\/\/blogsaverroes.juntadeandalucia.es\/cprtaxara\/files\/2024\/07\/marzo-2025-207x300.png 207w\" sizes=\"(max-width: 700px) 100vw, 700px\" \/><\/a><\/td>\n<td style=\"width: 10%\"><a href=\"https:\/\/blogsaverroes.juntadeandalucia.es\/cprtaxara\/files\/2024\/07\/abril-2025.png\"><img loading=\"lazy\" decoding=\"async\" class=\"aligncenter size-full wp-image-4483\" src=\"https:\/\/blogsaverroes.juntadeandalucia.es\/cprtaxara\/files\/2024\/07\/abril-2025.png\" alt=\"\" width=\"700\" height=\"1013\" srcset=\"https:\/\/blogsaverroes.juntadeandalucia.es\/cprtaxara\/files\/2024\/07\/abril-2025.png 700w, https:\/\/blogsaverroes.juntadeandalucia.es\/cprtaxara\/files\/2024\/07\/abril-2025-207x300.png 207w\" sizes=\"(max-width: 700px) 100vw, 700px\" \/><\/a><\/td>\n<td style=\"width: 10%\"><a href=\"https:\/\/blogsaverroes.juntadeandalucia.es\/cprtaxara\/files\/2024\/07\/mayo-2025.png\"><img loading=\"lazy\" decoding=\"async\" class=\"aligncenter size-full wp-image-4489\" src=\"https:\/\/blogsaverroes.juntadeandalucia.es\/cprtaxara\/files\/2024\/07\/mayo-2025.png\" alt=\"\" width=\"700\" height=\"1013\" srcset=\"https:\/\/blogsaverroes.juntadeandalucia.es\/cprtaxara\/files\/2024\/07\/mayo-2025.png 700w, https:\/\/blogsaverroes.juntadeandalucia.es\/cprtaxara\/files\/2024\/07\/mayo-2025-207x300.png 207w\" sizes=\"(max-width: 700px) 100vw, 700px\" \/><\/a><\/td>\n<\/tr>\n<tr>\n<td style=\"width: 10%\"><a href=\"https:\/\/blogsaverroes.juntadeandalucia.es\/cprtaxara\/files\/2024\/07\/10-junio-2025-2.png\"><img loading=\"lazy\" decoding=\"async\" class=\"aligncenter size-full wp-image-4484\" src=\"https:\/\/blogsaverroes.juntadeandalucia.es\/cprtaxara\/files\/2024\/07\/10-junio-2025-2.png\" alt=\"\" width=\"700\" height=\"1013\" srcset=\"https:\/\/blogsaverroes.juntadeandalucia.es\/cprtaxara\/files\/2024\/07\/10-junio-2025-2.png 700w, https:\/\/blogsaverroes.juntadeandalucia.es\/cprtaxara\/files\/2024\/07\/10-junio-2025-2-207x300.png 207w\" sizes=\"(max-width: 700px) 100vw, 700px\" \/><\/a><\/td>\n<td style=\"width: 10%\"><a href=\"https:\/\/blogsaverroes.juntadeandalucia.es\/cprtaxara\/files\/2024\/07\/julio-2025.png\"><img loading=\"lazy\" decoding=\"async\" class=\"aligncenter size-full wp-image-4490\" src=\"https:\/\/blogsaverroes.juntadeandalucia.es\/cprtaxara\/files\/2024\/07\/julio-2025.png\" alt=\"\" width=\"700\" height=\"1013\" srcset=\"https:\/\/blogsaverroes.juntadeandalucia.es\/cprtaxara\/files\/2024\/07\/julio-2025.png 700w, https:\/\/blogsaverroes.juntadeandalucia.es\/cprtaxara\/files\/2024\/07\/julio-2025-207x300.png 207w\" sizes=\"(max-width: 700px) 100vw, 700px\" \/><\/a><\/td>\n<td style=\"width: 10%\"><a href=\"https:\/\/blogsaverroes.juntadeandalucia.es\/cprtaxara\/files\/2024\/07\/agosto-2025.png\"><img loading=\"lazy\" decoding=\"async\" class=\"aligncenter size-full wp-image-4485\" src=\"https:\/\/blogsaverroes.juntadeandalucia.es\/cprtaxara\/files\/2024\/07\/agosto-2025.png\" alt=\"\" width=\"700\" height=\"1013\" srcset=\"https:\/\/blogsaverroes.juntadeandalucia.es\/cprtaxara\/files\/2024\/07\/agosto-2025.png 700w, https:\/\/blogsaverroes.juntadeandalucia.es\/cprtaxara\/files\/2024\/07\/agosto-2025-207x300.png 207w\" sizes=\"(max-width: 700px) 100vw, 700px\" \/><\/a><\/td>\n<\/tr>\n<tr>\n<td style=\"width: 10%\">&nbsp;<\/td>\n<td style=\"width: 10%\"><a href=\"https:\/\/blogsaverroes.juntadeandalucia.es\/cprtaxara\/files\/2024\/07\/dias-lectivos-total-2.png\"><img loading=\"lazy\" decoding=\"async\" class=\"aligncenter size-full wp-image-4491\" src=\"https:\/\/blogsaverroes.juntadeandalucia.es\/cprtaxara\/files\/2024\/07\/dias-lectivos-total-2.png\" alt=\"\" width=\"700\" height=\"1003\" srcset=\"https:\/\/blogsaverroes.juntadeandalucia.es\/cprtaxara\/files\/2024\/07\/dias-lectivos-total-2.png 700w, https:\/\/blogsaverroes.juntadeandalucia.es\/cprtaxara\/files\/2024\/07\/dias-lectivos-total-2-209x300.png 209w\" sizes=\"(max-width: 700px) 100vw, 700px\" \/><\/a><\/td>\n<td style=\"width: 10%\">&nbsp;<\/td>\n<\/tr>\n<\/tbody>\n<\/table>\n<p>&nbsp;<\/p>\n<p>&nbsp;<\/p>\n<p>&nbsp;<\/p>\n<p style=\"text-align: center\">&nbsp;<\/p>\n<p>&nbsp;<\/p>\n","protected":false},"excerpt":{"rendered":"<p>D\u00edas lectivos y festivos de la localidad ser\u00e1n marcados por el Consejo Escolar Municipal al comienzo del curso escolar. &nbsp; El calendario oficial de la Delegaci\u00f3n de Educaci\u00f3n de Granada &nbsp; inicio del curso.&#46;&#46;&#46;<\/p>\n","protected":false},"author":1,"featured_media":0,"parent":0,"menu_order":0,"comment_status":"closed","ping_status":"open","template":"","meta":{"ngg_post_thumbnail":0,"footnotes":"","_mc_calendar":[]},"aioseo_notices":[],"_links":{"self":[{"href":"https:\/\/blogsaverroes.juntadeandalucia.es\/cprtaxara\/wp-json\/wp\/v2\/pages\/869"}],"collection":[{"href":"https:\/\/blogsaverroes.juntadeandalucia.es\/cprtaxara\/wp-json\/wp\/v2\/pages"}],"about":[{"href":"https:\/\/blogsaverroes.juntadeandalucia.es\/cprtaxara\/wp-json\/wp\/v2\/types\/page"}],"author":[{"embeddable":true,"href":"https:\/\/blogsaverroes.juntadeandalucia.es\/cprtaxara\/wp-json\/wp\/v2\/users\/1"}],"replies":[{"embeddable":true,"href":"https:\/\/blogsaverroes.juntadeandalucia.es\/cprtaxara\/wp-json\/wp\/v2\/comments?post=869"}],"version-history":[{"count":25,"href":"https:\/\/blogsaverroes.juntadeandalucia.es\/cprtaxara\/wp-json\/wp\/v2\/pages\/869\/revisions"}],"predecessor-version":[{"id":4494,"href":"https:\/\/blogsaverroes.juntadeandalucia.es\/cprtaxara\/wp-json\/wp\/v2\/pages\/869\/revisions\/4494"}],"wp:attachment":[{"href":"https:\/\/blogsaverroes.juntadeandalucia.es\/cprtaxara\/wp-json\/wp\/v2\/media?parent=869"}],"curies":[{"name":"wp","href":"https:\/\/api.w.org\/{rel}","templated":true}]}}