{"id":113,"date":"2015-03-16T08:06:00","date_gmt":"2015-03-16T08:06:00","guid":{"rendered":"http:\/\/blogsaverroes.juntadeandalucia.es\/pre\/ceip\/?page_id=113"},"modified":"2022-01-31T18:11:32","modified_gmt":"2022-01-31T18:11:32","slug":"biblioteca","status":"publish","type":"page","link":"https:\/\/blogsaverroes.juntadeandalucia.es\/cprtorrejaral\/biblioteca\/","title":{"rendered":"Biblioteca"},"content":{"rendered":"<p>P\u00c1GINA EN CONSTRUCCI\u00d3N<\/p>\n<p>&nbsp;<\/p>\n<p>RESE\u00d1AS DE LIBROS<\/p>\n<p>Canal de Youtube donde se ir\u00e1n publicando rese\u00f1as de libros le\u00eddos por nuestro alumnado:<\/p>\n<p><a href=\"https:\/\/www.youtube.com\/channel\/UCQqEjgjnt4c7Wl39wOlwMZQ\/videos\" target=\"_blank\" rel=\"noopener noreferrer\"><img loading=\"lazy\" decoding=\"async\" class=\"alignnone wp-image-17317\" src=\"https:\/\/blogsaverroes.juntadeandalucia.es\/cprtorrejaral\/files\/2022\/01\/biblioteca.png\" alt=\"\" width=\"326\" height=\"326\" srcset=\"https:\/\/blogsaverroes.juntadeandalucia.es\/cprtorrejaral\/files\/2022\/01\/biblioteca.png 500w, https:\/\/blogsaverroes.juntadeandalucia.es\/cprtorrejaral\/files\/2022\/01\/biblioteca-300x300.png 300w, https:\/\/blogsaverroes.juntadeandalucia.es\/cprtorrejaral\/files\/2022\/01\/biblioteca-150x150.png 150w, https:\/\/blogsaverroes.juntadeandalucia.es\/cprtorrejaral\/files\/2022\/01\/biblioteca-80x80.png 80w, https:\/\/blogsaverroes.juntadeandalucia.es\/cprtorrejaral\/files\/2022\/01\/biblioteca-320x320.png 320w\" sizes=\"(max-width: 326px) 100vw, 326px\" \/><\/a><\/p>\n<p>&nbsp;<\/p>\n","protected":false},"excerpt":{"rendered":"<p>P\u00c1GINA EN CONSTRUCCI\u00d3N &nbsp; RESE\u00d1AS DE LIBROS Canal de Youtube donde se ir\u00e1n publicando rese\u00f1as de libros le\u00eddos por nuestro alumnado: &nbsp;<\/p>\n","protected":false},"author":1,"featured_media":0,"parent":0,"menu_order":0,"comment_status":"open","ping_status":"open","template":"page-templates\/child-menu.php","meta":{"ngg_post_thumbnail":0,"footnotes":"","_mc_calendar":[]},"aioseo_notices":[],"_links":{"self":[{"href":"https:\/\/blogsaverroes.juntadeandalucia.es\/cprtorrejaral\/wp-json\/wp\/v2\/pages\/113"}],"collection":[{"href":"https:\/\/blogsaverroes.juntadeandalucia.es\/cprtorrejaral\/wp-json\/wp\/v2\/pages"}],"about":[{"href":"https:\/\/blogsaverroes.juntadeandalucia.es\/cprtorrejaral\/wp-json\/wp\/v2\/types\/page"}],"author":[{"embeddable":true,"href":"https:\/\/blogsaverroes.juntadeandalucia.es\/cprtorrejaral\/wp-json\/wp\/v2\/users\/1"}],"replies":[{"embeddable":true,"href":"https:\/\/blogsaverroes.juntadeandalucia.es\/cprtorrejaral\/wp-json\/wp\/v2\/comments?post=113"}],"version-history":[{"count":17,"href":"https:\/\/blogsaverroes.juntadeandalucia.es\/cprtorrejaral\/wp-json\/wp\/v2\/pages\/113\/revisions"}],"predecessor-version":[{"id":17318,"href":"https:\/\/blogsaverroes.juntadeandalucia.es\/cprtorrejaral\/wp-json\/wp\/v2\/pages\/113\/revisions\/17318"}],"wp:attachment":[{"href":"https:\/\/blogsaverroes.juntadeandalucia.es\/cprtorrejaral\/wp-json\/wp\/v2\/media?parent=113"}],"curies":[{"name":"wp","href":"https:\/\/api.w.org\/{rel}","templated":true}]}}