{"id":35,"date":"2015-03-13T08:21:43","date_gmt":"2015-03-13T08:21:43","guid":{"rendered":"http:\/\/blogsaverroes.juntadeandalucia.es\/pre\/ceip\/?page_id=35"},"modified":"2024-04-26T11:37:56","modified_gmt":"2024-04-26T11:37:56","slug":"el-centro-2","status":"publish","type":"page","link":"https:\/\/blogsaverroes.juntadeandalucia.es\/cprtorrejaral\/el-centro-2\/","title":{"rendered":"Datos del centro"},"content":{"rendered":"<p><strong>Ubicaci\u00f3n:<\/strong><\/p>\n<p>[googlemaps https:\/\/www.google.com\/maps\/embed?pb=!1m18!1m12!1m3!1d3198.156095885867!2d-4.175763084381415!3d36.71881217996535!2m3!1f0!2f0!3f0!3m2!1i1024!2i768!4f13.1!3m3!1m2!1s0xd7245c497bdca1b%3A0x82e8dfae37221857!2sColegio+P%C3%BAblico+Rural+Torrejaral!5e0!3m2!1ses!2ses!4v1522352248124&amp;w=600&amp;h=450]<\/p>\n<h4>Datos de contacto<\/h4>\n<h3><strong>C.P.R Torrejaral<\/strong><\/h3>\n<p><strong>Direcci\u00f3n:<\/strong> &nbsp;Calle Diamante n\u00ba2. Urbanizaci\u00f3n Valle Mar<span style=\"text-decoration: underline\"> 29792 Valle Niza<\/span> (V\u00e9lez M\u00e1laga)<\/p>\n<p><strong>Tel\u00e9fonos: <\/strong>951 28 95 57<strong> \/&nbsp; &nbsp; &nbsp;M\u00f3vil y Whatsapp:&nbsp; <\/strong>697 951 823&nbsp;<\/p>\n<p><strong> FAX: <\/strong>951 28 95 58<\/p>\n<p><strong>Email:<\/strong>&nbsp;29601987.edu@juntadeandalucia.es<\/p>\n<h4><strong>Horarios<\/strong><\/h4>\n<p>Aula Matinal: 7,30 a 9,15 horas<\/p>\n<p>Horario de clases: 9,15 a 14, 15 horas<\/p>\n<p>Comedor Escolar: 14,15 a 16,00 horas<\/p>\n<p>Actividades extraescolares: Lunes a Jueves de 16,00 a 18,00 (seg\u00fan demanda, consultar)<\/p>\n<h4><strong>Oferta educativa<\/strong><\/h4>\n<p>2\u00ba Ciclo de Educaci\u00f3n Infantil (3-6 a\u00f1os)<\/p>\n<p>Educaci\u00f3n Primaria<\/p>\n<h4>Instalaciones<\/h4>\n<p>Nuestro Centro cuenta con 3 edificios :<\/p>\n<ul>\n<li>Valle Niza (sede principal): Alumnado desde Infantil de 3 a\u00f1os hasta 6\u00ba de Primaria<\/li>\n<li>Cajiz (2\u00aa sede): Alumnado desde Infantil de 3 a\u00f1os hasta 4\u00ba de Primaria (A partir de 5\u00ba de Primaria&nbsp; son transportados a la sede principal). Tel\u00e9fono 952 51 06 01<\/li>\n<li>Chilches (3\u00aa sede): Son transportados a la sede principal <span style=\"text-decoration: underline\">(SEDE ACTUALMENTE CERRADA)<\/span><\/li>\n<\/ul>\n","protected":false},"excerpt":{"rendered":"<p>Ubicaci\u00f3n: [googlemaps https:\/\/www.google.com\/maps\/embed?pb=!1m18!1m12!1m3!1d3198.156095885867!2d-4.175763084381415!3d36.71881217996535!2m3!1f0!2f0!3f0!3m2!1i1024!2i768!4f13.1!3m3!1m2!1s0xd7245c497bdca1b%3A0x82e8dfae37221857!2sColegio+P%C3%BAblico+Rural+Torrejaral!5e0!3m2!1ses!2ses!4v1522352248124&amp;w=600&amp;h=450] Datos de contacto C.P.R Torrejaral Direcci\u00f3n: &nbsp;Calle Diamante n\u00ba2. Urbanizaci\u00f3n Valle Mar 29792 Valle Niza (V\u00e9lez M\u00e1laga) Tel\u00e9fonos: 951 28 95 57 \/&nbsp; &nbsp; &nbsp;M\u00f3vil y Whatsapp:&nbsp; 697 951 823&nbsp; FAX:&#46;&#46;&#46;<\/p>\n","protected":false},"author":1,"featured_media":0,"parent":0,"menu_order":0,"comment_status":"open","ping_status":"open","template":"","meta":{"ngg_post_thumbnail":0,"footnotes":"","_mc_calendar":[]},"aioseo_notices":[],"_links":{"self":[{"href":"https:\/\/blogsaverroes.juntadeandalucia.es\/cprtorrejaral\/wp-json\/wp\/v2\/pages\/35"}],"collection":[{"href":"https:\/\/blogsaverroes.juntadeandalucia.es\/cprtorrejaral\/wp-json\/wp\/v2\/pages"}],"about":[{"href":"https:\/\/blogsaverroes.juntadeandalucia.es\/cprtorrejaral\/wp-json\/wp\/v2\/types\/page"}],"author":[{"embeddable":true,"href":"https:\/\/blogsaverroes.juntadeandalucia.es\/cprtorrejaral\/wp-json\/wp\/v2\/users\/1"}],"replies":[{"embeddable":true,"href":"https:\/\/blogsaverroes.juntadeandalucia.es\/cprtorrejaral\/wp-json\/wp\/v2\/comments?post=35"}],"version-history":[{"count":33,"href":"https:\/\/blogsaverroes.juntadeandalucia.es\/cprtorrejaral\/wp-json\/wp\/v2\/pages\/35\/revisions"}],"predecessor-version":[{"id":23758,"href":"https:\/\/blogsaverroes.juntadeandalucia.es\/cprtorrejaral\/wp-json\/wp\/v2\/pages\/35\/revisions\/23758"}],"wp:attachment":[{"href":"https:\/\/blogsaverroes.juntadeandalucia.es\/cprtorrejaral\/wp-json\/wp\/v2\/media?parent=35"}],"curies":[{"name":"wp","href":"https:\/\/api.w.org\/{rel}","templated":true}]}}