{"id":424,"date":"2015-03-20T07:05:20","date_gmt":"2015-03-20T07:05:20","guid":{"rendered":"http:\/\/blogsaverroes.juntadeandalucia.es\/pre\/ceip\/?page_id=424"},"modified":"2025-11-28T12:47:47","modified_gmt":"2025-11-28T12:47:47","slug":"educacion-infantil","status":"publish","type":"page","link":"https:\/\/blogsaverroes.juntadeandalucia.es\/cprtorrejaral\/educacion-infantil\/","title":{"rendered":"Educaci\u00f3n infantil. Programaciones"},"content":{"rendered":"<ul style=\"list-style-type: square\">\n<li>\n<h4><a href=\"https:\/\/blogsaverroes.juntadeandalucia.es\/cprtorrejaral\/files\/2025\/11\/Programacion-Crecimiento-en-Armonia-CA-Infantil.pdf\" target=\"_blank\" rel=\"noopener\">CRECIMIENTO EN ARMON\u00cdA (CA)<\/a><\/h4>\n<\/li>\n<li>\n<h4><a href=\"https:\/\/blogsaverroes.juntadeandalucia.es\/cprtorrejaral\/files\/2025\/11\/Programacion-Descubrimiento-y-Exploracion-del-Entorno-DEE-Infantil.pdf\" target=\"_blank\" rel=\"noopener\">DESCUBRIMIENTO Y EXPLORACI\u00d3N DEL ENTORNO (DEE)<\/a><\/h4>\n<\/li>\n<li>\n<h4><a href=\"https:\/\/blogsaverroes.juntadeandalucia.es\/cprtorrejaral\/files\/2025\/11\/Programacion-Comunicacion-y-Representacion-CRR-Infantil.pdf\" target=\"_blank\" rel=\"noopener\">COMUNICACI\u00d3N Y REPRESENTACI\u00d3N DE LA REALIDAD (CRR)<\/a><\/h4>\n<\/li>\n<li>\n<h4><a href=\"https:\/\/blogsaverroes.juntadeandalucia.es\/cprtorrejaral\/files\/2025\/11\/PROGRAMACIO-RELIGION-INFANTIL.pdf\" target=\"_blank\" rel=\"noopener\">RELIGI\u00d3N CAT\u00d3LICA<\/a><\/h4>\n<\/li>\n<\/ul>\n","protected":false},"excerpt":{"rendered":"<p>CRECIMIENTO EN ARMON\u00cdA (CA) DESCUBRIMIENTO Y EXPLORACI\u00d3N DEL ENTORNO (DEE) COMUNICACI\u00d3N Y REPRESENTACI\u00d3N DE LA REALIDAD (CRR) RELIGI\u00d3N CAT\u00d3LICA<\/p>\n","protected":false},"author":1,"featured_media":0,"parent":0,"menu_order":0,"comment_status":"open","ping_status":"open","template":"page-templates\/child-menu.php","meta":{"ngg_post_thumbnail":0,"footnotes":"","_mc_calendar":[]},"aioseo_notices":[],"_links":{"self":[{"href":"https:\/\/blogsaverroes.juntadeandalucia.es\/cprtorrejaral\/wp-json\/wp\/v2\/pages\/424"}],"collection":[{"href":"https:\/\/blogsaverroes.juntadeandalucia.es\/cprtorrejaral\/wp-json\/wp\/v2\/pages"}],"about":[{"href":"https:\/\/blogsaverroes.juntadeandalucia.es\/cprtorrejaral\/wp-json\/wp\/v2\/types\/page"}],"author":[{"embeddable":true,"href":"https:\/\/blogsaverroes.juntadeandalucia.es\/cprtorrejaral\/wp-json\/wp\/v2\/users\/1"}],"replies":[{"embeddable":true,"href":"https:\/\/blogsaverroes.juntadeandalucia.es\/cprtorrejaral\/wp-json\/wp\/v2\/comments?post=424"}],"version-history":[{"count":9,"href":"https:\/\/blogsaverroes.juntadeandalucia.es\/cprtorrejaral\/wp-json\/wp\/v2\/pages\/424\/revisions"}],"predecessor-version":[{"id":25532,"href":"https:\/\/blogsaverroes.juntadeandalucia.es\/cprtorrejaral\/wp-json\/wp\/v2\/pages\/424\/revisions\/25532"}],"wp:attachment":[{"href":"https:\/\/blogsaverroes.juntadeandalucia.es\/cprtorrejaral\/wp-json\/wp\/v2\/media?parent=424"}],"curies":[{"name":"wp","href":"https:\/\/api.w.org\/{rel}","templated":true}]}}