{"id":428,"date":"2015-03-20T07:06:21","date_gmt":"2015-03-20T07:06:21","guid":{"rendered":"http:\/\/blogsaverroes.juntadeandalucia.es\/pre\/ceip\/?page_id=428"},"modified":"2025-11-28T12:52:42","modified_gmt":"2025-11-28T12:52:42","slug":"ed-primaria-1o-ciclo","status":"publish","type":"page","link":"https:\/\/blogsaverroes.juntadeandalucia.es\/cprtorrejaral\/ed-primaria-1o-ciclo\/","title":{"rendered":"Ed. Primaria. 1\u00ba ciclo Programaciones"},"content":{"rendered":"<ul style=\"list-style-type: square\">\n<li>\n<h4>LENGUA CASTELLANA Y LITERATURA<\/h4>\n<\/li>\n<li><a href=\"https:\/\/blogsaverroes.juntadeandalucia.es\/cprtorrejaral\/files\/2025\/11\/Programacion-Lengua-1o.pdf\" target=\"_blank\" rel=\"noopener\">1\u00ba Primaria<\/a><\/li>\n<li><a href=\"https:\/\/blogsaverroes.juntadeandalucia.es\/cprtorrejaral\/files\/2025\/11\/Programacion-Lengua-2o.pdf\" target=\"_blank\" rel=\"noopener\">2\u00ba Primaria<\/a><\/li>\n<li>\n<h4>MATEM\u00c1TICAS<\/h4>\n<\/li>\n<li><a href=\"https:\/\/blogsaverroes.juntadeandalucia.es\/cprtorrejaral\/files\/2025\/11\/Programacion-Matematicas-1o.pdf\" target=\"_blank\" rel=\"noopener\">1\u00ba Primaria<\/a><\/li>\n<li><a href=\"https:\/\/blogsaverroes.juntadeandalucia.es\/cprtorrejaral\/files\/2025\/11\/Programacion-Matematicas-2o.pdf\" target=\"_blank\" rel=\"noopener\">2\u00ba Primaria<\/a><\/li>\n<li>\n<h4>CONOCIMIENTO DEL MEDIO&nbsp; NATURAL, SOCIAL Y CULTURAL&nbsp;<\/h4>\n<\/li>\n<li><a href=\"https:\/\/blogsaverroes.juntadeandalucia.es\/cprtorrejaral\/files\/2025\/11\/Programacion-Conocimiento-Medio-1o.pdf\" target=\"_blank\" rel=\"noopener\">1\u00ba Primaria<\/a><\/li>\n<li><a href=\"https:\/\/blogsaverroes.juntadeandalucia.es\/cprtorrejaral\/files\/2025\/11\/Programacion-Cono-Medio-2o.pdf\" target=\"_blank\" rel=\"noopener\">2\u00ba Primaria<\/a><\/li>\n<\/ul>\n<p>&nbsp;<\/p>\n<ul style=\"list-style-type: square\">\n<li>\n<h4><a href=\"https:\/\/blogsaverroes.juntadeandalucia.es\/cprtorrejaral\/files\/2025\/11\/Programaciones-INGLES-PRIMARIA.pdf\" target=\"_blank\" rel=\"noopener\">1\u00aa LENGUA EXTRANJERA (INGL\u00c9S)<\/a><\/h4>\n<\/li>\n<\/ul>\n<p>&nbsp;<\/p>\n<ul style=\"list-style-type: square\">\n<li>\n<h4>ED. ART\u00cdSTICA (M\u00fasica y Pl\u00e1stica)<\/h4>\n<\/li>\n<li><a href=\"https:\/\/blogsaverroes.juntadeandalucia.es\/cprtorrejaral\/files\/2025\/11\/Programacion-Artistica-1o-1.pdf\" target=\"_blank\" rel=\"noopener\">1\u00ba Primaria<\/a><\/li>\n<li><a href=\"https:\/\/blogsaverroes.juntadeandalucia.es\/cprtorrejaral\/files\/2025\/11\/Programacion-Artistica-2o-1.pdf\" target=\"_blank\" rel=\"noopener\">2\u00ba Primaria<\/a><\/li>\n<\/ul>\n<p>&nbsp;<\/p>\n<ul style=\"list-style-type: square\">\n<li>\n<h4>EDUCACI\u00d3N F\u00cdSICA<\/h4>\n<\/li>\n<li><a href=\"https:\/\/blogsaverroes.juntadeandalucia.es\/cprtorrejaral\/files\/2025\/11\/Programacion-Educacion-Fisica-1o.pdf\" target=\"_blank\" rel=\"noopener\">1\u00ba Primaria<\/a><\/li>\n<li><a href=\"https:\/\/blogsaverroes.juntadeandalucia.es\/cprtorrejaral\/files\/2025\/11\/Programacion-Educacion-Fisica-2o.pdf\" target=\"_blank\" rel=\"noopener\">2\u00baPrimaria<\/a><\/li>\n<\/ul>\n<p>&nbsp;<\/p>\n<ul style=\"list-style-type: square\">\n<li>\n<h4><a href=\"https:\/\/blogsaverroes.juntadeandalucia.es\/cprtorrejaral\/files\/2025\/11\/Programacion-Religion-Primaria.pdf\" target=\"_blank\" rel=\"noopener\">RELIGI\u00d3N CAT\u00d3LICA<\/a><\/h4>\n<\/li>\n<\/ul>\n<p>&nbsp;<\/p>\n<p>&nbsp;<\/p>\n","protected":false},"excerpt":{"rendered":"<p>LENGUA CASTELLANA Y LITERATURA 1\u00ba Primaria 2\u00ba Primaria MATEM\u00c1TICAS 1\u00ba Primaria 2\u00ba Primaria CONOCIMIENTO DEL MEDIO&nbsp; NATURAL, SOCIAL Y CULTURAL&nbsp; 1\u00ba Primaria 2\u00ba Primaria &nbsp; 1\u00aa LENGUA EXTRANJERA (INGL\u00c9S) &nbsp; ED. ART\u00cdSTICA (M\u00fasica y&#46;&#46;&#46;<\/p>\n","protected":false},"author":1,"featured_media":0,"parent":0,"menu_order":0,"comment_status":"open","ping_status":"open","template":"page-templates\/child-menu.php","meta":{"ngg_post_thumbnail":0,"footnotes":"","_mc_calendar":[]},"aioseo_notices":[],"_links":{"self":[{"href":"https:\/\/blogsaverroes.juntadeandalucia.es\/cprtorrejaral\/wp-json\/wp\/v2\/pages\/428"}],"collection":[{"href":"https:\/\/blogsaverroes.juntadeandalucia.es\/cprtorrejaral\/wp-json\/wp\/v2\/pages"}],"about":[{"href":"https:\/\/blogsaverroes.juntadeandalucia.es\/cprtorrejaral\/wp-json\/wp\/v2\/types\/page"}],"author":[{"embeddable":true,"href":"https:\/\/blogsaverroes.juntadeandalucia.es\/cprtorrejaral\/wp-json\/wp\/v2\/users\/1"}],"replies":[{"embeddable":true,"href":"https:\/\/blogsaverroes.juntadeandalucia.es\/cprtorrejaral\/wp-json\/wp\/v2\/comments?post=428"}],"version-history":[{"count":24,"href":"https:\/\/blogsaverroes.juntadeandalucia.es\/cprtorrejaral\/wp-json\/wp\/v2\/pages\/428\/revisions"}],"predecessor-version":[{"id":25536,"href":"https:\/\/blogsaverroes.juntadeandalucia.es\/cprtorrejaral\/wp-json\/wp\/v2\/pages\/428\/revisions\/25536"}],"wp:attachment":[{"href":"https:\/\/blogsaverroes.juntadeandalucia.es\/cprtorrejaral\/wp-json\/wp\/v2\/media?parent=428"}],"curies":[{"name":"wp","href":"https:\/\/api.w.org\/{rel}","templated":true}]}}