{"id":432,"date":"2015-03-20T07:07:25","date_gmt":"2015-03-20T07:07:25","guid":{"rendered":"http:\/\/blogsaverroes.juntadeandalucia.es\/pre\/ceip\/?page_id=432"},"modified":"2025-11-28T12:51:44","modified_gmt":"2025-11-28T12:51:44","slug":"ed-primaria-2o-ciclo","status":"publish","type":"page","link":"https:\/\/blogsaverroes.juntadeandalucia.es\/cprtorrejaral\/ed-primaria-2o-ciclo\/","title":{"rendered":"Ed. Primaria  2\u00ba ciclo  Programaciones"},"content":{"rendered":"<p>&nbsp;<\/p>\n<ul style=\"list-style-type: square\">\n<li>\n<h4>LENGUA CASTELLANA Y LITERATURA<\/h4>\n<\/li>\n<li><a href=\"https:\/\/blogsaverroes.juntadeandalucia.es\/cprtorrejaral\/files\/2025\/11\/Programacion-Lengua-3o.pdf\" target=\"_blank\" rel=\"noopener\">3\u00ba Primaria<\/a><\/li>\n<li><a href=\"https:\/\/blogsaverroes.juntadeandalucia.es\/cprtorrejaral\/files\/2025\/11\/Programacion-Lengua-4o.pdf\" target=\"_blank\" rel=\"noopener\">4\u00ba Primaria<\/a><\/li>\n<li>\n<h4>MATEM\u00c1TICAS<\/h4>\n<\/li>\n<li><a href=\"https:\/\/blogsaverroes.juntadeandalucia.es\/cprtorrejaral\/files\/2025\/11\/Programacion-Matematicas-3o.pdf\" target=\"_blank\" rel=\"noopener\">3\u00ba Primaria<\/a><\/li>\n<li><a href=\"https:\/\/blogsaverroes.juntadeandalucia.es\/cprtorrejaral\/files\/2025\/11\/Programacion-Matematicas-4o.pdf\" target=\"_blank\" rel=\"noopener\">4\u00ba Primaria<\/a><\/li>\n<li>\n<h4>CONOCIMIENTO DEL MEDIO&nbsp; NATURAL, SOCIAL Y CULTURAL&nbsp;<\/h4>\n<\/li>\n<li><a href=\"https:\/\/blogsaverroes.juntadeandalucia.es\/cprtorrejaral\/files\/2025\/11\/Programacion-Conocimiento-Medio-3o.pdf\" target=\"_blank\" rel=\"noopener\">3\u00ba Primaria<\/a><\/li>\n<li><a href=\"https:\/\/blogsaverroes.juntadeandalucia.es\/cprtorrejaral\/files\/2025\/11\/Programacion-Conocimiento-Medio-4o.pdf\" target=\"_blank\" rel=\"noopener\">4\u00ba Primaria<\/a><\/li>\n<\/ul>\n<p>&nbsp;<\/p>\n<ul style=\"list-style-type: square\">\n<li>\n<h4><a href=\"https:\/\/blogsaverroes.juntadeandalucia.es\/cprtorrejaral\/files\/2025\/11\/Programaciones-INGLES-PRIMARIA.pdf\" target=\"_blank\" rel=\"noopener\">1\u00aa LENGUA EXTRANJERA (INGL\u00c9S)<\/a><\/h4>\n<\/li>\n<\/ul>\n<p>&nbsp;<\/p>\n<ul style=\"list-style-type: square\">\n<li>\n<h4>ED. ART\u00cdSTICA (M\u00fasica y Pl\u00e1stica)<\/h4>\n<\/li>\n<li><a href=\"https:\/\/blogsaverroes.juntadeandalucia.es\/cprtorrejaral\/files\/2025\/11\/Programacion-Artistica-3o.pdf\" target=\"_blank\" rel=\"noopener\">3\u00ba Primaria<\/a><\/li>\n<li><a href=\"https:\/\/blogsaverroes.juntadeandalucia.es\/cprtorrejaral\/files\/2025\/11\/Programacion-Artistica-4o.pdf\" target=\"_blank\" rel=\"noopener\">4\u00ba Primaria<\/a><\/li>\n<\/ul>\n<p>&nbsp;<\/p>\n<ul style=\"list-style-type: square\">\n<li>\n<h4>EDUCACI\u00d3N F\u00cdSICA<\/h4>\n<\/li>\n<li><a href=\"https:\/\/blogsaverroes.juntadeandalucia.es\/cprtorrejaral\/files\/2025\/11\/Programacion-Educacion-Fisica-3o.pdf\" target=\"_blank\" rel=\"noopener\">3\u00ba Primaria<\/a><\/li>\n<li><a href=\"https:\/\/blogsaverroes.juntadeandalucia.es\/cprtorrejaral\/files\/2025\/11\/Programacion-Educacion-Fisica-4o.pdf\" target=\"_blank\" rel=\"noopener\">4\u00ba Primaria<\/a><\/li>\n<\/ul>\n<p>&nbsp;<\/p>\n<ul style=\"list-style-type: square\">\n<li>\n<h4><a href=\"https:\/\/blogsaverroes.juntadeandalucia.es\/cprtorrejaral\/files\/2025\/11\/Programacion-Religion-Primaria.pdf\" target=\"_blank\" rel=\"noopener\">RELIGI\u00d3N CAT\u00d3LICA<\/a><\/h4>\n<\/li>\n<\/ul>\n<p>&nbsp;<\/p>\n","protected":false},"excerpt":{"rendered":"<p>&nbsp; LENGUA CASTELLANA Y LITERATURA 3\u00ba Primaria 4\u00ba Primaria MATEM\u00c1TICAS 3\u00ba Primaria 4\u00ba Primaria CONOCIMIENTO DEL MEDIO&nbsp; NATURAL, SOCIAL Y CULTURAL&nbsp; 3\u00ba Primaria 4\u00ba Primaria &nbsp; 1\u00aa LENGUA EXTRANJERA (INGL\u00c9S) &nbsp; ED. ART\u00cdSTICA (M\u00fasica&#46;&#46;&#46;<\/p>\n","protected":false},"author":1,"featured_media":0,"parent":0,"menu_order":0,"comment_status":"open","ping_status":"open","template":"page-templates\/child-menu.php","meta":{"ngg_post_thumbnail":0,"footnotes":"","_mc_calendar":[]},"aioseo_notices":[],"_links":{"self":[{"href":"https:\/\/blogsaverroes.juntadeandalucia.es\/cprtorrejaral\/wp-json\/wp\/v2\/pages\/432"}],"collection":[{"href":"https:\/\/blogsaverroes.juntadeandalucia.es\/cprtorrejaral\/wp-json\/wp\/v2\/pages"}],"about":[{"href":"https:\/\/blogsaverroes.juntadeandalucia.es\/cprtorrejaral\/wp-json\/wp\/v2\/types\/page"}],"author":[{"embeddable":true,"href":"https:\/\/blogsaverroes.juntadeandalucia.es\/cprtorrejaral\/wp-json\/wp\/v2\/users\/1"}],"replies":[{"embeddable":true,"href":"https:\/\/blogsaverroes.juntadeandalucia.es\/cprtorrejaral\/wp-json\/wp\/v2\/comments?post=432"}],"version-history":[{"count":22,"href":"https:\/\/blogsaverroes.juntadeandalucia.es\/cprtorrejaral\/wp-json\/wp\/v2\/pages\/432\/revisions"}],"predecessor-version":[{"id":25535,"href":"https:\/\/blogsaverroes.juntadeandalucia.es\/cprtorrejaral\/wp-json\/wp\/v2\/pages\/432\/revisions\/25535"}],"wp:attachment":[{"href":"https:\/\/blogsaverroes.juntadeandalucia.es\/cprtorrejaral\/wp-json\/wp\/v2\/media?parent=432"}],"curies":[{"name":"wp","href":"https:\/\/api.w.org\/{rel}","templated":true}]}}